{"id":3396,"date":"2024-11-03T02:56:29","date_gmt":"2024-11-03T02:56:29","guid":{"rendered":"https:\/\/nfc-readers.com\/?post_type=product&#038;p=3396"},"modified":"2024-11-03T02:56:30","modified_gmt":"2024-11-03T02:56:30","slug":"fast-read-encrypted-rfid-nfc-event-wristband-ntag215-mifare","status":"publish","type":"product","link":"https:\/\/nfc-readers.com\/sl\/ic-reader\/fast-read-encrypted-rfid-nfc-event-wristband-ntag215-mifare\/","title":{"rendered":"Hitro berljiva \u0161ifrirana RFID NFC zapestnica za dogodke Ntag215 MIFARE"},"content":{"rendered":"<h1 style=\"text-align: center;\">Hitro berljiva \u0161ifrirana RFID NFC zapestnica za dogodke Ntag215 MIFARE<\/h1>\n<p>&nbsp;<\/p>\n<p>V digitalni dobi so brezhiben nadzor dostopa in re\u0161itve za brezgotovinske transakcije postale bistvene za dogodke vseh velikosti. Predstavljamo vam <strong>Hitro berljiva \u0161ifrirana RFID NFC zapestnica za dogodke Ntag215 MIFARE<\/strong>\u00a0od\u00a0<em>SXNFC<\/em>, vrhunska re\u0161itev za izbolj\u0161anje izku\u0161nje gostov in zagotavljanje u\u010dinkovitega upravljanja dogodkov. Zasnovan posebej za razli\u010dne dogodke \u2013 od glasbenih festivalov in \u0161portnih dogodkov do konferenc in scenarijev nadzora dostopa \u2013 ta zapestnica zdru\u017euje vrhunsko tehnologijo z uporabniku prijaznimi funkcijami.<\/p>\n<p>&nbsp;<\/p>\n<h3>Zakaj kupiti hitro berljivo \u0161ifrirano RFID NFC zapestnico za dogodke?<\/h3>\n<p>The\u00a0<strong>Ntag215 MIFARE<\/strong>\u00a0RFID\/NFC zapestnica je inovativen izdelek, ki ponuja \u0161tevilne prednosti. Izdelan iz trpe\u017enega PVC-ja in tkanih materialov obljublja dolgo \u017eivljenjsko dobo in zanesljivost. Njegova funkcija hitrega branja zagotavlja skraj\u0161ane \u010dakalne dobe in izbolj\u0161a pretok gostov na vstopnih to\u010dkah. Poleg tega lahko z vodotesno zasnovo te zapestnice brez skrbi uporabljate na dogodkih na prostem, v vodnih parkih in \u0161e ve\u010d, kjer je izpostavljenost vlagi zaskrbljujo\u010da.<\/p>\n<p>z\u00a0<strong>NFC zapestnica<\/strong>, ne kupujete samo izdelka; vlagate v izbolj\u0161ano izku\u0161njo udele\u017eencev. Te zapestnice so idealne za brezgotovinske transakcije in poenostavljajo nakupe z re\u0161itvami za brezsti\u010dno pla\u010devanje. Ni\u010d ve\u010d vam ne bo treba skrbeti za ravnanje z gotovino ali fizi\u010dnimi vstopnicami \u2013 vse je mogo\u010de priro\u010dno upravljati prek zapestnice.<\/p>\n<p>&nbsp;<\/p>\n<h2>Posebne lastnosti zapestnice RFID NFC Event Wristband<\/h2>\n<p>The\u00a0<strong>Hitro berljiva \u0161ifrirana RFID NFC zapestnica za dogodke Ntag215 MIFARE<\/strong>\u00a0je opremljen s funkcijami, zaradi katerih je pametna izbira za vsako prilo\u017enost.<\/p>\n<ul>\n<li><strong>Varnost proti posegom:<\/strong>\u00a0Vsaka zapestnica je opremljena s \u0161ifrirano tehnologijo za za\u0161\u010dito ob\u010dutljivih podatkov, kar zagotavlja brezskrbnost tako organizatorjem dogodkov kot udele\u017eencem.<\/li>\n<li><strong>Uporabniku prijazno:<\/strong>\u00a0Zapestnice so enostavne za uporabo; samo tapnite jih na bralniku, ki podpira NFC, in dobili boste dostop ali izvedli brezgotovinsko pla\u010dilo.<\/li>\n<li><strong>Obseg branja:<\/strong>\u00a0Z razdaljo branja do 10 cm te zapestnice delujejo u\u010dinkovito brez neposrednega stika z bralnikom.<\/li>\n<\/ul>\n<p>Kombinacija teh posebnih funkcij zagotavlja ne le ve\u010djo varnost, ampak tudi izbolj\u0161a celotno uporabni\u0161ko izku\u0161njo.<\/p>\n<p>&nbsp;<\/p>\n<h2>Prednosti brezgotovinskih transakcij z zapestnicami NFC<\/h2>\n<p>Porast brezgotovinskega pla\u010devanja hitro spreminja industrijo dogodkov. Tukaj so klju\u010dne prednosti uporabe\u00a0<strong>NFC zapestnice<\/strong>\u00a0za brezgotovinsko poslovanje:<\/p>\n<ul>\n<li><strong>Pove\u010dano udobje:<\/strong>\u00a0Gostje lahko nakupujejo s preprostim dotikom zapestnice, zaradi \u010desar so transakcije hitre in enostavne.<\/li>\n<li><strong>Skraj\u0161ane \u010dakalne dobe:<\/strong>\u00a0Manj \u010dasa, pre\u017eivetega v vrstah, pomeni izbolj\u0161anje<\/li>\n<\/ul>\n<h2>Prednosti brezgotovinskih transakcij z zapestnicami NFC<\/h2>\n<p>Porast brezgotovinskega pla\u010devanja hitro spreminja industrijo dogodkov. Tukaj so klju\u010dne prednosti uporabe\u00a0<strong>NFC zapestnice<\/strong>\u00a0za brezgotovinsko poslovanje:<\/p>\n<ul>\n<li><strong>Pove\u010dano udobje:<\/strong>\u00a0Gostje lahko nakupujejo s preprostim dotikom zapestnice, zaradi \u010desar so transakcije hitre in enostavne.<\/li>\n<li><strong>Skraj\u0161ane \u010dakalne dobe:<\/strong>\u00a0Manj \u010dasa, pre\u017eivetega v vrstah, pomeni izbolj\u0161anje<\/li>\n<\/ul>\n<p>&nbsp;<\/p>\n<h3>Pogosta vpra\u0161anja o zapestnicah RFID NFC Event<\/h3>\n<h4>1.\u00a0<strong>Kaj so RFID NFC zapestnice za dogodke?<\/strong><\/h4>\n<p>Zapestnice za dogodke RFID NFC so nosljive naprave, opremljene s tehnologijo radiofrekven\u010dne identifikacije (RFID) in komunikacije bli\u017enjega polja (NFC). Omogo\u010dajo varen nadzor dostopa, brezgotovinske transakcije in zbiranje podatkov za dogodke.<\/p>\n<h4>2.\u00a0<strong>Kako delujejo zapestnice RFID?<\/strong><\/h4>\n<p>Zapestnice RFID delujejo tako, da brez\u017ei\u010dno prena\u0161ajo informacije prek radijskih valov do bralnika RFID. Ko se udele\u017eenec dotakne svoje zapestnice v bli\u017eini \u010ditalnika, ta posreduje podatke za nadzor dostopa ali obdelavo pla\u010dil.<\/p>\n<h4>3.\u00a0<strong>Iz katerih materialov so izdelane zapestnice RFID NFC?<\/strong><\/h4>\n<p>Na\u0161e zapestnice RFID so narejene predvsem iz trpe\u017enega PVC-ja in tkanih materialov, zasnovane tako, da so vodoodporne in odporne na vremenske vplive, da prenesejo razli\u010dne pogoje dogodkov.<\/p>\n<h4>4.\u00a0<strong>Kak\u0161ne so prednosti uporabe tehnologije NFC v zapestnicah?<\/strong><\/h4>\n<p>Tehnologija NFC omogo\u010da hitre in varne brezsti\u010dne transakcije, kar izbolj\u0161a izku\u0161njo gostov s skraj\u0161anjem \u010dakalnih dob in minimalno potrebo po fizi\u010dni gotovini ali vstopnicah.<\/p>\n<h4>5.\u00a0<strong>Ali so zapestnice prilagodljive?<\/strong><\/h4>\n<p>ja! Na\u0161e zapestnice RFID lahko prilagodite z blagovno znamko va\u0161ega dogodka, logotipi in barvami, da pove\u010date sodelovanje udele\u017eencev in promovirate svoj dogodek.<\/p>","protected":false},"excerpt":{"rendered":"<p>Hitro berljiva \u0161ifrirana RFID NFC zapestnica za dogodke Ntag215 MIFARE omogo\u010da varen nadzor dostopa in brezgotovinska pla\u010dila, kar izbolj\u0161uje izku\u0161njo gostov na dogodkih. Vodotesen in prilagodljiv, zagotavlja zanesljivost in priro\u010dnost za vsako prilo\u017enost.<\/p>","protected":false},"featured_media":3397,"template":"","meta":[],"product_brand":[],"product_cat":[50],"product_tag":[],"class_list":{"0":"post-3396","1":"product","2":"type-product","3":"status-publish","4":"has-post-thumbnail","6":"product_cat-silicone-rfid-nfc-wristbands","8":"first","9":"instock","10":"shipping-taxable","11":"product-type-simple"},"_links":{"self":[{"href":"https:\/\/nfc-readers.com\/sl\/wp-json\/wp\/v2\/product\/3396","targetHints":{"allow":["GET"]}}],"collection":[{"href":"https:\/\/nfc-readers.com\/sl\/wp-json\/wp\/v2\/product"}],"about":[{"href":"https:\/\/nfc-readers.com\/sl\/wp-json\/wp\/v2\/types\/product"}],"wp:featuredmedia":[{"embeddable":true,"href":"https:\/\/nfc-readers.com\/sl\/wp-json\/wp\/v2\/media\/3397"}],"wp:attachment":[{"href":"https:\/\/nfc-readers.com\/sl\/wp-json\/wp\/v2\/media?parent=3396"}],"wp:term":[{"taxonomy":"product_brand","embeddable":true,"href":"https:\/\/nfc-readers.com\/sl\/wp-json\/wp\/v2\/product_brand?post=3396"},{"taxonomy":"product_cat","embeddable":true,"href":"https:\/\/nfc-readers.com\/sl\/wp-json\/wp\/v2\/product_cat?post=3396"},{"taxonomy":"product_tag","embeddable":true,"href":"https:\/\/nfc-readers.com\/sl\/wp-json\/wp\/v2\/product_tag?post=3396"}],"curies":[{"name":"wp","href":"https:\/\/api.w.org\/{rel}","templated":true}]}}