{"id":3403,"date":"2024-11-03T03:04:22","date_gmt":"2024-11-03T03:04:22","guid":{"rendered":"https:\/\/nfc-readers.com\/?post_type=product&#038;p=3403"},"modified":"2024-11-04T03:10:35","modified_gmt":"2024-11-04T03:10:35","slug":"silicone-wristband-smart-nfc-rfidtag-wristband-silicone-b","status":"publish","type":"product","link":"https:\/\/nfc-readers.com\/sl\/ic-reader\/silicone-wristband-smart-nfc-rfidtag-wristband-silicone-b\/","title":{"rendered":"Silikonska zapestnica Smart NFC RFIDTag Wristband Silicone B"},"content":{"rendered":"<h1 style=\"text-align: center;\"><strong>Silikonska zapestnica Smart NFC RFIDTag Wristband Silicone B<\/strong><\/h1>\n<p>&nbsp;<\/p>\n<p>The <strong>Silikonska zapestnica Smart NFC RFID Tag Wristband Silikon B<\/strong>\u00a0je transformacijski produkt, zasnovan za razli\u010dne aplikacije, kot so upravljanje dogodkov, nadzor dostopa in re\u0161itve za brezgotovinsko pla\u010devanje. Ta zapestnica, ki zdru\u017euje inovativnost in prakti\u010dnost, zdru\u017euje tehnologije RFID in NFC, da zagotovi brezhibno izku\u0161njo za uporabnike in organizatorje dogodkov. S svojimi vodoodpornimi zmogljivostmi in prilagodljivim dizajnom je zapestnica RFID popolna za razli\u010dne nastavitve, pa naj gre za glasbeni festival, poslovni dogodek ali celo obisk vodnega parka. Odlo\u010ditev za to vrhunsko zapestnico ne bo le pove\u010dala operativne u\u010dinkovitosti, temve\u010d tudi znatno izbolj\u0161ala splo\u0161no izku\u0161njo gosta.<\/p>\n<p>&nbsp;<\/p>\n<h2>Pregled zapestnice RFID<\/h2>\n<p>The\u00a0<strong>RFID zapestnica<\/strong>\u00a0je zasnovan za hiter nadzor dostopa, kar organizatorjem dogodkov omogo\u010da racionalizacijo njihovega delovanja. Z uporabo napredne tehnologije RFID s frekvenco\u00a0<strong>13,56 MHz<\/strong>, te\u00a0<strong>silikonske RFID zapestnice<\/strong>\u00a0nudijo varnost in udobje. Zasnovan za branje znotraj a\u00a0<strong>2-5 cm<\/strong>\u00a0zagotavljajo hiter prenos podatkov, primeren za razli\u010dne aplikacije dogodkov, od glasbenih festivalov do poslovnih sre\u010danj.<\/p>\n<p>Z izbolj\u0161animi funkcijami, kot je npr\u00a0<strong>vodotesen in odporen na vremenske vplive<\/strong>\u00a0materialov ta zapestni trak zagotavlja vzdr\u017eljivost in zanesljivost tudi na prostem. Uporabniki lahko u\u017eivajo v mo\u017enostih brezgotovinskega pla\u010devanja, kar pove\u010da u\u010dinkovitost in skraj\u0161a \u010dakalne dobe za vstop in transakcije.<\/p>\n<p>&nbsp;<\/p>\n<hr \/>\n<h2>Klju\u010dne zna\u010dilnosti silikonske zapestnice RFID<\/h2>\n<p>The\u00a0<strong>Silikonska RFID zapestnica<\/strong>\u00a0vklju\u010duje razli\u010dne funkcije, zaradi katerih je odli\u010dna izbira za organizatorje dogodkov in uporabnike.<\/p>\n<ul>\n<li><strong>Vodoodporen\/odporen na vremenske vplive:<\/strong>\u00a0Za razliko od standardnih zapestnic je ta model zasnovan tako, da je odporen na vlago in razli\u010dne vremenske razmere, zaradi \u010desar je idealen za dogodke na prostem, kot so koncerti in vodni parki.<\/li>\n<li><strong>Komunikacijski vmesnik:<\/strong>\u00a0Z integrirano\u00a0<strong>NFC in RFID<\/strong>\u00a0zmogljivosti, ta zapestnica omogo\u010da brezhibne transakcije in izmenjavo podatkov. Uporabniki lahko dostopajo do brezgotovinskega pla\u010dila, odklenejo vrata in pridobijo vstop v omejena obmo\u010dja brez te\u017eav s fizi\u010dnimi vstopnicami ali identifikacijo.<\/li>\n<li><strong>Prilagajanje:<\/strong>\u00a0Na voljo so mo\u017enosti po meri za velikosti, barve in sloge tiskanja. Ta prilagodljivost omogo\u010da blagovnim znamkam, da pove\u010dajo svojo prepoznavnost prek\u00a0<strong>sitotisk<\/strong>\u00a0in druge napredne tehnike izdelave, kot je\u00a0<strong>lasersko kodiranje in termi\u010dni tisk<\/strong>.<\/li>\n<\/ul>\n<p>Te posebne zna\u010dilnosti ne poudarjajo le funkcionalnosti, ampak tudi privla\u010dno uporabni\u0161ko izku\u0161njo.<\/p>\n<p>&nbsp;<\/p>\n<hr \/>\n<h2>Prednosti uporabe zapestnic RFID za dogodke<\/h2>\n<p>Posvojitev\u00a0<strong>RFID zapestnice za dogodke<\/strong>\u00a0lahko drasti\u010dno izbolj\u0161a splo\u0161no upravljanje dogodkov:<\/p>\n<ol>\n<li><strong>Pove\u010dana varnost:<\/strong>\u00a0Vgrajena zasnova, za\u0161\u010ditena pred posegi, zagotavlja, da podatki v zapestnici ostanejo varni. Nepoobla\u0161\u010deno kopiranje ali dostop sta prakti\u010dno nemogo\u010da, zaradi \u010desar so te zapestnice odli\u010dna izbira za odmevne dogodke, ki zahtevajo okrepljene varnostne ukrepe.<\/li>\n<li><strong>Zbiranje podatkov:<\/strong>\u00a0Zberite bistvene vpoglede v vedenje udele\u017eencev, ki jih lahko uporabite za prihodnje dogodke. Uporaba\u00a0<strong>RFID tehnologija<\/strong>, lahko organizatorji dogodkov analizirajo vstopne vzorce in \u017eelje, kar jim pomaga prilagoditi prihodnje ponudbe.<\/li>\n<li><strong>Skraj\u0161ane \u010dakalne dobe:<\/strong>\u00a0U\u010dinkovitost, ki jo ponujajo zapestnice RFID, pomeni kraj\u0161e \u010dakalne vrste. Udele\u017eenci se lahko hitro premaknejo od vhoda do festivalskega prizori\u0161\u010da, s \u010dimer izbolj\u0161ajo svojo izku\u0161njo in zmanj\u0161ajo morebitne frustracije.<\/li>\n<\/ol>\n<p>S temi pomembnimi prednostmi je jasno, da\u00a0<strong>silikonske RFID zapestnice<\/strong>\u00a0niso le trend \u2013 so pametna nalo\u017eba.<\/p>\n<p>&nbsp;<\/p>\n<h2>Tehni\u010dne specifikacije NFC zapestnice<\/h2>\n<table class=\"w-fit !mb-0 !max-w-none\" style=\"height: 260px;\" width=\"451\">\n<thead>\n<tr>\n<th>Funkcija<\/th>\n<th>Specifikacija<\/th>\n<\/tr>\n<\/thead>\n<tbody>\n<tr>\n<td>Pogostost<\/td>\n<td>13,56 MHz<\/td>\n<\/tr>\n<tr>\n<td>Vrsta \u010dipa<\/td>\n<td>FO8<\/td>\n<\/tr>\n<tr>\n<td>Razdalja branja<\/td>\n<td>2-5 cm<\/td>\n<\/tr>\n<tr>\n<td>Standardno<\/td>\n<td>ISO\/IEC14443A<\/td>\n<\/tr>\n<tr>\n<td>Material<\/td>\n<td>Guma<\/td>\n<\/tr>\n<tr>\n<td>Velikost<\/td>\n<td>Prilagojena velikost<\/td>\n<\/tr>\n<tr>\n<td>Tiskarske tehnike<\/td>\n<td>Sitotisk<\/td>\n<\/tr>\n<tr>\n<td>Pakiranje<\/td>\n<td>Posamezen element<\/td>\n<\/tr>\n<tr>\n<td>Bruto te\u017ea<\/td>\n<td>0,500 kg<\/td>\n<\/tr>\n<\/tbody>\n<\/table>\n<h2><\/h2>\n<h2>Pogosta vpra\u0161anja o silikonski zapestnici RFID<\/h2>\n<h3>1.\u00a0<strong>Kaj je RFID zapestnica?<\/strong><\/h3>\n<p>Zapestnica RFID (radiofrekven\u010dna identifikacija) uporablja radiofrekven\u010dno tehnologijo za brez\u017ei\u010dno prena\u0161anje podatkov. Omogo\u010da hiter dostop do varovanih obmo\u010dij, omogo\u010da brezgotovinsko pla\u010devanje in izbolj\u0161a splo\u0161no izku\u0161njo za obiskovalce dogodka.<\/p>\n<h3>2.\u00a0<strong>Kako deluje zapestnica RFID?<\/strong><\/h3>\n<p>Zapestnica vsebuje pasivni RFID \u010dip, ki komunicira z RFID \u010ditalniki. Ko se uporabnik pribli\u017ea \u010ditalniku, zapestnica odda podatke preko radijskih valov, kar omogo\u010da hitro identifikacijo in nadzor dostopa.<\/p>\n<h3>3.\u00a0<strong>Ali je zapestni trak vodotesen?<\/strong><\/h3>\n<p>Da,\u00a0<strong>Silikonska RFID zapestnica<\/strong>\u00a0je zasnovan tako, da je odporen na vodo in vremenske vplive, zaradi \u010desar je primeren za dogodke in okolja na prostem, kot so vodni parki in koncerti.<\/p>\n<h3>4.\u00a0<strong>Ali je mogo\u010de zapestnico prilagoditi?<\/strong><\/h3>\n<p>Vsekakor! Zapestnico lahko prilagodite v razli\u010dnih velikostih, barvah in oblikah. Organizacije lahko izbirajo tudi med razli\u010dnimi na\u010dini tiskanja, vklju\u010dno s sitotiskom, laserskim kodiranjem in termi\u010dnim tiskom.<\/p>\n<h3>5.\u00a0<strong>Kak\u0161na je razdalja branja zapestnice RFID?<\/strong><\/h3>\n<p>Zapestnica ima razdaljo branja\u00a0<strong>2-5 cm<\/strong>, ki zagotavlja hiter in zanesljiv prenos podatkov ter upravljanje dostopa.<\/p>","protected":false},"excerpt":{"rendered":"<p>The\u00a0<strong>Silikonska zapestnica Smart NFC RFID Tag Wristband Silikon B<\/strong>\u00a0je vsestranska re\u0161itev za nadzor dostopa, zasnovana za dogodke, ki ponuja brezhibno integracijo tehnologij RFID in NFC. Vodotesen in prilagodljiv, izbolj\u0161uje uporabni\u0161ko izku\u0161njo, hkrati pa zagotavlja varne, brezgotovinske transakcije in enostavno upravljanje vstopa.<\/p>","protected":false},"featured_media":3404,"template":"","meta":[],"product_brand":[],"product_cat":[50],"product_tag":[],"class_list":{"0":"post-3403","1":"product","2":"type-product","3":"status-publish","4":"has-post-thumbnail","6":"product_cat-silicone-rfid-nfc-wristbands","8":"first","9":"instock","10":"shipping-taxable","11":"product-type-simple"},"_links":{"self":[{"href":"https:\/\/nfc-readers.com\/sl\/wp-json\/wp\/v2\/product\/3403","targetHints":{"allow":["GET"]}}],"collection":[{"href":"https:\/\/nfc-readers.com\/sl\/wp-json\/wp\/v2\/product"}],"about":[{"href":"https:\/\/nfc-readers.com\/sl\/wp-json\/wp\/v2\/types\/product"}],"wp:featuredmedia":[{"embeddable":true,"href":"https:\/\/nfc-readers.com\/sl\/wp-json\/wp\/v2\/media\/3404"}],"wp:attachment":[{"href":"https:\/\/nfc-readers.com\/sl\/wp-json\/wp\/v2\/media?parent=3403"}],"wp:term":[{"taxonomy":"product_brand","embeddable":true,"href":"https:\/\/nfc-readers.com\/sl\/wp-json\/wp\/v2\/product_brand?post=3403"},{"taxonomy":"product_cat","embeddable":true,"href":"https:\/\/nfc-readers.com\/sl\/wp-json\/wp\/v2\/product_cat?post=3403"},{"taxonomy":"product_tag","embeddable":true,"href":"https:\/\/nfc-readers.com\/sl\/wp-json\/wp\/v2\/product_tag?post=3403"}],"curies":[{"name":"wp","href":"https:\/\/api.w.org\/{rel}","templated":true}]}}