{"id":3410,"date":"2024-11-03T03:16:05","date_gmt":"2024-11-03T03:16:05","guid":{"rendered":"https:\/\/nfc-readers.com\/?post_type=product&#038;p=3410"},"modified":"2024-11-04T03:17:59","modified_gmt":"2024-11-04T03:17:59","slug":"custom-logo-waterproof-polyester-woven-rfid-nfc-wristbands","status":"publish","type":"product","link":"https:\/\/nfc-readers.com\/sl\/ic-reader\/custom-logo-waterproof-polyester-woven-rfid-nfc-wristbands\/","title":{"rendered":"Logotip po meri Vodoodporne zapestnice RFID NFC iz tkanega poliestra"},"content":{"rendered":"<h1 style=\"text-align: center;\"><strong>Logotip po meri Vodoodporne zapestnice RFID NFC iz tkanega poliestra<\/strong><\/h1>\n<p>&nbsp;<\/p>\n<p>V svetu, ki vedno bolj ceni udobje in povezljivost, <strong>RFID NFC zapestnice z logotipom po meri, vodoodporne iz poliestra<\/strong>\u00a0izstopajo kot vrhunska izbira za podjetja in organizatorje dogodkov. Ti inovativni zapestnici zdru\u017eujejo najnovej\u0161e in\u00a0<strong>RFID tehnologija<\/strong>\u00a0z elegantnim dizajnom in robustnimi materiali, zaradi \u010desar so idealni za razli\u010dne aplikacije, od festivalov in vodnih parkov do poslovnih dogodkov in brezgotovinskih pla\u010dilnih re\u0161itev. Z njihovimi\u00a0<strong>nepremo\u010dljiva<\/strong>\u00a0funkcijami in prilagodljivostjo ti zapestniki ne samo pove\u010dajo prepoznavnost blagovne znamke, ampak tudi izbolj\u0161ajo uporabni\u0161ko izku\u0161njo, s \u010dimer zagotovijo, da dobite najve\u010djo vrednost za svojo nalo\u017ebo.<\/p>\n<p>&nbsp;<\/p>\n<h2>Zakaj izbrati zapestnice RFID NFC po meri?<\/h2>\n<p>Kot organizatorji dogodkov razumete pomen brezhibnega nadzora dostopa, u\u010dinkovite blagovne znamke in pove\u010danja izku\u0161nje gostov. Te zapestnice zagotavljajo vse to in \u0161e ve\u010d. Predstavljamo\u00a0<strong>RFID tehnologija<\/strong>\u00a0deluje s frekvenco\u00a0<strong>13,56 MHz<\/strong>, poenostavijo delovanje, skraj\u0161ajo \u010dakalne dobe in izbolj\u0161ajo varnost za dogodke vseh velikosti. Poleg tega z mo\u017enostjo vklju\u010ditve logotipov po meri prek naprednih\u00a0<strong>CMYK tisk<\/strong>, te zapestnice delujejo tudi kot promocijsko orodje. Niso samo funkcionalni, ampak tudi modni, zaradi \u010desar so priljubljeni med udele\u017eenci!<\/p>\n<p>&nbsp;<\/p>\n<h2>Zna\u010dilnosti zapestnic RFID NFC<\/h2>\n<h3>Napredne re\u0161itve za nadzor dostopa<\/h3>\n<p>Zapestnice RFID NFC slu\u017eijo kot mo\u010dno orodje za\u00a0<strong>nadzor dostopa<\/strong>, kar organizatorjem dogodkov omogo\u010da enostavno zagotavljanje VIP obmo\u010dij in posebnega dostopa. Z uporabo\u00a0<strong>MIFARE Classic 1K \u010dip<\/strong>, lahko te zapestnice shranijo klju\u010dne informacije in jih posredujejo prek varne\u00a0<strong>NFC komunikacijski vmesnik<\/strong>. Posledi\u010dno so popolni za prizori\u0161\u010da, kjer je treba dodeliti prostore za goste ali zagotoviti stopenjski dostop med dogodki.<\/p>\n<h3>Funkcionalnost brezgotovinskega pla\u010dila<\/h3>\n<p>Poslovite se od dolgih vrst in nepotrebnega poslovanja z gotovino\u00a0<strong>brezgotovinsko pla\u010dilo<\/strong>\u00a0sistemi. Na\u0161e zapestnice RFID omogo\u010dajo brezhibne transakcije, kar uporabnikom omogo\u010da hitro in enostavno pla\u010devanje na stojnicah, v barih in zanimivostih. To ne le krepi\u00a0<strong>izku\u0161nja gosta<\/strong>\u00a0vendar znatno skraj\u0161a \u010dakalne dobe, kar udele\u017eencem omogo\u010da, da se osredoto\u010dijo na u\u017eivanje v dogodku, namesto da skrbijo za denar.<\/p>\n<h2>Materiali in vzdr\u017eljivost<\/h2>\n<h3>Robustna zasnova za vsako okolje<\/h3>\n<p>Izdelan iz edinstvene me\u0161anice\u00a0<strong>tkani poliester<\/strong>\u00a0in\u00a0<strong>PVC<\/strong>, se te zapestnice pona\u0161ajo z izjemno vzdr\u017eljivostjo in\u00a0<strong>nepremo\u010dljiva<\/strong>\u00a0zmogljivosti. Ne glede na to, ali gre za son\u010den dan na festivalu ali dan, pre\u017eivet v \u010dofotanju v vodnem parku, so ti zapestnici zasnovani tako, da prenesejo vremenske razmere. Njihove lastnosti, odporne na vremenske vplive, zagotavljajo, da se ne pokvarijo, ko so izpostavljeni de\u017eju ali vodi, ter ohranjajo uporabnost in zanesljivost\u00a0<strong>RFID tehnologija<\/strong>\u00a0vgrajen znotraj.<\/p>\n<h3>Temperaturna odpornost<\/h3>\n<p>The\u00a0<strong>delovna temperatura<\/strong>\u00a0na\u0161ih zapestnic sega od\u00a0<strong>-20\u00b0C do +80\u00b0C<\/strong>, kar zagotavlja njihovo funkcionalnost tako v vro\u010dih poletnih dogodkih kot v mrzlih dru\u017eenjih na prostem. Ta temperaturna odpornost varuje delovanje\u00a0<strong>RFID \u010dip<\/strong>\u00a0in pomaga ohranjati celovitost, tako da ste lahko prepri\u010dani, da bo va\u0161a zapestnica u\u010dinkovito delovala v vseh pogojih.<\/p>\n<p>&nbsp;<\/p>\n<h2>Tehni\u010dne specifikacije<\/h2>\n<table class=\"w-fit !mb-0 !max-w-none\" style=\"height: 303px;\" width=\"424\">\n<thead>\n<tr>\n<th><strong>Specifikacija<\/strong><\/th>\n<th><strong>Podrobnosti<\/strong><\/th>\n<\/tr>\n<\/thead>\n<tbody>\n<tr>\n<td><strong>\u0160tevilka modela<\/strong><\/td>\n<td>SX-SZ<\/td>\n<\/tr>\n<tr>\n<td><strong>Vrsta \u010dipa<\/strong><\/td>\n<td>MIFARE Classic 1K<\/td>\n<\/tr>\n<tr>\n<td><strong>Pogostost<\/strong><\/td>\n<td>13,56 MHz<\/td>\n<\/tr>\n<tr>\n<td><strong>Bralno obmo\u010dje<\/strong><\/td>\n<td>2-5 cm<\/td>\n<\/tr>\n<tr>\n<td><strong>Material<\/strong><\/td>\n<td>Tkanina + PVC<\/td>\n<\/tr>\n<tr>\n<td><strong>Mo\u017enosti velikosti<\/strong><\/td>\n<td>30<em>26 mm, 40<\/em>25 mm ali po meri<\/td>\n<\/tr>\n<tr>\n<td><strong>Vrsta tiskanja<\/strong><\/td>\n<td>Tisk CMYK 4C, sitotisk<\/td>\n<\/tr>\n<tr>\n<td><strong>Povr\u0161inska obdelava<\/strong><\/td>\n<td>Sijajni, matirani, mat<\/td>\n<\/tr>\n<tr>\n<td><strong>Temperaturno obmo\u010dje<\/strong><\/td>\n<td>-20\u00b0C do +80\u00b0C<\/td>\n<\/tr>\n<tr>\n<td><strong>Protokol<\/strong><\/td>\n<td>ISO 14443A<\/td>\n<\/tr>\n<\/tbody>\n<\/table>\n<h2><\/h2>\n<h2>Pogosto zastavljena vpra\u0161anja (FAQ)<\/h2>\n<h3>1. Kaj so zapestnice RFID?<\/h3>\n<p><strong>RFID zapestnice<\/strong>\u00a0so nosljivi pasovi z vdelano tehnologijo radiofrekven\u010dne identifikacije (RFID). Hranijo podatke, ki jih je mogo\u010de brez\u017ei\u010dno prena\u0161ati s pomo\u010djo NFC (Near Field Communication), kar omogo\u010da u\u010dinkovit nadzor dostopa, brezgotovinsko poslovanje in zbiranje podatkov na dogodkih.<\/p>\n<h3>2. Kako delujejo zapestnice RFID?<\/h3>\n<p>RFID zapestnice vsebujejo majhen RFID \u010dip, ki komunicira z \u010ditalnikom prek radijskih valov. Pri skeniranju z bralnikom RFID zapestnica prena\u0161a shranjene informacije, omogo\u010da dostop ali obdeluje transakcije brez potrebe po fizi\u010dnem stiku.<\/p>\n<h3>3. Ali so te zapestnice nepremo\u010dljive?<\/h3>\n<p>ja! Na\u0161\u00a0<strong>po meri tkane zapestnice RFID<\/strong>\u00a0so zasnovani tako, da so\u00a0<strong>nepremo\u010dljiva<\/strong>, zaradi \u010desar so primerni za razli\u010dne dogodke, tudi tiste v vodnih parkih in festivale na prostem. Njihovi trpe\u017eni materiali zagotavljajo, da ohranijo funkcionalnost tudi, ko so izpostavljeni vodi.<\/p>\n<h3>4. Ali je mogo\u010de zapestnice prilagoditi?<\/h3>\n<p>Vsekakor! Na\u0161e zapestnice RFID je mogo\u010de popolnoma prilagoditi va\u0161im potrebam glede blagovne znamke. Izbirate lahko med razli\u010dnimi velikostmi, barvami in tehnikami tiska kot npr\u00a0<strong>CMYK barvni tisk<\/strong>,\u00a0<strong>UV to\u010dkovni tisk<\/strong>, in kovinski zaklju\u010dki kot\u00a0<strong>srebrno ali zlato folijo<\/strong>.<\/p>\n<h3>5. Kako trpe\u017ene so zapestnice?<\/h3>\n<p>Izdelana iz kombinacije\u00a0<strong>tkani poliester<\/strong>\u00a0in\u00a0<strong>PVC<\/strong>, so na\u0161e zapestnice robustne in zasnovane tako, da prenesejo razli\u010dne okoljske pogoje, vklju\u010dno s temperaturnimi razponi\u00a0<strong>-20\u00b0C do +80\u00b0C<\/strong>. Prav tako so za\u0161\u010diteni pred posegi, kar zagotavlja, da ostanejo varni med dogodki.<\/p>","protected":false},"excerpt":{"rendered":"<p>Zapestnice RFID NFC z logotipom po meri, nepremo\u010dljive in tkane iz poliestra, zdru\u017eujejo vzdr\u017eljivost z elegantno blagovno znamko, zaradi \u010desar so idealne za dogodke in varen nadzor dostopa. Kot nala\u0161\u010d za brezgotovinske transakcije izbolj\u0161ajo uporabni\u0161ko izku\u0161njo in hkrati promovirajo va\u0161o blagovno znamko.<\/p>","protected":false},"featured_media":3411,"template":"","meta":[],"product_brand":[],"product_cat":[50],"product_tag":[],"class_list":{"0":"post-3410","1":"product","2":"type-product","3":"status-publish","4":"has-post-thumbnail","6":"product_cat-silicone-rfid-nfc-wristbands","8":"first","9":"instock","10":"shipping-taxable","11":"product-type-simple"},"_links":{"self":[{"href":"https:\/\/nfc-readers.com\/sl\/wp-json\/wp\/v2\/product\/3410","targetHints":{"allow":["GET"]}}],"collection":[{"href":"https:\/\/nfc-readers.com\/sl\/wp-json\/wp\/v2\/product"}],"about":[{"href":"https:\/\/nfc-readers.com\/sl\/wp-json\/wp\/v2\/types\/product"}],"wp:featuredmedia":[{"embeddable":true,"href":"https:\/\/nfc-readers.com\/sl\/wp-json\/wp\/v2\/media\/3411"}],"wp:attachment":[{"href":"https:\/\/nfc-readers.com\/sl\/wp-json\/wp\/v2\/media?parent=3410"}],"wp:term":[{"taxonomy":"product_brand","embeddable":true,"href":"https:\/\/nfc-readers.com\/sl\/wp-json\/wp\/v2\/product_brand?post=3410"},{"taxonomy":"product_cat","embeddable":true,"href":"https:\/\/nfc-readers.com\/sl\/wp-json\/wp\/v2\/product_cat?post=3410"},{"taxonomy":"product_tag","embeddable":true,"href":"https:\/\/nfc-readers.com\/sl\/wp-json\/wp\/v2\/product_tag?post=3410"}],"curies":[{"name":"wp","href":"https:\/\/api.w.org\/{rel}","templated":true}]}}