{"id":3417,"date":"2024-11-03T03:26:02","date_gmt":"2024-11-03T03:26:02","guid":{"rendered":"https:\/\/nfc-readers.com\/?post_type=product&#038;p=3417"},"modified":"2024-11-03T03:26:03","modified_gmt":"2024-11-03T03:26:03","slug":"fabric-wrist-band-13-56mhz-nfc-bracelet-dispose-wristbands","status":"publish","type":"product","link":"https:\/\/nfc-readers.com\/sl\/ic-reader\/fabric-wrist-band-13-56mhz-nfc-bracelet-dispose-wristbands\/","title":{"rendered":"Zapestni trak iz tkanine 13,56 mhz NFC zapestnica, zapestnice za odlaganje"},"content":{"rendered":"<h1 style=\"text-align: center;\"><strong>Zapestni trak iz tkanine 13,56 mhz NFC zapestnica, zapestnice za odlaganje<\/strong><\/h1>\n<p>&nbsp;<\/p>\n<p>V dana\u0161njem hitrem tempu je potreba po brezhibnem upravljanju in izbolj\u0161ani uporabni\u0161ki izku\u0161nji najpomembnej\u0161a, zlasti na dogodkih, festivalih in prizori\u0161\u010dih, kjer je u\u010dinkovit nadzor dostopa klju\u010dnega pomena. Na\u0161 <strong>Zapestni trak iz tkanine 13,56 MHz NFC zapestnica, zapestnice za odlaganje<\/strong>\u00a0zagotavljajo edinstveno me\u0161anico funkcionalnosti in estetike, s \u010dimer zagotavljajo nemoteno delovanje, gostom pa nudijo nepozabno izku\u0161njo. S funkcijami, kot je\u00a0<strong>enkratna uporaba<\/strong>,\u00a0<strong>barviti modeli<\/strong>, in napredno\u00a0<strong>NFC<\/strong>\u00a0tehnologije, ti zapestnici spremenijo igro za vsakega organizatorja dogodkov.<\/p>\n<p>&nbsp;<\/p>\n<h2>Zakaj izbrati NFC zapestnice iz blaga?<\/h2>\n<p>Ko gre za navigacijo po spektru izdelkov RFID in NFC, izstopajo zapestnice Fabric Wrist Band 13,56 MHz NFC Bracelet Dispose Wristbands zaradi svoje inovativne zasnove in robustnih zmogljivosti.<\/p>\n<h3>Poudarki izdelka:<\/h3>\n<ul>\n<li><strong>Enostavno prilagodljiv<\/strong>\u00a0z mo\u017enostmi tiskanja logotipa, \u010drtnih kod in kod QR.<\/li>\n<li><strong>Hitra kontrola dostopa<\/strong>\u00a0in poenostavljeno delovanje, ki izbolj\u0161uje izku\u0161njo in varnost gostov.<\/li>\n<li><strong>Trpe\u017ena, a udobna tkanina<\/strong>\u00a0ki je kot nala\u0161\u010d za celodnevno no\u0161enje na glasbenih festivalih, vodnih parkih ali poslovnih dogodkih.<\/li>\n<\/ul>\n<p>Te zapestnice so zasnovane tako, da zagotavljajo a\u00a0<strong>brezgotovinsko pla\u010dilo<\/strong>\u00a0re\u0161itev, hkrati pa zagotavlja, da so organizatorji dogodkov mirni, saj vedo, da imajo zanesljiva sredstva za u\u010dinkovito upravljanje nadzora dostopa.<\/p>\n<p>&nbsp;<\/p>\n<h2>Posebne lastnosti tkaninskih zapestnic NFC<\/h2>\n<p>Pri obravnavi\u00a0<strong>rfid zapestnice za dogodke<\/strong>, the\u00a0<em>Zapestnica iz tkanine 13,56 MHz NFC<\/em>\u00a0ponuja \u0161tevilne posebne funkcije, namenjene izbolj\u0161anju u\u010dinkovitosti in izbolj\u0161anju izku\u0161enj gostov.<\/p>\n<h3>Barvit dizajn za enkratno uporabo<\/h3>\n<p>Te zapestnice so na voljo v razli\u010dnih \u017eivahnih barvah, kar zagotavlja, da ne slu\u017eijo le funkcionalnemu namenu, temve\u010d so tudi v skladu z estetskimi zahtevami va\u0161e blagovne znamke. The\u00a0<strong>enkratna uporaba<\/strong>\u00a0dodaja raven varnosti, saj je vsaka zapestnica edinstveno kodirana za en dogodek, kar zmanj\u0161uje tveganje nepoobla\u0161\u010denega dostopa.<\/p>\n<h3>Komunikacijski vmesniki RFID in NFC<\/h3>\n<p>Te zapestnice, zasnovane z najsodobnej\u0161o tehnologijo, uporabljajo\u00a0<strong>RFID<\/strong>\u00a0in\u00a0<strong>NFC<\/strong>\u00a0komunikacijski vmesniki za zagotavljanje hitre in zanesljive interakcije z \u010ditalci RFID. Ta zmo\u017enost olaj\u0161a\u00a0<strong>brezsti\u010dno pla\u010devanje<\/strong>\u00a0in upravljanje dostopa, kar poenostavi postopek sprejemanja za goste in zaposlene.<\/p>\n<p>&nbsp;<\/p>\n<h2>Pogosto zastavljena vpra\u0161anja o tehnologiji NFC<\/h2>\n<h3>Kaj je tehnologija NFC?<\/h3>\n<p>NFC ali komunikacija bli\u017enjega polja omogo\u010da napravam medsebojno komunikacijo prek radijskih valov. Omogo\u010da brezhibne transakcije in izmenjavo informacij s samo dotikom naprav.<\/p>\n<h3>Ali so te zapestnice nepremo\u010dljive?<\/h3>\n<p>Na\u0161e zapestnice NFC so zasnovane tako, da so vodoodporne, zaradi \u010desar so primerne za dogodke v vodnih parkih ali festivale na prostem.<\/p>\n<h3>Ali lahko prilagodim zapestnice?<\/h3>\n<p>Da, na voljo so mo\u017enosti prilagajanja, vklju\u010dno s tiskanjem logotipa, \u010drtnih kod in kode QR na zapestnici in kartici.<\/p>","protected":false},"excerpt":{"rendered":"<p>The\u00a0<strong>Zapestnica iz tkanine 13,56 MHz NFC<\/strong>\u00a0je elegantna in prakti\u010dna re\u0161itev za vodenje dogodkov, ki ponuja brezhiben nadzor dostopa in mo\u017enost brezgotovinskega pla\u010devanja. Ti \u017eivahni zapestnici, zasnovani za enkratno uporabo, izbolj\u0161ajo izku\u0161njo gostov, hkrati pa zagotavljajo varnost in u\u010dinkovitost na vsakem dogodku.<\/p>","protected":false},"featured_media":3424,"template":"","meta":[],"product_brand":[],"product_cat":[50],"product_tag":[],"class_list":{"0":"post-3417","1":"product","2":"type-product","3":"status-publish","4":"has-post-thumbnail","6":"product_cat-silicone-rfid-nfc-wristbands","8":"first","9":"instock","10":"shipping-taxable","11":"product-type-simple"},"_links":{"self":[{"href":"https:\/\/nfc-readers.com\/sl\/wp-json\/wp\/v2\/product\/3417","targetHints":{"allow":["GET"]}}],"collection":[{"href":"https:\/\/nfc-readers.com\/sl\/wp-json\/wp\/v2\/product"}],"about":[{"href":"https:\/\/nfc-readers.com\/sl\/wp-json\/wp\/v2\/types\/product"}],"wp:featuredmedia":[{"embeddable":true,"href":"https:\/\/nfc-readers.com\/sl\/wp-json\/wp\/v2\/media\/3424"}],"wp:attachment":[{"href":"https:\/\/nfc-readers.com\/sl\/wp-json\/wp\/v2\/media?parent=3417"}],"wp:term":[{"taxonomy":"product_brand","embeddable":true,"href":"https:\/\/nfc-readers.com\/sl\/wp-json\/wp\/v2\/product_brand?post=3417"},{"taxonomy":"product_cat","embeddable":true,"href":"https:\/\/nfc-readers.com\/sl\/wp-json\/wp\/v2\/product_cat?post=3417"},{"taxonomy":"product_tag","embeddable":true,"href":"https:\/\/nfc-readers.com\/sl\/wp-json\/wp\/v2\/product_tag?post=3417"}],"curies":[{"name":"wp","href":"https:\/\/api.w.org\/{rel}","templated":true}]}}