{"id":3430,"date":"2024-11-03T03:39:41","date_gmt":"2024-11-03T03:39:41","guid":{"rendered":"https:\/\/nfc-readers.com\/?post_type=product&#038;p=3430"},"modified":"2024-11-03T03:39:42","modified_gmt":"2024-11-03T03:39:42","slug":"waterproof-passive-nfc-rfid-silicone-wristband","status":"publish","type":"product","link":"https:\/\/nfc-readers.com\/sl\/ic-reader\/waterproof-passive-nfc-rfid-silicone-wristband\/","title":{"rendered":"Vodoodporna pasivna NFC RFID silikonska zapestnica"},"content":{"rendered":"<h1 style=\"text-align: center;\"><strong>Vodoodporna pasivna NFC RFID silikonska zapestnica<\/strong><\/h1>\n<p>&nbsp;<\/p>\n<p>V dobi, kjer se tehnologija in prakti\u010dnost neopazno prepletata, je <strong>Vodoodporna pasivna NFC RFID silikonska zapestnica<\/strong>\u00a0izstopa kot izjemen dodatek. Ta inovativna zapestnica je zasnovana tako, da ustreza dinami\u010dnim potrebam uporabnikov, saj zagotavlja neprimerljivo udobje in varnost za razli\u010dne aplikacije, vklju\u010dno z dogodki, nadzorom dostopa in brezgotovinskimi transakcijami. Ne glede na to, ali organizirate impresiven festival, vodite telovadnico ali upravljate vodni park, ta zapestnica ponuja vodotesno re\u0161itev za poenostavitev delovanja in izbolj\u0161anje uporabni\u0161ke izku\u0161nje.<\/p>\n<p>Toda zakaj se spla\u010da vlagati v vodotesno pasivno silikonsko zapestnico NFC RFID? No, ne ponuja le prakti\u010dnih prednosti, kot sta vodoodpornost in vzdr\u017eljivost, ampak tudi prilagodljiv dizajn, ki zagotavlja, da va\u0161a blagovna znamka izstopa. Z zmo\u017enostjo podpore za brezgotovinska pla\u010dila in nadzor dostopa je u\u010dinkovito orodje za organizatorje dogodkov in podjetja. Poglobimo se v zna\u010dilnosti in prednosti tega izjemnega izdelka.<\/p>\n<p>&nbsp;<\/p>\n<h2>Neprimerljiva vzdr\u017eljivost in vodoodporne lastnosti<\/h2>\n<p>Ena izmed izstopajo\u010dih lastnosti\u00a0<strong>Vodoodporna pasivna NFC RFID silikonska zapestnica<\/strong>\u00a0je njegova izjemna vzdr\u017eljivost. Ta zapestni trak je izdelan iz visokokakovostnega silikona\u00a0<strong>nepremo\u010dljiva<\/strong>,\u00a0<strong>odporen na vremenske vplive<\/strong>, in\u00a0<strong>odporen na vlago<\/strong>, zaradi \u010desar je primeren za razli\u010dna okolja in pogoje. Ne glede na to, ali je de\u017e ali sonce, se ta zapestnica ne bo zlahka po\u0161kodovala, kar bo va\u0161im gostom ali udele\u017eencem omogo\u010dilo, da u\u017eivajo v svoji izku\u0161nji brez skrbi za obrabo.<\/p>\n<p>The\u00a0<strong>silikon<\/strong>\u00a0material ne le zagotavlja dolgo \u017eivljenjsko dobo, ampak je tudi prijeten za ko\u017eo, zaradi \u010desar je popoln tako za prosti \u010das kot za aktivne situacije, kot so festivali ali \u0161portni dogodki. Ta vzdr\u017eljivost pomeni, da vam zapestnic ne bo treba pogosto menjavati, kar s\u010dasoma pomeni znatne prihranke pri stro\u0161kih.<\/p>\n<p>Poleg tega je zaradi lastnosti silikona odporen na ostre elemente, kar mu omogo\u010da, da prenese izpostavljenost vodnim parkom, zdravili\u0161\u010dem, telovadnicam in raznim prireditvam na prostem. Zato lahko uporabniki samozavestno nosijo ta zapestni trak, saj vedo, da lahko obvlada zahtevne dejavnosti brez ogro\u017eanja funkcionalnosti.<\/p>\n<h2>Vsestranski komunikacijski vmesnik<\/h2>\n<p>Uporaba\u00a0<strong>NFC tehnologija<\/strong>Vodoodporna pasivna NFC RFID silikonska zapestnica se pona\u0161a z brezhibnim komunikacijskim vmesnikom, ki izbolj\u0161a uporabni\u0161ko izku\u0161njo. Delovanje s frekvenco\u00a0<strong>13,56 MHz<\/strong>, je ta zapestnica optimizirana za hitro in zanesljivo interakcijo.<\/p>\n<p>Tehnologija NFC omogo\u010da\u00a0<strong>brezsti\u010dno pla\u010devanje<\/strong>, zaradi \u010desar je odli\u010dna re\u0161itev za organizatorje dogodkov, ki \u017eelijo poenostaviti procese. Gostje lahko preprosto potrkajo po zapestnici na prodajnih mestih, ne da bi morali brskati z gotovino ali karticami, s \u010dimer skraj\u0161ajo \u010dakalne dobe in izbolj\u0161ajo splo\u0161ni pretok dogodkov. to\u00a0<strong>brezsti\u010dno pla\u010devanje<\/strong>\u00a0Funkcija ne pove\u010da le udobja za uporabnike, ampak tudi izbolj\u0161a u\u010dinkovitost za prodajalce in osebje dogodkov.<\/p>\n<p>Poleg tega so zapestnice, ki podpirajo NFC, dobronamerne za nadzor dostopa. Dostop do dolo\u010denih obmo\u010dij lahko odobrite ali omejite s preprostim skeniranjem zapestnice z bralnikom RFID, s \u010dimer zagotovite gladek in varen postopek vstopa v VIP obmo\u010dja, zakulisje ali katera koli omejena obmo\u010dja.<\/p>\n<h2>Inovativne mo\u017enosti prilagajanja<\/h2>\n<p>Prilagodljivost je pomembna zna\u010dilnost vodotesne pasivne NFC RFID silikonske zapestnice. Z mo\u017enostmi za\u00a0<strong>logotipi po meri<\/strong>\u00a0in razli\u010dne tehnike tiska kot npr\u00a0<strong>sitotisk<\/strong>,\u00a0<strong>vtiskovanje<\/strong>, in\u00a0<strong>lasersko graviranje<\/strong>, lahko podjetja ustvarijo edinstveno identiteto, ki odmeva z njihovo blagovno znamko.<\/p>\n<p>Prilagajanje obsega velikost, barve in dizajne, kar podjetjem omogo\u010da, da zapestnice prilagodijo temam dogodkov ali estetiki blagovne znamke. Ta osebni pridih ne le pove\u010da prepoznavnost blagovne znamke, ampak lahko tudi pove\u010da anga\u017eiranost udele\u017eencev prek nepozabnih izku\u0161enj. Predstavljajte si, da pridete na festival, kjer ima vsaka zapestnica edinstven logotip ali dizajn, ki predstavlja temo dogodka \u2013 ta vidik pomembno prispeva k splo\u0161nemu vzdu\u0161ju in u\u017eitku.<\/p>\n<p>Poleg tega lahko zmo\u017enost vklju\u010ditve kod QR odpre tudi poti za izbolj\u0161ano interakcijo. Udele\u017eenci lahko skenirajo svoje zapestnice za dostop do urnikov, sodelujejo v tekmovanjih ali celo pridobijo kontaktne podatke, s \u010dimer izbolj\u0161ajo svojo splo\u0161no izku\u0161njo na dogodku.<\/p>\n<h2>Varnost in zmogljivosti nadzora dostopa<\/h2>\n<p>Varnost je najpomembnej\u0161a pri vsakem dogodku ali poslovnem delovanju in vodoodporna pasivna NFC RFID silikonska zapestnica u\u010dinkovito izpolnjuje to potrebo. Z vklju\u010ditvijo naprednih\u00a0<strong>RFID tehnologija<\/strong>, te zapestnice zagotavljajo a\u00a0<strong>za\u0161\u010diten pred posegi<\/strong>\u00a0sredstva za nadzor dostopa, ki bistveno pove\u010dajo raven varnosti na dogodkih.<\/p>\n<p>Z integrirano\u00a0<strong>Tehnologija \u010dipa MIFARE DESfire EV3<\/strong>, imajo uporabniki koristi od varnega prenosa podatkov, ki zagotavlja, da informacije v zapestnici ostanejo za\u0161\u010ditene. Ta \u010dip ne podpira le tehnik \u0161ifriranja, ki zagotavljajo plasti varnosti, temve\u010d tudi zagotavlja hiter prenos podatkov, izbolj\u0161a uporabni\u0161ko izku\u0161njo in zmanj\u0161a zamude.<\/p>\n<p>Poleg tega je mogo\u010de zapestnice RFID programirati za posebna dovoljenja za dostop, kar zagotavlja, da lahko samo poobla\u0161\u010deno osebje vstopi v dolo\u010dena obmo\u010dja. Ta funkcija je \u0161e posebej uporabna za velike dogodke, kjer je upravljanje mno\u017eice klju\u010dnega pomena za varnost in u\u010dinkovitost delovanja.<\/p>\n<p>&nbsp;<\/p>\n<h2>Tehni\u010dne specifikacije in dimenzije<\/h2>\n<table class=\"w-fit !mb-0 !max-w-none\" style=\"height: 133px;\" width=\"407\">\n<thead>\n<tr>\n<th>Specifikacija<\/th>\n<th>Podrobnosti<\/th>\n<\/tr>\n<\/thead>\n<tbody>\n<tr>\n<td><strong>Material<\/strong><\/td>\n<td>Silikon<\/td>\n<\/tr>\n<tr>\n<td><strong>Velikost<\/strong><\/td>\n<td>238 x 13 mm<\/td>\n<\/tr>\n<tr>\n<td><strong>Debelina<\/strong><\/td>\n<td>3 mm<\/td>\n<\/tr>\n<tr>\n<td><strong>Vrsta \u010dipa<\/strong><\/td>\n<td>MIFARE DESfire EV3<\/td>\n<\/tr>\n<\/tbody>\n<\/table>\n<p>&nbsp;<\/p>\n<h2>Pogosto zastavljena vpra\u0161anja (FAQ)<\/h2>\n<p>Tukaj je nekaj pogostih vpra\u0161anj o\u00a0<strong>Vodoodporna pasivna NFC RFID silikonska zapestnica<\/strong>, skupaj z njihovimi odgovori, ki vam bodo pomagali sprejeti premi\u0161ljeno odlo\u010ditev.<\/p>\n<h3>1.\u00a0<strong>Kaj je tehnologija NFC in kako deluje z zapestnico?<\/strong><\/h3>\n<p>NFC (komunikacija bli\u017enjega polja) je nabor komunikacijskih protokolov, ki dvema elektronskima napravama, obi\u010dajno pametnemu telefonu in bralniku, omogo\u010da komunikacijo na kratkih razdaljah \u2013 obi\u010dajno manj kot 4 palcev. Zapestnica vsebuje vdelan \u010dip NFC, ki lahko prena\u0161a informacije, ko je name\u0161\u010den blizu bralnika NFC, kar omogo\u010da funkcije, kot so brezsti\u010dno pla\u010devanje, nadzor dostopa in deljenje podatkov.<\/p>\n<h3>2.\u00a0<strong>Ali je zapestnica primerna za aktivnosti, povezane z vodo?<\/strong><\/h3>\n<p>Vsekakor! Vodoodporna pasivna silikonska zapestnica NFC RFID je zasnovana tako, da je\u00a0<strong>nepremo\u010dljiva<\/strong>\u00a0in\u00a0<strong>odporen na vremenske vplive<\/strong>. Zaradi tega je idealen za uporabo v razli\u010dnih okoljih, povezanih z vodo, kot so vodni parki, bazeni in zdravili\u0161\u010da.<\/p>\n<h3>3.\u00a0<strong>Ali lahko prilagodim zapestnice z mojim logotipom ali dizajnom?<\/strong><\/h3>\n<p>Da, mo\u017enosti prilagajanja so na voljo! Naro\u010dite lahko zapestnice z logotipom va\u0161ega podjetja in izbirate med ve\u010d tehnikami tiskanja, kot so sitotisk, vtiskovanje ali lasersko graviranje, da ustvarite zapestnico, ki dopolnjuje identiteto va\u0161e blagovne znamke.<\/p>\n<h3>4.\u00a0<strong>Kako dolgo bo zdr\u017eala zapestnica?<\/strong><\/h3>\n<p>Zapestnica je izdelana iz visokokakovostnega silikona, ki zagotavlja odli\u010dno vzdr\u017eljivost in odpornost proti obrabi, tudi v te\u017ekih okoljih. Ob pravilni negi lahko zdr\u017eijo ve\u010dkratno uporabo, \u0161e posebej, \u010de se uporabljajo v nadzorovanih okoljih.<\/p>\n<h3>5.\u00a0<strong>Ali je mogo\u010de zapestnico ponovno uporabiti?<\/strong><\/h3>\n<p>\u010ceprav je zapestnica trpe\u017ena, je namenjena predvsem uporabi za posamezne dogodke, kot so festivali ali koncerti. Vendar jih je mogo\u010de ponovno uporabiti v razli\u010dnih scenarijih, \u010de niso po\u0161kodovani ali ozna\u010deni na na\u010din, ki bi jih prepoznal kot uporabljene.<\/p>","protected":false},"excerpt":{"rendered":"<div class=\"chat-list relative custom-scrollbar-reset-margin custom-scrollbar custom-scrollbar-hidden custom-scrollbar-float pb-9 flex-1 overflow-y-auto\">\n<div class=\"mx-auto max-w-[790px]\">\n<div class=\"message-item-outer relative px-4 mb-2\" data-id=\"d5e57210-2b0a-4a51-8aa4-f3908258a790\">\n<div class=\"content-area pl-[0px]\">\n<div class=\"message-item select-text relative\">\n<div class=\"message-inner relative\">\n<div class=\"py-[2px]\">\n<div class=\"flex flex-col gap-2\">\n<div class=\"answer-markdown-box overflow-x-auto select-text custom-scrollbar\">\n<div class=\"markdown-body\"><\/div>\n<\/div>\n<\/div>\n<\/div>\n<\/div>\n<\/div>\n<\/div>\n<\/div>\n<\/div>\n<\/div>\n<div>\n<div class=\"input-box relative max-w-[790px] mx-auto\">\n<div class=\"chat-input-box relative bg-grey-layer2-normal px-3 max-w-[790px] mx-auto pb-1\">\n<div class=\"main-input-area\">\n<div class=\"chat-input-top-bar gap-2 py-2 flex justify-start items-center\">\n<div class=\"flex gap-[6px] min-w-[90px] max-w-[calc(100%-40px)]\">\n<div class=\"flex gap-0\">\n<div class=\"relative\">\n<div class=\"topbar-btn h-[30px] w-[30px] flex overflow-hidden text-text-primary-1 items-center justify-center text-xs leading-4 rounded-lg model-btn model-btn-no-bg\" role=\"button\">Vodoodporna pasivna silikonska zapestnica NFC RFID ponuja zanesljivo in trajno re\u0161itev za varen nadzor dostopa in brezgotovinske transakcije na vsakem dogodku. Idealen za festivale, telovadnice in vodne parke, zagotavlja udobje in prilagajanje z elegantnim dizajnom.<\/div>\n<\/div>\n<\/div>\n<\/div>\n<\/div>\n<\/div>\n<\/div>\n<\/div>\n<\/div>","protected":false},"featured_media":3431,"template":"","meta":[],"product_brand":[],"product_cat":[50],"product_tag":[],"class_list":{"0":"post-3430","1":"product","2":"type-product","3":"status-publish","4":"has-post-thumbnail","6":"product_cat-silicone-rfid-nfc-wristbands","8":"first","9":"instock","10":"shipping-taxable","11":"product-type-simple"},"_links":{"self":[{"href":"https:\/\/nfc-readers.com\/sl\/wp-json\/wp\/v2\/product\/3430","targetHints":{"allow":["GET"]}}],"collection":[{"href":"https:\/\/nfc-readers.com\/sl\/wp-json\/wp\/v2\/product"}],"about":[{"href":"https:\/\/nfc-readers.com\/sl\/wp-json\/wp\/v2\/types\/product"}],"wp:featuredmedia":[{"embeddable":true,"href":"https:\/\/nfc-readers.com\/sl\/wp-json\/wp\/v2\/media\/3431"}],"wp:attachment":[{"href":"https:\/\/nfc-readers.com\/sl\/wp-json\/wp\/v2\/media?parent=3430"}],"wp:term":[{"taxonomy":"product_brand","embeddable":true,"href":"https:\/\/nfc-readers.com\/sl\/wp-json\/wp\/v2\/product_brand?post=3430"},{"taxonomy":"product_cat","embeddable":true,"href":"https:\/\/nfc-readers.com\/sl\/wp-json\/wp\/v2\/product_cat?post=3430"},{"taxonomy":"product_tag","embeddable":true,"href":"https:\/\/nfc-readers.com\/sl\/wp-json\/wp\/v2\/product_tag?post=3430"}],"curies":[{"name":"wp","href":"https:\/\/api.w.org\/{rel}","templated":true}]}}