{"id":3437,"date":"2024-11-03T04:49:53","date_gmt":"2024-11-03T04:49:53","guid":{"rendered":"https:\/\/nfc-readers.com\/?post_type=product&#038;p=3437"},"modified":"2024-11-05T10:39:50","modified_gmt":"2024-11-05T10:39:50","slug":"disposable-hf-uhf-rfid-nfc-wristband-for-event-ticket","status":"publish","type":"product","link":"https:\/\/nfc-readers.com\/sl\/ic-reader\/disposable-hf-uhf-rfid-nfc-wristband-for-event-ticket\/","title":{"rendered":"HF rfid NFC zapestnica za enkratno uporabo za vstopnico za dogodek"},"content":{"rendered":"<h1 style=\"text-align: center;\"><strong>HF rfid NFC zapestnica za enkratno uporabo za vstopnico za dogodek<\/strong><\/h1>\n<p>&nbsp;<\/p>\n<p>V dana\u0161njem hitrem tempu morajo organizatorji dogodkov slediti najnovej\u0161im tehnologijam, da svojim udele\u017eencem zagotovijo nepozabno izku\u0161njo. Eden naju\u010dinkovitej\u0161ih na\u010dinov za dosego tega je skozi <strong>HF RFID NFC zapestnice za enkratno uporabo<\/strong>. Te inovativne zapestnice revolucionirajo na\u010din upravljanja dogodkov, izbolj\u0161ajo varnost, poenostavijo nadzor dostopa in spodbujajo brezgotovinska pla\u010dila. Ne glede na to, ali gre za glasbene festivale, vodne parke ali poslovne dogodke, te zapestnice zagotavljajo brezhibno izku\u0161njo tako za goste kot za organizatorje.<\/p>\n<p>&nbsp;<\/p>\n<h3><strong>Zakaj izbrati zapestnice RFID\/NFC za enkratno uporabo?<\/strong><\/h3>\n<p>The\u00a0<strong>HF RFID NFC zapestnica za enkratno uporabo<\/strong>\u00a0je zasnovan posebej za dogodke in zdru\u017euje udobje z najsodobnej\u0161o tehnologijo. Evo, zakaj je nalo\u017eba v te zapestnice vredna vsakega penija:<\/p>\n<ol>\n<li><strong>Izbolj\u0161ana varnost:<\/strong>\u00a0Zapestnice uporabljajo tehnologijo RFID za zagotavljanje varnih re\u0161itev za vstop, kar znatno zmanj\u0161a tveganje nepoobla\u0161\u010denega dostopa. Vzdr\u017eljiv material in oblika zagotavljata, da so za\u0161\u010diteni pred posegi.<\/li>\n<li><strong>Brezgotovinske re\u0161itve:<\/strong>\u00a0Z nara\u0161\u010dajo\u010dimi \u017eeljami potro\u0161nikov po brezgotovinskem pla\u010devanju je te zapestnice mogo\u010de integrirati s sistemi za obdelavo pla\u010dil, kar udele\u017eencem omogo\u010da hitro in enostavno nakupovanje. To poenostavi trgovinski tok med dogodki in izbolj\u0161a izku\u0161njo gostov.<\/li>\n<li><strong>Udobje in uporabniku prijazno:<\/strong>\u00a0Udele\u017eenci lahko preprosto skenirajo svoje zapestnice za vstop in nakupe, kar skraj\u0161a \u010dakalne dobe in naredi njihovo izku\u0161njo bolj prijetno.<\/li>\n<li><strong>Prilagajanje:<\/strong>\u00a0Blagovne znamke imajo mo\u017enost prilagoditi vsako zapestnico z logotipi, podrobnostmi o dogodkih in kodami QR, kar omogo\u010da u\u010dinkovito blagovno znamko in tr\u017eenje.<\/li>\n<li><strong>Stro\u0161kovno u\u010dinkovito:<\/strong>\u00a0Ker so te zapestnice mo\u017enost za enkratno uporabo, zagotavljajo ekonomi\u010dno izbiro brez ogro\u017eanja kakovosti ali varnosti.<\/li>\n<\/ol>\n<p>Zdaj pa se poglobimo v zna\u010dilnosti na\u0161ega\u00a0<strong>HF RFID NFC zapestnica za enkratno uporabo za vstopnice za dogodke<\/strong>.<\/p>\n<p>&nbsp;<\/p>\n<h3><strong>Tehni\u010dne specifikacije<\/strong><\/h3>\n<table class=\"w-fit !mb-0 !max-w-none\">\n<thead>\n<tr>\n<th>Funkcija<\/th>\n<th>Specifikacija<\/th>\n<\/tr>\n<\/thead>\n<tbody>\n<tr>\n<td>Blagovna znamka<\/td>\n<td>SXNFC<\/td>\n<\/tr>\n<tr>\n<td>Kraj izvora<\/td>\n<td>Guangdong, Kitajska<\/td>\n<\/tr>\n<tr>\n<td>Pogostost<\/td>\n<td>13,56 MHz<\/td>\n<\/tr>\n<tr>\n<td>Protokol<\/td>\n<td>ISO14443A<\/td>\n<\/tr>\n<tr>\n<td>Vrsta \u010dipa<\/td>\n<td>NFC \u010dip\/HF<\/td>\n<\/tr>\n<tr>\n<td>Uporaba<\/td>\n<td>Prodaja vstopnic za dogodke, nadzor dostopa, brezgotovinsko pla\u010dilo<\/td>\n<\/tr>\n<tr>\n<td>Material<\/td>\n<td>Dupont papir<\/td>\n<\/tr>\n<tr>\n<td>Velikost<\/td>\n<td>250*19,5 mm<\/td>\n<\/tr>\n<tr>\n<td>Tiskanje<\/td>\n<td>Polnobarvni ofsetni tisk<\/td>\n<\/tr>\n<\/tbody>\n<\/table>\n<p>&nbsp;<\/p>\n<h3><strong>Pogosto zastavljena vpra\u0161anja (FAQ)<\/strong><\/h3>\n<p><strong>V1: Kako prilagodim zapestnice?<\/strong><br \/>\nO: Med postopkom naro\u010danja lahko zahtevate prilagoditve. Dolo\u010dite lahko svoj dizajn, logotip, kode QR ali serijske \u0161tevilke.<\/p>\n<p><strong>V2: Ali so zapestnice nepremo\u010dljive?<\/strong><br \/>\nO: Da,\u00a0<strong>Dupont papir<\/strong>\u00a0Material, uporabljen pri izdelavi, je vodoodporen, kar zagotavlja, da vzdr\u017eijo razli\u010dne pogoje.<\/p>\n<p><strong>V3: Ali je mogo\u010de zapestnice ponovno uporabiti?<\/strong><br \/>\nO: Te zapestnice so zasnovane samo za enkratno uporabo; zagotavljajo maksimalno varnost in za\u0161\u010dito pred posegi skozi celoten dogodek.<\/p>\n<p>&nbsp;<\/p>\n<h3><strong>Ob zmanj\u0161evanju odpadkov: Okoljsko odgovorne re\u0161itve<\/strong><\/h3>\n<p>Pri iskanju inovativnih re\u0161itev se zavedamo tudi vpliva na okolje. The\u00a0<strong>HF UHF RFID NFC zapestnica za enkratno uporabo<\/strong>\u00a0podpira ekolo\u0161ko trajnost na naslednje na\u010dine:<\/p>\n<ul>\n<li><strong>Dizajn za enkratno uporabo:<\/strong>\u00a0Kot a\u00a0<strong>zapestnica za enkratno uporabo<\/strong>, odpravite potrebo po vra\u010danju in pranju, kar prihrani vire in energijo.<\/li>\n<li><strong>Materialna obravnava:<\/strong>\u00a0Uporaba\u00a0<strong>Dupont papir<\/strong>, znan po tem, da ga je mogo\u010de reciklirati, prispeva k zmanj\u0161anju celotnega oglji\u010dnega odtisa, povezanega z zalogami za dogodke.<\/li>\n<\/ul>","protected":false},"excerpt":{"rendered":"<p>HF RFID NFC zapestnica za enkratno uporabo za vstopnice za dogodke ponuja varen in u\u010dinkovit na\u010din za upravljanje nadzora dostopa na katerem koli dogodku. Njegova prilagodljiva zasnova zagotavlja brezhibno izku\u0161njo udele\u017eencev, hkrati pa omogo\u010da brezgotovinska pla\u010dila in izbolj\u0161ane varnostne ukrepe.<\/p>","protected":false},"featured_media":3438,"template":"","meta":[],"product_brand":[],"product_cat":[50],"product_tag":[],"class_list":{"0":"post-3437","1":"product","2":"type-product","3":"status-publish","4":"has-post-thumbnail","6":"product_cat-silicone-rfid-nfc-wristbands","8":"first","9":"instock","10":"shipping-taxable","11":"product-type-simple"},"_links":{"self":[{"href":"https:\/\/nfc-readers.com\/sl\/wp-json\/wp\/v2\/product\/3437","targetHints":{"allow":["GET"]}}],"collection":[{"href":"https:\/\/nfc-readers.com\/sl\/wp-json\/wp\/v2\/product"}],"about":[{"href":"https:\/\/nfc-readers.com\/sl\/wp-json\/wp\/v2\/types\/product"}],"wp:featuredmedia":[{"embeddable":true,"href":"https:\/\/nfc-readers.com\/sl\/wp-json\/wp\/v2\/media\/3438"}],"wp:attachment":[{"href":"https:\/\/nfc-readers.com\/sl\/wp-json\/wp\/v2\/media?parent=3437"}],"wp:term":[{"taxonomy":"product_brand","embeddable":true,"href":"https:\/\/nfc-readers.com\/sl\/wp-json\/wp\/v2\/product_brand?post=3437"},{"taxonomy":"product_cat","embeddable":true,"href":"https:\/\/nfc-readers.com\/sl\/wp-json\/wp\/v2\/product_cat?post=3437"},{"taxonomy":"product_tag","embeddable":true,"href":"https:\/\/nfc-readers.com\/sl\/wp-json\/wp\/v2\/product_tag?post=3437"}],"curies":[{"name":"wp","href":"https:\/\/api.w.org\/{rel}","templated":true}]}}