{"id":3444,"date":"2024-11-03T06:44:10","date_gmt":"2024-11-03T06:44:10","guid":{"rendered":"https:\/\/nfc-readers.com\/?post_type=product&#038;p=3444"},"modified":"2024-11-04T08:51:14","modified_gmt":"2024-11-04T08:51:14","slug":"custom-fm1208-8k-memory-smart-campus-card","status":"publish","type":"product","link":"https:\/\/nfc-readers.com\/sl\/ic-reader\/custom-fm1208-8k-memory-smart-campus-card\/","title":{"rendered":"Custom FM1208 8k pomnilni\u0161ka pametna kampusna kartica"},"content":{"rendered":"<h1><span style=\"color: #000080;\"><strong>Custom FM1208 8k pomnilni\u0161ka pametna kampusna kartica<\/strong><\/span><\/h1>\n<p><span style=\"color: #666699;\">Prihodnost re\u0161itev za nadzor dostopa V svetu, ki postaja vse bolj digitalen, je brezhiben nadzor dostopa kriti\u010dnej\u0161i kot kdaj koli prej. The <strong>Custom FM12088K Memory Smart Campus Card<\/strong>\u00a0je zasnovan za sodobne ustanove, ki i\u0161\u010dejo varne in u\u010dinkovite na\u010dine za upravljanje dostopa, identifikacije in transakcij v kampusu. S pomnilnikom 8K, komunikacijskimi zmogljivostmi RFID in NFC ter robustno zasnovo ta kartica izstopa kot bistvena re\u0161itev za izobra\u017eevalne ustanove, podjetja in organizacije. Ta izdelek ponuja \u0161tevilne prednosti, zaradi katerih je dragocena nalo\u017eba za vsako organizacijo, ki se osredoto\u010da na izbolj\u0161ano varnost in poenostavljeno delovanje.<\/span><\/p>\n<p>&nbsp;<\/p>\n<h2 style=\"text-align: center;\"><em><strong><span style=\"color: #000080;\">Zakaj izbrati prilagojeno kartico FM12088K Memory Smart Campus?<\/span><\/strong><\/em><\/h2>\n<p>Custom FM12088K Memory Smart Campus Card je ve\u010d kot le kos plastike; je inovativno orodje, ki zdru\u017euje napredno tehnologijo s prakti\u010dnimi aplikacijami. Klju\u010dne prednosti vklju\u010dujejo:<\/p>\n<ul>\n<li><strong>Pove\u010dana varnost<\/strong>: Z naprednim\u00a0<strong>Mifare Desfire<\/strong>\u00a0zmogljivosti in\u00a0<strong>medsebojna avtentikacija<\/strong>, postane va\u0161 sistem za nadzor dostopa bistveno varnej\u0161i.<\/li>\n<li><strong>Izbolj\u0161ana uporabni\u0161ka izku\u0161nja<\/strong>: Zasnovano za enostavno upravljanje, kartice\u00a0<strong>brezkontaktna zasnova<\/strong>\u00a0omogo\u010da hiter in udoben dostop \u2013 idealno za \u017eivahna kampusna okolja.<\/li>\n<li><strong>Vsestranske aplikacije<\/strong>: Te kartice se lahko uporabljajo tudi za finan\u010dne transakcije, prodajo vozovnic in programe zvestobe.<\/li>\n<li><strong>Vzdr\u017eljivost in dolgo\u017eivost<\/strong>: Izdelano iz\u00a0<strong>PVC<\/strong>, te karte so\u00a0<strong>vodoodporen\/odporen na vremenske vplive<\/strong>, ki zagotavlja dolgo \u017eivljenjsko dobo tudi v zahtevnih okoljskih razmerah.<\/li>\n<\/ul>\n<hr \/>\n<h2><\/h2>\n<h2 style=\"text-align: center;\"><span style=\"color: #000080;\"><em><strong>Razvoj tehnologije Mifare<\/strong><\/em><\/span><\/h2>\n<p><span style=\"color: #008080;\">Tehnologija Mifare se je z leti razvijala in pre\u0161la iz izvirnika <strong>Mifare Classic<\/strong>\u00a0dru\u017eine do naprednih iteracij, kot je\u00a0<strong>Mifare Desfire<\/strong>\u00a0serije. <\/span><\/p>\n<p><span style=\"color: #008080;\">Ti napredki omogo\u010dajo ve\u010dje pomnilni\u0161ke kapacitete, vi\u0161je varnostne funkcije in raznolike aplikacije. FM1208\u00a0<strong>8K pomnilnik<\/strong>\u00a0ponovno potrjuje svoje sposobnosti pri varnem in u\u010dinkovitem ravnanju s kompleksnimi podatkovnimi transakcijami.<\/span><\/p>\n<p>&nbsp;<\/p>\n<h2 style=\"text-align: center;\"><em><strong><span style=\"color: #000080;\">Klju\u010dne lastnosti pametnih kartic<\/span><\/strong><\/em><\/h2>\n<h3>Pametne kartice, kot je FM1208, ponujajo ve\u010d klju\u010dnih lastnosti, vklju\u010dno z:<\/h3>\n<ul>\n<li><strong>Brezkontaktna komunikacija<\/strong>: Uporaba\u00a0<strong>RFID\/NFC<\/strong>\u00a0Kartico je mogo\u010de hitro skenirati brez fizi\u010dnega stika, kar zagotavlja hiter dostop.<\/li>\n<li><strong>Visoka varnost<\/strong>: Z\u00a0<strong>\u0161ifrirne klju\u010de<\/strong>\u00a0in zmo\u017enosti vzajemne avtentikacije so lahko uporabniki prepri\u010dani, da so njihove poverilnice varne.<\/li>\n<li><strong>Raz\u0161irljivost<\/strong>: FM1208 je mogo\u010de preprosto integrirati v obstoje\u010de sisteme ali ga prilagoditi tako, da zadosti nara\u0161\u010dajo\u010dim potrebam kampusa, s \u010dimer se izbolj\u0161a splo\u0161no operativno u\u010dinkovitost.<\/li>\n<\/ul>\n<hr \/>\n<h2><\/h2>\n<h2 style=\"text-align: center;\"><em><span style=\"color: #000080;\"><strong>Edinstvene lastnosti<\/strong><\/span><\/em><\/h2>\n<p><span style=\"color: #666699;\">Custom FM1208 Smart Campus Card je opremljen z edinstvenimi funkcijami, zasnovanimi za dana\u0161njo tehnolo\u0161ko pokrajino.<\/span><\/p>\n<h3><span style=\"color: #333399;\"><strong>Vodotesen in odporen na vremenske vplive<\/strong><\/span><\/h3>\n<p>Ta pametna kartica je zasnovana tako, da vzdr\u017ei te\u017eke pogoje, zaradi \u010desar je primerna za uporabo v zaprtih prostorih in na prostem. The\u00a0<strong>PVC<\/strong>\u00a0uporabljen material zagotavlja, da ostane nedotaknjen in popolnoma funkcionalen pod razli\u010dnimi okoljskimi pritiski.<\/p>\n<p>&nbsp;<\/p>\n<h3><span style=\"color: #333399;\"><strong>Zdru\u017eljivost z mini oznakami<\/strong><\/span><\/h3>\n<p>FM1208 lahko deluje tudi kot\u00a0<strong>mini oznaka<\/strong>, kar omogo\u010da razli\u010dne scenarije uporabe. Ne glede na to, ali je vgrajen v obla\u010dila, nahrbtnike ali denarnice, nudi prilagodljivost tako \u0161tudentom kot osebju.<\/p>\n<hr \/>\n<h3><span style=\"color: #333399;\"><strong>Tehni\u010dne specifikacije<\/strong><\/span><\/h3>\n<p><strong>Tukaj je podroben pregled tehni\u010dnih specifikacij Custom FM12088K Memory Smart Campus Card:<\/strong><\/p>\n<div class=\"table-with-header rounded-lg border border-solid border-grey-line2-normal w-fit max-w-full mb-2\">\n<div class=\"overflow-x-auto custom-scrollbar custom-scrollbar-float max-w-full\">\n<table class=\"w-fit !mb-0 !max-w-none\">\n<thead>\n<tr>\n<th>Funkcija<\/th>\n<th>Specifikacija<\/th>\n<\/tr>\n<\/thead>\n<tbody>\n<tr>\n<td><strong>Ime izdelka<\/strong><\/td>\n<td>RFID kartica<\/td>\n<\/tr>\n<tr>\n<td><strong>\u010dip<\/strong><\/td>\n<td>FM1208<\/td>\n<\/tr>\n<tr>\n<td><strong>Spomin<\/strong><\/td>\n<td>8K<\/td>\n<\/tr>\n<tr>\n<td><strong>Material<\/strong><\/td>\n<td>PVC<\/td>\n<\/tr>\n<tr>\n<td><strong>Velikost<\/strong><\/td>\n<td>85,5 x 54 mm<\/td>\n<\/tr>\n<tr>\n<td><strong>Pogostost<\/strong><\/td>\n<td>13,56 MHz<\/td>\n<\/tr>\n<tr>\n<td><strong>Razdalja branja<\/strong><\/td>\n<td>1-10 cm<\/td>\n<\/tr>\n<tr>\n<td><strong>MOQ (najmanj\u0161a koli\u010dina naro\u010dila)<\/strong><\/td>\n<td>500<\/td>\n<\/tr>\n<tr>\n<td><strong>Tiskanje<\/strong><\/td>\n<td>Offset tisk<\/td>\n<\/tr>\n<tr>\n<td><strong>Kraj izvora<\/strong><\/td>\n<td>Guangdong, Kitajska<\/td>\n<\/tr>\n<tr>\n<td><strong>Aplikacija<\/strong><\/td>\n<td>Nadzor dostopa, Transakcije<\/td>\n<\/tr>\n<\/tbody>\n<\/table>\n<\/div>\n<\/div>\n<p><strong>Te specifikacije predstavljajo kartico, ki poudarja varnost, vzdr\u017eljivost in u\u010dinkovitost.<\/strong><\/p>\n<hr \/>\n<h2><\/h2>\n<h2 style=\"text-align: center;\"><em><span style=\"color: #000080;\"><strong>Vpliv na okolje in trajnost<\/strong><\/span><\/em><\/h2>\n<p><span style=\"color: #666699;\">Ob upo\u0161tevanju okoljskega odtisa tehnologije, kartica Custom FM1208 sprejme trajnostni pristop. Biti zgrajen iz\u00a0<strong>PVC<\/strong>, ponuja vzdr\u017eljivost brez ogro\u017eanja skrbi za okolje. Trajnostne prakse- <strong>Mo\u017enost recikliranja<\/strong>: Uporabljene materiale je mogo\u010de reciklirati, kar poudarja zavezanost skrbi za okolje.<\/span><\/p>\n<ul>\n<li><strong>Dolga \u017eivljenjska doba<\/strong>: S trpe\u017eno zasnovo kartica zmanj\u0161a potrebo po pogostih zamenjavah, kar na koncu zmanj\u0161a koli\u010dino odpadkov.<\/li>\n<\/ul>\n<hr \/>\n<h2><\/h2>\n<h2 style=\"text-align: center;\"><em><span style=\"color: #000080;\"><strong>Aplikacije v izobra\u017eevanju in \u0161ir\u0161e<\/strong><\/span><\/em><\/h2>\n<p><span style=\"color: #666699;\">Custom FM1208 Smart Campus Card slu\u017ei razli\u010dnim aplikacijam, zlasti v izobra\u017eevalnih ustanovah, s \u010dimer izbolj\u0161a celotno izku\u0161njo kampusa.<\/span><\/p>\n<p>&nbsp;<\/p>\n<h2 style=\"text-align: center;\"><em><strong><span style=\"color: #000080;\">V izobra\u017eevalnih ustanovah<\/span><\/strong><\/em><\/h2>\n<p style=\"text-align: left;\">1.\u00a0<strong>Nadzor dostopa<\/strong>: Varen vhod v zgradbe, knji\u017enice ali laboratorije.<\/p>\n<ol start=\"2\">\n<li><strong>ID kampusa<\/strong>: Izkaznice slu\u017eijo kot \u0161tudentske izkaznice in poenostavijo identifikacijske postopke.<\/li>\n<li><strong>Pla\u010dilni sistemi<\/strong>: Integracija s \u0161olskimi ra\u010duni za brezgotovinske transakcije v kavarnah in na prodajnih avtomatih.<\/li>\n<\/ol>","protected":false},"excerpt":{"rendered":"<p>Custom FM12088K Memory Smart Campus Card ponuja varen, brezsti\u010dni nadzor dostopa, idealen za izobra\u017eevalne ustanove in podjetja. Vzdr\u017eljiv in vsestranski!<\/p>","protected":false},"featured_media":3449,"template":"","meta":[],"product_brand":[],"product_cat":[46],"product_tag":[],"class_list":{"0":"post-3444","1":"product","2":"type-product","3":"status-publish","4":"has-post-thumbnail","6":"product_cat-nfc-cards","8":"first","9":"instock","10":"shipping-taxable","11":"product-type-simple"},"_links":{"self":[{"href":"https:\/\/nfc-readers.com\/sl\/wp-json\/wp\/v2\/product\/3444","targetHints":{"allow":["GET"]}}],"collection":[{"href":"https:\/\/nfc-readers.com\/sl\/wp-json\/wp\/v2\/product"}],"about":[{"href":"https:\/\/nfc-readers.com\/sl\/wp-json\/wp\/v2\/types\/product"}],"wp:featuredmedia":[{"embeddable":true,"href":"https:\/\/nfc-readers.com\/sl\/wp-json\/wp\/v2\/media\/3449"}],"wp:attachment":[{"href":"https:\/\/nfc-readers.com\/sl\/wp-json\/wp\/v2\/media?parent=3444"}],"wp:term":[{"taxonomy":"product_brand","embeddable":true,"href":"https:\/\/nfc-readers.com\/sl\/wp-json\/wp\/v2\/product_brand?post=3444"},{"taxonomy":"product_cat","embeddable":true,"href":"https:\/\/nfc-readers.com\/sl\/wp-json\/wp\/v2\/product_cat?post=3444"},{"taxonomy":"product_tag","embeddable":true,"href":"https:\/\/nfc-readers.com\/sl\/wp-json\/wp\/v2\/product_tag?post=3444"}],"curies":[{"name":"wp","href":"https:\/\/api.w.org\/{rel}","templated":true}]}}