{"id":3450,"date":"2024-11-03T08:01:44","date_gmt":"2024-11-03T08:01:44","guid":{"rendered":"https:\/\/nfc-readers.com\/?post_type=product&#038;p=3450"},"modified":"2024-11-04T08:45:59","modified_gmt":"2024-11-04T08:45:59","slug":"nfc-with-qr-code-stainless-contactless-business-card","status":"publish","type":"product","link":"https:\/\/nfc-readers.com\/sl\/ic-reader\/nfc-with-qr-code-stainless-contactless-business-card\/","title":{"rendered":"NFC s kodo QR Nerjave\u010da brezkontaktna vizitka"},"content":{"rendered":"<h1><span style=\"color: #000080;\"><strong>NFC s kodo QR Nerjave\u010da brezkontaktna vizitka<\/strong><\/span><\/h1>\n<p><span style=\"color: #666699;\">V dana\u0161njem hitrem digitalnem svetu je potreba po inovativnih in u\u010dinkovitih omre\u017enih re\u0161itvah pomembnej\u0161a kot kdaj koli prej. Vnesite <strong>Nerjave\u010da brezkontaktna vizitka NFC s kodo QR<\/strong>, vrhunsko orodje, namenjeno redefiniranju na\u010dina, na katerega strokovnjaki delijo svoje podatke. Ta vizitka, ki zdru\u017euje sodobno tehnologijo z elegantnim dizajnom, uporabnikom omogo\u010da preprosto deljenje svojih kontaktnih podatkov, dru\u017eabnih profilov in drugega s preprostimi dotiki in skeniranjem. Z ne\u0161tetimi mo\u017enostmi prilagajanja ta brezkontaktna vizitka ne le izbolj\u0161a va\u0161o profesionalno podobo, ampak tudi poenostavi procese mre\u017eenja.<\/span><\/p>\n<p>&nbsp;<\/p>\n<h2 style=\"text-align: center;\"><span style=\"color: #000080;\"><strong>Klju\u010dne lastnosti vizitk NFC\u00a0<\/strong><\/span><\/h2>\n<p>Tehnologija NFC preoblikuje mre\u017eenje z zagotavljanjem edinstvenih lastnosti, ki jo lo\u010dujejo od tradicionalnih vizitk. Te kartice omogo\u010dajo hitro in u\u010dinkovito izmenjavo informacij ter uporabnikom omogo\u010dajo prenos svojih kontaktnih podatkov s preprostim dotikom pametnega telefona. The\u00a0<strong>Nerjave\u010da brezkontaktna vizitka NFC s kodo QR<\/strong>\u00a0vklju\u010duje napredno tehnologijo, kot so:<\/p>\n<ul>\n<li><strong>Komunikacija RFID:<\/strong>\u00a0Deluje na frekvenci 13,56 MHz, kar omogo\u010da hitre povezave med napravami.<\/li>\n<li><strong>Mo\u017enosti \u010dipov po meri:<\/strong>\u00a0Na voljo s \u010dipi NTAG213, NTAG215 ali NTAG216, ki zagotavljajo prilagodljivost glede na potrebe uporabnikov.<\/li>\n<\/ul>\n<p>Z izkori\u0161\u010danjem teh klju\u010dnih atributov ta vizitka ne predstavlja le va\u0161e profesionalne blagovne znamke, temve\u010d tudi va\u0161o predanost inovacijam.<\/p>\n<p>&nbsp;<\/p>\n<h2 style=\"text-align: center;\"><span style=\"color: #000080;\"><em><strong>Zna\u010dilnosti oblikovanja: <\/strong><\/em><\/span><\/h2>\n<h2>Naredite trajen vtis<\/h2>\n<p><strong>Estetska privla\u010dnost<\/strong>\u00a0je klju\u010dnega pomena pri vsaki poslovni interakciji. The\u00a0<strong>Nerjave\u010da brezkontaktna vizitka NFC s kodo QR<\/strong>\u00a0je zasnovan z vrsto prilagodljivih funkcij, ki ustrezajo individualnim \u017eeljam in zagotavljajo, da ne le izstopa, ampak se tudi ujema z identiteto va\u0161e blagovne znamke. Klju\u010dne zna\u010dilnosti oblikovanja vklju\u010dujejo:<\/p>\n<ul>\n<li><strong>Zaklju\u010dki:<\/strong>\u00a0Izbirajte med sijo\u010dimi ali mat povr\u0161inami za prefinjen videz, ki ustreza va\u0161emu stilu.<\/li>\n<li><strong>Mo\u017enosti materiala:<\/strong>\u00a0Izdelane iz visokokakovostnega nerjave\u010dega jekla, te kartice ne izgledajo samo razko\u0161no, temve\u010d zagotavljajo tudi vzdr\u017eljivost proti obrabi.<\/li>\n<li><strong>Logotipi in vzorci po meri:<\/strong>\u00a0Personalizirajte svojo kartico z vgraviranim logotipom in ustvarite edinstven pridih, ki pove\u010da prepoznavnost va\u0161e blagovne znamke.<\/li>\n<\/ul>\n<p>Z nalo\u017ebo v profesionalno oblikovano NFC vizitko se lo\u010dite od konkurence.<\/p>\n<p>&nbsp;<\/p>\n<h2 style=\"text-align: center;\"><span style=\"color: #000080;\"><em><strong>Vodoodporna in odporna na vremenske vplive <\/strong><\/em><\/span><\/h2>\n<p><span style=\"color: #666699;\">V vrve\u017eu vsakodnevnega mre\u017eenja potrebujete vizitko, ki je kos razli\u010dnim okoljskim pogojem. <\/span><\/p>\n<p><span style=\"color: #666699;\">Nerjave\u010di material za\u00a0<strong>Nerjave\u010da brezkontaktna vizitka NFC s kodo QR<\/strong>\u00a0je:<\/span><\/p>\n<ul>\n<li><strong>Vodoodporen:<\/strong>\u00a0\u0160\u010diti va\u0161e podatke pred nenamernimi razlitji in mokrimi pogoji.<\/li>\n<li><strong>Odporen na vremenske vplive:<\/strong>\u00a0Idealen za vsako podnebje, saj zagotavlja, da va\u0161a kartica ostane nedotaknjena in popolnoma funkcionalna ne glede na zunanje elemente.<\/li>\n<\/ul>\n<p>Ta vzdr\u017eljivost zagotavlja, da bo va\u0161a kartica skozi \u010das ohranila svoje estetske in funkcionalne lastnosti, zaradi \u010desar je pametna nalo\u017eba.<\/p>\n<p>&nbsp;<\/p>\n<h2 style=\"text-align: center;\"><em><strong><span style=\"color: #000080;\">Uporabniku prijazen komunikacijski vmesnik\u00a0<\/span><\/strong><\/em><\/h2>\n<p>Ena najbolj opaznih lastnosti\u00a0<strong>Nerjave\u010da brezkontaktna vizitka NFC s kodo QR<\/strong>\u00a0je uporabniku prijazen komunikacijski vmesnik. Sposobnost uporabe obojega\u00a0<strong>NFC in RFID<\/strong>\u00a0tehnologij zagotavlja hiter in enostaven dostop do va\u0161ih podatkov z razli\u010dnimi napravami. Takole deluje:<\/p>\n<ul>\n<li><strong>Tehnologija NFC:<\/strong>\u00a0Uporabniki se morajo s pametnim telefonom preprosto dotakniti kartice, da pridobijo kontaktne podatke. Ta preprostost spodbuja hitro interakcijo v omre\u017enih nastavitvah.<\/li>\n<li><strong>Integracija kode QR:<\/strong>\u00a0Kartica ima vgrajeno kodo QR, ki zagotavlja dodatno sredstvo za izmenjavo informacij za tiste, ki morda nimajo naprav, ki podpirajo NFC.<\/li>\n<\/ul>\n<p>Ta dvojni komunikacijski vmesnik zagotavlja, da se lahko brez te\u017eav pove\u017eete s potencialnimi strankami ali partnerji.<\/p>\n<p>&nbsp;<\/p>\n<h2 style=\"text-align: center;\"><span style=\"color: #000080;\"><em><strong>Specifikacije, ki so pomembne<\/strong><\/em><\/span><\/h2>\n<p>|\u00a0<strong>Material<\/strong>\u00a0| Nerjave\u010de jeklo |<br \/>\n|\u00a0<strong>Pogostost<\/strong>\u00a0|13,56 MHz |<br \/>\n|\u00a0<strong>Velikost<\/strong>\u00a0|85,5 mm x 54 mm \/ po meri |<br \/>\n|\u00a0<strong>Debelina<\/strong>\u00a0|0,8 mm \/ po meri |<br \/>\n|\u00a0<strong>Mo\u017enosti \u010dipov<\/strong> | Po meri \/ NTAG213 \/215 \/216 |<br \/>\n|\u00a0<strong>Barvne mo\u017enosti<\/strong>\u00a0| \u010crna, bela, ro\u017enato zlata, zlata, modra |<br \/>\n|\u00a0<strong>Posebne lastnosti<\/strong>\u00a0| Vodoodporen\/odporen na vremenske vplive, luksuzen|<\/p>\n<p>&nbsp;<\/p>\n<h2 style=\"text-align: center;\"><span style=\"color: #000080;\"><em><strong>Pogosta vpra\u0161anja<\/strong><\/em><\/span><\/h2>\n<p><strong><span style=\"color: #008080;\">V: Ali lahko prilagodim dizajn kartice?<\/span><\/strong><\/p>\n<p>A: Vsekakor! Izberete lahko barve, povr\u0161inske zaklju\u010dke in celo gravure za logotipe, zaradi \u010desar bo va\u0161a kartica resni\u010dno edinstvena.<\/p>\n<p>&nbsp;<\/p>\n<p><strong><span style=\"color: #008080;\">V: Ali je funkcija NFC zdru\u017eljiva z vsemi pametnimi telefoni?<\/span><\/strong><\/p>\n<p>O: Da, kartica NFC je zasnovana tako, da deluje z ve\u010dino pametnih telefonov, ki podpirajo tehnologijo NFC.<\/p>","protected":false},"excerpt":{"rendered":"<p>Naredite revolucijo v omre\u017eju z na\u0161o nerjave\u010do brezkontaktno vizitko NFC in kodo QR \u2013 delite informacije brez truda z elegantnim dizajnom, ki ga je mogo\u010de prilagoditi!<\/p>","protected":false},"featured_media":3448,"template":"","meta":[],"product_brand":[],"product_cat":[46],"product_tag":[],"class_list":{"0":"post-3450","1":"product","2":"type-product","3":"status-publish","4":"has-post-thumbnail","6":"product_cat-nfc-cards","8":"first","9":"instock","10":"shipping-taxable","11":"product-type-simple"},"_links":{"self":[{"href":"https:\/\/nfc-readers.com\/sl\/wp-json\/wp\/v2\/product\/3450","targetHints":{"allow":["GET"]}}],"collection":[{"href":"https:\/\/nfc-readers.com\/sl\/wp-json\/wp\/v2\/product"}],"about":[{"href":"https:\/\/nfc-readers.com\/sl\/wp-json\/wp\/v2\/types\/product"}],"wp:featuredmedia":[{"embeddable":true,"href":"https:\/\/nfc-readers.com\/sl\/wp-json\/wp\/v2\/media\/3448"}],"wp:attachment":[{"href":"https:\/\/nfc-readers.com\/sl\/wp-json\/wp\/v2\/media?parent=3450"}],"wp:term":[{"taxonomy":"product_brand","embeddable":true,"href":"https:\/\/nfc-readers.com\/sl\/wp-json\/wp\/v2\/product_brand?post=3450"},{"taxonomy":"product_cat","embeddable":true,"href":"https:\/\/nfc-readers.com\/sl\/wp-json\/wp\/v2\/product_cat?post=3450"},{"taxonomy":"product_tag","embeddable":true,"href":"https:\/\/nfc-readers.com\/sl\/wp-json\/wp\/v2\/product_tag?post=3450"}],"curies":[{"name":"wp","href":"https:\/\/api.w.org\/{rel}","templated":true}]}}