{"id":3451,"date":"2024-11-03T08:34:25","date_gmt":"2024-11-03T08:34:25","guid":{"rendered":"https:\/\/nfc-readers.com\/?post_type=product&#038;p=3451"},"modified":"2024-11-04T08:44:09","modified_gmt":"2024-11-04T08:44:09","slug":"google-review-ntag213-215-216-nfc-card","status":"publish","type":"product","link":"https:\/\/nfc-readers.com\/sl\/ic-reader\/google-review-ntag213-215-216-nfc-card\/","title":{"rendered":"NTAG213 215 216 NFC kartica za Google Review"},"content":{"rendered":"<h1><span style=\"color: #000080;\"><strong>NTAG213 215 216 NFC kartica za Google Review <\/strong><\/span><\/h1>\n<p><span style=\"color: #666699;\">Prihodnost pametnih omre\u017eij V vse bolj digitalnem svetu je ostati povezan pomembnej\u0161i kot kdaj koli prej. The <strong>NTAG213 215 216 NFC kartica za Google Review<\/strong> slu\u017ei kot inovativna omre\u017ena re\u0161itev, zasnovana za preoblikovanje na\u010dina, kako strokovnjaki delijo kontaktne podatke. Ta pametna kartica zdru\u017euje eleganten dizajn z najsodobnej\u0161o tehnologijo, ki uporabnikom omogo\u010da preprosto deljenje svojih informacij prek brezsti\u010dnega NFC (Near Field Communication) in funkcije kode QR. Ne glede na to, ali potrebujete vizitko, ki vas spodbudi k oceni s petimi zvezdicami, ali vsestransko orodje za nadzor dostopa, ta kartica NFC poskrbi za vse.<\/span><\/p>\n<hr \/>\n<h2 style=\"text-align: center;\"><em><strong><span style=\"color: #000080;\">Prednosti izdelka<\/span><\/strong><\/em><\/h2>\n<h2>Vlaganje v\u00a0<strong>NTAG213215216 Kartica NFC<\/strong>\u00a0ponuja \u0161tevilne prednosti:<\/h2>\n<ul>\n<li><strong>Brez\u0161ivno mre\u017eenje<\/strong>: S preprostim dotikom lahko delite svoje kontaktne podatke, profile v dru\u017eabnih omre\u017ejih in drugo, s \u010dimer postane mre\u017eenje u\u010dinkovito.<\/li>\n<li><strong>Mo\u017enosti prilagajanja<\/strong>: Prilagodite svojo kartico z velikostmi po meri, tiskom in celo svojim edinstvenim logotipom \u2013 tako boste naredili nepozaben vtis.<\/li>\n<li><strong>Vzdr\u017eljivost in zanesljivost<\/strong>: Zasnovan tako, da vzdr\u017ei elemente,\u00a0<strong>nepremo\u010dljiva<\/strong>\u00a0in\u00a0<strong>odporen na vremenske vplive<\/strong>\u00a0funkcije \u0161\u010ditijo va\u0161e podatke in zagotavljajo, da ostanejo nedotaknjeni skozi \u010das.<\/li>\n<li><strong>Napredna tehnologija<\/strong>: Te kartice z uporabo \u010dipov NTAG NXP zagotavljajo zanesljiv komunikacijski vmesnik, idealen za razli\u010dne aplikacije, od pametne interakcije s potro\u0161niki do varnih sistemov za nadzor dostopa.<\/li>\n<\/ul>\n<p>The\u00a0<strong>Google pregled NTAG213215216 Kartica NFC<\/strong> ni samo vizitka; je ve\u010dplastno orodje, ki izbolj\u0161a va\u0161o profesionalno podobo in hkrati poenostavi interakcije.<\/p>\n<p>&nbsp;<\/p>\n<h2 style=\"text-align: center;\"><span style=\"color: #000080;\"><em><strong>Tehni\u010dne specifikacije<\/strong><\/em><\/span><\/h2>\n<p>Tukaj so podrobne tehni\u010dne specifikacije, ki opredeljujejo NFC kartico NTAG213 215 216 za Google Review:<\/p>\n<div class=\"table-with-header rounded-lg border border-solid border-grey-line2-normal w-fit max-w-full mb-2\">\n<div class=\"h-8 items-center flex justify-between px-2 text-xs border-0 border-b border-solid border-grey-line2-normal\">\n<div class=\"h-[26px] w-[26px] text-text-primary-3 cursor-pointer hover:text-text-primary-2 flex-center\"><\/div>\n<\/div>\n<div class=\"overflow-x-auto custom-scrollbar custom-scrollbar-float max-w-full\">\n<table class=\"w-fit !mb-0 !max-w-none\">\n<thead>\n<tr>\n<th><strong>Specifikacija<\/strong><\/th>\n<th><strong>Vrednost<\/strong><\/th>\n<\/tr>\n<\/thead>\n<tbody>\n<tr>\n<td><strong>Material<\/strong><\/td>\n<td>Epoksi, PVC, papir ali PET<\/td>\n<\/tr>\n<tr>\n<td><strong>Pogostost<\/strong><\/td>\n<td>13,56 MHz<\/td>\n<\/tr>\n<tr>\n<td><strong>Velikost<\/strong><\/td>\n<td>Na voljo velikosti po meri<\/td>\n<\/tr>\n<tr>\n<td><strong>Debelina<\/strong><\/td>\n<td>Na voljo velikosti po meri<\/td>\n<\/tr>\n<tr>\n<td><strong>Spomin<\/strong><\/td>\n<td>144.504 ali 888 bajtov<\/td>\n<\/tr>\n<tr>\n<td><strong>Mo\u017enosti \u010dipov<\/strong><\/td>\n<td>NTAG213, NTAG215, NTAG216<\/td>\n<\/tr>\n<tr>\n<td><strong>Tehnologija tiskanja<\/strong><\/td>\n<td>CMYK ofsetni tisk<\/td>\n<\/tr>\n<tr>\n<td><strong>Vrsta<\/strong><\/td>\n<td>NFC Forum Type2<\/td>\n<\/tr>\n<tr>\n<td><strong>Posebne lastnosti<\/strong><\/td>\n<td>Vodoodporen, odporen na vremenske vplive<\/td>\n<\/tr>\n<\/tbody>\n<\/table>\n<\/div>\n<\/div>\n<p>Te specifikacije ponazarjajo tehni\u010dno strokovnost kartice NTAG213 215 216 NFC za Google Review, ki zagotavlja uporabnost in funkcionalnost.<\/p>\n<p>&nbsp;<\/p>\n<h2 style=\"text-align: center;\"><em><span style=\"color: #000080;\"><strong>Oris funkcij in atributov<\/strong><\/span><\/em><\/h2>\n<h2 style=\"text-align: center;\"><strong>Klju\u010dne lastnosti kartice NFC<\/strong><\/h2>\n<p>Kartica NTAG213 215 216 NFC za Google Review se pona\u0161a z ve\u010d klju\u010dnimi lastnostmi, po katerih se razlikuje od obi\u010dajnih kartic. Delovna frekvenca\u00a0<strong>13,56 MHz<\/strong>\u00a0zagotavlja hitro komunikacijo in napravam omogo\u010da takoj\u0161njo povezavo za bolj gladko uporabni\u0161ko izku\u0161njo. Razpolo\u017eljive mo\u017enosti \u010dipov vklju\u010dujejo NTAG213, NTAG215 ali NTAG216, ki ustrezajo razli\u010dnim zahtevam glede pomnilnika.<\/p>\n<p>&nbsp;<\/p>\n<h2 style=\"text-align: center;\"><span style=\"color: #000080;\"><em><strong>Aplikacije, specifi\u010dne za industrijo<\/strong><\/em><\/span><\/h2>\n<p>Ta kartica NFC ni zasnovana samo za poslovno mre\u017eenje. Njegova prilagodljivost omogo\u010da uporabo v razli\u010dnih panogah, kot so:<\/p>\n<ul>\n<li><strong>Nadzor dostopa<\/strong>: Brezhibno se integrirajte z varnostnimi sistemi va\u0161e pisarne in zaposlenim zagotovite varen vstop brez fizi\u010dnih klju\u010dev.<\/li>\n<li><strong>Javni prevoz<\/strong>: Uporabite kartice za prodajo vozovnic, kar omogo\u010da takoj\u0161nje transakcije in skraj\u0161a \u010dakalne dobe.<\/li>\n<li><strong>Vodenje dogodkov<\/strong>: Uporabite za vnos udele\u017eencev na konferencah; tapnite za dostop in zamenjavo tradicionalnih papirnatih vstopnic.<\/li>\n<\/ul>\n<p>The <strong>NTAG213215216 Kartica NFC<\/strong>\u00a0se lahko uporablja v razli\u010dnih aplikacijah, kar dokazuje svojo vsestranskost kot pametna kontaktna re\u0161itev.<\/p>\n<p>&nbsp;<\/p>\n<h3 style=\"text-align: center;\"><span style=\"color: #000080;\"><em><strong>Posebne lastnosti kartice NFC<\/strong><\/em><\/span><\/h3>\n<p>The\u00a0<strong>nepremo\u010dljiva<\/strong>\u00a0in\u00a0<strong>odporen na vremenske vplive<\/strong>\u00a0zna\u010dilnosti\u00a0<strong>NTAG213215216 Kartica NFC<\/strong>\u00a0zagotavlja vzdr\u017eljivost, zaradi \u010desar je idealen za razli\u010dne pogoje. Pozabite na skrbi, ko ste nenamerno izpostavljeni razlitju ali ekstremnemu vremenu; integriteta va\u0161e kartice ostane nedotaknjena.<\/p>\n<p>Poleg tega je vzdr\u017eljivost pisanja kartice do\u00a0<strong>100.000-krat<\/strong>\u00a0omogo\u010da ve\u010dkratno uporabo brez ogro\u017eanja u\u010dinkovitosti. Njegova zmo\u017enost ohranjanja informacij v dalj\u0161ih obdobjih uporabe zagotavlja, da va\u0161e omre\u017eno orodje deluje ve\u010d let.<\/p>\n<p>&nbsp;<\/p>\n<h2 style=\"text-align: center;\"><span style=\"color: #000080;\"><em><strong>Komunikacijski vmesnik<\/strong><\/em><\/span><\/h2>\n<h3><strong>Brezhibna povezljivost<\/strong><\/h3>\n<p>Opremljen z naprednim komunikacijskim vmesnikom, ki uporablja\u00a0<strong>NFC<\/strong>, kartica NTAG213 215 216 NFC za Google Review zagotavlja skoraj takoj\u0161nje povezave z zdru\u017eljivimi napravami. Uporabniki se lahko s pametnim telefonom dotaknejo kartice in takoj pridobijo kontaktne podatke. Vklju\u010dena koda QR ponuja alternativo za tiste, ki nimajo zmogljivosti NFC, kar zagotavlja, da lahko vsak brez te\u017eav dostopa do va\u0161ih podatkov.<\/p>","protected":false},"excerpt":{"rendered":"<p>Kartica NTAG213 215 216 NFC za Google Review omogo\u010da brezhibno mre\u017eenje s prilagodljivim dizajnom, vodoodporno vzdr\u017eljivostjo in napredno tehnologijo NFC za hitre povezave.<\/p>","protected":false},"featured_media":3471,"template":"","meta":[],"product_brand":[],"product_cat":[46],"product_tag":[],"class_list":{"0":"post-3451","1":"product","2":"type-product","3":"status-publish","4":"has-post-thumbnail","6":"product_cat-nfc-cards","8":"first","9":"instock","10":"shipping-taxable","11":"product-type-simple"},"_links":{"self":[{"href":"https:\/\/nfc-readers.com\/sl\/wp-json\/wp\/v2\/product\/3451","targetHints":{"allow":["GET"]}}],"collection":[{"href":"https:\/\/nfc-readers.com\/sl\/wp-json\/wp\/v2\/product"}],"about":[{"href":"https:\/\/nfc-readers.com\/sl\/wp-json\/wp\/v2\/types\/product"}],"wp:featuredmedia":[{"embeddable":true,"href":"https:\/\/nfc-readers.com\/sl\/wp-json\/wp\/v2\/media\/3471"}],"wp:attachment":[{"href":"https:\/\/nfc-readers.com\/sl\/wp-json\/wp\/v2\/media?parent=3451"}],"wp:term":[{"taxonomy":"product_brand","embeddable":true,"href":"https:\/\/nfc-readers.com\/sl\/wp-json\/wp\/v2\/product_brand?post=3451"},{"taxonomy":"product_cat","embeddable":true,"href":"https:\/\/nfc-readers.com\/sl\/wp-json\/wp\/v2\/product_cat?post=3451"},{"taxonomy":"product_tag","embeddable":true,"href":"https:\/\/nfc-readers.com\/sl\/wp-json\/wp\/v2\/product_tag?post=3451"}],"curies":[{"name":"wp","href":"https:\/\/api.w.org\/{rel}","templated":true}]}}