{"id":3460,"date":"2024-11-04T06:26:42","date_gmt":"2024-11-04T06:26:42","guid":{"rendered":"https:\/\/nfc-readers.com\/?post_type=product&#038;p=3460"},"modified":"2024-11-04T08:39:37","modified_gmt":"2024-11-04T08:39:37","slug":"custom-logo-printing-yelptripadvisor-review-nfc-card","status":"publish","type":"product","link":"https:\/\/nfc-readers.com\/sl\/ic-reader\/custom-logo-printing-yelptripadvisor-review-nfc-card\/","title":{"rendered":"Tiskanje logotipa po meri NFC kartica za pregled Yelp\\Tripadvisor"},"content":{"rendered":"<h1><span style=\"color: #000080;\"><strong>Tiskanje logotipa po meri NFC kartica za pregled Yelp\\Tripadvisor<\/strong><\/span><\/h1>\n<p>&nbsp;<\/p>\n<p><span style=\"color: #666699;\">Prednosti tiskanja logotipa po meri Yelp\/Tripadvisor Pregled NFC kartic Integracija\u00a0<strong>NFC tehnologija<\/strong>\u00a0v strategije vklju\u010devanja strank lahko dramati\u010dno pove\u010da udobje in u\u010dinkovito zbira dragocene povratne informacije. Te kartice lahko katalizirajo pogovore, spodbudijo interakcijo s strankami in posledi\u010dno izbolj\u0161ajo va\u0161o uvrstitev na Yelp ali TripAdvisor. S funkcijami, kot sta vodoodpornost in odpornost na vremenske vplive, so te kartice zasnovane za razli\u010dna okolja, zaradi \u010desar so vreden dodatek k va\u0161emu marketin\u0161kemu arzenalu.<\/span><\/p>\n<hr \/>\n<h2><\/h2>\n<h2 style=\"text-align: center;\"><em><strong><span style=\"color: #000080;\">Oris izdelka<\/span><\/strong><\/em><\/h2>\n<h3><span style=\"color: #333399;\"><strong>1. Kaj so kartice NFC z logotipom po meri?<\/strong><\/span><\/h3>\n<p>Kartica NFC za tiskanje logotipa po meri za Yelp\\Tripadvisor Review je pametna kartica, ki uporablja\u00a0<strong>NFC (komunikacija bli\u017enjega polja)<\/strong>\u00a0tehnologija za omogo\u010danje brezkontaktne interakcije. S preprostim dotikom kartice z zdru\u017eljivim pametnim telefonom lahko stranke dostopajo do povezave, ki vodi neposredno na va\u0161o stran za pregled. To odpravlja potrebo po ro\u010dnih vnosih, poenostavi postopek povratnih informacij in izbolj\u0161a splo\u0161no stopnjo odziva.<\/p>\n<p>&nbsp;<\/p>\n<h3><span style=\"color: #333399;\"><strong>2. Klju\u010dne lastnosti kartic NFC<\/strong><\/span><\/h3>\n<p><strong>Klju\u010dni atributi<\/strong>\u00a0na\u0161ih NFC kartic vklju\u010dujejo:<\/p>\n<ul>\n<li><strong>Pogostost delovanja<\/strong>:13,56 MHz omogo\u010da stabilno komunikacijo.<\/li>\n<li><strong>Razdalja branja<\/strong>: Kartice je mogo\u010de brati od 2 do 10 cm, kar zagotavlja enostavno uporabo.<\/li>\n<li><strong>Materialna sestava<\/strong>: Izdelan iz trpe\u017enega PVC-ja, ki zagotavlja dolgo \u017eivljenjsko dobo.<\/li>\n<li><strong>Tiskanje po meri<\/strong>: Na voljo s tiskom CMYK4C, ki omogo\u010da \u017eivahno blagovno znamko.<\/li>\n<\/ul>\n<p>&nbsp;<\/p>\n<h3><span style=\"color: #333399;\"><strong>3. Prednosti uporabe kartic NFC za ocene strank<\/strong><\/span><\/h3>\n<p>Kartice NFC niso u\u010dinkovite samo pri usmerjanju prometa na va\u0161e strani z ocenami, ampak tudi pove\u010dujejo zadovoljstvo strank. \u010ce strankam olaj\u0161ate po\u0161iljanje povratnih informacij, hitro pridobite vpogled v njihove izku\u0161nje, kar vodi do izbolj\u0161av in poka\u017ee va\u0161o predanost storitvam za stranke.<\/p>\n<p>&nbsp;<\/p>\n<h2><span style=\"color: #333399;\"><strong>4. Tehni\u010dne specifikacije kartic NFC<\/strong><\/span><\/h2>\n<p>Spodaj so <strong>tehni\u010dne specifikacije<\/strong> na\u0161e kartice NFC za tiskanje logotipa po meri za pregled Yelp\\Tripadvisor:<\/p>\n<div class=\"table-with-header rounded-lg border border-solid border-grey-line2-normal w-fit max-w-full mb-2\">\n<div class=\"overflow-x-auto custom-scrollbar custom-scrollbar-float max-w-full\">\n<table class=\"w-fit !mb-0 !max-w-none\">\n<thead>\n<tr>\n<th>Atribut<\/th>\n<th>Specifikacija<\/th>\n<\/tr>\n<\/thead>\n<tbody>\n<tr>\n<td>Kraj izvora<\/td>\n<td>Guangdong, Kitajska<\/td>\n<\/tr>\n<tr>\n<td>Vrsta \u010dipa<\/td>\n<td>NFC213\/215\/216 (NTAG\u00ae)<\/td>\n<\/tr>\n<tr>\n<td>Velikost pomnilnika<\/td>\n<td>144\/504\/888 bajtov<\/td>\n<\/tr>\n<tr>\n<td>Velikost<\/td>\n<td>85,5*54 mm\/po meri<\/td>\n<\/tr>\n<tr>\n<td>Komunikacijski vmesnik<\/td>\n<td>RFID, NFC<\/td>\n<\/tr>\n<tr>\n<td>Tiskanje<\/td>\n<td>CMYK ofsetni tisk<\/td>\n<\/tr>\n<tr>\n<td>Najmanj\u0161a koli\u010dina naro\u010dila (MOQ)<\/td>\n<td>500<\/td>\n<\/tr>\n<tr>\n<td>Posebne lastnosti<\/td>\n<td>Vodoodporen\/odporen na vremenske vplive, MINI TAG<\/td>\n<\/tr>\n<\/tbody>\n<\/table>\n<\/div>\n<\/div>\n<h3><strong><span style=\"color: #333399;\">5. Edinstvene prodajne to\u010dke: <\/span><\/strong><\/h3>\n<h3><strong>Vodotesen in odporen na vremenske vplive<\/strong><\/h3>\n<p>Eden od glavnih pomislekov pri fizi\u010dnih promocijskih materialih je trajnost. Na\u0161e NFC kartice so prilo\u017eene <strong>vodotesen in odporen na vremenske vplive<\/strong>\u00a0lastnosti, ki jim zagotavljajo pre\u017eivetje v razli\u010dnih pogojih, bodisi v zaprtih prostorih ali na prostem. Zaradi te posebne lastnosti so primerni za vsako marketin\u0161ko kampanjo, pa naj bo to v restavraciji, maloprodajni trgovini ali dogodkih na prostem.<\/p>\n<p>&nbsp;<\/p>\n<h2 style=\"text-align: center;\"><em><span style=\"color: #000080;\"><strong>Kako uporabljati kartice NFC z logotipom po meri<\/strong><\/span><\/em><\/h2>\n<p>Uporaba kartic NFC je enostavna:<\/p>\n<ol>\n<li>Razdelite kartice strankam in se prepri\u010dajte, da razumejo njen namen.<\/li>\n<li>Stranke se z mobilno napravo dotaknejo kartice.<\/li>\n<li>Naprava ima povezavo do va\u0161e strani s povratnimi informacijami na platformah, kot sta Yelp ali TripAdvisor.<\/li>\n<li>Spodbujajte jih, naj pustijo mnenje, ki ga bodo lahko videle druge stranke.<\/li>\n<\/ol>\n<p>&nbsp;<\/p>\n<h2 style=\"text-align: center;\"><em><span style=\"color: #000080;\"><strong>Oblikovanje kartice NFC s popolnim logotipom po meri<\/strong><\/span><\/em><\/h2>\n<p>Dizajn va\u0161ega <strong>pregledna kartica<\/strong>\u00a0je klju\u010dnega pomena za pritegovanje pozornosti. Vklju\u010dite barve, logotip va\u0161e blagovne znamke in jasen poziv k dejanju. Visokokakovosten tisk CMYK zagotavlja, da va\u0161 dizajn ne pritegne le o\u010di, ampak tudi odra\u017ea etos va\u0161e blagovne znamke, zaradi \u010desar bodo va\u0161e stranke navdu\u0161ene nad interakcijo z va\u0161imi karticami.<\/p>\n<p>&nbsp;<\/p>\n<h2 style=\"text-align: center;\"><em><span style=\"color: #000080;\"><strong>Vpliv kartic NFC na okolje<\/strong><\/span><\/em><\/h2>\n<p>V hitro spreminjajo\u010dem se svetu je trajnost klju\u010dnega pomena. Na\u0161e kartice NFC so izdelane iz okolju prijaznih PVC materialov, kar zmanj\u0161uje okoljski odtis, povezan s tradicionalnimi metodami zbiranja pregledov. Prehod na digitalne re\u0161itve, kot je npr <strong>NFC tehnologija<\/strong>\u00a0prispeva k bolj trajnostnemu poslovnemu modelu.<\/p>\n<p>&nbsp;<\/p>\n<h2 style=\"text-align: center;\"><em><span style=\"color: #000080;\"><strong>Mnenja strank<\/strong><\/span><\/em><\/h2>\n<p>Resni\u010dne povratne informacije uporabnikov, strank, ki so \u017ee integrirale <strong>NFC kartice<\/strong>\u00a0v svoja podjetja poro\u010dajo o znatnem pove\u010danju stopnje anga\u017eiranosti in kakovosti povratnih informacij. Tukaj je nekaj pri\u010devanj:<\/p>\n<ul>\n<li><span style=\"color: #008080;\"><strong>\u00bbNFC kartice so zelo olaj\u0161ale zbiranje ocen. Na\u0161im strankam je v\u0161e\u010d, kako hitro in preprosto je!\u00ab<\/strong><\/span> \u2013 Emily R.<\/li>\n<li><span style=\"color: #666699;\"><strong>\u00bbKo smo za\u010deli uporabljati kartice NFC, smo opazili pove\u010danje povratnih informacij o a40%. Za na\u0161 ugled na spletu je bilo fantasti\u010dno.\u201d<\/strong><\/span> \u2013 Mike T.<\/li>\n<\/ul>","protected":false},"excerpt":{"rendered":"<p>Kartice NFC z logotipom po meri pove\u010dujejo anga\u017eiranost strank, saj omogo\u010dajo preprosto, brezsti\u010dno oddajo pregledov, pove\u010dujejo spletni ugled z vodoodporno vzdr\u017eljivostjo.<\/p>","protected":false},"featured_media":3462,"template":"","meta":[],"product_brand":[],"product_cat":[46],"product_tag":[],"class_list":{"0":"post-3460","1":"product","2":"type-product","3":"status-publish","4":"has-post-thumbnail","6":"product_cat-nfc-cards","8":"first","9":"instock","10":"shipping-taxable","11":"product-type-simple"},"_links":{"self":[{"href":"https:\/\/nfc-readers.com\/sl\/wp-json\/wp\/v2\/product\/3460","targetHints":{"allow":["GET"]}}],"collection":[{"href":"https:\/\/nfc-readers.com\/sl\/wp-json\/wp\/v2\/product"}],"about":[{"href":"https:\/\/nfc-readers.com\/sl\/wp-json\/wp\/v2\/types\/product"}],"wp:featuredmedia":[{"embeddable":true,"href":"https:\/\/nfc-readers.com\/sl\/wp-json\/wp\/v2\/media\/3462"}],"wp:attachment":[{"href":"https:\/\/nfc-readers.com\/sl\/wp-json\/wp\/v2\/media?parent=3460"}],"wp:term":[{"taxonomy":"product_brand","embeddable":true,"href":"https:\/\/nfc-readers.com\/sl\/wp-json\/wp\/v2\/product_brand?post=3460"},{"taxonomy":"product_cat","embeddable":true,"href":"https:\/\/nfc-readers.com\/sl\/wp-json\/wp\/v2\/product_cat?post=3460"},{"taxonomy":"product_tag","embeddable":true,"href":"https:\/\/nfc-readers.com\/sl\/wp-json\/wp\/v2\/product_tag?post=3460"}],"curies":[{"name":"wp","href":"https:\/\/api.w.org\/{rel}","templated":true}]}}