{"id":3498,"date":"2024-11-04T07:04:41","date_gmt":"2024-11-04T07:04:41","guid":{"rendered":"https:\/\/nfc-readers.com\/?post_type=product&#038;p=3498"},"modified":"2024-11-04T08:28:09","modified_gmt":"2024-11-04T08:28:09","slug":"tap-url-writing-social-business-facebook-review-nfc-cards","status":"publish","type":"product","link":"https:\/\/nfc-readers.com\/sl\/ic-reader\/tap-url-writing-social-business-facebook-review-nfc-cards\/","title":{"rendered":"Tapnite URL Pisanje Social Business Facebook Pregled NFC kartice"},"content":{"rendered":"<h1><span style=\"color: #000080;\"><strong>Tapnite URL Pisanje Social Business Facebook Pregled NFC kartice<\/strong><\/span><\/h1>\n<p><span style=\"color: #333399;\">V dana\u0161njem hitrem digitalnem svetu si podjetja prizadevajo za brezhibno povezljivost in interakcijo s svojimi strankami. Kartice NFC so se pojavile kot revolucionarno orodje, ki premosti vrzel med fizi\u010dnim in digitalnim podro\u010djem. S svojimi izjemnimi lastnostmi, vklju\u010dno s pisanjem URL-jev z dotikom, slu\u017eijo kot mo\u010dan medij za integracijo dru\u017ebenih podjetij in krepitev anga\u017eiranosti strank prek poti, kot je Facebook Reviews. Ta \u010dlanek podrobno obravnava \u010dar in prednosti na\u0161ih kartic NFC ter kako lahko spremenijo va\u0161e poslovne operacije.<\/span><\/p>\n<h2><\/h2>\n<h2 style=\"text-align: center;\"><em><strong><span style=\"color: #000080;\">Zakaj investirati v kartice NFC?<\/span><\/strong><\/em><\/h2>\n<p style=\"text-align: left;\">Kartice NFC poenostavljajo zapletenost sodelovanja s strankami in promocije blagovne znamke. Z zmo\u017enostmi, kot je pisanje URL-jev in povezovanje do mnenj dru\u017ebenih medijev, kot je Facebook, te kartice izbolj\u0161ujejo izku\u0161nje strank, hkrati pa ustvarjajo nove poti za tr\u017eenje. Njihova vodoodporna konstrukcija in obse\u017ene mo\u017enosti pomnilnika zagotavljajo, da ne le izpolnjujejo standarde kakovosti, ampak lahko tudi pre\u017eivijo razli\u010dna okolja, zaradi \u010desar so odli\u010dna nalo\u017eba za podjetja.<\/p>\n<p>&nbsp;<\/p>\n<p>&nbsp;<\/p>\n<h2 style=\"text-align: center;\"><em><span style=\"color: #000080;\"><strong>Obse\u017een pregled kartic NFC<\/strong><\/span><\/em><\/h2>\n<h3><span style=\"color: #333399;\"><strong> Klju\u010dne lastnosti kartic NFC<\/strong><\/span><\/h3>\n<p>Kartice NFC so zasnovane z ve\u010d klju\u010dnimi lastnostmi, ki zadovoljujejo sodobne poslovne potrebe:<br \/>\n<strong>Vodoodporen\/odporen na vremenske vplive:<\/strong><\/p>\n<p>Na\u0161e kartice NFC, izdelane za dolgotrajnost, lahko prenesejo razli\u010dne okoljske pogoje. Ta vzdr\u017eljivost pomeni, da jih lahko uporabljate pri tr\u017eenju na prostem, pri dogodkih ali kjer koli, kjer tradicionalne kartice verjetno ne bi delovale.<\/p>\n<p><strong>Komunikacijski vmesnik:<\/strong><\/p>\n<p>Uporaba tehnologije NFC (Near Field Communication) omogo\u010da priro\u010dno brezsti\u010dno komunikacijo. Ta funkcija ne le poenostavi transakcije, ampak tudi olaj\u0161a izmenjavo poslovnih informacij.<\/p>\n<p><strong>Lastnosti, specifi\u010dne za panogo:<\/strong><\/p>\n<p>Kartice NFC so \u0161e posebej koristne za posebne industrije, ki zahtevajo re\u0161itve za identifikacijo in nadzor.<\/p>\n<p>Podjetja, od maloprodaje do gostinstva, lahko izkoristijo funkcije teh kartic.<\/p>\n<p><strong>Velikosti in modeli po meri:<\/strong><\/p>\n<p>Na\u0161e kartice NFC je mogo\u010de prilagoditi razli\u010dnim velikostim (85,5 * 54 mm standardne ali prilagojene mere) in oblikam, da se popolnoma ujemajo z blagovno znamko va\u0161ega podjetja.<\/p>\n<p><strong>Napredna tehnologija \u010dipov:<\/strong><\/p>\n<p>Z uporabo \u010dipov, kot so NTAG213, 215 in 216 (registrirane blagovne znamke NXP BV), na\u0161e kartice zagotavljajo visoko zmogljivost in hitre zmogljivosti izmenjave podatkov.<\/p>\n<h3><span style=\"color: #333399;\"><strong>Posebne lastnosti na\u0161ih kartic NFC<\/strong><\/span><\/h3>\n<h3><strong>Ve\u010dnamenska funkcionalnost<\/strong><\/h3>\n<p><span style=\"color: #008080;\">Ne glede na to, ali se uporabljajo za identifikacijo, nadzor dostopa, programe zvestobe ali preprosto kot marketin\u0161ko orodje, so kartice NFC vsestranske:<\/span><\/p>\n<p><strong>Tapnite funkcijo pisanja URL-jev: <\/strong><\/p>\n<p>\u010ce uporabnikom omogo\u010dite, da se s telefonom dotaknejo kartice NFC, jih samodejno preusmeri na dolo\u010dene URL-je, kot so poslovna spletna mesta ali profili dru\u017ebenih medijev. Ta funkcija je klju\u010dnega pomena za u\u010dinkovito promocijo izdelkov ali storitev.<\/p>\n<p><strong>Ocene socialnih podjetij:<\/strong><\/p>\n<p>Z namensko povezavo za pregled na Facebooku lahko potencialne stranke preberejo pri\u010devanja in izku\u0161nje, ki takoj vzpostavijo zaupanje.<\/p>\n<h2><\/h2>\n<h2 style=\"text-align: center;\"><em><span style=\"color: #000080;\"><strong>Okolju prijazen<\/strong><\/span><\/em><\/h2>\n<p>Na\u0161e kartice NFC, izdelane iz okolju prijaznih materialov, kot je PVC, niso samo robustne, temve\u010d dajejo prednost tudi trajnosti:<\/p>\n<p><strong>Materiali, ki jih je mogo\u010de reciklirati:<\/strong> Na\u0161a zaveza okoljski odgovornosti pomeni, da jo je po izteku \u017eivljenjske dobe kartice mogo\u010de reciklirati, kar zmanj\u0161a va\u0161 oglji\u010dni odtis.<\/p>\n<h2 style=\"text-align: center;\"><span style=\"color: #000080;\"><em><strong>Tehni\u010dne specifikacije, ki bi jih morali poznati<\/strong><\/em><\/span><\/h2>\n<p><strong><span style=\"color: #008080;\">| Specifikacija | Podrobnosti |<\/span><\/strong><br \/>\n<strong><span style=\"color: #008080;\">|&#8212;&#8212;&#8212;&#8212;&#8212;&#8212;&#8212;&#8212;|&#8212;&#8212;&#8212;&#8212;&#8212;&#8212;&#8212;&#8212;&#8212;&#8212;&#8212;&#8212;&#8212;&#8212;&#8212;-|<\/span><\/strong><br \/>\n<strong><span style=\"color: #008080;\">| Frekvenca |13,56 MHz |<\/span><\/strong><br \/>\n<strong><span style=\"color: #008080;\">| Mo\u017enosti pomnilnika |144\/504\/888 bajtov |<\/span><\/strong><br \/>\n<strong><span style=\"color: #008080;\">| Material | PVC\/epoksi\/papir\/PET |<\/span><\/strong><br \/>\n<strong><span style=\"color: #008080;\">| Velikost | Prilagodljivo, standardno 85,5 * 54 mm |<\/span><\/strong><br \/>\n<strong><span style=\"color: #008080;\">| Mikro\u010dip | NTAG213\/215\/216 |<\/span><\/strong><br \/>\n<strong><span style=\"color: #008080;\">| Razdalja branja |2-10 cm |<\/span><\/strong><br \/>\n<strong><span style=\"color: #008080;\">| Rokodelstvo | QR koda, brizgalni tisk, lasersko graviranje|<\/span><\/strong><br \/>\n<strong><span style=\"color: #008080;\">| Najmanj\u0161a koli\u010dina naro\u010dila (MOQ) |500 enot |<\/span><\/strong><\/p>\n<p>&nbsp;<\/p>\n<h2 style=\"text-align: center;\"><em><strong><span style=\"color: #000080;\">Navodila za uporabo<\/span><\/strong><\/em><\/h2>\n<p>Uporaba kartic NFC je preprosta kot tapkanje. Napravo, ki podpira NFC, preprosto pridr\u017eite blizu kartice, da spro\u017eite dejanje, ki je na njej dolo\u010deno. Tukaj je kratek uporabni\u0161ki priro\u010dnik:<br \/>\nPrepri\u010dajte se, da je na va\u0161em pametnem telefonu omogo\u010dena funkcija NFC.<br \/>\nNapravo pribli\u017eajte kartici NFC.<br \/>\nPo\u010dakajte, da se na zaslonu prika\u017ee obvestilo ali poziv, ki vas pripelje do \u017eelenega URL-ja ali strani dru\u017ebenega medija.<\/p>\n<h2 style=\"text-align: center;\"><em><span style=\"color: #000080;\"><strong>Povratne informacije in vpogledi strank<\/strong><\/span><\/em><\/h2>\n<p><strong>Aplikacije iz resni\u010dnega sveta<\/strong><\/p>\n<p>Stranke so na\u0161e NFC kartice uporabljale na razli\u010dne na\u010dine:<br \/>\nProgrami zvestobe: Podjetja integrirajo kartice NFC v svoje programe zvestobe, kar strankam omogo\u010da dostop do nagrad s preprostim dotikom.<\/p>\n<p><strong>Udele\u017eba na dogodku: <\/strong><\/p>\n<p>Med sejmi in dogodki podjetja uporabljajo te kartice, da obiskovalcem zagotovijo takoj\u0161en dostop do informacij in tako pove\u010dajo sodelovanje.<\/p>","protected":false},"excerpt":{"rendered":"<p>Odkrijte, kako kartice NFC premostijo digitalni in fizi\u010dni svet, pove\u010dujejo anga\u017eiranost strank in poenostavljajo dostop do dru\u017ebenih pregledov in informacij.<\/p>","protected":false},"featured_media":3494,"template":"","meta":[],"product_brand":[],"product_cat":[46],"product_tag":[],"class_list":{"0":"post-3498","1":"product","2":"type-product","3":"status-publish","4":"has-post-thumbnail","6":"product_cat-nfc-cards","8":"first","9":"instock","10":"shipping-taxable","11":"product-type-simple"},"_links":{"self":[{"href":"https:\/\/nfc-readers.com\/sl\/wp-json\/wp\/v2\/product\/3498","targetHints":{"allow":["GET"]}}],"collection":[{"href":"https:\/\/nfc-readers.com\/sl\/wp-json\/wp\/v2\/product"}],"about":[{"href":"https:\/\/nfc-readers.com\/sl\/wp-json\/wp\/v2\/types\/product"}],"wp:featuredmedia":[{"embeddable":true,"href":"https:\/\/nfc-readers.com\/sl\/wp-json\/wp\/v2\/media\/3494"}],"wp:attachment":[{"href":"https:\/\/nfc-readers.com\/sl\/wp-json\/wp\/v2\/media?parent=3498"}],"wp:term":[{"taxonomy":"product_brand","embeddable":true,"href":"https:\/\/nfc-readers.com\/sl\/wp-json\/wp\/v2\/product_brand?post=3498"},{"taxonomy":"product_cat","embeddable":true,"href":"https:\/\/nfc-readers.com\/sl\/wp-json\/wp\/v2\/product_cat?post=3498"},{"taxonomy":"product_tag","embeddable":true,"href":"https:\/\/nfc-readers.com\/sl\/wp-json\/wp\/v2\/product_tag?post=3498"}],"curies":[{"name":"wp","href":"https:\/\/api.w.org\/{rel}","templated":true}]}}