{"id":3505,"date":"2024-11-04T15:45:07","date_gmt":"2024-11-04T15:45:07","guid":{"rendered":"https:\/\/nfc-readers.com\/?post_type=product&#038;p=3505"},"modified":"2024-11-04T15:45:07","modified_gmt":"2024-11-04T15:45:07","slug":"high-quality-ntag-213-ntag-215-pvc-nfc-business-card","status":"publish","type":"product","link":"https:\/\/nfc-readers.com\/sl\/ic-reader\/high-quality-ntag-213-ntag-215-pvc-nfc-business-card\/","title":{"rendered":"Visokokakovostna NTAG 213 NTAG 215 PVC NFC vizitka"},"content":{"rendered":"<h1><span style=\"color: #000080;\"><strong>Visokokakovostna NTAG 213 NTAG 215 PVC NFC vizitka<\/strong><\/span><\/h1>\n<p><span style=\"color: #666699;\">V digitalni dobi sta u\u010dinkovita komunikacija in povezljivost najpomembnej\u0161i za podjetja, ki \u017eelijo narediti trajen vtis. The <strong>Visokokakovostna NTAG213 NTAG215 PVC NFC vizitka<\/strong>\u00a0slu\u017ei kot mo\u010dno orodje, ki zdru\u017euje napredno tehnologijo s prakti\u010dnostjo. Te vizitke NFC, ki ponujajo brezhiben dostop do informacij, ne le poenostavijo prizadevanja za mre\u017eenje, ampak tudi dvignejo va\u0161o profesionalno podobo. Ta \u010dlanek se poglobi v neprimerljive prednosti teh vizitk, pri \u010demer izpostavlja njihove posebne lastnosti, atribute, specifi\u010dne za panogo, in \u0161e veliko ve\u010d.<\/span><\/p>\n<p>&nbsp;<\/p>\n<h2 style=\"text-align: center;\"><em><span style=\"color: #000080;\"><strong>Zakaj investirati v NTAG213 NTAG215 PVC NFC vizitke?<\/strong><\/span><\/em><\/h2>\n<p>Vlaganje v\u00a0<strong>NTAG213 NTAG215 PVC NFC vizitke<\/strong>\u00a0lahko spremeni va\u0161 na\u010din interakcije s potencialnimi strankami in partnerji. Za razliko od tradicionalnih vizitk vam te kartice, ki podpirajo NFC, omogo\u010dajo, da svoje kontaktne podatke, povezave do dru\u017ebenih medijev in promocijsko vsebino delite brez napora s preprostim dotikom. Ta brezsti\u010dna tehnologija spodbuja bolj interaktivno povezavo z va\u0161im ob\u010dinstvom, kar vam zagotavlja, da izstopate v konkuren\u010dnem okolju.<\/p>\n<p>Vzdr\u017eljivost teh kartic prispeva k njihovi vrednosti. Izdelano iz visokokakovostnega\u00a0<strong>\u010drni PVC<\/strong>, sta kartici NTAG213 in NTAG215\u00a0<strong>nepremo\u010dljiva<\/strong>\u00a0in\u00a0<strong>odporen na vremenske vplive<\/strong>, odporen na razli\u010dne okoljske pogoje. Ta odpornost zagotavlja, da va\u0161e kartice skozi \u010das ostanejo funkcionalne in vizualno privla\u010dne, kar odra\u017ea strokovnost in zavezanost kakovosti v vsaki interakciji.<\/p>\n<p>&nbsp;<\/p>\n<hr \/>\n<h2 style=\"text-align: center;\"><span style=\"color: #000080;\"><em><strong>Tehni\u010dne specifikacije<\/strong><\/em><\/span><\/h2>\n<p><span style=\"color: #008080;\"><strong>Razumevanje tehni\u010dnih podrobnosti kartic NTAG je klju\u010dnega pomena za informirano odlo\u010danje. Tukaj je podroben pregled:<\/strong><\/span><\/p>\n<div class=\"table-with-header rounded-lg border border-solid border-grey-line2-normal w-fit max-w-full mb-2\">\n<div class=\"overflow-x-auto custom-scrollbar custom-scrollbar-float max-w-full\">\n<table class=\"w-fit !mb-0 !max-w-none\" style=\"height: 288px;\" width=\"404\">\n<thead>\n<tr>\n<th>Specifikacija<\/th>\n<th>Podrobnosti<\/th>\n<\/tr>\n<\/thead>\n<tbody>\n<tr>\n<td><strong>\u010dip<\/strong><\/td>\n<td>NTAG213 \/ NTAG215<\/td>\n<\/tr>\n<tr>\n<td><strong>Material<\/strong><\/td>\n<td>\u010crn PVC<\/td>\n<\/tr>\n<tr>\n<td><strong>Debelina<\/strong><\/td>\n<td>0,84 mm<\/td>\n<\/tr>\n<tr>\n<td><strong>Pogostost<\/strong><\/td>\n<td>13,56 MHz<\/td>\n<\/tr>\n<tr>\n<td><strong>Protokol<\/strong><\/td>\n<td>ISO14443 tip A<\/td>\n<\/tr>\n<tr>\n<td><strong>Povr\u0161inska obdelava<\/strong><\/td>\n<td>Sijajni mat \/ motno<\/td>\n<\/tr>\n<\/tbody>\n<\/table>\n<p>&nbsp;<\/p>\n<\/div>\n<\/div>\n<h2 style=\"text-align: center;\"><span style=\"color: #000080;\"><em><strong>Oris izdelka<\/strong><\/em><\/span><\/h2>\n<h4><span style=\"color: #008080;\"><strong>Klju\u010dne lastnosti kartic NTAG213 in NTAG215<\/strong><\/span><\/h4>\n<p>Pri izbiri\u00a0<strong>NFC vizitka<\/strong>, je bistveno razumeti njegove glavne lastnosti. The\u00a0<strong>NTAG213<\/strong>\u00a0in\u00a0<strong>NTAG215<\/strong>\u00a0modeli vklju\u010dujejo napredne\u00a0<strong>RFID<\/strong>\u00a0tehnologijo, ki omogo\u010da brezsti\u010dno komunikacijo. Delovanje s frekvenco\u00a0<strong>13,56 MHz<\/strong>, te kartice podpirajo razdaljo branja\u00a0<strong>2-10 cm<\/strong>, zaradi \u010desar so uporabniku prijazni in u\u010dinkoviti.<\/p>\n<h2 style=\"text-align: center;\"><\/h2>\n<h2 style=\"text-align: center;\"><strong><em><span style=\"color: #000080;\">Prednosti<\/span><\/em><\/strong><\/h2>\n<ul>\n<li><strong>Vzdr\u017eljivost<\/strong>: Izdelano kakovostno\u00a0<strong>\u010drni PVC<\/strong>, so te kartice robustne in zasnovane tako, da trajajo. Zaradi odpornosti na vremenske vplive so primerne za vsakodnevno no\u0161enje.<\/li>\n<li><strong>Vsestranskost<\/strong>: Te kartice so kot nala\u0161\u010d za razli\u010dne aplikacije in se lahko uporabljajo za sisteme za nadzor dostopa, programe zvestobe in prodajo vstopnic za dogodke.<\/li>\n<\/ul>\n<hr \/>\n<h2><\/h2>\n<h2 style=\"text-align: center;\"><em><span style=\"color: #000080;\"><strong>Posebne lastnosti vizitk NFC<\/strong><\/span><\/em><\/h2>\n<p>The\u00a0<strong>Visokokakovostna NTAG213 NTAG215 PVC NFC vizitka<\/strong> je opremljen z edinstvenimi funkcijami, prilagojenimi potrebam sodobnih strokovnjakov.<\/p>\n<p>&nbsp;<\/p>\n<h2 style=\"text-align: center;\"><em><span style=\"color: #000080;\"><strong>Komunikacijski vmesnik<\/strong><\/span><\/em><\/h2>\n<p>Napredni\u00a0<strong>komunikacijski vmesnik<\/strong>\u00a0zagotavlja\u00a0<strong>RFID<\/strong>\u00a0tehnologija zagotavlja gladek in u\u010dinkovit prenos podatkov, ki omogo\u010da takoj\u0161nje povezave. \u010cipi NTAG, uporabljeni v teh karticah, so zasnovani za hitrost in zanesljivost.<\/p>\n<ul>\n<li><strong>NTAG213<\/strong>: Idealno za standardne potrebe po shranjevanju podatkov, saj zagotavlja velikost pomnilnika pribli\u017eno 144 bajtov.<\/li>\n<li><strong>NTAG215<\/strong>: ponuja pove\u010dano kapaciteto pomnilnika, idealno za uporabnike, ki \u017eelijo shraniti dodatne informacije ali povezave.<\/li>\n<\/ul>\n<hr \/>\n<h2><\/h2>\n<h2 style=\"text-align: center;\"><em><span style=\"color: #000080;\"><strong>Aplikacije, specifi\u010dne za industrijo<\/strong><\/span><\/em><\/h2>\n<p>Vizitke NTAG213 in NTAG215 NFC so \u0161e posebej koristne v razli\u010dnih sektorjih.<\/p>\n<p>&nbsp;<\/p>\n<h2 style=\"text-align: center;\"><em><span style=\"color: #000080;\"><strong>Poslovno mre\u017eenje<\/strong><\/span><\/em><\/h2>\n<p>V podjetni\u0161kem sektorju je u\u010dinkovito mre\u017eenje bistvenega pomena. Z izmenjavo vizitk NFC lahko strokovnjaki hitro delijo svoje profile. Namesto prepisovanja informacij lahko prejemniki preprosto tapnejo svoje pametne telefone in takoj pridobijo bistvene podrobnosti.<\/p>\n<p>&nbsp;<\/p>\n<h2 style=\"text-align: center;\"><span style=\"color: #000080;\"><em><strong>Tr\u017eenje in blagovna znamka<\/strong><\/em><\/span><\/h2>\n<p><strong><span style=\"color: #666699;\">Podjetja lahko te kartice uporabijo kot marketin\u0161ko orodje, vdelajo povezave do svojih spletnih mest ali posebne promocije. Kot taki ne slu\u017eijo le kot sredstvo identifikacije, ampak tudi promovirajo blagovno znamko in dvigujejo zavedanje skozi vsako interakcijo.<\/span><\/strong><\/p>\n<ul>\n<li><strong>Programi zvestobe<\/strong>: Pove\u010dajte sodelovanje strank z integracijo popustov za zvestobo v kartice NFC, ki jih lahko potro\u0161niki dotaknejo na blagajni.<\/li>\n<li><strong>Vodenje dogodkov<\/strong>: Poenostavite dostop do dogodkov in konferenc z uporabo teh kartic za preprosto prijavo prijavljenih.<\/li>\n<\/ul>","protected":false},"excerpt":{"rendered":"<p>Odkrijte visokokakovostne vizitke NTAG213\/215 PVC NFC za brezhibno mre\u017eenje. Vodoodporni in vsestranski brez te\u017eav izbolj\u0161ajo va\u0161o profesionalno podobo.<\/p>","protected":false},"featured_media":3509,"template":"","meta":[],"product_brand":[],"product_cat":[46],"product_tag":[],"class_list":{"0":"post-3505","1":"product","2":"type-product","3":"status-publish","4":"has-post-thumbnail","6":"product_cat-nfc-cards","8":"first","9":"instock","10":"shipping-taxable","11":"product-type-simple"},"_links":{"self":[{"href":"https:\/\/nfc-readers.com\/sl\/wp-json\/wp\/v2\/product\/3505","targetHints":{"allow":["GET"]}}],"collection":[{"href":"https:\/\/nfc-readers.com\/sl\/wp-json\/wp\/v2\/product"}],"about":[{"href":"https:\/\/nfc-readers.com\/sl\/wp-json\/wp\/v2\/types\/product"}],"wp:featuredmedia":[{"embeddable":true,"href":"https:\/\/nfc-readers.com\/sl\/wp-json\/wp\/v2\/media\/3509"}],"wp:attachment":[{"href":"https:\/\/nfc-readers.com\/sl\/wp-json\/wp\/v2\/media?parent=3505"}],"wp:term":[{"taxonomy":"product_brand","embeddable":true,"href":"https:\/\/nfc-readers.com\/sl\/wp-json\/wp\/v2\/product_brand?post=3505"},{"taxonomy":"product_cat","embeddable":true,"href":"https:\/\/nfc-readers.com\/sl\/wp-json\/wp\/v2\/product_cat?post=3505"},{"taxonomy":"product_tag","embeddable":true,"href":"https:\/\/nfc-readers.com\/sl\/wp-json\/wp\/v2\/product_tag?post=3505"}],"curies":[{"name":"wp","href":"https:\/\/api.w.org\/{rel}","templated":true}]}}