{"id":3515,"date":"2024-11-06T08:47:18","date_gmt":"2024-11-06T08:47:18","guid":{"rendered":"https:\/\/nfc-readers.com\/?post_type=product&#038;p=3515"},"modified":"2024-11-06T14:47:51","modified_gmt":"2024-11-06T14:47:51","slug":"custom-etched-copper-antenna-hf-nfc-inlay","status":"publish","type":"product","link":"https:\/\/nfc-readers.com\/sl\/ic-reader\/custom-etched-copper-antenna-hf-nfc-inlay\/","title":{"rendered":"NTAG Series Etched Copper Antena HF NFC Inlay"},"content":{"rendered":"<h1 style=\"text-align: center;\">NTAG Series Etched Copper Antena HF NFC Inlay<\/h1>\n<p>&nbsp;<\/p>\n<p>The <strong>NTAG Series Etched Copper Antena HF NFC Inlay\u00a0<\/strong>ponuja inovativno re\u0161itev v svetu tehnologije NFC (Near Field Communication). S svojo najsodobnej\u0161o zasnovo in visoko zmogljivostjo ta izdelek izstopa na trgu, ki vedno bolj ceni u\u010dinkovitost, vsestranskost in trajnost. Ne glede na to, ali \u017eelite izbolj\u0161ati svoje poslovne zmogljivosti ali svoji liniji izdelkov dodati edinstveno funkcijo, te oznake NFC prina\u0161ajo neprimerljive prednosti, zaradi katerih je vredno razmisliti o njih.<\/p>\n<p>&nbsp;<\/p>\n<h3>Zakaj bi morali izbrati vlo\u017eek iz jedkane bakrene antene HF NFC po meri<\/h3>\n<p>Vklju\u010devanje\u00a0<strong>NFC tehnologija<\/strong>\u00a0v va\u0161e aplikacije omogo\u010da brezhibno izmenjavo podatkov in izbolj\u0161a uporabni\u0161ko izku\u0161njo. The\u00a0<strong>Po meri jedkana bakrena antena HF NFC vlo\u017eek<\/strong>\u00a0zagotavlja zanesljiv komunikacijski vmesnik pri frekvenci\u00a0<strong>13,56 MHz<\/strong>, zaradi \u010desar je zdru\u017eljiv z razli\u010dnimi napravami, ki podpirajo NFC. Ta oznaka NFC ni samo funkcionalna; izdelan je iz visokokakovostnih materialov, kot je\u00a0<strong>PET<\/strong>, ki zagotavlja vzdr\u017eljivost in odpornost.<\/p>\n<p>Ne glede na to, ali se uporablja v tr\u017eenju, pametnem pakiranju ali za interaktivne aplikacije, so prednosti o\u010ditne:<\/p>\n<ul>\n<li><strong>Izbolj\u0161ana komunikacija<\/strong>: Omogo\u010da takoj\u0161en prenos podatkov med napravami, kar poenostavi delovanje v razli\u010dnih panogah.<\/li>\n<li><strong>Vsestranskost<\/strong>: Velikosti in dizajni po meri zagotavljajo, da se vlo\u017eki NFC prilegajo razli\u010dnim aplikacijam, od marketin\u0161kih materialov do embala\u017ee izdelkov.<\/li>\n<li><strong>Vzdr\u017eljivost<\/strong>: Lastnosti, odporne na vodo in vremenske vplive, izbolj\u0161ujejo zmogljivost, zaradi \u010desar so primerni za notranjo in zunanjo uporabo.<\/li>\n<li><strong>Visoka zmogljivost pomnilnika<\/strong>: Z\u00a0<strong>416 bajtov<\/strong>\u00a0zapisljivega pomnilnika, omogo\u010da u\u010dinkovito shranjevanje in iskanje podatkov.<\/li>\n<\/ul>\n<p>&nbsp;<\/p>\n<h3>Klju\u010dne zna\u010dilnosti vlo\u017eka HF NFC iz jedkane bakrene antene po meri<\/h3>\n<p>The\u00a0<strong>Po meri jedkana bakrena antena HF NFC vlo\u017eek<\/strong>\u00a0je zasnovan z vrsto funkcij, primernih za razli\u010dne aplikacije.<\/p>\n<h3>Napredna komunikacija<\/h3>\n<p>Ta oznaka NFC uporablja a\u00a0<strong>komunikacijski vmesnik<\/strong>\u00a0ki brezhibno deluje z\u00a0<strong>Naprave, ki podpirajo NFC<\/strong>. Uporabniki se lahko preprosto dotaknejo svojega\u00a0<strong>NFC bralnik<\/strong>\u00a0oz\u00a0<strong>pametni telefon<\/strong>\u00a0proti vlo\u017eku, da dose\u017eete takoj\u0161nje povezave in prenos podatkov.<\/p>\n<h3>Prilagodljive mo\u017enosti velikosti<\/h3>\n<p>Na\u0161i NFC vlo\u017eki so na voljo v standardni velikosti\u00a0<strong>Premer 30 mm<\/strong>, z mo\u017enostmi za\u00a0<strong>velikost po meri<\/strong>\u00a0da ustreza va\u0161im edinstvenim zahtevam. Poskrbeli smo za vas, ne glede na to, ali potrebujete manj\u0161o oznako za dolo\u010den izdelek ali ve\u010djo za tr\u017ene zaslone.<\/p>\n<h3>Vodotesen in odporen na vremenske vplive<\/h3>\n<p>Niso vse oznake NFC enake; na\u0161i se hvalijo\u00a0<strong>vodoodporne in vremensko odporne zmogljivosti<\/strong>. To pomeni, da jih lahko uporabljate na prostem, ne da bi skrbeli za njihovo vzdr\u017eljivost ali u\u010dinkovitost, zaradi \u010desar so idealni za dogodke, marketin\u0161ke kampanje in izdelke, izpostavljene vremenskim vplivom.<\/p>\n<p>&nbsp;<\/p>\n<h2>Tehni\u010dne specifikacije vlo\u017eka NFC<\/h2>\n<table class=\"w-fit !mb-0 !max-w-none\" style=\"height: 311px;\" width=\"449\">\n<thead>\n<tr>\n<th><strong>Specifikacija<\/strong><\/th>\n<th><strong>Podrobnosti<\/strong><\/th>\n<\/tr>\n<\/thead>\n<tbody>\n<tr>\n<td><strong>Vrsta<\/strong><\/td>\n<td>NFC forum tipa 4<\/td>\n<\/tr>\n<tr>\n<td><strong>Material<\/strong><\/td>\n<td>PET<\/td>\n<\/tr>\n<tr>\n<td><strong>Velikost<\/strong><\/td>\n<td>Premer 30 mm\/velikost po meri<\/td>\n<\/tr>\n<tr>\n<td><strong>Zmogljivost pomnilnika<\/strong><\/td>\n<td>416 bajtov<\/td>\n<\/tr>\n<tr>\n<td><strong>\u010dip<\/strong><\/td>\n<td>Serija NTAG<\/td>\n<\/tr>\n<tr>\n<td><strong>Pogostost<\/strong><\/td>\n<td>13,56 MHz<\/td>\n<\/tr>\n<tr>\n<td><strong>Napi\u0161i Vzdr\u017eljivost<\/strong><\/td>\n<td>100.000-krat<\/td>\n<\/tr>\n<tr>\n<td><strong>Tiskanje<\/strong><\/td>\n<td>CMYK ofsetni tisk<\/td>\n<\/tr>\n<tr>\n<td><strong>Pakiranje<\/strong><\/td>\n<td>200 kosov\/notranja bela \u0161katla, 25 \u0161katel\/karton<\/td>\n<\/tr>\n<tr>\n<td><strong>Pristani\u0161\u010de<\/strong><\/td>\n<td>Shenzhen<\/td>\n<\/tr>\n<tr>\n<td><strong>Ena bruto te\u017ea<\/strong><\/td>\n<td>0,010 kg<\/td>\n<\/tr>\n<\/tbody>\n<\/table>\n<p>&nbsp;<\/p>\n<p>&nbsp;<\/p>\n<h3>Pogosto zastavljena vpra\u0161anja (FAQ)<\/h3>\n<h2>1. Kaj je HF NFC vlo\u017eek iz jedkane bakrene antene po meri?<\/h2>\n<p>The\u00a0<strong>Po meri jedkana bakrena antena HF NFC vlo\u017eek<\/strong>\u00a0je visokofrekven\u010dna oznaka NFC, zasnovana za u\u010dinkovito izmenjavo podatkov in brezhibno komunikacijo z napravami, ki podpirajo NFC. Uporablja napredno tehnologijo za vzdr\u017eljivost in vsestranskost v razli\u010dnih aplikacijah, vklju\u010dno s tr\u017eenjem, pametnim pakiranjem in interakcijami izdelkov.<\/p>\n<h2>2. Kako deluje tehnologija NFC?<\/h2>\n<p>Tehnologija NFC (Near Field Communication) omogo\u010da brez\u017ei\u010dni prenos podatkov med napravami na kratke razdalje. Ko se naprava, ki podpira NFC, kot je pametni telefon ali bralnik, pribli\u017ea oznaki NFC, se podatki izmenjajo prek radiofrekven\u010dne komunikacije, kar uporabnikom omogo\u010da dostop do informacij ali hiter zagon aplikacij.<\/p>\n<h2>3. Kak\u0161na sta zmogljivost pomnilnika in vzdr\u017eljivost pri zapisovanju vlo\u017eka NFC?<\/h2>\n<p>The\u00a0<strong>Po meri jedkana bakrena antena HF NFC vlo\u017eek<\/strong>\u00a0ima kapaciteto pomnilnika\u00a0<strong>416 bajtov<\/strong>\u00a0in podpira do\u00a0<strong>100.000 pisalnih ciklov<\/strong>. To omogo\u010da obse\u017eno shranjevanje podatkov in mo\u017enost posodabljanja informacij po potrebi.<\/p>\n<h2>4. Ali je bakrena antena po meri HF NFC vlo\u017eek vodoodporen in odporen na vremenske vplive?<\/h2>\n<p>Da, ena od izstopajo\u010dih lastnosti na\u0161ega vlo\u017eka NFC je njegova\u00a0<strong>vodoodporne in vremensko odporne zmogljivosti<\/strong>. To zagotavlja, da lahko oznaka prenese izpostavljenost vremenskim vplivom, zaradi \u010desar je primerna za notranjo in zunanjo uporabo.<\/p>","protected":false},"excerpt":{"rendered":"<p>Vlo\u017eek HF NFC iz jedkane bakrene antene po meri je vsestranska in trpe\u017ena re\u0161itev NFC, zasnovana za nemoten prenos podatkov in inovativne aplikacije. Zaradi njegove vodoodporne zasnove in mo\u017enosti, ki jih je mogo\u010de prilagoditi, je idealen za razli\u010dne industrije, saj izbolj\u0161uje sodelovanje uporabnikov in operativno u\u010dinkovitost.<\/p>","protected":false},"featured_media":3516,"template":"","meta":[],"product_brand":[],"product_cat":[48],"product_tag":[],"class_list":{"0":"post-3515","1":"product","2":"type-product","3":"status-publish","4":"has-post-thumbnail","6":"product_cat-nfc-stickers","8":"first","9":"instock","10":"shipping-taxable","11":"product-type-simple"},"_links":{"self":[{"href":"https:\/\/nfc-readers.com\/sl\/wp-json\/wp\/v2\/product\/3515","targetHints":{"allow":["GET"]}}],"collection":[{"href":"https:\/\/nfc-readers.com\/sl\/wp-json\/wp\/v2\/product"}],"about":[{"href":"https:\/\/nfc-readers.com\/sl\/wp-json\/wp\/v2\/types\/product"}],"wp:featuredmedia":[{"embeddable":true,"href":"https:\/\/nfc-readers.com\/sl\/wp-json\/wp\/v2\/media\/3516"}],"wp:attachment":[{"href":"https:\/\/nfc-readers.com\/sl\/wp-json\/wp\/v2\/media?parent=3515"}],"wp:term":[{"taxonomy":"product_brand","embeddable":true,"href":"https:\/\/nfc-readers.com\/sl\/wp-json\/wp\/v2\/product_brand?post=3515"},{"taxonomy":"product_cat","embeddable":true,"href":"https:\/\/nfc-readers.com\/sl\/wp-json\/wp\/v2\/product_cat?post=3515"},{"taxonomy":"product_tag","embeddable":true,"href":"https:\/\/nfc-readers.com\/sl\/wp-json\/wp\/v2\/product_tag?post=3515"}],"curies":[{"name":"wp","href":"https:\/\/api.w.org\/{rel}","templated":true}]}}