{"id":3530,"date":"2024-11-06T09:00:03","date_gmt":"2024-11-06T09:00:03","guid":{"rendered":"https:\/\/nfc-readers.com\/?post_type=product&#038;p=3530"},"modified":"2024-11-06T09:00:03","modified_gmt":"2024-11-06T09:00:03","slug":"iso14443a-high-security-anti-fake-ntag-424-nfc-sticker","status":"publish","type":"product","link":"https:\/\/nfc-readers.com\/sl\/ic-reader\/iso14443a-high-security-anti-fake-ntag-424-nfc-sticker\/","title":{"rendered":"Nalepka NFC NTAG 424 z visoko varnostjo proti ponarejanju ISO14443A"},"content":{"rendered":"<h1 style=\"text-align: center;\"><strong>Nalepka NFC NTAG 424 z visoko varnostjo proti ponarejanju ISO14443A<\/strong><\/h1>\n<p>&nbsp;<\/p>\n<p>The <strong>NTAG 424 DNA NFC oznaka<\/strong>\u00a0je vrhunska re\u0161itev, zasnovana za izbolj\u0161ane aplikacije proti ponarejanju. Ta nalepka NFC, ki izkori\u0161\u010da protokol ISO 14443A in ima napredne varnostne funkcije, je klju\u010dnega pomena za blagovne znamke, ki \u017eelijo za\u0161\u010dititi svojo intelektualno lastnino in pove\u010dati zaupanje strank. Nalepka NTAG 424 DNA NFC s svojimi visoko zmogljivimi zmogljivostmi, dizajnom, ki je enostaven za uporabo, in vsestranskimi aplikacijami ni samo izdelek \u2013 je varen prehod v pametnej\u0161o prihodnost.<\/p>\n<p>&nbsp;<\/p>\n<h3>Uvod v NTAG 424 DNA NFC nalepko<\/h3>\n<p>The\u00a0<strong>NTAG 424 DNA NFC oznaka<\/strong>\u00a0predstavlja ospredje tehnologije NFC, ki se osredoto\u010da na maksimiranje varnosti za razli\u010dne aplikacije, zlasti na podro\u010dju avtentikacije izdelkov. Ta nalepka NFC zdru\u017euje napredne funkcije \u010dipa NTAG424 DNA, ki omogo\u010da varno komunikacijo in nudi odli\u010dno za\u0161\u010dito pred ponarejanjem. Z dimenzijami\u00a0<strong>25 mm<\/strong>\u00a0premer in\u00a0<strong>45 mm x 30 mm<\/strong>\u00a0za pravokotne mo\u017enosti je ta izdelek prilagojen blagovnim znamkam, ki cenijo u\u010dinkovitost brez ogro\u017eanja estetike.<\/p>\n<p>&nbsp;<\/p>\n<h3>Klju\u010dne zna\u010dilnosti oznake NFC NTAG 424<\/h3>\n<p>Oznaka NTAG 424 DNA NFC se pona\u0161a z ve\u010d posebnimi funkcijami, namenjenimi izbolj\u0161anju funkcionalnosti in varnosti:<\/p>\n<ul>\n<li><strong>Skladnost s protokolom<\/strong>: Oznaka deluje na\u00a0<strong>ISO 14443A<\/strong>\u00a0protokol, ki zagotavlja zdru\u017eljivost s \u0161iroko paleto naprav, ki podpirajo NFC.<\/li>\n<li><strong>Visoka komunikacijska frekvenca<\/strong>: S frekvenco\u00a0<strong>13,56 MHz<\/strong>, te nalepke zagotavljajo optimalne komunikacijske zmogljivosti za zanesljivo izmenjavo podatkov.<\/li>\n<li><strong>Prilagodljive mo\u017enosti<\/strong>: Uporabniki lahko izbirajo med razli\u010dnimi velikostmi in mo\u017enostmi tiskanja, vklju\u010dno z\u00a0<strong>CMYK barvni tisk<\/strong>,\u00a0<strong>ofsetni tisk<\/strong>, in\u00a0<strong>sitotisk<\/strong>, kar omogo\u010da edinstvene prilo\u017enosti za blagovno znamko.<\/li>\n<\/ul>\n<p>NTAG 424 DNA podpira tudi \u0161ifrirano komunikacijo, zaradi \u010desar je idealen za ob\u010dutljive aplikacije, kot so pla\u010dilni sistemi in varna avtentikacija.<\/p>\n<p>&nbsp;<\/p>\n<h3>Prednosti nalepk NFC za za\u0161\u010dito blagovne znamke<\/h3>\n<p>Vlaganje v\u00a0<strong>NFC tehnologija<\/strong>\u00a0kot je nalepka NTAG 424 DNA, nudi \u0161tevilne prednosti:<\/p>\n<ul>\n<li><strong>Izbolj\u0161ana varnost<\/strong>: Oznaka NFC s svojimi visokovarnostnimi funkcijami zagotavlja blagovnim znamkam mir, da so njihovi izdelki za\u0161\u010diteni pred ponarejevalci.<\/li>\n<li><strong>Pove\u010dano zaupanje potro\u0161nikov<\/strong>: Potro\u0161nikom omogo\u010da preprost na\u010din preverjanja pristnosti izdelka prek svojih\u00a0<strong>Pametni telefoni, ki podpirajo NFC<\/strong>\u00a0lahko pove\u010da zvestobo in zaupanje blagovni znamki.<\/li>\n<li><strong>Stro\u0161kovna u\u010dinkovitost<\/strong>: V primerjavi s tradicionalnimi varnostnimi ukrepi so oznake NFC pogosto cenovno ugodnej\u0161a re\u0161itev za za\u0161\u010dito izdelkov.<\/li>\n<\/ul>\n<p>&nbsp;<\/p>\n<h3>Tehni\u010dne specifikacije NTAG 424 DNA<\/h3>\n<table class=\"w-fit !mb-0 !max-w-none\">\n<thead>\n<tr>\n<th>Specifikacija<\/th>\n<th>Podrobnosti<\/th>\n<\/tr>\n<\/thead>\n<tbody>\n<tr>\n<td><strong>\u010dip<\/strong><\/td>\n<td>NTAG424 DNK<\/td>\n<\/tr>\n<tr>\n<td><strong>Pogostost<\/strong><\/td>\n<td>13,56 MHz<\/td>\n<\/tr>\n<tr>\n<td><strong>Komunikacijski vmesnik<\/strong><\/td>\n<td>NFC, RFID<\/td>\n<\/tr>\n<tr>\n<td><strong>Razdalja branja<\/strong><\/td>\n<td>1-10 cm<\/td>\n<\/tr>\n<tr>\n<td><strong>Material<\/strong><\/td>\n<td>Premazan papir, PET<\/td>\n<\/tr>\n<tr>\n<td><strong>Mo\u017enosti velikosti<\/strong><\/td>\n<td>Premer: 25 mm, pravokoten: 45 mm x 30 mm ali po meri<\/td>\n<\/tr>\n<tr>\n<td><strong>Velikost embala\u017ee<\/strong><\/td>\n<td>0,3 x 0,3 x 0,02 cm<\/td>\n<\/tr>\n<tr>\n<td><strong>Bruto te\u017ea<\/strong><\/td>\n<td>0,001 kg<\/td>\n<\/tr>\n<\/tbody>\n<\/table>\n<p>&nbsp;<\/p>\n<h3>Pogosto zastavljena vpra\u0161anja (FAQ)<\/h3>\n<h4>1.\u00a0<strong>Kaj je oznaka DNA NFC NTAG 424 in kako deluje?<\/strong><\/h4>\n<p>NTAG 424 DNA NFC Tag je visokovarna nalepka NFC, ki uporabnikom omogo\u010da preverjanje pristnosti izdelkov s pametnimi telefoni, ki podpirajo NFC. Deluje na protokolu ISO 14443A na frekvenci 13,56MHz, kar omogo\u010da varno komunikacijo in prenos podatkov med oznako in zdru\u017eljivimi napravami.<\/p>\n<h4>2.\u00a0<strong>Katere so klju\u010dne lastnosti NTAG 424 DNA?<\/strong><\/h4>\n<p>Glavne lastnosti vklju\u010dujejo:<\/p>\n<ul>\n<li>Dinami\u010dno preverjanje pristnosti za ve\u010djo varnost.<\/li>\n<li>Tehnologija proti posegom, ki prepre\u010duje nepoobla\u0161\u010den dostop.<\/li>\n<li>Prilagodljive velikosti in mo\u017enosti tiskanja za blagovno znamko.<\/li>\n<li>Razdalja branja 1-10 cm, primerna za razli\u010dne aplikacije.<\/li>\n<\/ul>\n<h4>3.\u00a0<strong>Kako lahko uporabim oznako NFC NTAG 424 DNA?<\/strong><\/h4>\n<p>Oznaka NFC se lahko uporablja za:<\/p>\n<ul>\n<li>Preverjanje pristnosti izdelkov za preverjanje legitimnosti predmetov.<\/li>\n<li>Prodaja vstopnic za dogodke z zagotavljanjem varne in lahko berljive metode dostopa.<\/li>\n<li>Pametna embala\u017ea za ve\u010djo vklju\u010denost strank prek informacij o izdelkih in promocijskih vsebin.<\/li>\n<\/ul>\n<h4>4.\u00a0<strong>Kateri materiali so uporabljeni v NTAG 424 DNA NFC oznaki?<\/strong><\/h4>\n<p>Oznaka NTAG 424 DNA NFC je v prvi vrsti izdelana iz premazanega papirja in PET-a ter nudi vzdr\u017eljivost in prilagodljivost za razli\u010dne aplikacije.<\/p>","protected":false},"excerpt":{"rendered":"<p>The\u00a0<strong>Nalepka NFC NTAG 424 z visoko varnostjo proti ponarejanju ISO14443A<\/strong>\u00a0je vrhunska re\u0161itev, zasnovana za varno preverjanje pristnosti izdelkov in ukrepe proti ponarejanju. Z naprednimi funkcijami \u0161ifriranja in dinami\u010dnega preverjanja pristnosti ta nalepka NFC omogo\u010da blagovnim znamkam, da brez te\u017eav za\u0161\u010ditijo svoje izdelke in pove\u010dajo zaupanje potro\u0161nikov.<\/p>","protected":false},"featured_media":3531,"template":"","meta":[],"product_brand":[],"product_cat":[48],"product_tag":[],"class_list":{"0":"post-3530","1":"product","2":"type-product","3":"status-publish","4":"has-post-thumbnail","6":"product_cat-nfc-stickers","8":"first","9":"instock","10":"shipping-taxable","11":"product-type-simple"},"_links":{"self":[{"href":"https:\/\/nfc-readers.com\/sl\/wp-json\/wp\/v2\/product\/3530","targetHints":{"allow":["GET"]}}],"collection":[{"href":"https:\/\/nfc-readers.com\/sl\/wp-json\/wp\/v2\/product"}],"about":[{"href":"https:\/\/nfc-readers.com\/sl\/wp-json\/wp\/v2\/types\/product"}],"wp:featuredmedia":[{"embeddable":true,"href":"https:\/\/nfc-readers.com\/sl\/wp-json\/wp\/v2\/media\/3531"}],"wp:attachment":[{"href":"https:\/\/nfc-readers.com\/sl\/wp-json\/wp\/v2\/media?parent=3530"}],"wp:term":[{"taxonomy":"product_brand","embeddable":true,"href":"https:\/\/nfc-readers.com\/sl\/wp-json\/wp\/v2\/product_brand?post=3530"},{"taxonomy":"product_cat","embeddable":true,"href":"https:\/\/nfc-readers.com\/sl\/wp-json\/wp\/v2\/product_cat?post=3530"},{"taxonomy":"product_tag","embeddable":true,"href":"https:\/\/nfc-readers.com\/sl\/wp-json\/wp\/v2\/product_tag?post=3530"}],"curies":[{"name":"wp","href":"https:\/\/api.w.org\/{rel}","templated":true}]}}