{"id":3537,"date":"2024-11-06T10:55:59","date_gmt":"2024-11-06T10:55:59","guid":{"rendered":"https:\/\/nfc-readers.com\/?post_type=product&#038;p=3537"},"modified":"2024-11-06T10:56:00","modified_gmt":"2024-11-06T10:56:00","slug":"customize-replicable-uid-iso14443a-rfid-card-for-attendance","status":"publish","type":"product","link":"https:\/\/nfc-readers.com\/sl\/ic-reader\/customize-replicable-uid-iso14443a-rfid-card-for-attendance\/","title":{"rendered":"prilagodite ponovljivo kartico uid iso14443A RFID za prisotnost"},"content":{"rendered":"<h1 style=\"text-align: center;\"><span style=\"color: #000080;\"><strong>prilagodite ponovljivo kartico uid iso14443A RFID za prisotnost<\/strong><\/span><\/h1>\n<p><span style=\"color: #666699;\"><strong>Prilagojena ponovljiva kartica UID ISO14443A RFID za prisotnost spreminja na\u010din, kako organizacije upravljajo prisotnost in nadzor dostopa. Te kartice, zasnovane za vsestranskost in zanesljivost, ponujajo brezhibno izku\u0161njo sledenja prisotnosti, izbolj\u0161anje varnosti in poenostavitev poteka dela v razli\u010dnih aplikacijah. Z robustnimi funkcijami in uporabniku prijazno zasnovo je ta kartica RFID obvezna oprema za podjetja, ki i\u0161\u010dejo u\u010dinkovitost in varnost.<\/strong><\/span><\/p>\n<p><span style=\"color: #666699;\"><strong>Prednosti izdelka in zakaj bi morali kupiti \u2013 Brezhibno sledenje prisotnosti: RFID kartica UID ISO14443A poenostavi postopek prisotnosti. Uporabniki lahko hitro pritisnejo svoje kartice na \u010ditalnik in takoj zabele\u017eijo svojo prisotnost brez te\u017eav z ro\u010dnim prijavljanjem.<\/strong><\/span><\/p>\n<ul>\n<li><strong>Prilagodljive mo\u017enosti<\/strong>: Prilagodite zasnovo in funkcionalnost teh kartic RFID za izpolnjevanje posebnih organizacijskih potreb. Ne glede na to, ali gre za poslovno okolje, \u0161olo ali dogodek, prilagajanje zagotavlja, da je vsaka kartica edinstveno prilagojena svojemu namenu.<\/li>\n<li><strong>Zanesljivost in vzdr\u017eljivost<\/strong>: Te kartice so izdelane iz visokokakovostnega PVC\/PET materiala in so zasnovane tako, da vzdr\u017eijo vsakodnevno uporabo. Njihove lastnosti, odporne na vodo in vremenske vplive, zagotavljajo dolgo \u017eivljenjsko dobo in zanesljivost, kar je bistveno za vsak sistem za nadzor dostopa.<\/li>\n<li><strong>Stro\u0161kovno u\u010dinkovita re\u0161itev<\/strong>: Nalo\u017eba v te kartice RFID zmanj\u0161a \u010das in vire, porabljene za sisteme ro\u010dne prisotnosti. Poleg tega nizki za\u010detni stro\u0161ki in visoka vzdr\u017eljivost pomenijo, da bodo zdr\u017eali dlje kot tradicionalni papirni sistemi.<\/li>\n<\/ul>\n<p>&nbsp;<\/p>\n<p>&nbsp;<\/p>\n<h2 style=\"text-align: center;\"><span style=\"color: #000080;\"><em><strong>Pregled izdelkov MIFARE<\/strong><\/em><\/span><\/h2>\n<p><strong>Tehnologija MIFARE, ki jo je razvil NXP Semiconductors, je vodilna re\u0161itev za brezkontaktne pametne kartice in aplikacije RFID. <\/strong><\/p>\n<p><span style=\"color: #008080;\"><strong>MIFARE Classic1K, predstavljen v na\u0161ih prilagojenih karticah UID, je \u0161e posebej znan po svoji zanesljivosti pri nadzoru dostopa in varnih identifikacijskih sistemih. Ta pametna kartica brezhibno deluje z razli\u010dnimi \u010ditalniki, zaradi \u010desar je industrijski standard.<\/strong><\/span><\/p>\n<p>&nbsp;<\/p>\n<p>&nbsp;<\/p>\n<h2 style=\"text-align: center;\"><em><span style=\"color: #000080;\"><strong>Klju\u010dne zna\u010dilnosti kartice RFID Customize UID<\/strong><\/span><\/em><\/h2>\n<h4>The\u00a0<strong>prilagodite ponovljivo kartico UID ISO14443A RFID za prisotnost<\/strong>\u00a0prihaja z najsodobnej\u0161imi funkcijami:<\/h4>\n<ul>\n<li><strong>Vodotesen in odporen na vremenske vplive<\/strong>: Te kartice lahko prenesejo te\u017eka okolja in zagotavljajo neprekinjeno delovanje.<\/li>\n<li><strong>Enostavna prilagoditev<\/strong>: izbirajte med razli\u010dnimi mo\u017enostmi tiskanja, kot je\u00a0<strong>Tisk CMYK4C<\/strong>, ofsetni tisk, sitotisk, lasersko kodiranje in UV \u010drnilo, kar organizacijam omogo\u010da u\u010dinkovito personalizacijo vsake kartice.<\/li>\n<li><strong>Komunikacijski vmesnik<\/strong>: Kartice uporabljajo tehnologijo RFID in NFC, kar omogo\u010da hitro komunikacijo z \u010ditalci na frekvenci 13,56 MHz.<\/li>\n<\/ul>\n<p>&nbsp;<\/p>\n<p>&nbsp;<\/p>\n<h2 style=\"text-align: center;\"><em><span style=\"color: #000080;\"><strong>Tehni\u010dne specifikacije<\/strong><\/span><\/em><\/h2>\n<p style=\"text-align: left;\">\n|\u00a0<strong>Model \u010dipa<\/strong>\u00a0| MIFARE Classic1K |<br \/>\n|\u00a0<strong>Razdalja branja<\/strong> |2-10 cm |<br \/>\n|\u00a0<strong>Velikost<\/strong>\u00a0|85,5 x 54 mm |<br \/>\n|\u00a0<strong>Material<\/strong>\u00a0| PVC\/PET |<br \/>\n|\u00a0<strong>Posebne lastnosti<\/strong>\u00a0| Vodotesen, odporen na vremenske vplive |<br \/>\n|\u00a0<strong>Kraj izvora<\/strong>\u00a0| Guangdong, Kitajska |<br \/>\n|\u00a0<strong>Obrt<\/strong>\u00a0| Laserska koda, UV \u010drnilo, serijska \u0161tevilka, vtiskovanje, termi\u010dni tisk |<br \/>\n|\u00a0<strong>Prodaja enot<\/strong>\u00a0| Posamezen element |<br \/>\n|\u00a0<strong>Velikost embala\u017ee<\/strong>\u00a0|8,55 x 5,4 x 0,08 cm |<br \/>\n|\u00a0<strong>Te\u017ea<\/strong>\u00a0|0,006 kg |<\/p>\n<p>&nbsp;<\/p>\n<p>&nbsp;<\/p>\n<h3 style=\"text-align: center;\"><span style=\"color: #000080;\"><em><strong>Uporaba kartic RFID<\/strong><\/em><\/span><\/h3>\n<h4>The\u00a0<strong>prilagodite ponovljivo kartico UID ISO14443A RFID za prisotnost<\/strong>\u00a0se lahko uporablja v razli\u010dnih sektorjih, vklju\u010dno z:<\/h4>\n<ul>\n<li><strong>Nadzor dostopa<\/strong>: Te kartice so idealne za nadzor vstopa v varovana obmo\u010dja in zagotavljajo dostop samo poobla\u0161\u010denemu osebju.<\/li>\n<li><strong>Sledenje prisotnosti<\/strong>: Popoln za \u0161ole in pisarne podjetij, kjer je bele\u017eenje prisotnosti bistveno. Funkcija hitrega dotika znatno skraj\u0161a \u010das, porabljen za ro\u010dno pisanje dnevnikov.<\/li>\n<li><strong>Javni prevoz<\/strong>: Pove\u010dajte uporabni\u0161ko udobje v tranzitnih sistemih z omogo\u010danjem hitrega vkrcanja prek brezsti\u010dne tehnologije.<\/li>\n<\/ul>\n<p>&nbsp;<\/p>\n<p>&nbsp;<\/p>\n<h2 style=\"text-align: center;\"><span style=\"color: #000080;\"><em><strong>Vpliv na okolje in trajnost<\/strong><\/em><\/span><\/h2>\n<p><strong>Izbira kartic RFID UID ISO14443A, ki jih je mogo\u010de po meri prilagoditi, prispeva k trajnostnim praksam. Njihova vzdr\u017eljivost pomeni manj zamenjav in odpadkov, kar zmanj\u0161uje okoljski odtis, povezan s standardnimi papirnimi ali plasti\u010dnimi karticami.<\/strong><\/p>\n<p>&nbsp;<\/p>\n<p>&nbsp;<\/p>\n<h2 style=\"text-align: center;\"><em><span style=\"color: #000080;\"><strong>Mnenja in pri\u010devanja strank<\/strong><\/span><\/em><\/h2>\n<p><span style=\"color: #008080;\">\u00bbS temi karticami RFID je sledenje prisotnosti v na\u0161i \u0161oli tako poenostavljeno! Mo\u017enosti prilagajanja so bile velika prednost.\u201d \u2013 <em>Emily R., \u0161olska upraviteljica<\/em><\/span><\/p>\n<blockquote><p>\u00bbZelo zanesljiv in vzdr\u017eljiv. \u017de mesece jih uporabljamo v na\u0161em sistemu za nadzor dostopa brez te\u017eav.\u00ab<\/p><\/blockquote>","protected":false},"excerpt":{"rendered":"<p>Prilagodljiva kartica RFID za u\u010dinkovito sledenje prisotnosti in varen nadzor dostopa, ki vklju\u010duje tehnologijo MIFARE Classic1K in vzdr\u017eljiv PVC\/PET material.<\/p>","protected":false},"featured_media":3357,"template":"","meta":[],"product_brand":[],"product_cat":[46],"product_tag":[],"class_list":{"0":"post-3537","1":"product","2":"type-product","3":"status-publish","4":"has-post-thumbnail","6":"product_cat-nfc-cards","8":"first","9":"instock","10":"shipping-taxable","11":"product-type-simple"},"_links":{"self":[{"href":"https:\/\/nfc-readers.com\/sl\/wp-json\/wp\/v2\/product\/3537","targetHints":{"allow":["GET"]}}],"collection":[{"href":"https:\/\/nfc-readers.com\/sl\/wp-json\/wp\/v2\/product"}],"about":[{"href":"https:\/\/nfc-readers.com\/sl\/wp-json\/wp\/v2\/types\/product"}],"wp:featuredmedia":[{"embeddable":true,"href":"https:\/\/nfc-readers.com\/sl\/wp-json\/wp\/v2\/media\/3357"}],"wp:attachment":[{"href":"https:\/\/nfc-readers.com\/sl\/wp-json\/wp\/v2\/media?parent=3537"}],"wp:term":[{"taxonomy":"product_brand","embeddable":true,"href":"https:\/\/nfc-readers.com\/sl\/wp-json\/wp\/v2\/product_brand?post=3537"},{"taxonomy":"product_cat","embeddable":true,"href":"https:\/\/nfc-readers.com\/sl\/wp-json\/wp\/v2\/product_cat?post=3537"},{"taxonomy":"product_tag","embeddable":true,"href":"https:\/\/nfc-readers.com\/sl\/wp-json\/wp\/v2\/product_tag?post=3537"}],"curies":[{"name":"wp","href":"https:\/\/api.w.org\/{rel}","templated":true}]}}