{"id":3538,"date":"2024-11-06T11:31:12","date_gmt":"2024-11-06T11:31:12","guid":{"rendered":"https:\/\/nfc-readers.com\/?post_type=product&#038;p=3538"},"modified":"2024-11-06T11:31:12","modified_gmt":"2024-11-06T11:31:12","slug":"ntag213-nfc-card-with-qr-code-printed-for-whatsapp-marketing","status":"publish","type":"product","link":"https:\/\/nfc-readers.com\/sl\/ic-reader\/ntag213-nfc-card-with-qr-code-printed-for-whatsapp-marketing\/","title":{"rendered":"NTAG213 NFC kartica s kodo QR, natisnjena za Whatsapp Marketing"},"content":{"rendered":"<h1><span style=\"color: #000080;\"><strong>NTAG213 NFC kartica s kodo QR, natisnjena za Whatsapp Marketing<\/strong><\/span><\/h1>\n<div class=\"chat-list relative custom-scrollbar-reset-margin custom-scrollbar custom-scrollbar-hidden custom-scrollbar-float pb-9 flex-1 overflow-y-auto\">\n<div class=\"mx-auto max-w-[790px]\">\n<div class=\"message-item-outer relative px-4 mb-2\" data-id=\"314708bd-f25a-4472-bc0c-0927c643c147\">\n<div class=\"content-area pl-[0px]\">\n<div class=\"message-item select-text relative\">\n<div class=\"message-inner relative\">\n<div class=\"py-[2px]\">\n<div class=\"flex flex-col gap-2\">\n<div class=\"answer-markdown-box overflow-x-auto select-text custom-scrollbar\">\n<div class=\"markdown-body\">\n<h3><span style=\"color: #008080;\"><strong>Revolucionirajte svojo anga\u017eiranost strank<\/strong><\/span><\/h3>\n<p>V dana\u0161nji digitalni dobi podjetja nenehno i\u0161\u010dejo inovativne na\u010dine za sodelovanje s svojimi strankami in promocijo svoje blagovne znamke. Eden od u\u010dinkovitih na\u010dinov za to je uporaba tehnologije NFC (Near Field Communication), natan\u010dneje kartic NTAG213 NFC s tiskanjem kod QR.<\/p>\n<p>Te kartice so postale vse bolj priljubljene za tr\u017eenje WhatsApp, saj podjetjem omogo\u010dajo upravljanje zasebnega prometa in povezovanje s strankami na bolj oseben in interaktiven na\u010din.<\/p>\n<p>&nbsp;<\/p>\n<\/div>\n<\/div>\n<\/div>\n<\/div>\n<p>&nbsp;<\/p>\n<div class=\"py-[2px]\">\n<div class=\"flex flex-col gap-2\">\n<div class=\"answer-markdown-box overflow-x-auto select-text custom-scrollbar\">\n<div class=\"markdown-body\">\n<h2 style=\"text-align: center;\"><span style=\"color: #333399;\"><em><strong>Prednosti NFC kartice NTAG213<\/strong><\/em><\/span><\/h2>\n<p>Kartice NTAG213 NFC s tiskanjem kode QR ponujajo \u0161tevilne prednosti za podjetja, ki \u017eelijo pove\u010dati sodelovanje svojih strank in tr\u017ena prizadevanja. Te prednosti vklju\u010dujejo:<\/p>\n<ul>\n<li><strong>Enostaven za uporabo in upravljanje<\/strong>: NFC kartice NTAG213 so preproste za uporabo in upravljanje, kar podjetjem omogo\u010da preprosto ustvarjanje in skupno rabo povezav WhatsApp s svojimi strankami.<\/li>\n<li><strong>Visoka zmogljivost<\/strong>: Kartice NTAG213 NFC imajo veliko pomnilni\u0161ko kapaciteto, kar podjetjem omogo\u010da shranjevanje velike koli\u010dine podatkov, kot so povezave WhatsApp, kontaktni podatki in drugo.<\/li>\n<li><strong>Prilagodljiv<\/strong>: NFC kartice NTAG213 je mogo\u010de prilagoditi z razli\u010dnimi mo\u017enostmi tiskanja, vklju\u010dno s kodami QR, kar podjetjem omogo\u010da, da prilagodijo svoja tr\u017ena prizadevanja.<\/li>\n<li><\/li>\n<\/ul>\n<p>&nbsp;<\/p>\n<\/div>\n<p>&nbsp;<\/p>\n<div class=\"markdown-body\">\n<h2 style=\"text-align: center;\"><span style=\"color: #333399;\"><em><strong>Lastnosti NFC kartice NTAG213<\/strong><\/em><\/span><\/h2>\n<p>Kartice NTAG213 NFC s tiskanjem kode QR za tr\u017eenje WhatsApp imajo vrsto naprednih funkcij, vklju\u010dno z:<\/p>\n<ul>\n<li><strong>Zdru\u017eljivost s WhatsApp<\/strong>: NFC kartice NTAG213 so posebej zasnovane za delo s WhatsAppom, kar podjetjem omogo\u010da enostavno ustvarjanje in deljenje povezav WhatsApp s svojimi strankami.<\/li>\n<li><strong>Tiskanje QR kode<\/strong>: Kartice NTAG213 NFC imajo funkcijo tiskanja QR kode, kar podjetjem omogo\u010da enostavno prilagajanje njihovih tr\u017eenjskih prizadevanj.<\/li>\n<li><strong>NFC tehnologija<\/strong>: Kartice NTAG213 NFC uporabljajo napredno tehnologijo NFC, ki omogo\u010da hiter in zanesljiv prenos podatkov med kartico in mobilno napravo.<\/li>\n<li><strong>Visoko varno \u0161ifriranje<\/strong>: Kartice NTAG213 NFC imajo napredno varnostno \u0161ifriranje, ki \u0161\u010diti pred nepoobla\u0161\u010denim dostopom in zagotavlja, da podatki strank ostanejo varni.<\/li>\n<\/ul>\n<p>&nbsp;<\/p>\n<\/div>\n<p>&nbsp;<\/p>\n<div class=\"markdown-body\">\n<h2 style=\"text-align: center;\"><span style=\"color: #333399;\"><em><strong>Specifikacije<\/strong><\/em><\/span><\/h2>\n<div class=\"table-with-header rounded-lg border border-solid border-grey-line2-normal w-fit max-w-full mb-2\">\n<div class=\"overflow-x-auto custom-scrollbar custom-scrollbar-float max-w-full\">\n<table class=\"w-fit !mb-0 !max-w-none\">\n<thead>\n<tr>\n<th>Specifikacija<\/th>\n<th>Vrednost<\/th>\n<\/tr>\n<\/thead>\n<tbody>\n<tr>\n<td>Material<\/td>\n<td>PVC<\/td>\n<\/tr>\n<tr>\n<td>Velikost<\/td>\n<td>Po meri<\/td>\n<\/tr>\n<tr>\n<td>Spomin<\/td>\n<td>144 bajtov<\/td>\n<\/tr>\n<tr>\n<td>\u010dip<\/td>\n<td>NTAG213<\/td>\n<\/tr>\n<tr>\n<td>Tiskanje<\/td>\n<td>Podprto tiskanje QR kode<\/td>\n<\/tr>\n<tr>\n<td>Pakiranje<\/td>\n<td>200 kosov \/ notranja bela \u0161katla .25 \u0161katla \/ \u0161katla, velikost \u0161katle: 48<em>22.5<\/em>30 cm<\/td>\n<\/tr>\n<tr>\n<td>Prodaja enot<\/td>\n<td>Posamezen element<\/td>\n<\/tr>\n<tr>\n<td>Velikost posameznega paketa<\/td>\n<td>35X1,5X0,02 cm<\/td>\n<\/tr>\n<tr>\n<td>Enotna bruto te\u017ea<\/td>\n<td>0,010 kg<\/td>\n<\/tr>\n<\/tbody>\n<\/table>\n<p>&nbsp;<\/p>\n<\/div>\n<\/div>\n<h2 style=\"text-align: center;\"><span style=\"color: #333399;\"><em><strong>Kako uporabljati NFC kartico NTAG213\u00a0<\/strong><\/em><\/span><\/h2>\n<p>Uporaba NFC kartice NTAG213 je preprosta in enostavna. Tukaj je vodnik po korakih za za\u010detek:<\/p>\n<ol>\n<li><strong>Ustvarite povezavo WhatsApp<\/strong>: Ustvarite povezavo WhatsApp z uporabo oblike &quot;<a href=\"https:\/\/wa.me\/WhatsAppnumber\" target=\"_blank\" rel=\"noopener\">https:\/\/wa.me\/WhatsAppnumber<\/a>\u00ab, kjer je \u00bbWhatsAppnumber\u00ab va\u0161a telefonska \u0161tevilka v mednarodni obliki.<\/li>\n<li><strong>Programirajte povezavo WhatsApp<\/strong>: Programirajte povezavo WhatsApp na NFC kartico NTAG213 z uporabo zdru\u017eljive naprave in programske opreme.<\/li>\n<li><strong>Prilagodite kartico<\/strong>: Prilagodite NFC kartico NTAG213 z blagovno znamko in tr\u017enim sporo\u010dilom va\u0161ega podjetja.<\/li>\n<li><strong>Razdelite kartico<\/strong>: Razdelite NFC kartico NTAG213 svojim strankam osebno ali po po\u0161ti.<\/li>\n<\/ol>\n<p>&nbsp;<\/p>\n<\/div>\n<p>&nbsp;<\/p>\n<div class=\"markdown-body\">\n<h2 style=\"text-align: center;\"><em><span style=\"color: #333399;\"><strong>Prednosti NFC kartice NTAG213<\/strong><\/span><\/em><\/h2>\n<p>Kartice NTAG213 NFC s tiskanjem kode QR za tr\u017eenje WhatsApp ponujajo vrsto prednosti pred tradicionalnimi metodami tr\u017eenja. Te prednosti vklju\u010dujejo:<\/p>\n<ul>\n<li><strong>Pove\u010dana anga\u017eiranost<\/strong>: Kartice NTAG213 NFC s tiskanjem kod QR za tr\u017eenje WhatsApp omogo\u010dajo podjetjem, da sodelujejo s strankami na bolj oseben in interaktiven na\u010din.<\/li>\n<li><strong>Izbolj\u0161ana prepoznavnost blagovne znamke<\/strong>: Kartice NTAG213 NFC s tiskanjem kode QR za tr\u017eenje WhatsApp je mogo\u010de prilagoditi blagovni znamki podjetja in tr\u017eenjskemu sporo\u010dilu, s \u010dimer izbolj\u0161ate prepoznavnost in zavedanje blagovne znamke.<\/li>\n<li><strong>Stro\u0161kovno u\u010dinkovito<\/strong>: Kartice NTAG213 NFC s tiskanjem kode QR za tr\u017eenje WhatsApp so cenovno ugodna marketin\u0161ka re\u0161itev, ki podjetjem ponuja visoko donosnost nalo\u017ebe.<\/li>\n<\/ul>\n<p>&nbsp;<\/p>\n<h2 style=\"text-align: center;\"><span style=\"color: #008080;\"><em><strong>IZBERITE NAS ZDAJ!<\/strong><\/em><\/span><\/h2>\n<p>Kartice NTAG213 NFC s tiskanjem kod QR za tr\u017eenje WhatsApp so inovativen in u\u010dinkovit na\u010din za sodelovanje s strankami in promocijo va\u0161e blagovne znamke. S svojo enostavno uporabo, visoko zmogljivostjo, varnim \u0161ifriranjem in prilagodljivim dizajnom so kartice NTAG213 NFC s tiskanjem kode QR za tr\u017eenje WhatsApp idealna re\u0161itev za podjetja, ki \u017eelijo pove\u010dati svoje sodelovanje s strankami in tr\u017ena prizadevanja.<\/p>\n<\/div>\n<\/div>\n<\/div>\n<\/div>\n<\/div>\n<\/div>\n<\/div>\n<\/div>\n<\/div>\n<\/div>","protected":false},"excerpt":{"rendered":"<p><strong>NTAG213 NFC kartica s kodo QR za WhatsApp Marketing<\/strong>: Revolucionirajte svoje sodelovanje s strankami z enostavnimi za uporabo, visoko zmogljivimi in prilagodljivimi karticami NFC za prilagojeno tr\u017eenje.<\/p>","protected":false},"featured_media":3543,"template":"","meta":[],"product_brand":[],"product_cat":[46],"product_tag":[],"class_list":{"0":"post-3538","1":"product","2":"type-product","3":"status-publish","4":"has-post-thumbnail","6":"product_cat-nfc-cards","8":"first","9":"instock","10":"shipping-taxable","11":"product-type-simple"},"_links":{"self":[{"href":"https:\/\/nfc-readers.com\/sl\/wp-json\/wp\/v2\/product\/3538","targetHints":{"allow":["GET"]}}],"collection":[{"href":"https:\/\/nfc-readers.com\/sl\/wp-json\/wp\/v2\/product"}],"about":[{"href":"https:\/\/nfc-readers.com\/sl\/wp-json\/wp\/v2\/types\/product"}],"wp:featuredmedia":[{"embeddable":true,"href":"https:\/\/nfc-readers.com\/sl\/wp-json\/wp\/v2\/media\/3543"}],"wp:attachment":[{"href":"https:\/\/nfc-readers.com\/sl\/wp-json\/wp\/v2\/media?parent=3538"}],"wp:term":[{"taxonomy":"product_brand","embeddable":true,"href":"https:\/\/nfc-readers.com\/sl\/wp-json\/wp\/v2\/product_brand?post=3538"},{"taxonomy":"product_cat","embeddable":true,"href":"https:\/\/nfc-readers.com\/sl\/wp-json\/wp\/v2\/product_cat?post=3538"},{"taxonomy":"product_tag","embeddable":true,"href":"https:\/\/nfc-readers.com\/sl\/wp-json\/wp\/v2\/product_tag?post=3538"}],"curies":[{"name":"wp","href":"https:\/\/api.w.org\/{rel}","templated":true}]}}