{"id":3552,"date":"2024-11-06T15:59:31","date_gmt":"2024-11-06T15:59:31","guid":{"rendered":"https:\/\/nfc-readers.com\/?post_type=product&#038;p=3552"},"modified":"2024-11-06T16:18:13","modified_gmt":"2024-11-06T16:18:13","slug":"contactless-cr80-plastic-ntag-216-nfc-loyalty-card","status":"publish","type":"product","link":"https:\/\/nfc-readers.com\/sl\/ic-reader\/contactless-cr80-plastic-ntag-216-nfc-loyalty-card\/","title":{"rendered":"Brezkontaktna plasti\u010dna kartica zvestobe CR80 Ntag 216 NFC"},"content":{"rendered":"<h1 style=\"text-align: center;\"><span style=\"color: #000080;\"><strong>Brezkontaktna plasti\u010dna kartica zvestobe CR80 Ntag 216 NFC<\/strong><\/span><\/h1>\n<p>&nbsp;<\/p>\n<h2 style=\"text-align: center;\"><span style=\"color: #008080;\"><em><strong>Revolucioniranje vklju\u010devanja strank<\/strong><\/em><\/span><\/h2>\n<p><strong><span style=\"color: #666699;\">V dana\u0161nji digitalni dobi podjetja nenehno i\u0161\u010dejo inovativne na\u010dine za sodelovanje s svojimi strankami in promocijo svoje blagovne znamke. Eden od u\u010dinkovitih na\u010dinov za to je uporaba tehnologije NFC (Near Field Communication), zlasti brezsti\u010dnih plasti\u010dnih kartic zvestobe CR80 Ntag216 NFC.<\/span><\/strong><\/p>\n<p>&nbsp;<\/p>\n<p>&nbsp;<\/p>\n<h2 style=\"text-align: center;\"><em><strong><span style=\"color: #333399;\">Prednosti kartic Ntag216 NFC<\/span><\/strong><\/em><\/h2>\n<ol>\n<li><strong>Udobje<\/strong>: Brezkontaktne CR80 plasti\u010dne kartice zvestobe Ntag216 NFC strankam ponujajo priro\u010den na\u010din za sodelovanje s podjetji, brez potrebe po fizi\u010dnem stiku ali ro\u010dnem vnosu podatkov.<\/li>\n<li><strong>Prilagojena izku\u0161nja<\/strong>: Brezkontaktne CR80 plasti\u010dne kartice zvestobe Ntag216 NFC je mogo\u010de prilagoditi blagovni znamki podjetja in marketin\u0161kemu sporo\u010dilu, kar strankam zagotavlja prilagojeno izku\u0161njo.<\/li>\n<li><strong>Pove\u010dana anga\u017eiranost<\/strong>: Brezkontaktne CR80 plasti\u010dne kartice zvestobe Ntag216 NFC lahko pomagajo podjetjem pove\u010dati anga\u017eiranost strank, saj strankam zagotavljajo edinstven in interaktiven na\u010din interakcije z njihovo blagovno znamko.<\/li>\n<\/ol>\n<p>&nbsp;<\/p>\n<p>&nbsp;<\/p>\n<h2 style=\"text-align: center;\"><span style=\"color: #333399;\"><em><strong>Uporaba brezsti\u010dnih kartic Ntag216 NFC<\/strong><\/em><\/span><\/h2>\n<p>Uporaba brezsti\u010dnih plasti\u010dnih kartic zvestobe CR80 Ntag216 NFC je enostavna in enostavna. Tukaj je vodnik po korakih za za\u010detek:<\/p>\n<ol>\n<li><strong>Ustvari mobilno aplikacijo<\/strong>: Ustvarite mobilno aplikacijo, ki je zdru\u017eljiva z brezsti\u010dnimi plasti\u010dnimi karticami zvestobe CR80 Ntag216 NFC.<\/li>\n<li><strong>Programirajte kartico<\/strong>: Programirajte brezsti\u010dno plasti\u010dno kartico zvestobe CR80 Ntag216 NFC z blagovno znamko in marketin\u0161kim sporo\u010dilom va\u0161ega podjetja.<\/li>\n<li><strong>Razdelite kartico<\/strong>: Strankam razdelite brezsti\u010dno plasti\u010dno kartico zvestobe CR80 Ntag216 NFC.<\/li>\n<li><strong>Sodelujte s strankami<\/strong>: Sodelujte s svojimi strankami z zagotavljanjem edinstvene in interaktivne izku\u0161nje z brezkontaktno plasti\u010dno kartico zvestobe CR80 Ntag216 NFC.<\/li>\n<\/ol>\n<p>&nbsp;<\/p>\n<p style=\"text-align: center;\">\n<h2 style=\"text-align: center;\"><span style=\"color: #333399;\"><em><strong>Tehni\u010dne specifikacije<\/strong><\/em><\/span><\/h2>\n<div class=\"table-with-header rounded-lg border border-solid border-grey-line2-normal w-fit max-w-full mb-2\">\n<div class=\"overflow-x-auto custom-scrollbar custom-scrollbar-float max-w-full\">\n<table class=\"w-fit !mb-0 !max-w-none\" style=\"height: 510px;\" width=\"432\">\n<thead>\n<tr>\n<th>Specifikacija<\/th>\n<th>Vrednost<\/th>\n<\/tr>\n<\/thead>\n<tbody>\n<tr>\n<td>Kraj izvora<\/td>\n<td>Guangdong, Kitajska<\/td>\n<\/tr>\n<tr>\n<td>Aplikacija<\/td>\n<td>Vizitka<\/td>\n<\/tr>\n<tr>\n<td>Ime izdelka<\/td>\n<td>NFC kartica<\/td>\n<\/tr>\n<tr>\n<td>Material<\/td>\n<td>PVC<\/td>\n<\/tr>\n<tr>\n<td>Velikost<\/td>\n<td>85,5*54 mm\/po meri<\/td>\n<\/tr>\n<tr>\n<td><\/td>\n<td><\/td>\n<\/tr>\n<tr>\n<td>Tiskanje<\/td>\n<td>ofsetni tisk\/CMYK4C tisk\/sitotisk<\/td>\n<\/tr>\n<tr>\n<td>Pogostost<\/td>\n<td>13,56 MHz<\/td>\n<\/tr>\n<tr>\n<td>\u010dip<\/td>\n<td>Ntag216<\/td>\n<\/tr>\n<tr>\n<td>Spomin<\/td>\n<td>888 bajtov<\/td>\n<\/tr>\n<tr>\n<td>\u010cas izvedbe<\/td>\n<td>7-10 dni<\/td>\n<\/tr>\n<tr>\n<td>Protokol<\/td>\n<td>ISO\/IEC14443A<\/td>\n<\/tr>\n<tr>\n<td>Razdalja branja<\/td>\n<td>1-10 cm<\/td>\n<\/tr>\n<tr>\n<td>Pakiranje in dostava<\/td>\n<td>Posamezen element<\/td>\n<\/tr>\n<tr>\n<td>Velikost posameznega paketa<\/td>\n<td>8,55X5,4X0,08 cm<\/td>\n<\/tr>\n<tr>\n<td>Enotna bruto te\u017ea<\/td>\n<td>0,006 kg<\/td>\n<\/tr>\n<\/tbody>\n<\/table>\n<\/div>\n<\/div>\n<p>&nbsp;<\/p>\n<h2 style=\"text-align: center;\"><span style=\"color: #333399;\"><em><strong>Pogosto zastavljena vpra\u0161anja<\/strong><\/em><\/span><\/h2>\n<ol>\n<li><strong>Kaj je brezsti\u010dna plasti\u010dna NFC kartica zvestobe CR80 Ntag216?<\/strong><br \/>\nBrezkontaktna plasti\u010dna kartica zvestobe CR80 Ntag216 NFC je vrsta kartice, ki uporablja tehnologijo NFC za shranjevanje in prenos podatkov med kartico in mobilno napravo.<\/li>\n<li><strong>Kak\u0161ne so prednosti uporabe brezsti\u010dnih plasti\u010dnih kartic zvestobe CR80 Ntag216 NFC?<\/strong><br \/>\nPrednosti uporabe brezsti\u010dnih plasti\u010dnih kartic zvestobe CR80 Ntag216 NFC vklju\u010dujejo udobje, prilagojeno izku\u0161njo in ve\u010djo anga\u017eiranost.<\/li>\n<\/ol>\n<p>&nbsp;<\/p>\n<p>&nbsp;<\/p>\n<h2 style=\"text-align: center;\"><span style=\"color: #333399;\"><em><strong>Zakaj izbrati nas?<\/strong><\/em><\/span><\/h2>\n<p><strong><span style=\"color: #008080;\">Ponujamo visokokakovostne brezsti\u010dne plasti\u010dne kartice zvestobe CR80 Ntag216 NFC, ki so zasnovane tako, da izpolnjujejo potrebe podjetij, ki \u017eelijo sodelovati s svojimi strankami na edinstven in interaktiven na\u010din. Tukaj je nekaj razlogov, zakaj bi morali izbrati nas:<\/span><\/strong><\/p>\n<ul>\n<li><strong>Brezpla\u010dni vzorci<\/strong>: Ponujamo brezpla\u010dne vzorce na\u0161ih brezsti\u010dnih plasti\u010dnih kartic zvestobe CR80 Ntag216 NFC, tako da jih lahko preizkusite pred nakupom.<\/li>\n<li><strong>Nizka cena<\/strong>: Ponujamo konkuren\u010dne cene za na\u0161e brezsti\u010dne plasti\u010dne kartice zvestobe CR80 Ntag216 NFC, zaradi \u010desar so cenovno dostopna re\u0161itev za podjetja vseh velikosti.<\/li>\n<li><strong>Visoka kakovost<\/strong>: Na\u0161e brezsti\u010dne plasti\u010dne kartice zvestobe CR80 Ntag216 NFC so izdelane iz visokokakovostnih materialov in zasnovane tako, da trajajo.<\/li>\n<li><strong>Proizvodna tovarna<\/strong>: Imamo lastno proizvodno tovarno, kar pomeni, da lahko ponudimo hiter \u010das preobrata in proizvodne zmogljivosti velikih koli\u010din.<\/li>\n<li><strong>Raznolikost mo\u017enosti<\/strong>: Ponujamo razli\u010dne mo\u017enosti za na\u0161e brezsti\u010dne plasti\u010dne kartice zvestobe CR80 Ntag216 NFC, vklju\u010dno z razli\u010dnimi velikostmi, materiali in mo\u017enostmi tiskanja.<\/li>\n<\/ul>","protected":false},"excerpt":{"rendered":"<p>Brezsti\u010dna kartica zvestobe CR80 Plastic Ntag216 NFC \u2013 Naredite revolucijo pri sodelovanju strank z na\u0161imi visokokakovostnimi, prilagodljivimi in priro\u010dnimi karticami zvestobe NFC.<\/p>","protected":false},"featured_media":3592,"template":"","meta":[],"product_brand":[],"product_cat":[46],"product_tag":[],"class_list":{"0":"post-3552","1":"product","2":"type-product","3":"status-publish","4":"has-post-thumbnail","6":"product_cat-nfc-cards","8":"first","9":"instock","10":"shipping-taxable","11":"product-type-simple"},"_links":{"self":[{"href":"https:\/\/nfc-readers.com\/sl\/wp-json\/wp\/v2\/product\/3552","targetHints":{"allow":["GET"]}}],"collection":[{"href":"https:\/\/nfc-readers.com\/sl\/wp-json\/wp\/v2\/product"}],"about":[{"href":"https:\/\/nfc-readers.com\/sl\/wp-json\/wp\/v2\/types\/product"}],"wp:featuredmedia":[{"embeddable":true,"href":"https:\/\/nfc-readers.com\/sl\/wp-json\/wp\/v2\/media\/3592"}],"wp:attachment":[{"href":"https:\/\/nfc-readers.com\/sl\/wp-json\/wp\/v2\/media?parent=3552"}],"wp:term":[{"taxonomy":"product_brand","embeddable":true,"href":"https:\/\/nfc-readers.com\/sl\/wp-json\/wp\/v2\/product_brand?post=3552"},{"taxonomy":"product_cat","embeddable":true,"href":"https:\/\/nfc-readers.com\/sl\/wp-json\/wp\/v2\/product_cat?post=3552"},{"taxonomy":"product_tag","embeddable":true,"href":"https:\/\/nfc-readers.com\/sl\/wp-json\/wp\/v2\/product_tag?post=3552"}],"curies":[{"name":"wp","href":"https:\/\/api.w.org\/{rel}","templated":true}]}}