{"id":3553,"date":"2024-11-06T12:50:53","date_gmt":"2024-11-06T12:50:53","guid":{"rendered":"https:\/\/nfc-readers.com\/?post_type=product&#038;p=3553"},"modified":"2024-11-06T12:50:53","modified_gmt":"2024-11-06T12:50:53","slug":"nfc-rfid-sticker-alien-h9-9662-9654-9610-9640-long-read-range","status":"publish","type":"product","link":"https:\/\/nfc-readers.com\/sl\/ic-reader\/nfc-rfid-sticker-alien-h9-9662-9654-9610-9640-long-read-range\/","title":{"rendered":"NFC RFID nalepka Alien H9 9662 9654 9610 9640 Dolg doseg branja"},"content":{"rendered":"<h1 style=\"text-align: center;\"><strong>NFC RFID nalepka Alien H9 9662 9654 9610 9640 Dolg doseg branja<\/strong><\/h1>\n<p>V dana\u0161njem hitrem digitalnem svetu lahko u\u010dinkovita komunikacija in prenos informacij mo\u010dno izbolj\u0161ata operativno u\u010dinkovitost. The <strong>NFC RFID nalepka Alien H9<\/strong>\u00a0je izjemna re\u0161itev, ki se pona\u0161a z a\u00a0<strong>dolg razpon branja<\/strong>\u00a0in napredne funkcije, ki skrbijo za razli\u010dne aplikacije, vklju\u010dno s parkiranjem, upravljanjem inventarja in ve\u010d. Z impresivno bralno razdaljo\u00a0<strong>3-7 metrov<\/strong>, ta vsestranska nalepka zagotavlja brezhibno interakcijo med napravami, ki podpirajo NFC, in spreminja na\u010din, kako uporabniki uporabljajo podatke.<\/p>\n<p>Z integracijo najsodobnej\u0161e tehnologije v kompaktnem formatu lahko oznaka Alien H9 dvigne va\u0161e poslovne procese, izbolj\u0161a uporabni\u0161ko izku\u0161njo in olaj\u0161a enostavno povezljivost. Odkrijte neverjetne prednosti nalepke Alien H9 NFC RFID, da boste razumeli, zakaj je to vredna nalo\u017eba za va\u0161e potrebe.<\/p>\n<p>&nbsp;<\/p>\n<h2>Pregled tehnologije NFC in RFID<\/h2>\n<p>NFC (Near Field Communication) in RFID (Radio Frequency Identification) sta zmogljivi brez\u017ei\u010dni komunikacijski tehnologiji, ki olaj\u0161ata izmenjavo podatkov med napravami. NFC omogo\u010da varne transakcije in interakcije v neposredni bli\u017eini, medtem ko RFID omogo\u010da od\u010ditke z dalj\u0161im dosegom, zaradi \u010desar je bistvenega pomena za razli\u010dne industrije. The\u00a0<strong>Alien H9<\/strong>\u00a0Nalepka NFC RFID zdru\u017euje ti dve tehnologiji in izkori\u0161\u010da frekvenco\u00a0<strong>860-960 MHz<\/strong>, ki zagotavlja optimalno delovanje v razli\u010dnih aplikacijah.<\/p>\n<p>&nbsp;<\/p>\n<h2>Klju\u010dne specifikacije nalepke Alien H9 NFC RFID<\/h2>\n<p>The\u00a0<strong>Alien H9 NFC RFID nalepka<\/strong>\u00a0je opremljen z razli\u010dnimi funkcijami in specifikacijami, ki ustrezajo zahtevam sodobne tehnologije:<\/p>\n<ul>\n<li><strong>Vrsta \u010dipa<\/strong>: Alien H9<\/li>\n<li><strong>Velikost oznake<\/strong>: 92 x 26 mm<\/li>\n<li><strong>Velikost antene<\/strong>: 70 x 17 mm<\/li>\n<li><strong>EPC pomnilnik<\/strong>: 128-bitni<\/li>\n<li><strong>Razdalja branja<\/strong>: V povpre\u010dju 3-7 metrov<\/li>\n<li><strong>Pogostost<\/strong>: Deluje pri 860-960 MHz<\/li>\n<li><strong>Izvor proizvodnje<\/strong>: Guangdong, Kitajska<\/li>\n<li><strong>Blagovna znamka<\/strong>: SX<\/li>\n<li><strong>\u0160tevilka modela<\/strong>: SX-050<\/li>\n<\/ul>\n<p>Te specifikacije poudarjajo visoko zmogljivo in u\u010dinkovito zasnovo, zaradi katere je Alien H9 vodilni na trgu.<\/p>\n<p>&nbsp;<\/p>\n<h2>Podrobne tehni\u010dne specifikacije<\/h2>\n<table class=\"w-fit !mb-0 !max-w-none\" style=\"height: 196px;\" width=\"401\">\n<thead>\n<tr>\n<th>Specifikacija<\/th>\n<th>Podrobnosti<\/th>\n<\/tr>\n<\/thead>\n<tbody>\n<tr>\n<td><strong>Komunikacijski vmesnik<\/strong><\/td>\n<td>RFID<\/td>\n<\/tr>\n<tr>\n<td><strong>Vrsta kartice<\/strong><\/td>\n<td>Branje\/Pisanje<\/td>\n<\/tr>\n<tr>\n<td><strong>Povr\u0161inska obdelava<\/strong><\/td>\n<td>Sijajni\/mat<\/td>\n<\/tr>\n<tr>\n<td><strong>Tiskanje<\/strong><\/td>\n<td>CMYK ofsetni tisk v zvitkih<\/td>\n<\/tr>\n<tr>\n<td><strong>Velikost paketa<\/strong><\/td>\n<td>20 x 10 x 1 cm<\/td>\n<\/tr>\n<tr>\n<td><strong>Bruto te\u017ea<\/strong><\/td>\n<td>0,100 kg<\/td>\n<\/tr>\n<\/tbody>\n<\/table>\n<p>&nbsp;<\/p>\n<h2>Pogosta vpra\u0161anja o nalepki Alien H9 NFC RFID<\/h2>\n<p><strong>V1: Kako dolga je razdalja za branje?<\/strong><br \/>\nA1: razdalja za branje se obi\u010dajno giblje od\u00a0<strong>3 do 7 metrov<\/strong>, odvisno od okoljskih pogojev.<\/p>\n<p><strong>V2: Ali je nalepka prilagodljiva?<\/strong><br \/>\nA2: Da, Alien H9 podpira prilagajanje s tiskanjem kode in kodiranjem za edinstvene aplikacije.<\/p>","protected":false},"excerpt":{"rendered":"<p>NFC RFID nalepka Alien H9 je zasnovana za optimalno delovanje z velikim razponom branja, zaradi \u010desar je idealna za razli\u010dne aplikacije, kot sta upravljanje inventarja in varen nadzor dostopa. Njegova vzdr\u017eljiva konstrukcija zagotavlja zanesljivost v razli\u010dnih okoljih.<\/p>","protected":false},"featured_media":3558,"template":"","meta":[],"product_brand":[],"product_cat":[48],"product_tag":[],"class_list":{"0":"post-3553","1":"product","2":"type-product","3":"status-publish","4":"has-post-thumbnail","6":"product_cat-nfc-stickers","8":"first","9":"instock","10":"shipping-taxable","11":"product-type-simple"},"_links":{"self":[{"href":"https:\/\/nfc-readers.com\/sl\/wp-json\/wp\/v2\/product\/3553","targetHints":{"allow":["GET"]}}],"collection":[{"href":"https:\/\/nfc-readers.com\/sl\/wp-json\/wp\/v2\/product"}],"about":[{"href":"https:\/\/nfc-readers.com\/sl\/wp-json\/wp\/v2\/types\/product"}],"wp:featuredmedia":[{"embeddable":true,"href":"https:\/\/nfc-readers.com\/sl\/wp-json\/wp\/v2\/media\/3558"}],"wp:attachment":[{"href":"https:\/\/nfc-readers.com\/sl\/wp-json\/wp\/v2\/media?parent=3553"}],"wp:term":[{"taxonomy":"product_brand","embeddable":true,"href":"https:\/\/nfc-readers.com\/sl\/wp-json\/wp\/v2\/product_brand?post=3553"},{"taxonomy":"product_cat","embeddable":true,"href":"https:\/\/nfc-readers.com\/sl\/wp-json\/wp\/v2\/product_cat?post=3553"},{"taxonomy":"product_tag","embeddable":true,"href":"https:\/\/nfc-readers.com\/sl\/wp-json\/wp\/v2\/product_tag?post=3553"}],"curies":[{"name":"wp","href":"https:\/\/api.w.org\/{rel}","templated":true}]}}