{"id":3564,"date":"2024-11-06T13:06:22","date_gmt":"2024-11-06T13:06:22","guid":{"rendered":"https:\/\/nfc-readers.com\/?post_type=product&#038;p=3564"},"modified":"2024-11-14T14:59:24","modified_gmt":"2024-11-14T14:59:24","slug":"t5577-dia-25mm-coated-paper-programmable-flexible-rfid-tag","status":"publish","type":"product","link":"https:\/\/nfc-readers.com\/sl\/ic-reader\/t5577-dia-25mm-coated-paper-programmable-flexible-rfid-tag\/","title":{"rendered":"T5577 Dia 25 mm premazan papir Programabilna prilagodljiva oznaka RFID"},"content":{"rendered":"<h1 style=\"text-align: center;\"><strong>T5577 Dia 25 mm premazan papir Programabilna prilagodljiva oznaka RFID<\/strong><\/h1>\n<p>The <strong>T5577 Dia 25mm premazan papir Programabilna fleksibilna oznaka RFID<\/strong>\u00a0je izjemen izdelek v svetu tehnologije NFC, zasnovan za izbolj\u0161anje re\u0161itev izdajanja vstopnic in poenostavitev identifikacijskih procesov v razli\u010dnih panogah.<\/p>\n<p>Z naprednim \u010dipom T5577, vdelanim v pro\u017eno in vsestransko zasnovo, ta oznaka RFID zdru\u017euje funkcionalnost s priro\u010dnostjo. Ta opis vas bo vodil skozi prednosti, funkcije, specifikacije in \u0161e ve\u010d ter poudaril, zakaj je ta oznaka obvezna za va\u0161e poslovne ali osebne potrebe.<\/p>\n<p>&nbsp;<\/p>\n<h3><strong>Komunikacijski vmesnik: Kako deluje RFID<\/strong><\/h3>\n<p>Opremljen z mo\u010dnim\u00a0<strong>RFID<\/strong>\u00a0komunikacijski vmesnik, 12T5577 deluje na frekvenci\u00a0<strong>125 kHz<\/strong>. To omogo\u010da komunikacijo med oznako in napravami ali \u010ditalniki, ki podpirajo NFC, kar omogo\u010da hitro izmenjavo podatkov. Preprosto tapnite svoj\u00a0<strong>Mobilni telefon ali naprava, ki podpira NFC<\/strong>\u00a0proti oznaki, da takoj pridobite ali zapi\u0161ete informacije.<\/p>\n<p>&nbsp;<\/p>\n<p>&nbsp;<\/p>\n<h3><strong>Podro\u010dja uporabe: od prodaje vstopnic do upravljanja premo\u017eenja<\/strong><\/h3>\n<p>RFID oznake T5577 so namenjene predvsem <strong>izdajanje vozovnic<\/strong>\u00a0aplikacij, vendar jih je mogo\u010de u\u010dinkovito uporabiti na razli\u010dnih podro\u010djih, vklju\u010dno z upravljanjem maloprodajnih zalog, sistemi za nadzor dostopa in upravljanjem dogodkov. Njihova sposobnost enostavnega programiranja in prepisovanja podatkov jih naredi izjemno uporabne v dinami\u010dnih okoljih, kjer je treba informacije pogosto posodabljati.<\/p>\n<p>&nbsp;<\/p>\n<h3><strong>Zakaj kupiti oznako RFID 12T5577?<\/strong><\/h3>\n<p>Vlaganje v\u00a0<strong>12T5577 RFID oznaka<\/strong>\u00a0pomeni izbiro u\u010dinkovitosti, prilagodljivosti in trajnosti. Za razliko od tradicionalnih identifikacijskih metod, oznake RFID omogo\u010dajo hiter dostop do podatkov in jih je mogo\u010de programirati za preprosto shranjevanje razli\u010dnih informacij. Za podjetja, ki se ukvarjajo z izdajanjem vstopnic, upravljanjem zalog ali identifikacijo storitev, te oznake dramati\u010dno poenostavijo delovanje, zmanj\u0161ajo \u0161tevilo \u010dlove\u0161kih napak in izbolj\u0161ajo uporabni\u0161ko izku\u0161njo.<\/p>\n<p>Narejena je iz premazanega papirja s premerom 25 mm, zato je lahka in prilagodljiva, zaradi \u010desar je idealna za razli\u010dne aplikacije, od blagovne znamke do logistike. Poleg tega se ta izdelek pona\u0161a z lastnostmi, kot so vodoodpornost\/odpornost na vremenske vplive, dolg razpon branja od 2 do 10 cm in cikel pisanja do 100.000-krat, kar zagotavlja dolgo \u017eivljenjsko dobo in zanesljivo delovanje.<\/p>\n<p>&nbsp;<\/p>\n<h3><strong>Tehni\u010dne specifikacije<\/strong><\/h3>\n<table class=\"w-fit !mb-0 !max-w-none\" style=\"height: 285px;\" width=\"426\">\n<thead>\n<tr>\n<th><strong>Specifikacija<\/strong><\/th>\n<th><strong>Podrobnosti<\/strong><\/th>\n<\/tr>\n<\/thead>\n<tbody>\n<tr>\n<td><strong>\u010dip<\/strong><\/td>\n<td>T5577<\/td>\n<\/tr>\n<tr>\n<td><strong>Velikost<\/strong><\/td>\n<td>Premer 25 mm<\/td>\n<\/tr>\n<tr>\n<td><strong>Material<\/strong><\/td>\n<td>Premazan papir<\/td>\n<\/tr>\n<tr>\n<td><strong>Povr\u0161ina<\/strong><\/td>\n<td>Mat, sijajni, matiran<\/td>\n<\/tr>\n<tr>\n<td><strong>Bralno obmo\u010dje<\/strong><\/td>\n<td>2-10 cm<\/td>\n<\/tr>\n<tr>\n<td><strong>Protokol<\/strong><\/td>\n<td>ISO11784\/11785<\/td>\n<\/tr>\n<tr>\n<td><strong>Cikel pisanja<\/strong><\/td>\n<td>100.000-krat<\/td>\n<\/tr>\n<tr>\n<td><strong>Delovna temperatura<\/strong><\/td>\n<td>20~+80\u00b0C<\/td>\n<\/tr>\n<tr>\n<td><strong>Kraj izvora<\/strong><\/td>\n<td>Guangdong, Kitajska<\/td>\n<\/tr>\n<tr>\n<td><strong>Mo\u017enost tiskanja<\/strong><\/td>\n<td>4C Offset\/Sitotisk<\/td>\n<\/tr>\n<\/tbody>\n<\/table>\n<p>&nbsp;<\/p>\n<h2><strong>Pogosto zastavljena vpra\u0161anja (FAQ)<\/strong><\/h2>\n<h3><strong>1. Kaj sta tehnologiji NFC in RFID?<\/strong><\/h3>\n<p><strong>NFC (komunikacija bli\u017enjega polja)<\/strong>\u00a0in\u00a0<strong>RFID (radiofrekven\u010dna identifikacija)<\/strong>\u00a0so brez\u017ei\u010dne komunikacijske tehnologije, ki omogo\u010dajo napravam izmenjavo podatkov na kratkih razdaljah. NFC se pogosto uporablja za mobilna pla\u010dila in prenos podatkov, medtem ko se RFID pogosto uporablja za sledenje in upravljanje zalog.<\/p>\n<h3><strong>2. Kako programiram RFID oznake T5577?<\/strong><\/h3>\n<p>Za programiranje oznak RFID 12T5577 potrebujete napravo, ki podpira NFC, in zdru\u017eljivo aplikacijo. Preprosto prenesite aplikacijo za pisanje NFC, jo odprite in sledite pozivom za vnos podatkov, ki jih \u017eelite shraniti na oznaki. Ko so podatki programirani, lahko oznako prebere katera koli naprava, ki podpira NFC.<\/p>\n<h3><strong>3. Kak\u0161no je bralno obmo\u010dje oznake T5577 RFID?<\/strong><\/h3>\n<p>Obmo\u010dje branja za oznako RFID 12T5577 je\u00a0<strong>2 do 10 centimetrov<\/strong>. Ta obseg je optimalen za ve\u010dino aplikacij, saj omogo\u010da hitro in u\u010dinkovito izmenjavo podatkov brez potrebe po fizi\u010dnem stiku.<\/p>\n<h3><strong>4. Ali so te oznake vodotesne?<\/strong><\/h3>\n<p>Da, RFID oznake T5577 so zasnovane tako, da so vodoodporne\/odporne na vremenske vplive, zaradi \u010desar so primerne za uporabo v zaprtih prostorih in na prostem. Odporni so na vlago in razli\u010dne okoljske razmere.<\/p>","protected":false},"excerpt":{"rendered":"<p>The <strong>T5577 Dia 25mm premazan papir Programabilna fleksibilna oznaka RFID<\/strong>\u00a0je vsestranska in trajna re\u0161itev za u\u010dinkovito shranjevanje in iskanje podatkov, idealna za izdajanje vstopnic in upravljanje zalog. Zaradi njegove vodoodporne zasnove je v kombinaciji z mo\u017enostjo enostavnega programiranja in prilagajanja zanesljiva izbira za razli\u010dne aplikacije.<\/p>","protected":false},"featured_media":3565,"template":"","meta":[],"product_brand":[],"product_cat":[47],"product_tag":[],"class_list":{"0":"post-3564","1":"product","2":"type-product","3":"status-publish","4":"has-post-thumbnail","6":"product_cat-nfc-tags","8":"first","9":"instock","10":"shipping-taxable","11":"product-type-simple"},"_links":{"self":[{"href":"https:\/\/nfc-readers.com\/sl\/wp-json\/wp\/v2\/product\/3564","targetHints":{"allow":["GET"]}}],"collection":[{"href":"https:\/\/nfc-readers.com\/sl\/wp-json\/wp\/v2\/product"}],"about":[{"href":"https:\/\/nfc-readers.com\/sl\/wp-json\/wp\/v2\/types\/product"}],"wp:featuredmedia":[{"embeddable":true,"href":"https:\/\/nfc-readers.com\/sl\/wp-json\/wp\/v2\/media\/3565"}],"wp:attachment":[{"href":"https:\/\/nfc-readers.com\/sl\/wp-json\/wp\/v2\/media?parent=3564"}],"wp:term":[{"taxonomy":"product_brand","embeddable":true,"href":"https:\/\/nfc-readers.com\/sl\/wp-json\/wp\/v2\/product_brand?post=3564"},{"taxonomy":"product_cat","embeddable":true,"href":"https:\/\/nfc-readers.com\/sl\/wp-json\/wp\/v2\/product_cat?post=3564"},{"taxonomy":"product_tag","embeddable":true,"href":"https:\/\/nfc-readers.com\/sl\/wp-json\/wp\/v2\/product_tag?post=3564"}],"curies":[{"name":"wp","href":"https:\/\/api.w.org\/{rel}","templated":true}]}}