{"id":3571,"date":"2024-11-06T13:14:59","date_gmt":"2024-11-06T13:14:59","guid":{"rendered":"https:\/\/nfc-readers.com\/?post_type=product&#038;p=3571"},"modified":"2024-11-06T13:14:59","modified_gmt":"2024-11-06T13:14:59","slug":"factory-wholesale-roll-rfid-sticker-nfc-30mm-25mm","status":"publish","type":"product","link":"https:\/\/nfc-readers.com\/sl\/ic-reader\/factory-wholesale-roll-rfid-sticker-nfc-30mm-25mm\/","title":{"rendered":"Tovarni\u0161ka veleprodajna zvitka RFID nalepke NFC 30 mm 25 mm"},"content":{"rendered":"<h1 style=\"text-align: center;\"><strong>Tovarni\u0161ka veleprodajna zvitka RFID nalepke NFC 30 mm 25 mm<\/strong><\/h1>\n<p>The <strong>Tovarni\u0161ka veleprodajna zvitka RFID nalepke NFC<\/strong>, ki je na voljo v velikostih 30 mm in 25 mm, je v ospredju inovativnih re\u0161itev za ozna\u010devanje. Te nalepke NFC, ki jih poganja napredni \u010dip NXP NTAG213, ponujajo izjemno vsestranskost za identifikacijo, nadzor dostopa in interakcijo z izdelki. Te nalepke, zasnovane za optimalno delovanje, zagotavljajo brezhibno komunikacijo med napravami, zaradi \u010desar so nepogre\u0161ljivo orodje za podjetja, ki \u017eelijo izbolj\u0161ati svojo operativno u\u010dinkovitost. Izberite ta izdelek vrhunske kakovosti in odprite vrata v novo kraljestvo mo\u017enosti v tehnologiji NFC in re\u0161itvah RFID.<\/p>\n<p>&nbsp;<\/p>\n<h3><span style=\"font-size: 80%;\"><strong>Prednosti izdelka: Zakaj bi morali kupiti na\u0161e nalepke NFC<\/strong><\/span><\/h3>\n<ol>\n<li><strong>Napredna tehnologija<\/strong>: Te nalepke z uporabo najsodobnej\u0161ega \u010dipa NTAG213 in zdru\u017eljivosti s protokolom ISO 14443A zagotavljajo robusten komunikacijski vmesnik prek tehnologij RFID in NFC.<\/li>\n<li><strong>Trajnost in vsestranskost<\/strong>: Vodoodporne in vremensko odporne lastnosti na\u0161ih nalepk RFID zagotavljajo, da lahko prenesejo te\u017eke okoljske pogoje, zaradi \u010desar so primerne tako za notranjo kot zunanjo uporabo.<\/li>\n<li><strong>Visoka zmogljivost<\/strong>: Z razdaljo branja 1\u201310 cm ponujajo te nalepke NFC zanesljiv doseg za u\u010dinkovit prenos podatkov in komunikacijo.<\/li>\n<li><strong>Mo\u017enosti prilagajanja<\/strong>: Te nalepke, ki so na voljo v razli\u010dnih velikostih in prilagodljivih tiskih, jih je mogo\u010de prilagoditi posebnim potrebam blagovne znamke in operativnim potrebam.<\/li>\n<li><strong>Stro\u0161kovna u\u010dinkovitost<\/strong>: Tovarni\u0161ke veleprodajne cene zagotavljajo, da si lahko podjetja vseh velikosti privo\u0161\u010dijo to visokokakovostno tehnologijo, ne da bi pri tem izgubila denar.<\/li>\n<\/ol>\n<p>&nbsp;<\/p>\n<h3>Pogosto zastavljena vpra\u0161anja (FAQ)<\/h3>\n<h4>V1: Ali so te nalepke vodoodporne?<\/h4>\n<p><strong>A1<\/strong>: Da! Na\u0161e nalepke NFC so vodoodporne in odporne na vremenske vplive, kar zagotavlja vzdr\u017eljivost v razli\u010dnih okoljih.<\/p>\n<h4>V2: Ali lahko na te nalepke po meri natisnem svoj logotip?<\/h4>\n<p><strong>A2<\/strong>: Vsekakor! Ponujamo razli\u010dne mo\u017enosti tiskanja, vklju\u010dno s tiskanjem CMYK 4C, ki vam pomaga ustvariti prepoznavne elemente blagovne znamke na va\u0161ih nalepkah.<\/p>\n<h4>V3: Katere naprave so zdru\u017eljive z va\u0161imi nalepkami NFC?<\/h4>\n<p><strong>A3<\/strong>: Na\u0161e nalepke so zdru\u017eljive s katerim koli\u00a0<strong>Pametni telefon ali naprava, ki podpira NFC<\/strong>, vklju\u010dno z izdelki za Android in iOS.<\/p>\n<p>&nbsp;<\/p>\n<h3>Mo\u017enosti velikosti: 30 mm in 25 mm<\/h3>\n<p>Razpolo\u017eljivost dveh vidnih velikosti,\u00a0<strong>30 mm<\/strong>\u00a0in\u00a0<strong>25 mm<\/strong>, skrbi za razli\u010dne potrebe v ve\u010d panogah. Obe velikosti sta enostavni za pritrditev in ju je mogo\u010de nanesti na izdelke, embala\u017eo ali celo dokumente brez ogro\u017eanja funkcionalnosti. Kompaktna narava teh nalepk zagotavlja, da se lahko prilegajo, ne da bi ovirali celotno estetiko izdelka, na katerega so pritrjene.<\/p>\n<p>&nbsp;<\/p>\n<h3>Prakti\u010dne uporabe na\u0161ih nalepk RFID<\/h3>\n<p>Od sistemov za nadzor dostopa do preverjanja izdelkov\u00a0<strong>aplikacija<\/strong>\u00a0na\u0161ega\u00a0<strong>RFID nalepke<\/strong>\u00a0so ogromni. Podjetja lahko izbolj\u0161ajo svojo interakcijo s strankami tako, da v nalepke vdelajo digitalno vsebino ali povezave, s \u010dimer strankam zagotovijo enostaven dostop do promocij, dodatnih informacij ali celo ve\u010dpredstavnostnih izku\u0161enj, ki obogatijo njihovo potovanje. Industrije, kot so trgovina na drobno, logistika in zdravstvo, lahko znatno pridobijo s temi vsestranskimi nalepkami.<\/p>","protected":false},"excerpt":{"rendered":"<p>Predstavljamo na\u0161e tovarni\u0161ke veleprodajne nalepke RFID v zvitkih, ki so na voljo v velikostih 30 mm in 25 mm. Te vzdr\u017eljive nalepke, ki jih je mogo\u010de prilagoditi, omogo\u010dajo brezhibno komunikacijo NFC za razli\u010dne aplikacije.<\/p>","protected":false},"featured_media":3572,"template":"","meta":[],"product_brand":[],"product_cat":[48],"product_tag":[],"class_list":{"0":"post-3571","1":"product","2":"type-product","3":"status-publish","4":"has-post-thumbnail","6":"product_cat-nfc-stickers","8":"first","9":"instock","10":"shipping-taxable","11":"product-type-simple"},"_links":{"self":[{"href":"https:\/\/nfc-readers.com\/sl\/wp-json\/wp\/v2\/product\/3571","targetHints":{"allow":["GET"]}}],"collection":[{"href":"https:\/\/nfc-readers.com\/sl\/wp-json\/wp\/v2\/product"}],"about":[{"href":"https:\/\/nfc-readers.com\/sl\/wp-json\/wp\/v2\/types\/product"}],"wp:featuredmedia":[{"embeddable":true,"href":"https:\/\/nfc-readers.com\/sl\/wp-json\/wp\/v2\/media\/3572"}],"wp:attachment":[{"href":"https:\/\/nfc-readers.com\/sl\/wp-json\/wp\/v2\/media?parent=3571"}],"wp:term":[{"taxonomy":"product_brand","embeddable":true,"href":"https:\/\/nfc-readers.com\/sl\/wp-json\/wp\/v2\/product_brand?post=3571"},{"taxonomy":"product_cat","embeddable":true,"href":"https:\/\/nfc-readers.com\/sl\/wp-json\/wp\/v2\/product_cat?post=3571"},{"taxonomy":"product_tag","embeddable":true,"href":"https:\/\/nfc-readers.com\/sl\/wp-json\/wp\/v2\/product_tag?post=3571"}],"curies":[{"name":"wp","href":"https:\/\/api.w.org\/{rel}","templated":true}]}}