{"id":3578,"date":"2024-11-06T13:26:21","date_gmt":"2024-11-06T13:26:21","guid":{"rendered":"https:\/\/nfc-readers.com\/?post_type=product&#038;p=3578"},"modified":"2024-11-06T13:26:21","modified_gmt":"2024-11-06T13:26:21","slug":"nfc-sticker-manufacturer-customize-anti-counterfeiting-label","status":"publish","type":"product","link":"https:\/\/nfc-readers.com\/sl\/ic-reader\/nfc-sticker-manufacturer-customize-anti-counterfeiting-label\/","title":{"rendered":"Proizvajalec nalepk NFC prilagodi oznako proti ponarejanju"},"content":{"rendered":"<h1 style=\"text-align: center;\"><strong>Proizvajalec nalepk NFC prilagodi oznako proti ponarejanju<\/strong><\/h1>\n<p>&nbsp;<\/p>\n<p>V dana\u0161nji digitalni dobi potreba po varnih in zanesljivih re\u0161itvah blagovnih znamk \u0161e nikoli ni bila tako pomembna. Na\u0161 <strong>NFC nalepke<\/strong>, posebej zasnovani za aplikacije proti ponarejanju, ponujajo revolucionaren na\u010din za zagotavljanje pristnosti izdelkov in pove\u010danje zaupanja strank. Prilagojeno in prilagojeno za razli\u010dne namene, na\u0161e\u00a0<strong>NFC oznake<\/strong>\u00a0so ve\u010d kot le nalepke; so podpis varnosti, ki ga je mogo\u010de neopazno vklju\u010diti v va\u0161e podjetje. Z uporabo napredne tehnologije, kot je npr\u00a0<strong>NTAG 424 DNA NFC oznaka<\/strong>, te nalepke ponujajo vrsto funkcij, ki ne le \u0161\u010ditijo va\u0161e izdelke, ampak tudi pritegnejo va\u0161e stranke na nove in inovativne na\u010dine.<\/p>\n<p>&nbsp;<\/p>\n<p><strong>Zakaj kupiti NFC nalepke?<\/strong><br \/>\nVlaganje v nalepke NFC na\u0161ega proizvajalca pomeni za\u0161\u010dito va\u0161e blagovne znamke pred ponarejanjem, hkrati pa zagotavljanje interaktivne izku\u0161nje za va\u0161e stranke. Uporaba visoko zmogljivih <strong>RFID in NFC<\/strong>\u00a0tehnologija zagotavlja, da vsaka nalepka deluje kot edinstven identifikator, s \u010dimer se izbolj\u0161a ne le varnost, ampak tudi splo\u0161no izku\u0161njo blagovne znamke. To niso le oznake; so mo\u010dno orodje za krepitev zaupanja potro\u0161nikov.<\/p>\n<p>&nbsp;<\/p>\n<h3>Posebne funkcije nalepk NFC<\/h3>\n<p>Nalepke NFC so opremljene s funkcijami, zaradi katerih so odli\u010dna izbira za aplikacije proti ponarejanju. Od mo\u017enosti prilagajanja do razli\u010dnih velikosti in oblik, te nalepke zdru\u017eujejo funkcionalnost z uporabniku prijaznimi vmesniki.<\/p>\n<h3>Komunikacijski vmesnik: RFID in NFC<\/h3>\n<p>Razi\u0161\u010dite brezhibno integracijo\u00a0<strong>RFID in NFC<\/strong>\u00a0tehnologije v teh nalepkah. Spoznajte, kako delujejo skupaj, da zagotovijo robustne komunikacijske zmogljivosti med oznakami in napravami, ki podpirajo NFC.<\/p>\n<h3>Pogostost in zmogljivost<\/h3>\n<p>S frekvenco\u00a0<strong>13,56 MHz<\/strong>, te oznake NFC zagotavljajo zanesljivo razdaljo branja od 1 do 10 cm, kar zagotavlja hitro in u\u010dinkovito skeniranje v maloprodajnih nastavitvah ali logisti\u010dnih aplikacijah.<\/p>\n<h3>Uporabljeni materiali: premazan papir in PET<\/h3>\n<p>Izbira materialov vpliva na vzdr\u017eljivost in delovanje nalepk NFC. Ta razdelek pojasnjuje, zakaj uporabljamo\u00a0<strong>premazan papir in PET<\/strong>\u00a0in kako ti materiali prispevajo k dolgo\u017eivosti in uporabnosti nalepke v razli\u010dnih okoljih.<\/p>\n<p>&nbsp;<\/p>\n<h2>Pogosto zastavljena vpra\u0161anja (FAQ)<\/h2>\n<h3>1.\u00a0<strong>Kaj so nalepke NFC in kako delujejo?<\/strong><\/h3>\n<p>Nalepke NFC (Near Field Communication) so majhne nalepke z vdelano tehnologijo NFC, ki omogo\u010da brez\u017ei\u010dno komunikacijo med nalepko in napravami, ki podpirajo NFC, kot so pametni telefoni ali tabli\u010dni ra\u010dunalniki. Ko se uporabnik s svojo napravo dotakne ob nalepko, lahko spro\u017ei razli\u010dna dejanja, na primer prikaz informacij o izdelku, obisk spletnega mesta ali potrditev pristnosti.<\/p>\n<hr \/>\n<h3>2.\u00a0<strong>Kak\u0161na je najve\u010dja razdalja branja va\u0161ih nalepk NFC?<\/strong><\/h3>\n<p>Na\u0161e nalepke NFC imajo razdaljo branja\u00a0<strong>1-10 cm<\/strong>\u00a0(pribli\u017eno 0,4-4 palca). U\u010dinkovit doseg je odvisen od uporabljene naprave in okolja, v katerem se skenira.<\/p>\n<hr \/>\n<h3>3.\u00a0<strong>Ali je nalepke NFC mogo\u010de prilagoditi?<\/strong><\/h3>\n<p>ja! Na\u0161e nalepke NFC je mogo\u010de popolnoma prilagoditi glede velikosti, oblike, dizajna in natisnjene vsebine. Ponujamo\u00a0<strong>CMYK polnobarvni tisk, ofsetni tisk in sitotisk<\/strong>\u00a0mo\u017enosti za zagotovitev, da je sporo\u010dilo va\u0161e blagovne znamke vidno prikazano.<\/p>","protected":false},"excerpt":{"rendered":"<p>Na\u0161e nalepke NFC so prilagojene nalepke proti ponarejanju, namenjene izbolj\u0161anju varnosti in pristnosti izdelkov. Z napredno tehnologijo in edinstvenim dizajnom te nalepke podjetjem ponujajo zanesljivo re\u0161itev za za\u0161\u010dito njihove blagovne znamke in privabljanje strank na interaktiven na\u010din.<\/p>","protected":false},"featured_media":3579,"template":"","meta":[],"product_brand":[],"product_cat":[48],"product_tag":[],"class_list":{"0":"post-3578","1":"product","2":"type-product","3":"status-publish","4":"has-post-thumbnail","6":"product_cat-nfc-stickers","8":"first","9":"instock","10":"shipping-taxable","11":"product-type-simple"},"_links":{"self":[{"href":"https:\/\/nfc-readers.com\/sl\/wp-json\/wp\/v2\/product\/3578","targetHints":{"allow":["GET"]}}],"collection":[{"href":"https:\/\/nfc-readers.com\/sl\/wp-json\/wp\/v2\/product"}],"about":[{"href":"https:\/\/nfc-readers.com\/sl\/wp-json\/wp\/v2\/types\/product"}],"wp:featuredmedia":[{"embeddable":true,"href":"https:\/\/nfc-readers.com\/sl\/wp-json\/wp\/v2\/media\/3579"}],"wp:attachment":[{"href":"https:\/\/nfc-readers.com\/sl\/wp-json\/wp\/v2\/media?parent=3578"}],"wp:term":[{"taxonomy":"product_brand","embeddable":true,"href":"https:\/\/nfc-readers.com\/sl\/wp-json\/wp\/v2\/product_brand?post=3578"},{"taxonomy":"product_cat","embeddable":true,"href":"https:\/\/nfc-readers.com\/sl\/wp-json\/wp\/v2\/product_cat?post=3578"},{"taxonomy":"product_tag","embeddable":true,"href":"https:\/\/nfc-readers.com\/sl\/wp-json\/wp\/v2\/product_tag?post=3578"}],"curies":[{"name":"wp","href":"https:\/\/api.w.org\/{rel}","templated":true}]}}