{"id":3594,"date":"2024-11-07T11:55:05","date_gmt":"2024-11-07T11:55:05","guid":{"rendered":"https:\/\/nfc-readers.com\/?post_type=product&#038;p=3594"},"modified":"2024-11-07T11:55:05","modified_gmt":"2024-11-07T11:55:05","slug":"icodeslix2-iso15693-rfid-card-for-library-management","status":"publish","type":"product","link":"https:\/\/nfc-readers.com\/sl\/ic-reader\/icodeslix2-iso15693-rfid-card-for-library-management\/","title":{"rendered":"ICODESLIX2 ISO15693 RFID kartica za upravljanje knji\u017enice"},"content":{"rendered":"<h1 style=\"text-align: center;\"><span style=\"color: #000080;\"><strong>ICODESLIX2 ISO15693 RFID kartica za upravljanje knji\u017enice<\/strong><\/span><\/h1>\n<div class=\"chat-list relative custom-scrollbar-reset-margin custom-scrollbar custom-scrollbar-hidden custom-scrollbar-float pb-9 flex-1 overflow-y-auto\">\n<div class=\"mx-auto max-w-[790px]\">\n<div class=\"message-item-outer relative px-4 mb-2\" data-id=\"364de8f7-3595-4f4e-adbf-ca8cd06befd0\">\n<div class=\"content-area pl-[0px]\">\n<div class=\"message-item select-text relative\">\n<div class=\"message-inner relative\">\n<div class=\"py-[2px]\">\n<div class=\"flex flex-col gap-2\">\n<div class=\"answer-markdown-box overflow-x-auto select-text custom-scrollbar\">\n<div class=\"markdown-body\">\n<p><span style=\"color: #666699;\"><strong>V dobi, ko tehnologija hitro spreminja vsakodnevne operacije, je integracija kartic ICODESLIX2 ISO15693 RFID za upravljanje knji\u017enic sprememba igre. Ta inovacija ne le poenostavlja delovanje, ampak tudi obogati uporabni\u0161ko izku\u0161njo, s \u010dimer bistveno izbolj\u0161a u\u010dinkovitost in varnost v knji\u017enicah. Te pametne kartice so posebej zasnovane za izbolj\u0161anje na\u010dina, kako knji\u017enice upravljajo inventar, sledijo virom in sodelujejo s svojimi obiskovalci.<\/strong><\/span><\/p>\n<p>&nbsp;<\/p>\n<\/div>\n<p>&nbsp;<\/p>\n<div class=\"markdown-body\">\n<h2 style=\"text-align: center;\"><span style=\"color: #000080;\"><em><strong>Prednosti kartic RFID ICODESLIX2 ISO15693<\/strong><\/em><\/span><\/h2>\n<p style=\"text-align: left;\">\n<span style=\"color: #008080;\">Kartica RFID ICODESLIX2 ISO15693 ponuja knji\u017enicam brezhibno re\u0161itev za sledenje in upravljanje virov. Z uporabo te vrhunske tehnologije lahko knji\u017enice avtomatizirajo \u0161tevilne procese, s \u010dimer zmanj\u0161ajo delovno obremenitev osebja in zmanj\u0161ajo \u010dlove\u0161ke napake. Pri teh karticah RFID ne gre le za u\u010dinkovitost; ponujajo tudi izbolj\u0161ano varnost in enostavnost uporabe, zaradi \u010desar so neprecenljiva prednost za vsako knji\u017enico.<\/span><\/p>\n<p>&nbsp;<\/p>\n<p>&nbsp;<\/p>\n<h2 style=\"text-align: center;\"><em><span style=\"color: #000080;\"><strong>Visokokakovosten material in dizajn<\/strong><\/span><\/em><\/h2>\n<p>Na\u0161a ICODESLIX2 ISO15693 RFID kartica je izdelana iz trpe\u017enega PVC materiala, ki zagotavlja dolgo \u017eivljenjsko dobo in odpornost proti obrabi. Z dimenzijami <strong>85,5 mm x 54 mm<\/strong>, je kartica zasnovana za enostavno rokovanje in shranjevanje. Lastnosti kartice\u00a0<strong>Tisk CMYK4C<\/strong>, ki knji\u017enicam omogo\u010da, da kartico prilagodijo svojim blagovnim znamkam, zaradi \u010desar postane funkcionalno orodje in promocijski izdelek.<\/p>\n<p>&nbsp;<\/p>\n<\/div>\n<p>&nbsp;<\/p>\n<div class=\"markdown-body\">\n<h2 style=\"text-align: center;\"><span style=\"color: #000080;\"><em><strong>Klju\u010dni atributi:<\/strong><\/em><\/span><\/h2>\n<ul>\n<li><strong>Material<\/strong>Material: PVC<\/li>\n<li><strong>Velikost<\/strong>Dimenzije: 85,5 x 54 mm<\/li>\n<li>Izbolj\u0161an komunikacijski vmesnik<\/li>\n<li>Kartica ICODESLIX2 deluje na frekvenci <strong>13,56 MHz<\/strong>, ki uporablja komunikacijske vmesnike RFID in NFC. To zagotavlja brezhibno interakcijo z razli\u010dnimi \u010ditalniki kartic, krepi integracijo sistemov za nadzor dostopa in programske opreme za upravljanje knji\u017enice.<\/li>\n<\/ul>\n<p>&nbsp;<\/p>\n<p>&nbsp;<\/p>\n<h2 style=\"text-align: center;\"><em><span style=\"color: #000080;\"><strong>Koristi za knji\u017enice<\/strong><\/span><\/em><\/h2>\n<ul>\n<li><strong>Dinami\u010dno upravljanje podatkov<\/strong>: U\u010dinkovite posodobitve pomagajo pri sledenju procesov prijave\/odjave v realnem \u010dasu.<\/li>\n<li><strong>Izbolj\u0161an nadzor zalog<\/strong>: Zmanj\u0161ajte izgube z natan\u010dnimi zmogljivostmi sledenja.<\/li>\n<\/ul>\n<p>&nbsp;<\/p>\n<h3><strong><span style=\"color: #333399;\">Uporabniku prijazna aplikacija<\/span><\/strong><\/h3>\n<p>Uporaba tehnologije ICODESLIX2 RFID presega tradicionalno upravljanje virov. Knji\u017enice lahko te kartice uporabljajo za:<\/p>\n<ul>\n<li><strong>Identifikacija pokrovitelja<\/strong>: Hitri pregledi na blagajni\u0161kih okencih.<\/li>\n<li><strong>Sledenje dogodkom<\/strong>: Evidenca udele\u017ebe na delavnicah ali dogodkih.<\/li>\n<li><strong>Dodeljevanje virov<\/strong>: Samodejno bele\u017eenje ravnanja z viri.<\/li>\n<\/ul>\n<p>&nbsp;<\/p>\n<h3><strong><span style=\"color: #333399;\">Na uporabnika osredoto\u010dene funkcije:<\/span><\/strong><\/h3>\n<ul>\n<li><strong>Enostavna integracija<\/strong>: Enostavna integracija v obstoje\u010de knji\u017eni\u010dne sisteme.<\/li>\n<li><strong>Zahtevano minimalno usposabljanje<\/strong>: Osebje se bo hitro prilagodilo uporabi novih karti\u010dnih sistemov.<\/li>\n<\/ul>\n<p>&nbsp;<\/p>\n<\/div>\n<p>&nbsp;<\/p>\n<div class=\"markdown-body\">\n<h2 style=\"text-align: center;\"><em><span style=\"color: #000080;\"><strong>Tehni\u010dne specifikacije in zmogljivost<\/strong><\/span><\/em><\/h2>\n<p>celovito razumevanje specifikacij kartice pomaga pri sprejemanju odlo\u010ditev na podlagi informacij.<\/p>\n<div class=\"table-with-header rounded-lg border border-solid border-grey-line2-normal w-fit max-w-full mb-2\">\n<div class=\"overflow-x-auto custom-scrollbar custom-scrollbar-float max-w-full\">\n<table class=\"w-fit !mb-0 !max-w-none\" style=\"height: 226px;\" width=\"440\">\n<thead>\n<tr>\n<th>Specifikacija<\/th>\n<th>Vrednost<\/th>\n<\/tr>\n<\/thead>\n<tbody>\n<tr>\n<td>\u010dip<\/td>\n<td>ICODESLIX2<\/td>\n<\/tr>\n<tr>\n<td>Pogostost<\/td>\n<td>13,56 MHz<\/td>\n<\/tr>\n<tr>\n<td>Spomin<\/td>\n<td>2kbit<\/td>\n<\/tr>\n<tr>\n<td>Razdalja branja<\/td>\n<td>2-10 cm<\/td>\n<\/tr>\n<tr>\n<td>Material<\/td>\n<td>PVC<\/td>\n<\/tr>\n<tr>\n<td>Velikost<\/td>\n<td>85<\/td>\n<\/tr>\n<\/tbody>\n<\/table>\n<\/div>\n<\/div>\n<p>&nbsp;<\/p>\n<h2 style=\"text-align: center;\"><em><span style=\"color: #000080;\"><strong>Prednosti NFC:<\/strong><\/span><\/em><\/h2>\n<ul>\n<li><strong>Brezsti\u010dne transakcije<\/strong>: Uporabniki lahko hitro dotaknejo svoje kartice za dostop do knji\u017eni\u010dnih sistemov brez fizi\u010dnega stika.<\/li>\n<li><strong>Zdru\u017eljivost<\/strong>: Tehnologijo kartice je razvilo podjetje NXP Semiconductors, kar zagotavlja, da deluje z razli\u010dnimi sistemi \u010ditalnikov.<\/li>\n<li>Robusten pomnilnik in funkcionalnost<\/li>\n<li>Opremljen z <strong style=\"color: #555555;\">2kbit pomnilnik<\/strong><span style=\"color: #555555;\">, ICODESLIX2 ISO15693 RFID kartica ponuja dovolj prostora za shranjevanje bistvenih podatkov. Funkcionalnost branja in pisanja omogo\u010da knji\u017enicam dinami\u010dno posodabljanje podatkov, kar zagotavlja, da informacije, kot so razpolo\u017eljivost knjig in podrobnosti o pokroviteljih, ostanejo aktualne.<\/span><\/li>\n<\/ul>\n<p>&nbsp;<\/p>\n<\/div>\n<p>&nbsp;<\/p>\n<h2 style=\"text-align: center;\"><span style=\"color: #000080;\"><em><strong>Vpliv na okolje<\/strong><\/em><\/span><\/h2>\n<ul>\n<li><strong>Trajnostni materiali<\/strong>: Na\u0161 PVC je mogo\u010de reciklirati, kar prispeva manj okoljskih odpadkov.<\/li>\n<li><strong>Dolgo\u017eivost<\/strong>: Zmanj\u0161a potrebo po pogostih menjavah.<\/li>\n<\/ul>\n<p>&nbsp;<\/p>\n<\/div>\n<p>&nbsp;<\/p>\n<div class=\"answer-markdown-box overflow-x-auto select-text custom-scrollbar\">\n<h3 style=\"text-align: center;\"><span style=\"color: #333399;\"><strong>U\u010dinkovita orodja za interakcijo in upravljanje<\/strong><\/span><\/h3>\n<p>RFID kartica ICODESLIX2 poenostavlja interakcijo med uporabniki in knji\u017eni\u010dnimi sistemi:<\/p>\n<ul>\n<li><strong>Poenostavljeni procesi<\/strong>: Skraj\u0161ajte \u010dakalne dobe pri okencih za odjavo in tako pove\u010dajte zadovoljstvo uporabnikov.<\/li>\n<li><strong>Vpogled v podatke<\/strong>: Ustvarite poro\u010dila o uporabi, ki nudijo vpogled v dodeljevanje virov in dejavnost pokroviteljev.<\/li>\n<\/ul>\n<p>&nbsp;<\/p>\n<h3 style=\"text-align: center;\"><span style=\"color: #333399;\"><strong>Napredna orodja za upravljanje<\/strong><\/span><\/h3>\n<ul>\n<li><strong>Integracija z digitalnimi sistemi<\/strong>: Brezhibno se pove\u017eite z razli\u010dnimi sistemi za upravljanje knji\u017enic.<\/li>\n<li><strong>Posodobitve v realnem \u010dasu<\/strong>: Takoj\u0161nja sinhronizacija z bazo inventarja.<\/li>\n<\/ul>\n<\/div>\n<\/div>\n<\/div>\n<\/div>\n<\/div>\n<\/div>\n<\/div>\n<\/div>\n<\/div>","protected":false},"excerpt":{"rendered":"<p>Izbolj\u0161ajte upravljanje knji\u017enice s karticami ICODESLIX2 ISO15693 RFID, ki ponujajo u\u010dinkovito sledenje virom, enostavno integracijo in izbolj\u0161ano sodelovanje uporabnikov.<\/p>","protected":false},"featured_media":3480,"template":"","meta":[],"product_brand":[],"product_cat":[46],"product_tag":[],"class_list":{"0":"post-3594","1":"product","2":"type-product","3":"status-publish","4":"has-post-thumbnail","6":"product_cat-nfc-cards","8":"first","9":"instock","10":"shipping-taxable","11":"product-type-simple"},"_links":{"self":[{"href":"https:\/\/nfc-readers.com\/sl\/wp-json\/wp\/v2\/product\/3594","targetHints":{"allow":["GET"]}}],"collection":[{"href":"https:\/\/nfc-readers.com\/sl\/wp-json\/wp\/v2\/product"}],"about":[{"href":"https:\/\/nfc-readers.com\/sl\/wp-json\/wp\/v2\/types\/product"}],"wp:featuredmedia":[{"embeddable":true,"href":"https:\/\/nfc-readers.com\/sl\/wp-json\/wp\/v2\/media\/3480"}],"wp:attachment":[{"href":"https:\/\/nfc-readers.com\/sl\/wp-json\/wp\/v2\/media?parent=3594"}],"wp:term":[{"taxonomy":"product_brand","embeddable":true,"href":"https:\/\/nfc-readers.com\/sl\/wp-json\/wp\/v2\/product_brand?post=3594"},{"taxonomy":"product_cat","embeddable":true,"href":"https:\/\/nfc-readers.com\/sl\/wp-json\/wp\/v2\/product_cat?post=3594"},{"taxonomy":"product_tag","embeddable":true,"href":"https:\/\/nfc-readers.com\/sl\/wp-json\/wp\/v2\/product_tag?post=3594"}],"curies":[{"name":"wp","href":"https:\/\/api.w.org\/{rel}","templated":true}]}}