{"id":3595,"date":"2024-11-07T12:13:18","date_gmt":"2024-11-07T12:13:18","guid":{"rendered":"https:\/\/nfc-readers.com\/?post_type=product&#038;p=3595"},"modified":"2024-11-07T12:13:18","modified_gmt":"2024-11-07T12:13:18","slug":"custom-plastic-pvc-nfc-card-printing-for-business","status":"publish","type":"product","link":"https:\/\/nfc-readers.com\/sl\/ic-reader\/custom-plastic-pvc-nfc-card-printing-for-business\/","title":{"rendered":"Tiskanje plasti\u010dnih PVC NFC kartic po meri za podjetja"},"content":{"rendered":"<h1><span style=\"color: #000080;\"><strong>Tiskanje plasti\u010dnih PVC NFC kartic po meri za podjetja<\/strong><\/span><\/h1>\n<p><strong><span style=\"color: #666699;\">V dana\u0161njem hitrem digitalnem svetu je optimizacija poslovnih operacij klju\u010dnega pomena in Tiskanje plasti\u010dnih PVC kartic NFC po meri za podjetja je vodilno. Tehnologija NFC (Near Field Communication) izbolj\u0161uje, kako podjetja upravljajo nadzor dostopa, interakcije s strankami in promocijske dejavnosti. Kartice NFC po meri ne izbolj\u0161ajo samo sodelovanja, temve\u010d omogo\u010dajo tudi brezhibne transakcije, prilagojeno blagovno znamko in u\u010dinkovito upravljanje podatkov. Ne glede na to, ali i\u0161\u010dete kartice za nadzor dostopa, kartice Mifare ali kartice zvestobe, je nalo\u017eba v prilagojene re\u0161itve NFC strate\u0161ka poteza, ki lahko izbolj\u0161a va\u0161e poslovne funkcionalnosti.<\/span><\/strong><\/p>\n<p><span style=\"color: #008080;\">S \u0161tevilnimi prednostmi, ki segajo od izbolj\u0161ane varnosti do izbolj\u0161ane uporabni\u0161ke izku\u0161nje, lahko te kartice poskrbijo za razli\u010dne industrije, vklju\u010dno z maloprodajo, gostinstvom in javnim prevozom. Razi\u0161\u010dimo ve\u010dplastne prednosti in lastnosti kartic NFC, zakaj so vredne nalo\u017ebe in kako lahko bistveno izbolj\u0161ajo va\u0161e poslovne procese.<\/span><\/p>\n<hr \/>\n<h2><\/h2>\n<h2 style=\"text-align: center;\"><span style=\"color: #333399;\"><em><strong>Klju\u010dne lastnosti kartic NFC po meri<\/strong><\/em><\/span><\/h2>\n<p><strong>Ko se odlo\u010dite za tiskanje plasti\u010dnih PVC kartic NFC po meri za podjetja, sprejemate vsestransko orodje, prilagojeno va\u0161im edinstvenim potrebam. Te kartice so lahko izdelane iz trpe\u017enega materiala PVC+epoksi, kar zagotavlja, da vzdr\u017eijo vsakodnevno obrabo. Standardna velikost je 85,5 mm x 54 mm, vendar prilagoditev omogo\u010da razli\u010dne dimenzije, ki ustrezajo va\u0161im aplikacijam. Poleg tega se lahko odlo\u010dite za debelino po meri 0,85 mm za dodatno vzdr\u017eljivost.<\/strong><\/p>\n<p>&nbsp;<\/p>\n<h2 style=\"text-align: center;\"><em><span style=\"color: #333399;\"><strong>Prednosti<\/strong><\/span><\/em><\/h2>\n<ul>\n<li><strong>Vzdr\u017eljivost<\/strong>: PVC po meri zagotavlja dolgo \u017eivljenjsko dobo, zaradi \u010desar se va\u0161a nalo\u017eba izpla\u010da.<\/li>\n<li><strong>Prilagajanje<\/strong>: Izberite barve, logotipe in sloge tiskanja, ki odra\u017eajo identiteto va\u0161e blagovne znamke.<\/li>\n<\/ul>\n<p>&nbsp;<\/p>\n<h2 style=\"text-align: center;\"><em><span style=\"color: #333399;\"><strong>Posebne lastnosti<\/strong><\/span><\/em><\/h2>\n<p><strong>Vodotesen in odporen na vremenske vplive<\/strong><\/p>\n<p><strong>Kartice NFC po meri ponujajo posebne funkcije, namenjene izbolj\u0161anju uporabni\u0161ke izku\u0161nje in pove\u010danju vsestranskosti. Lahko so odporni na vodo in vremenske vplive, kar je klju\u010dnega pomena za podjetja, ki delujejo v razli\u010dnih okoljih.<\/strong><\/p>\n<h3><span style=\"color: #666699;\"><strong>Zakaj je to pomembno:<\/strong><\/span><\/h3>\n<ul>\n<li><strong>Vsestranskost<\/strong>: Idealno za dogodke na prostem, nadzor dostopa na zunanjih prizori\u0161\u010dih in drugo.<\/li>\n<li><strong>Dolgo\u017eivost<\/strong>: Kartice, ki so odporne na po\u0161kodbe zaradi vode, trajajo dlje, kar zagotavlja, da ne boste imeli pogostih stro\u0161kov zamenjave.<\/li>\n<\/ul>\n<p>&nbsp;<\/p>\n<h2 style=\"text-align: center;\"><em><span style=\"color: #333399;\"><strong>Tehni\u010dne specifikacije PVC NFC kartic<\/strong><\/span><\/em><\/h2>\n<p><span style=\"color: #008080;\"><strong>Razumevanje tehni\u010dnih specifikacij NFC kartic je bistvenega pomena za informirano odlo\u010danje. <\/strong><\/span><\/p>\n<p><span style=\"color: #008080;\"><strong>Tukaj je raz\u010dlenitev bistvenih podrobnosti:<\/strong><\/span><\/p>\n<div class=\"table-with-header rounded-lg border border-solid border-grey-line2-normal w-fit max-w-full mb-2\">\n<div class=\"overflow-x-auto custom-scrollbar custom-scrollbar-float max-w-full\">\n<table class=\"w-fit !mb-0 !max-w-none\" style=\"height: 265px;\" width=\"435\">\n<thead>\n<tr>\n<th>Atribut<\/th>\n<th>Specifikacija<\/th>\n<\/tr>\n<\/thead>\n<tbody>\n<tr>\n<td>\u010dip<\/td>\n<td>F08\/NTag213\/Tag215\/Tag216 (2k\/4k\/8k)<\/td>\n<\/tr>\n<tr>\n<td>Velikost<\/td>\n<td>85,5 mm x 54 mm\/prilagojeno<\/td>\n<\/tr>\n<tr>\n<td>Mo\u017enosti tiskanja<\/td>\n<td>CMYK4C Tisk\/offset\/sitotisk<\/td>\n<\/tr>\n<tr>\n<td>Pogostost<\/td>\n<td>13,56 MHz<\/td>\n<\/tr>\n<tr>\n<td>Spomin<\/td>\n<td>Do 8k, prilagodljiv<\/td>\n<\/tr>\n<tr>\n<td>Velikost embala\u017ee<\/td>\n<td>5,55 cm x 5,4 cm x 0,01 cm<\/td>\n<\/tr>\n<tr>\n<td>Bruto te\u017ea<\/td>\n<td>0,010 kg<\/td>\n<\/tr>\n<\/tbody>\n<\/table>\n<\/div>\n<\/div>\n<h2><span style=\"color: #666699;\"><strong>Dodatne funkcije:<\/strong><\/span><\/h2>\n<ul>\n<li><strong>Prilagojen logotip<\/strong>: Uporaba va\u0161e blagovne znamke pove\u010da prepoznavnost in profesionalnost.<\/li>\n<li><strong>Tanek, a mo\u010dan<\/strong>: Debelina 0,85 mm zagotavlja lahko kartico, ki je trpe\u017ena.<\/li>\n<\/ul>\n<p>&nbsp;<\/p>\n<h2 style=\"text-align: center;\"><strong><em><span style=\"color: #000080;\">Izbolj\u0161ani komunikacijski vmesniki RFID in NFC<\/span><\/em><\/strong><\/h2>\n<p>The <strong>komunikacijski vmesniki<\/strong>\u00a0kartic NFC so sestavni del njihove funkcije. Delujte s frekvenco\u00a0<strong>13,56 MHz<\/strong>, kartice NFC uporabljajo tehnologiji RFID in NFC, ki omogo\u010data hitro brezsti\u010dno izmenjavo podatkov.<\/p>\n<h3><span style=\"color: #666699;\"><strong>Klju\u010dne to\u010dke:<\/strong><\/span><\/h3>\n<ul>\n<li><strong>Brezhibne transakcije<\/strong>: Hitra in enostavna uporabni\u0161ka interakcija za pla\u010dila in dostop.<\/li>\n<li><strong>Zdru\u017eljivost<\/strong>: Brezhibno deluje z razli\u010dnimi\u00a0<strong>\u010ditalci kartic<\/strong>\u00a0in sistemi upravljanja, zaradi \u010desar je integracija enostavna.<\/li>\n<\/ul>\n<p>&nbsp;<\/p>\n<h3><span style=\"color: #666699;\"><strong>Industrijske aplikacije: <\/strong><\/span><\/h3>\n<p><strong>Empower Your BusinessCustom NFC kartice so neverjetno vsestranske in jih je mogo\u010de uporabiti v \u0161tevilnih industrijskih sektorjih. Od kartic Mifare za javni prevoz do kartic za nadzor dostopa za varna okolja, aplikacij je ogromno.<\/strong><\/p>\n<p>&nbsp;<\/p>\n<h3><span style=\"color: #666699;\"><strong>Primeri uporabe:<\/strong><\/span><\/h3>\n<ul>\n<li><strong>Maloprodaja<\/strong>: Uporabite kartice zvestobe za neposredno sodelovanje s strankami, nagrajevanje ponovnih obiskov in zajemanje dragocenih podatkov.<\/li>\n<li><strong>Gostoljubnost<\/strong>: Implementirajte pametne klju\u010de sob za hotele, ki gostom zagotavljajo brezhibno izku\u0161njo prijave.<\/li>\n<\/ul>\n<p>&nbsp;<\/p>\n<p>&nbsp;<\/p>\n<h2 style=\"text-align: center;\"><span style=\"color: #333399;\"><em><strong>Vpliv na okolje in trajnost<\/strong><\/em><\/span><\/h2>\n<p><strong>Vklju\u010devanje okolju prijaznih praks je klju\u010dnega pomena za dana\u0161nja podjetja. Na\u0161e PVC NFC kartice so lahko oblikovane tako, da zmanj\u0161ajo vpliv na okolje. Uporaba materialov, ki jih je mogo\u010de reciklirati, obravnava pomisleke glede trajnosti in hkrati ohranja visoko funkcionalnost.<\/strong><\/p>\n<ul>\n<li><strong>Ni\u017eji oglji\u010dni odtis<\/strong>: Uporaba trajnostnih materialov zmanj\u0161uje koli\u010dino odpadkov.<\/li>\n<li><strong>Trajna \u017eivljenjska doba<\/strong>: Visokokakovostne kartice pomenijo manj zamenjav, kar je bolje za okolje.<\/li>\n<\/ul>\n<p>&nbsp;<\/p>\n<h2 style=\"text-align: center;\"><em><span style=\"color: #333399;\"><strong>Mnenja strank<\/strong><\/span><\/em><\/h2>\n<ul>\n<li><strong>Sara K.<\/strong>: \u00bbMo\u017enosti prilagajanja so nam omogo\u010dile popolno integracijo na\u0161e blagovne znamke. Na\u0161im gostom so v\u0161e\u010d novi pametni klju\u010di sob!\u00ab<\/li>\n<li><strong>Mike R.<\/strong>: \u00bbTe kartice brezhibno delujejo z na\u0161im sistemom za nadzor dostopa. Namestitev je bila hitra in zdaj lahko preprosto upravljamo svoje poverilnice.\u00ab<\/li>\n<\/ul>","protected":false},"excerpt":{"rendered":"<p>Optimizirajte svoje poslovanje s PVC karticami NFC po meri, ki nudijo vzdr\u017eljivost, vodotesne funkcije, brezhibne transakcije in prilagojeno blagovno znamko za razli\u010dne aplikacije.<\/p>","protected":false},"featured_media":3597,"template":"","meta":[],"product_brand":[],"product_cat":[46],"product_tag":[],"class_list":{"0":"post-3595","1":"product","2":"type-product","3":"status-publish","4":"has-post-thumbnail","6":"product_cat-nfc-cards","8":"first","9":"instock","10":"shipping-taxable","11":"product-type-simple"},"_links":{"self":[{"href":"https:\/\/nfc-readers.com\/sl\/wp-json\/wp\/v2\/product\/3595","targetHints":{"allow":["GET"]}}],"collection":[{"href":"https:\/\/nfc-readers.com\/sl\/wp-json\/wp\/v2\/product"}],"about":[{"href":"https:\/\/nfc-readers.com\/sl\/wp-json\/wp\/v2\/types\/product"}],"wp:featuredmedia":[{"embeddable":true,"href":"https:\/\/nfc-readers.com\/sl\/wp-json\/wp\/v2\/media\/3597"}],"wp:attachment":[{"href":"https:\/\/nfc-readers.com\/sl\/wp-json\/wp\/v2\/media?parent=3595"}],"wp:term":[{"taxonomy":"product_brand","embeddable":true,"href":"https:\/\/nfc-readers.com\/sl\/wp-json\/wp\/v2\/product_brand?post=3595"},{"taxonomy":"product_cat","embeddable":true,"href":"https:\/\/nfc-readers.com\/sl\/wp-json\/wp\/v2\/product_cat?post=3595"},{"taxonomy":"product_tag","embeddable":true,"href":"https:\/\/nfc-readers.com\/sl\/wp-json\/wp\/v2\/product_tag?post=3595"}],"curies":[{"name":"wp","href":"https:\/\/api.w.org\/{rel}","templated":true}]}}