{"id":3602,"date":"2024-11-07T15:58:55","date_gmt":"2024-11-07T15:58:55","guid":{"rendered":"https:\/\/nfc-readers.com\/?post_type=product&#038;p=3602"},"modified":"2024-11-07T16:39:39","modified_gmt":"2024-11-07T16:39:39","slug":"write-url-dynamic-qr-code-ntag-213-nfc-card","status":"publish","type":"product","link":"https:\/\/nfc-readers.com\/sl\/ic-reader\/write-url-dynamic-qr-code-ntag-213-nfc-card\/","title":{"rendered":"Napi\u0161ite URL dinami\u010dno QR kodo Ntag 213 NFC kartico"},"content":{"rendered":"<h1 style=\"text-align: center;\"><span style=\"color: #000080;\"><strong>Napi\u0161ite URL dinami\u010dno QR kodo Ntag 213 NFC kartico<\/strong><\/span><\/h1>\n<p><span style=\"color: #666699;\"><strong>Dinami\u010dna koda QR za pisanje URL NTAG213 Kartica NFC: preoblikujte svoje poslovne interakcije V vse bolj digitalnem svetu sta u\u010dinkovita komunikacija in operativna u\u010dinkovitost najpomembnej\u0161i za vsako podjetje. NFC kartica Write URL Dynamic QR Code NTAG213 je revolucionaren izdelek, ki izbolj\u0161uje interakcije, poenostavlja procese in strankam in podjetjem olaj\u0161a povezovanje.<\/strong><\/span><\/p>\n<p>Te kartice NFC uporabljajo najsodobnej\u0161e\u00a0<strong>Tehnologija NTAG213<\/strong>\u00a0za zagotavljanje zmo\u017enosti dinami\u010dnih URL-jev, ki podjetjem omogo\u010dajo nemoteno usmerjanje uporabnikov na katero koli spletno mesto ali digitalni vir. Ta zmogljiva kombinacija tehnologije NFC in kode QR omogo\u010da vsestranske aplikacije, vklju\u010dno s tr\u017eenjskimi akcijami, upravljanjem dogodkov, preverjanjem pristnosti izdelkov in \u0161e veliko ve\u010d. Nalo\u017eba v NFC kartice NTAG213 ni le strate\u0161ka poteza, ampak korak k posodobitvi va\u0161ega poslovanja.<\/p>\n<hr \/>\n<p>&nbsp;<\/p>\n<p>&nbsp;<\/p>\n<h2 style=\"text-align: center;\"><em><strong><span style=\"color: #333399;\">Klju\u010dne lastnosti NFC kartice NTAG213<\/span><\/strong><\/em><\/h2>\n<p><span style=\"color: #008080;\"><strong>NFC kartica NTAG213 izstopa zaradi svojih inovativnih funkcij in robustne konstrukcije. Tukaj so bistveni atributi:<\/strong><\/span><\/p>\n<ul>\n<li><strong>Material<\/strong>: Izdelano iz visokokakovostnega\u00a0<strong>PVC<\/strong>, so te kartice zasnovane za vzdr\u017eljivost in dolgo \u017eivljenjsko dobo. Lahko prenesejo te\u017eke vsakodnevne uporabe, ne glede na to, ali se delijo na dogodkih ali uporabljajo v sistemih za nadzor dostopa.<\/li>\n<li><strong>Tehnologija \u010dipov<\/strong>: \u010cip NTAG213 je zasnovan posebej za aplikacije, ki zahtevajo dinami\u010dne podatke, in ponuja kapaciteto pomnilnika\u00a0<strong>144 bajtov<\/strong>\u00a0in mo\u017enost prepisovanja URL-jev kadar koli, ne da bi bilo treba tiskati nove kartice.<\/li>\n<li><strong>Velikost in prilagoditev<\/strong>: Standardne mere so\u00a0<strong>85,5 mm x 54 mm<\/strong>, kar omogo\u010da enotnost s tradicionalnimi velikostmi kreditnih kartic, zaradi \u010desar so enostavne za prena\u0161anje. Mo\u017ene so tudi prilagoditve velikosti in dizajna, ki ustrezajo va\u0161im potrebam blagovne znamke.<\/li>\n<\/ul>\n<p>&nbsp;<\/p>\n<p>&nbsp;<\/p>\n<h2 style=\"text-align: center;\"><em><strong><span style=\"color: #333399;\">Posebne lastnosti<\/span><\/strong><\/em><\/h2>\n<p style=\"text-align: left;\"><strong>Vodotesen in vremensko odporen dizajn<\/strong><\/p>\n<p style=\"text-align: left;\">Ena od izjemnih lastnosti NFC kartic Write URL je njihova\u00a0<strong>vodotesen in odporen na vremenske vplive<\/strong>\u00a0lastnosti. Podjetja, ki delujejo v razli\u010dnih okoljih, imajo lahko veliko koristi od teh funkcij.<\/p>\n<ul>\n<li><strong>Vsestranskost<\/strong>: Te kartice so idealne za dogodke na prostem, kjer lahko izpostavljenost vlagi po\u0161koduje standardne kartice. Ne glede na to, ali gre za glasbeni festival, \u0161portni dogodek ali marketin\u0161ke akcije na prostem, va\u0161\u00a0<strong>NTAG213 NFC kartica<\/strong>\u00a0bo delovalo zanesljivo.<\/li>\n<li><strong>Dolgo\u017eivost<\/strong>: Odpornost na po\u0161kodbe zaradi vode ne le podalj\u0161a \u017eivljenjsko dobo kartice, ampak tudi prihrani stro\u0161ke, povezane s pogostimi menjavami.<\/li>\n<\/ul>\n<p>&nbsp;<\/p>\n<h2 style=\"text-align: center;\"><em><strong><span style=\"color: #333399;\">Komunikacijski vmesniki<\/span><\/strong><\/em><\/h2>\n<ul>\n<li><strong>RFID in NFC<\/strong>: Deluje s frekvenco\u00a0<strong>13,56 MHz<\/strong>, te kartice uporabljajo tehnologiji RFID in NFC za omogo\u010danje brezkontaktne komunikacije. To zagotavlja hitro in u\u010dinkovito izmenjavo podatkov ter izbolj\u0161a uporabni\u0161ko izku\u0161njo med transakcijami.<\/li>\n<li><strong>Brezhibne transakcije<\/strong>: Integracija tehnologije NFC omogo\u010da preprosto interakcijo. Uporabniki se lahko s svojo kartico preprosto dotaknejo zdru\u017eljivega bralnika in takoj prika\u017eejo povezani URL, ki jih lahko usmeri na spletno mesto, obrazec ali ve\u010dpredstavnostno vsebino.<\/li>\n<\/ul>\n<p>&nbsp;<\/p>\n<p>&nbsp;<\/p>\n<h2 style=\"text-align: center;\"><em><span style=\"color: #333399;\"><strong>Tehni\u010dne specifikacije<\/strong><\/span><\/em><\/h2>\n<p><span style=\"color: #008080;\"><strong>Za informirano odlo\u010danje so tukaj podrobne tehni\u010dne specifikacije NFC kartice Write URL Dynamic QR Code NTAG213:<\/strong><\/span><\/p>\n<div class=\"table-with-header rounded-lg border border-solid border-grey-line2-normal w-fit max-w-full mb-2\">\n<div class=\"overflow-x-auto custom-scrollbar custom-scrollbar-float max-w-full\">\n<table class=\"w-fit !mb-0 !max-w-none\">\n<thead>\n<tr>\n<th><strong>Atribut<\/strong><\/th>\n<th><strong>Specifikacija<\/strong><\/th>\n<\/tr>\n<\/thead>\n<tbody>\n<tr>\n<td><strong>\u010dip<\/strong><\/td>\n<td>NTAG213 (registrirana blagovna znamka NXP\u00ae)<\/td>\n<\/tr>\n<tr>\n<td><strong>Material<\/strong><\/td>\n<td>PVC<\/td>\n<\/tr>\n<tr>\n<td><strong>Velikost<\/strong><\/td>\n<td>85,5 mm x 54 mm<\/td>\n<\/tr>\n<tr>\n<td><strong>Spomin<\/strong><\/td>\n<td>144 bajtov (na voljo so mo\u017enosti po meri)<\/td>\n<\/tr>\n<tr>\n<td><strong>Pogostost<\/strong><\/td>\n<td>13,56 MHz<\/td>\n<\/tr>\n<tr>\n<td><strong>Mo\u017enosti tiskanja<\/strong><\/td>\n<td>CMYK ofsetni tisk<\/td>\n<\/tr>\n<tr>\n<td><strong>Razdalja branja<\/strong><\/td>\n<td>2-10 cm<\/td>\n<\/tr>\n<tr>\n<td><strong>Kraj izvora<\/strong><\/td>\n<td>Guangdong, Kitajska<\/td>\n<\/tr>\n<tr>\n<td><strong>Obrt<\/strong><\/td>\n<td>Razli\u010dne mo\u017enosti: laserska koda, UV \u010drnilo itd.<\/td>\n<\/tr>\n<\/tbody>\n<\/table>\n<p>&nbsp;<\/p>\n<\/div>\n<\/div>\n<h2 style=\"text-align: center;\"><em><strong><span style=\"color: #333399;\">Aplikacije v panogah<\/span><\/strong><\/em><\/h2>\n<p><span style=\"color: #008080;\"><strong>NFC kartica Write URL Dynamic QR Code NTAG213 ima razli\u010dne aplikacije v razli\u010dnih sektorjih:<\/strong><\/span><\/p>\n<ul>\n<li><strong>Maloprodaja in tr\u017eenje<\/strong>: Uporabite te kartice za programe zvestobe, kar strankam omogo\u010da enostaven dostop do promocijskih povezav ali posebnih ponudb. The\u00a0<strong>dinami\u010dni URL<\/strong>\u00a0funkcija pomeni, da lahko promocije posodobite v trenutku, ne da bi potrebovali nove kartice.<\/li>\n<li><strong>Vodenje dogodkov<\/strong>: Te kartice so kot nala\u0161\u010d za konference, koncerte ali sejme, saj lahko prek kod QR, povezanih s \u010dipom NFC, omogo\u010dijo brezsti\u010dni dostop do urnikov, informacij o govornikih in posodobitev dogodkov.<\/li>\n<\/ul>","protected":false},"excerpt":{"rendered":"<p>Kartica Write URL Dynamic QR Code NTAG213 NFC izbolj\u0161a poslovne interakcije z dinami\u010dnimi URL-ji, tehnologijo NFC, vodotesno zasnovo in vsestranskimi aplikacijami.<\/p>","protected":false},"featured_media":3604,"template":"","meta":[],"product_brand":[],"product_cat":[46],"product_tag":[],"class_list":{"0":"post-3602","1":"product","2":"type-product","3":"status-publish","4":"has-post-thumbnail","6":"product_cat-nfc-cards","8":"first","9":"instock","10":"shipping-taxable","11":"product-type-simple"},"_links":{"self":[{"href":"https:\/\/nfc-readers.com\/sl\/wp-json\/wp\/v2\/product\/3602","targetHints":{"allow":["GET"]}}],"collection":[{"href":"https:\/\/nfc-readers.com\/sl\/wp-json\/wp\/v2\/product"}],"about":[{"href":"https:\/\/nfc-readers.com\/sl\/wp-json\/wp\/v2\/types\/product"}],"wp:featuredmedia":[{"embeddable":true,"href":"https:\/\/nfc-readers.com\/sl\/wp-json\/wp\/v2\/media\/3604"}],"wp:attachment":[{"href":"https:\/\/nfc-readers.com\/sl\/wp-json\/wp\/v2\/media?parent=3602"}],"wp:term":[{"taxonomy":"product_brand","embeddable":true,"href":"https:\/\/nfc-readers.com\/sl\/wp-json\/wp\/v2\/product_brand?post=3602"},{"taxonomy":"product_cat","embeddable":true,"href":"https:\/\/nfc-readers.com\/sl\/wp-json\/wp\/v2\/product_cat?post=3602"},{"taxonomy":"product_tag","embeddable":true,"href":"https:\/\/nfc-readers.com\/sl\/wp-json\/wp\/v2\/product_tag?post=3602"}],"curies":[{"name":"wp","href":"https:\/\/api.w.org\/{rel}","templated":true}]}}