{"id":3610,"date":"2024-11-08T02:46:18","date_gmt":"2024-11-08T02:46:18","guid":{"rendered":"https:\/\/nfc-readers.com\/?post_type=product&#038;p=3610"},"modified":"2024-11-08T02:46:18","modified_gmt":"2024-11-08T02:46:18","slug":"nfc-soft-pvc-vinyl-wristband-card-for-rfid-fabric-wristband","status":"publish","type":"product","link":"https:\/\/nfc-readers.com\/sl\/ic-reader\/nfc-soft-pvc-vinyl-wristband-card-for-rfid-fabric-wristband\/","title":{"rendered":"Kartica NFC iz mehkega PVC vinila za zapestnico iz blaga Rfid"},"content":{"rendered":"<h1><strong>Kartica NFC iz mehkega PVC vinila za zapestnico iz blaga RFID<\/strong><\/h1>\n<p>&nbsp;<\/p>\n<p>V dana\u0161njem hitrem svetu, ki ga vodi tehnologija, je <strong>Kartica NFC iz mehkega PVC vinila za zapestnico iz blaga RFID<\/strong>\u00a0izstopa kot bistveno orodje za brezhiben nadzor dostopa, brezgotovinske transakcije in izbolj\u0161ano uporabni\u0161ko izku\u0161njo. Ti zapestnici, izdelani iz visokokakovostnega vinila, so lahki, barviti in neverjetno vsestranski, zaradi \u010desar so popolni za razli\u010dne dogodke, kot so koncerti, festivali, tematski parki in poslovna sre\u010danja. Z delovno frekvenco\u00a0<strong>13,56 MHz<\/strong>\u00a0in zdru\u017eljivostjo s tehnologijama RFID in NFC ponujajo te zapestnice edinstvene re\u0161itve za organizatorje dogodkov in podjetja, ki \u017eelijo izbolj\u0161ati varnost in poenostaviti delovanje.<\/p>\n<p>&nbsp;<\/p>\n<h3><strong>Zakaj izbrati zapestnice iz mehkega PVC vinila NFC?<\/strong><\/h3>\n<p>Nalo\u017eba v zapestnice NFC ni samo modni izraz, ampak funkcionalna nadgradnja za u\u010dinkovito upravljanje dogodkov in interakcij uporabnikov. Te zapestnice odpravljajo potrebo po tradicionalnih sistemih izdaje vstopnic in nadzora dostopa, kar skraj\u0161a \u010dakalne dobe in izbolj\u0161a izku\u0161njo gostov. Z mo\u017enostmi blagovne znamke po meri, ki so na voljo, lahko podjetja pove\u010dajo svojo prepoznavnost, hkrati pa zagotovijo zanesljivo in varno metodo za brezgotovinska pla\u010dila. Ne glede na to, ali organizirate glasbene festivale, \u0161portne dogodke ali zabavi\u0161\u010dne parke, te zapestnice ponujajo zanesljivost in funkcionalnost, ki jo potrebujete.<\/p>\n<p>&nbsp;<\/p>\n<h2>Zna\u010dilnosti tehnologije RFID in NFC<\/h2>\n<h3>Izbolj\u0161an nadzor dostopa<\/h3>\n<p>The\u00a0<strong>RFID tehnologija<\/strong>\u00a0vdelana v te zapestnice omogo\u010da\u00a0<strong>hiter nadzor dostopa<\/strong>\u00a0na dogodkih, kar zagotavlja, da so vstopne to\u010dke varne, hkrati pa skraj\u0161a \u010das, ki ga gostje porabijo za \u010dakanje v vrsti. Organizatorji dogodkov lahko uporabijo\u00a0<strong>RFID zapestnice<\/strong>\u00a0za razli\u010dne funkcije, vklju\u010dno z:<\/p>\n<ul>\n<li><strong>VIP dostop<\/strong>: Razlikujte med splo\u0161nim sprejemom in VIP udele\u017eenci za posebna obmo\u010dja.<\/li>\n<li><strong>Brezgotovinska pla\u010dila<\/strong>: Omogo\u010dite brezgotovinske transakcije za blago, hrano in pija\u010do na kraju samem, zaradi \u010desar bo celotna izku\u0161nja bolj priro\u010dna.<\/li>\n<\/ul>\n<h3>Poenostavljeno delovanje<\/h3>\n<p>Uporaba\u00a0<strong>Tehnologija zapestnice NFC<\/strong>\u00a0bistveno poenostavi delovanje dogodkov. Sposobnost vodenja\u00a0<strong>zbiranje podatkov<\/strong>\u00a0prek teh naprav prodajalcem omogo\u010da u\u010dinkovito analizo vedenja udele\u017eencev in vzorcev porabe. Te informacije se lahko nato uporabijo za izbolj\u0161anje prihodnjih dogodkov, izbolj\u0161anje tr\u017enih strategij in optimizacijo izku\u0161enj strank.<\/p>\n<p>&nbsp;<\/p>\n<h3><strong>Prednosti uporabe vinilnih zapestnic<\/strong><\/h3>\n<h3>Trajnost in udobje<\/h3>\n<p>Izdelano iz visokokakovostnega\u00a0<strong>vinilni material<\/strong>, zapestnice NFC so zasnovane tako, da prenesejo razli\u010dne elemente, povezane s festivali, koncerti in dogodki na prostem. V nasprotju s papirnatimi vstopnicami ali zapestnicami iz blaga, ki se zlahka strgajo ali po\u0161kodujejo, so vinilne zapestnice vodoodporne, odporne na trganje in znoj, kar zagotavlja, da ostanejo nedotaknjene ves \u010das dogodka.<\/p>\n<h3>Enkratna uporaba in za\u0161\u010diten pred posegi<\/h3>\n<p>The\u00a0<strong>enkratna uporaba<\/strong>\u00a0narava teh zapestnic zagotavlja maksimalno varnost. Ko je zapestnica uporabljena za vstop, postane neveljavna in je ni ve\u010d mogo\u010de ponovno uporabiti. To znatno zmanj\u0161a tveganje goljufanja z vstopnicami, kar je pogosta te\u017eava na velikih dogodkih. Organizatorji dogodkov so lahko prepri\u010dani, da so njihova sredstva in dejavnosti za\u0161\u010diteni.<\/p>\n<p>&nbsp;<\/p>\n<h3><strong>Prilagodljive mo\u017enosti za blagovno znamko<\/strong><\/h3>\n<h3>Ustvarjanje trajnega vtisa<\/h3>\n<p>Zapestnice NFC ponujajo ve\u010d mo\u017enosti prilagajanja za namene blagovne znamke. Podjetja lahko pove\u010dajo svojo prepoznavnost s po meri\u00a0<strong>tiskanje s prenosom toplote<\/strong>, logotipi, \u010drtne kode ali kode QR na zapestnicah in prilo\u017eenih karticah. Te prilo\u017enosti za blagovno znamko ustvarijo profesionalen videz, ki pusti trajen vtis na gostih in spodbuja prepoznavnost blagovne znamke tudi po dogodku.<\/p>\n<h3>Tr\u017ene prednosti<\/h3>\n<p>Blagovna znamka s prilagojenimi zapestnicami se je izkazala za u\u010dinkovito marketin\u0161ko orodje. Udele\u017eenci, ki nosijo zapestnice va\u0161e blagovne znamke, postanejo hode\u010di oglasi, ki prikazujejo va\u0161 logotip in dizajne \u0161e dolgo po koncu dogodka. To pove\u010da prepoznavnost blagovne znamke in lahko potencialno pritegne nove stranke, ki va\u0161o blagovno znamko vidijo v razli\u010dnih kontekstih.<\/p>\n<p>&nbsp;<\/p>\n<h3><strong>Pogosto zastavljena vpra\u0161anja (FAQ)<\/strong><\/h3>\n<h2>1. Kaj so zapestnice iz mehkega PVC vinila NFC?<\/h2>\n<p>Zapestnice iz mehkega PVC vinila NFC so nosljiva tehnologija, ki uporablja komunikacijo bli\u017enjega polja (NFC) in radiofrekven\u010dno identifikacijo (RFID) za zagotavljanje brezsti\u010dnega nadzora dostopa, zbiranje podatkov in mo\u017enosti brezgotovinskega pla\u010dila na dogodkih. Narejeni so iz trpe\u017enega vinilnega materiala in so zasnovani za udobje in priro\u010dnost uporabnika.<\/p>\n<h2>2. Kak\u0161na je frekvenca teh zapestnic?<\/h2>\n<p>Te zapestnice delujejo s frekvenco\u00a0<strong>13,56 MHz<\/strong>, kar je obi\u010dajno za tehnologije NFC in RFID, kar zagotavlja zdru\u017eljivost z ve\u010dino \u010ditalnikov RFID in naprav, ki podpirajo NFC.<\/p>\n<h2>3. Ali so zapestnice za ve\u010dkratno uporabo?<\/h2>\n<p>Ne, zapestnice NFC iz mehkega PVC vinila so zasnovane za\u00a0<strong>za enkratno uporabo<\/strong>. Ta funkcija je namenjena pove\u010danju varnosti in zmanj\u0161evanju tveganja goljufij z vstopnicami, zaradi \u010desar so idealne za dogodke, kjer je nadzor dostopa klju\u010dnega pomena.<\/p>\n<h2>4. Ali je mogo\u010de zapestnice prilagoditi?<\/h2>\n<p>ja! Zapestnice lahko prilagodite na razli\u010dne na\u010dine, vklju\u010dno z:<\/p>\n<ul>\n<li><strong>Tisk logotipa<\/strong><\/li>\n<li><strong>\u010crtne kode in QR kode<\/strong><\/li>\n<li><strong>Barvni modeli<\/strong><\/li>\n<li><strong>Posebne tehnike izdelave<\/strong>\u00a0kot sta tiskanje s prenosom toplote in lasersko kodiranje.<\/li>\n<\/ul>\n<p>Ta prilagoditev omogo\u010da podjetjem izbolj\u0161anje blagovne znamke in ustvarjanje profesionalnega videza za dogodke.<\/p>","protected":false},"excerpt":{"rendered":"<p>Kartica NFC Soft PVC Vinyl Wristband Card je trpe\u017ena, prilagodljiva re\u0161itev za varen dostop in brezgotovinske transakcije na dogodkih. Zasnovane za udobje in funkcionalnost, te zapestnice izbolj\u0161ajo splo\u0161no izku\u0161njo gostov, hkrati pa zagotavljajo zanesljiv nadzor dostopa.<\/p>","protected":false},"featured_media":3611,"template":"","meta":[],"product_brand":[],"product_cat":[50],"product_tag":[],"class_list":{"0":"post-3610","1":"product","2":"type-product","3":"status-publish","4":"has-post-thumbnail","6":"product_cat-silicone-rfid-nfc-wristbands","8":"first","9":"instock","10":"shipping-taxable","11":"product-type-simple"},"_links":{"self":[{"href":"https:\/\/nfc-readers.com\/sl\/wp-json\/wp\/v2\/product\/3610","targetHints":{"allow":["GET"]}}],"collection":[{"href":"https:\/\/nfc-readers.com\/sl\/wp-json\/wp\/v2\/product"}],"about":[{"href":"https:\/\/nfc-readers.com\/sl\/wp-json\/wp\/v2\/types\/product"}],"wp:featuredmedia":[{"embeddable":true,"href":"https:\/\/nfc-readers.com\/sl\/wp-json\/wp\/v2\/media\/3611"}],"wp:attachment":[{"href":"https:\/\/nfc-readers.com\/sl\/wp-json\/wp\/v2\/media?parent=3610"}],"wp:term":[{"taxonomy":"product_brand","embeddable":true,"href":"https:\/\/nfc-readers.com\/sl\/wp-json\/wp\/v2\/product_brand?post=3610"},{"taxonomy":"product_cat","embeddable":true,"href":"https:\/\/nfc-readers.com\/sl\/wp-json\/wp\/v2\/product_cat?post=3610"},{"taxonomy":"product_tag","embeddable":true,"href":"https:\/\/nfc-readers.com\/sl\/wp-json\/wp\/v2\/product_tag?post=3610"}],"curies":[{"name":"wp","href":"https:\/\/api.w.org\/{rel}","templated":true}]}}