{"id":3619,"date":"2024-11-08T04:21:11","date_gmt":"2024-11-08T04:21:11","guid":{"rendered":"https:\/\/nfc-readers.com\/?post_type=product&#038;p=3619"},"modified":"2024-11-08T04:21:11","modified_gmt":"2024-11-08T04:21:11","slug":"mifare-ultralight-ev1-rfid-stretchy-woven-nfc-rfid-wristband","status":"publish","type":"product","link":"https:\/\/nfc-readers.com\/sl\/ic-reader\/mifare-ultralight-ev1-rfid-stretchy-woven-nfc-rfid-wristband\/","title":{"rendered":"MIFARE Ultralight Ev1 RFID raztegljiva tkana zapestnica NFC RFID"},"content":{"rendered":"<h1 style=\"text-align: center;\"><strong>MIFARE Ultralight Ev1 RFID raztegljiva tkana zapestnica NFC RFID<\/strong><\/h1>\n<p>&nbsp;<\/p>\n<p>The <strong>MIFARE ultralahka EV1 RFID raztegljiva tkana zapestnica NFC<\/strong>\u00a0je ultimativna re\u0161itev za sodobno vodenje dogodkov, ki zagotavlja brezhiben nadzor dostopa, re\u0161itve za brezgotovinsko pla\u010devanje in izbolj\u0161ano izku\u0161njo gostov. Ta zapestnica, izdelana z mislijo na inovacije, zdru\u017euje vrhunsko tehnologijo RFID s prilagodljivim dizajnom in tako postane bistveno orodje za organizatorje dogodkov in udele\u017eence. Ne glede na to, ali gostite glasbeni festival, atrakcijo v vodnem parku ali poslovni dogodek, ta zapestnica RFID zagotavlja poenostavljeno delovanje, pove\u010dano varnost in nepozabno izku\u0161njo za vse vpletene.<\/p>\n<p>&nbsp;<\/p>\n<h3><strong>Prednosti izdelka<\/strong><\/h3>\n<ul>\n<li><strong>Izbolj\u0161ana varnost<\/strong>: \u010cip MIFARE Ultralight EV1 zagotavlja, da va\u0161a zapestnica ni samo za\u0161\u010ditena pred posegi, ampak tudi omogo\u010da varen prenos podatkov.<\/li>\n<li><strong>Vodoodporen in vzdr\u017eljiv<\/strong>: Ta zapestnica z oceno IP68 je vodoodporna in odporna na vremenske vplive, zasnovana tako, da prenese razli\u010dne okoljske pogoje, kar zagotavlja, da se ne po\u0161koduje med dogodki na prostem ali dejavnostmi, povezanimi z vodo.<\/li>\n<li><strong>Uporabniku prijazen<\/strong>: Zapestnica RFID odpravlja potrebo po gotovinskih transakcijah in omogo\u010da brezgotovinska pla\u010dila, ki pove\u010dujejo u\u010dinkovitost in skraj\u0161ajo \u010dakalne dobe za goste.<\/li>\n<li><strong>Prilagodljivi dizajni<\/strong>: Z mo\u017enostjo barvnega tiskanja CMYK lahko organizatorji dogodkov ustvarijo vizualno privla\u010dne zapestnice, ki pove\u010dajo prepoznavnost blagovne znamke.<\/li>\n<li><strong>Prilagodljive velikosti in barve<\/strong>: Zapestnice, ki so na voljo v razli\u010dnih velikostih (145x25x1,5 mm in 185x25x1,5 mm) in barvah (modra, rde\u010da, bela, \u010drna, zelena, rumena, oran\u017ena, siva), zadovoljijo razli\u010dne estetske \u017eelje.<\/li>\n<\/ul>\n<p>&nbsp;<\/p>\n<h2><strong>Klju\u010dne zna\u010dilnosti in specifikacije<\/strong><\/h2>\n<h3>Visoko zmogljiv \u010dip MIFARE<\/h3>\n<p>Srce zapestnice je\u00a0<strong>\u010cip MIFARE Ultralight EV1<\/strong>, ki zagotavlja zanesljivo delovanje za nadzor dostopa in upravljanje podatkov. \u010cip zagotavlja varno komunikacijo z \u010ditalci RFID, zaradi \u010desar je idealen za dogodke z velikim prometom, kjer je hitra obdelava nujna.<\/p>\n<h3>Vodotesen in vremensko odporen dizajn<\/h3>\n<p>Z an\u00a0<strong>Ocena IP68<\/strong>, je zapestni trak vodoodporen, kar mu omogo\u010da, da ostane funkcionalen tudi v zahtevnih vremenskih razmerah. Ne glede na to, ali de\u017euje na koncertu ali pljuska v vodnem parku, lahko uporabniki brez skrbi u\u017eivajo v svojih dejavnostih.<\/p>\n<h3>Re\u0161itve za brezgotovinsko pla\u010devanje<\/h3>\n<p>\u010casi no\u0161enja gotovine ali kartic so minili. Ta zapestnica omogo\u010da hitro in enostavno\u00a0<strong>brezgotovinsko pla\u010devanje<\/strong>, kot nala\u0161\u010d za obremenjene dogodke, kjer je u\u010dinkovitost klju\u010dnega pomena. Organizatorji dogodkov lahko enostavno spremljajo transakcije in poenostavijo poslovanje.<\/p>\n<h3>Prilagajanje in blagovna znamka<\/h3>\n<p>Na\u010drtovalci dogodkov lahko izkoristijo\u00a0<strong>polnobarvni tisk CMYK<\/strong>\u00a0mo\u017enost ustvarjanja prilagojenih dizajnov. To ne samo izbolj\u0161a blagovno znamko, ampak tudi doda edinstven pridih, ki udele\u017eencem omogo\u010da, da predstavijo svoje izku\u0161nje dogodka.<\/p>\n<p>&nbsp;<\/p>\n<h2><strong>Pogosto zastavljena vpra\u0161anja (FAQ)<\/strong><\/h2>\n<h3>1.\u00a0<strong>Kaj je RFID zapestnica?<\/strong><\/h3>\n<p>Zapestnica RFID je nosljiva naprava, ki uporablja tehnologijo radiofrekven\u010dne identifikacije (RFID) za prenos podatkov prek radijskih valov. Omogo\u010da varen nadzor dostopa, brezgotovinsko pla\u010devanje in zbiranje podatkov na dogodkih.<\/p>\n<h3>2.\u00a0<strong>Kako deluje zapestnica MIFARE Ultralight EV1 RFID?<\/strong><\/h3>\n<p>Zapestnica deluje s pomo\u010djo \u010dipa, ki komunicira z RFID \u010ditalci. Ko se z zapestnico dotaknemo \u010ditalnika, le-ta prenese shranjene podatke, omogo\u010di dostop ali obdela pla\u010dilo.<\/p>\n<h3>3.\u00a0<strong>Ali je zapestni trak vodotesen?<\/strong><\/h3>\n<p>Da, na\u0161a zapestnica MIFARE Ultralight EV1 RFID ima oceno IP68, kar pomeni, da je popolnoma vodotesna in lahko prenese potopitev v vodo, zaradi \u010desar je primerna za razli\u010dne dogodke na prostem, vklju\u010dno z vodnimi parki.<\/p>\n<h3>4.\u00a0<strong>Ali je mogo\u010de zapestnico prilagoditi?<\/strong><\/h3>\n<p>Vsekakor! Nudimo prilagodljive barvne mo\u017enosti in barvno tiskanje CMYK, kar vam omogo\u010da oblikovanje zapestnic, ki se ujemajo z blagovno znamko in temo va\u0161ega dogodka.<\/p>\n<p>&nbsp;<\/p>","protected":false},"excerpt":{"rendered":"<p>MIFARE Ultralight EV1 RFID Stretchy Woven NFC Wristband je zasnovan za varen nadzor dostopa in brezgotovinske transakcije na dogodkih. Zaradi svojih vodoodpornih in prilagodljivih lastnosti je idealen za razli\u010dne prilo\u017enosti.<\/p>","protected":false},"featured_media":3620,"template":"","meta":[],"product_brand":[],"product_cat":[50],"product_tag":[],"class_list":{"0":"post-3619","1":"product","2":"type-product","3":"status-publish","4":"has-post-thumbnail","6":"product_cat-silicone-rfid-nfc-wristbands","8":"first","9":"instock","10":"shipping-taxable","11":"product-type-simple"},"_links":{"self":[{"href":"https:\/\/nfc-readers.com\/sl\/wp-json\/wp\/v2\/product\/3619","targetHints":{"allow":["GET"]}}],"collection":[{"href":"https:\/\/nfc-readers.com\/sl\/wp-json\/wp\/v2\/product"}],"about":[{"href":"https:\/\/nfc-readers.com\/sl\/wp-json\/wp\/v2\/types\/product"}],"wp:featuredmedia":[{"embeddable":true,"href":"https:\/\/nfc-readers.com\/sl\/wp-json\/wp\/v2\/media\/3620"}],"wp:attachment":[{"href":"https:\/\/nfc-readers.com\/sl\/wp-json\/wp\/v2\/media?parent=3619"}],"wp:term":[{"taxonomy":"product_brand","embeddable":true,"href":"https:\/\/nfc-readers.com\/sl\/wp-json\/wp\/v2\/product_brand?post=3619"},{"taxonomy":"product_cat","embeddable":true,"href":"https:\/\/nfc-readers.com\/sl\/wp-json\/wp\/v2\/product_cat?post=3619"},{"taxonomy":"product_tag","embeddable":true,"href":"https:\/\/nfc-readers.com\/sl\/wp-json\/wp\/v2\/product_tag?post=3619"}],"curies":[{"name":"wp","href":"https:\/\/api.w.org\/{rel}","templated":true}]}}