{"id":3626,"date":"2024-11-08T04:27:49","date_gmt":"2024-11-08T04:27:49","guid":{"rendered":"https:\/\/nfc-readers.com\/?post_type=product&#038;p=3626"},"modified":"2024-11-08T04:27:50","modified_gmt":"2024-11-08T04:27:50","slug":"concert-access-identification-tickets-nfc-elastic-wristband","status":"publish","type":"product","link":"https:\/\/nfc-readers.com\/sl\/ic-reader\/concert-access-identification-tickets-nfc-elastic-wristband\/","title":{"rendered":"vstopnice za identifikacijo vstopa na koncert NFC elasti\u010dna zapestnica"},"content":{"rendered":"<h1 style=\"text-align: center;\"><strong>vstopnice za identifikacijo vstopa na koncert NFC elasti\u010dna zapestnica<\/strong><\/h1>\n<p>&nbsp;<\/p>\n<p>Krmarjenje po svetu dogodkov in festivalov \u0161e nikoli ni bilo la\u017eje, zahvaljujo\u010d uvedbi elasti\u010dnih zapestnic NFC. V pokrajini, ki je vedno bolj odvisna od tehnologije za varnost in udobje, je <strong>NFC zapestnica<\/strong> se pojavi kot sprememba igre za identifikacijo dostopa do koncertov in prodajo vstopnic. Izdelane iz trpe\u017enih materialov in pre\u017eete z vrhunsko tehnologijo RFID, te zapestnice ponujajo u\u010dinkovito re\u0161itev brez te\u017eav tako za organizatorje dogodkov kot za udele\u017eence. Ne glede na to, ali vodite \u017eivahni glasbeni festival ali intimen koncert, lahko nalo\u017eba v te napredne zapestnice poenostavi nadzor dostopa in izbolj\u0161a splo\u0161no izku\u0161njo gostov.<\/p>\n<p>&nbsp;<\/p>\n<h2><strong>Zakaj izbrati NFC elasti\u010dno zapestnico?<\/strong><\/h2>\n<p>NFC elasti\u010dna zapestnica je zasnovana tako, da poenostavi postopek vstopa, hkrati pa zagotavlja varnost in zanesljivost. Te zapestnice so vodoodporne, prilagodljive in opremljene z napredno tehnologijo NFC, ki omogo\u010da brezgotovinsko pla\u010devanje in hiter vstop. Z vklju\u010ditvijo funkcij, posebej zasnovanih za dogodke z veliko zmogljivostjo, lahko znatno skraj\u0161ate \u010dakalne dobe in pove\u010date varnost, hkrati pa udele\u017eencem zagotovite nepozabno izku\u0161njo.<\/p>\n<p>Ta iz\u010drpen vodnik raziskuje razli\u010dne funkcije in prednosti elasti\u010dne zapestnice NFC ter pojasnjuje, zakaj je to vredna nalo\u017eba za vsak dogodek.<\/p>\n<p>&nbsp;<\/p>\n<h2><strong>Lastnosti in prednosti izdelka<\/strong><\/h2>\n<h3>1.\u00a0<strong>Napredna tehnologija RFID in NFC<\/strong><\/h3>\n<p>NFC elasti\u010dna zapestnica uporablja napredne\u00a0<strong>RFID<\/strong>\u00a0(radiofrekven\u010dna identifikacija) in\u00a0<strong>NFC<\/strong>\u00a0(Near Field Communication) tehnologije, ki delujejo na frekvenci\u00a0<strong>13,56 MHz<\/strong>. Ta integracija zagotavlja hitro komunikacijo med zapestnico in opremo za skeniranje, kar omogo\u010da brezhiben nadzor dostopa brez potrebe po iskanju fizi\u010dnih vstopnic.<\/p>\n<p>Vklju\u010duje oboje\u00a0<strong>RFID<\/strong>\u00a0in\u00a0<strong>NFC<\/strong>\u00a0nianse v va\u0161i postavitvi dogodka omogo\u010dajo u\u010dinkovito zbiranje podatkov, prihodnje tr\u017eenjske vpoglede in izbolj\u0161ano izku\u0161njo gostov. Obe tehnologiji sta dokazani\u00a0<strong>nepremo\u010dljiva<\/strong>, zaradi \u010desar so idealni za koncerte in festivale na prostem, kjer lahko nepredvidene vremenske razmere sicer motijo dogodke.<\/p>\n<h3>2.\u00a0<strong>Mo\u017enosti prilagodljivosti<\/strong><\/h3>\n<p>Ena izmed izstopajo\u010dih lastnosti\u00a0<strong>NFC zapestnica<\/strong>\u00a0je njegova prilagodljivost. Skozi\u00a0<strong>tiskanje s prenosom toplote<\/strong>, lahko te zapestnice prilagodite z logotipi, barvami in grafiko, ki ustrezajo va\u0161emu dogodku. Ne glede na to, ali organizirate korporativno gala, poletni festival ali koncert, zagotavljanje vidnosti va\u0161e blagovne znamke krepi prepoznavnost blagovne znamke med udele\u017eenci.<\/p>\n<p>Poleg tega so na\u0161e zapestnice v razli\u010dnih velikostih, vklju\u010dno z\u00a0<strong>180x20 mm<\/strong>, ali pa ga je mogo\u010de prilagoditi va\u0161im posebnim zahtevam. Ta raven prilagajanja pomaga krepiti ob\u010dutek pripadnosti in identitete va\u0161ih udele\u017eencev.<\/p>\n<h3>3.\u00a0<strong>Izbolj\u0161ana izku\u0161nja gostov<\/strong><\/h3>\n<p>U\u010dinkovito\u00a0<strong>nadzor dostopa<\/strong>\u00a0je klju\u010dnega pomena med velikimi dogodki. Na\u0161e elasti\u010dne zapestnice NFC zagotavljajo takoj\u0161nje preverjanje, kar gostom omogo\u010da hiter vstop na prizori\u0161\u010da. Z zmanj\u0161anjem ozkih grl in skraj\u0161anjem \u010dakalnih dob ustvarite ugodnej\u0161o in prijetnej\u0161o izku\u0161njo za svoje ob\u010dinstvo.<\/p>\n<p>Poleg tega so te zapestnice za ve\u010dkratno uporabo; izdelani so iz trpe\u017enega\u00a0<strong>blago\/PVC<\/strong>\u00a0materiali, ki lahko prenesejo razli\u010dne okoljske pogoje in hkrati ohranijo svojo celovitost. Ta odpornost je pomembna pri dogodkih na prostem, kjer so zapestnice lahko izpostavljene vodi, znoju ali celo grobemu ravnanju.<\/p>\n<h3>4.\u00a0<strong>U\u010dinkovite pla\u010dilne re\u0161itve<\/strong><\/h3>\n<p>V dana\u0161nji brezgotovinski dru\u017ebi ponujanje\u00a0<strong>brezgotovinsko pla\u010dilo<\/strong>\u00a0mo\u017enosti postale nujne. Elasti\u010dne zapestnice NFC omogo\u010dajo brezkontaktne transakcije, kar uporabnikom omogo\u010da nakupe na stojnicah s hrano, trgovskih stojnicah in ve\u010d, ne da bi potrebovali fizi\u010dno gotovino. To ne le izbolj\u0161a izku\u0161njo gostov, ampak tudi poenostavi delovanje dogodkov z zmanj\u0161anjem skrbi glede ravnanja z gotovino.<\/p>\n<p>Gostje se lahko preprosto dotaknejo svoje zapestnice na katerem koli prodajnem mestu z omogo\u010deno tehnologijo NFC in tako drasti\u010dno skraj\u0161ajo transakcijske \u010dase \u2013 zagotovijo, da nih\u010de ne zamudi priljubljenih predmetov!<\/p>\n<h3>5.\u00a0<strong>Varnost in zbiranje podatkov<\/strong><\/h3>\n<p>Uporaba\u00a0<strong>RFID<\/strong>\u00a0tehnologija bistveno pove\u010da varnost va\u0161ega dogodka. V vsako zapestnico je mogo\u010de vdelati edinstvene identifikatorje, ki pomagajo slediti in upravljati dostop gostov; ta tehnologija omogo\u010da spremljanje pretoka gostov v prizori\u0161\u010du v realnem \u010dasu.<\/p>\n<p>Poleg tega zmo\u017enosti zbiranja podatkov pomenijo, da lahko analizirate trende, razumete vedenje udele\u017eencev in izvajate dinami\u010dne cenovne strategije za prihajajo\u010de dogodke. Ta vpogled lahko privede do izbolj\u0161anega na\u010drtovanja in izvedbe za\u00a0<strong>dogodki RFID<\/strong>\u00a0v prihodnosti.<\/p>\n<p>&nbsp;<\/p>\n<h2>Tehni\u010dne specifikacije<\/h2>\n<table class=\"w-fit !mb-0 !max-w-none\">\n<thead>\n<tr>\n<th><strong>Atribut<\/strong><\/th>\n<th><strong>Opis<\/strong><\/th>\n<\/tr>\n<\/thead>\n<tbody>\n<tr>\n<td><strong>Ime izdelka<\/strong><\/td>\n<td>NFC elasti\u010dna zapestnica<\/td>\n<\/tr>\n<tr>\n<td><strong>Material<\/strong><\/td>\n<td>Blago\/PVC<\/td>\n<\/tr>\n<tr>\n<td><strong>Komunikacijski vmesnik<\/strong><\/td>\n<td>RFID, NFC<\/td>\n<\/tr>\n<tr>\n<td><strong>Pogostost<\/strong><\/td>\n<td>13,56 MHz<\/td>\n<\/tr>\n<tr>\n<td><strong>Mo\u017enosti \u010dipov<\/strong><\/td>\n<td>Tag213\/tag215\/tag216\/2k\/4k\/8k\/tk4100\/t5577<\/td>\n<\/tr>\n<tr>\n<td><strong>Protokol<\/strong><\/td>\n<td>ISO 14443A<\/td>\n<\/tr>\n<tr>\n<td><strong>Razdalja branja<\/strong><\/td>\n<td>1-10 cm<\/td>\n<\/tr>\n<tr>\n<td><strong>Prilagajanje<\/strong><\/td>\n<td>Logotip, barva, grafika<\/td>\n<\/tr>\n<\/tbody>\n<\/table>\n<p>&nbsp;<\/p>\n<h2><strong>Pogosto zastavljena vpra\u0161anja (FAQ)<\/strong><\/h2>\n<h3>1.\u00a0<strong>Kaj je NFC elasti\u010dna zapestnica?<\/strong><\/h3>\n<p>Elasti\u010dni zapestni trak NFC je nosljiva naprava z vgrajeno tehnologijo NFC (komunikacija bli\u017enjega polja) in RFID (radiofrekven\u010dna identifikacija). Omogo\u010da hiter nadzor dostopa, brezgotovinsko pla\u010devanje in zbiranje podatkov na dogodkih, kar izbolj\u0161a splo\u0161no izku\u0161njo gostov.<\/p>\n<h3>2.\u00a0<strong>Kako delujejo zapestnice NFC?<\/strong><\/h3>\n<p>Zapestnice NFC delujejo tako, da prena\u0161ajo podatke prek radijskih valov, ko jih pribli\u017eate zdru\u017eljivemu bralniku. To omogo\u010da brezkontaktne interakcije, kot je skeniranje vnosa ali obdelava pla\u010dila, s preprostim dotikom zapestnice ob senzor.<\/p>\n<h3>3.\u00a0<strong>Ali so zapestnice NFC vodoodporne?<\/strong><\/h3>\n<p>Da, na\u0161e elasti\u010dne zapestnice NFC so zasnovane tako, da so vodotesne, zaradi \u010desar so primerne za uporabo v razli\u010dnih okoljih, vklju\u010dno s koncerti in dogodki na prostem, kjer lahko pride do izpostavljenosti vodi.<\/p>\n<h3>4.\u00a0<strong>Ali je mogo\u010de zapestnice prilagoditi?<\/strong><\/h3>\n<p>Vsekakor! Elasti\u010dne zapestnice NFC je mogo\u010de prilagoditi z va\u0161im logotipom, barvami in grafiko s tiskanjem s prenosom toplote. Ta prilagoditev je idealna za blagovno znamko in izbolj\u0161anje izku\u0161nje dogodka.<\/p>","protected":false},"excerpt":{"rendered":"<p>The\u00a0<strong>Identifikacija dostopa do koncerta NFC elasti\u010dna zapestnica<\/strong>\u00a0je vrhunska re\u0161itev, zasnovana za poenostavitev vstopa na dogodke in izbolj\u0161anje izku\u0161enj gostov. Ti prilagodljivi in vodoodporni zapestniki z napredno tehnologijo RFID omogo\u010dajo brezhiben nadzor dostopa in brezgotovinsko pla\u010devanje, zaradi \u010desar so idealni za koncerte in festivale vseh razse\u017enosti.<\/p>","protected":false},"featured_media":3627,"template":"","meta":[],"product_brand":[],"product_cat":[50],"product_tag":[],"class_list":{"0":"post-3626","1":"product","2":"type-product","3":"status-publish","4":"has-post-thumbnail","6":"product_cat-silicone-rfid-nfc-wristbands","8":"first","9":"instock","10":"shipping-taxable","11":"product-type-simple"},"_links":{"self":[{"href":"https:\/\/nfc-readers.com\/sl\/wp-json\/wp\/v2\/product\/3626","targetHints":{"allow":["GET"]}}],"collection":[{"href":"https:\/\/nfc-readers.com\/sl\/wp-json\/wp\/v2\/product"}],"about":[{"href":"https:\/\/nfc-readers.com\/sl\/wp-json\/wp\/v2\/types\/product"}],"wp:featuredmedia":[{"embeddable":true,"href":"https:\/\/nfc-readers.com\/sl\/wp-json\/wp\/v2\/media\/3627"}],"wp:attachment":[{"href":"https:\/\/nfc-readers.com\/sl\/wp-json\/wp\/v2\/media?parent=3626"}],"wp:term":[{"taxonomy":"product_brand","embeddable":true,"href":"https:\/\/nfc-readers.com\/sl\/wp-json\/wp\/v2\/product_brand?post=3626"},{"taxonomy":"product_cat","embeddable":true,"href":"https:\/\/nfc-readers.com\/sl\/wp-json\/wp\/v2\/product_cat?post=3626"},{"taxonomy":"product_tag","embeddable":true,"href":"https:\/\/nfc-readers.com\/sl\/wp-json\/wp\/v2\/product_tag?post=3626"}],"curies":[{"name":"wp","href":"https:\/\/api.w.org\/{rel}","templated":true}]}}