{"id":3633,"date":"2024-11-08T04:33:33","date_gmt":"2024-11-08T04:33:33","guid":{"rendered":"https:\/\/nfc-readers.com\/?post_type=product&#038;p=3633"},"modified":"2024-11-08T04:33:34","modified_gmt":"2024-11-08T04:33:34","slug":"rfid-wristband-elastic-nfc-rfid-tag-access-control-identification","status":"publish","type":"product","link":"https:\/\/nfc-readers.com\/sl\/ic-reader\/rfid-wristband-elastic-nfc-rfid-tag-access-control-identification\/","title":{"rendered":"Zapestnica RFID Elasti\u010dna identifikacija nadzora dostopa z oznako NFC RFID"},"content":{"rendered":"<h1 style=\"text-align: center;\"><strong>Zapestnica RFID Elasti\u010dna identifikacija nadzora dostopa z oznako NFC RFID<\/strong><\/h1>\n<p>The <strong>RFID zapestnica<\/strong>\u00a0spreminja na\u010din, kako organizacije upravljajo nadzor dostopa in identifikacijo na dogodkih, festivalih in prizori\u0161\u010dih. S svojo napredno\u00a0<strong>NFC tehnologija<\/strong>,\u00a0<strong>vodoodporni materiali<\/strong>, in prilagodljivimi funkcijami ta elasti\u010dni zapestni trak ni samo funkcionalen, ampak je zasnovan za vzdr\u017eljivost in stil. U\u010dinkovito zdru\u017euje varnostne ukrepe z uporabniku prijaznimi funkcijami in ponuja organizatorjem dogodkov poenostavljeno re\u0161itev za obvladovanje velikih mno\u017eic, hkrati pa izbolj\u0161uje izku\u0161njo gostov.<\/p>\n<p>&nbsp;<\/p>\n<h2><strong>Zakaj izbrati zapestnico RFID?<\/strong><\/h2>\n<p>Vlaganje v an\u00a0<strong>RFID zapestnica<\/strong>\u00a0ponuja \u0161tevilne ugodnosti tako za organizatorje kot udele\u017eence. S funkcionalnostmi, ki omogo\u010dajo\u00a0<strong>brezgotovinsko pla\u010devanje<\/strong>\u00a0in\u00a0<strong>hiter vstop<\/strong>, so te zapestnice zasnovane posebej za dogodke, ki zahtevajo ve\u010djo varnost in u\u010dinkovitost. Ne glede na to, ali upravljate a\u00a0<strong>glasbeni festival<\/strong>, poslovnem sre\u010danju ali tematskem parku, zapestnica RFID ponuja raven dostopnosti in varnosti, ki je tradicionalne vstopnice ne morejo zagotoviti.<\/p>\n<h3>Prednosti izdelka:<\/h3>\n<ul>\n<li><strong>Izbolj\u0161ana varnost<\/strong>: Zapestnica RFID zagotavlja vstop samo poobla\u0161\u010denim osebam, kar zmanj\u0161uje tveganje nepoobla\u0161\u010denega dostopa.<\/li>\n<li><strong>Poenostavljeno delovanje<\/strong>: Omogo\u010da hiter vstop in izstop ter zmanj\u0161a zastoje na dostopnih to\u010dkah.<\/li>\n<li><strong>Vsestranska uporaba<\/strong>: Primerno za dogodke vseh velikosti, od festivalov do nadzora dostopa v telovadnici.<\/li>\n<li><strong>Blagovna znamka po meri<\/strong>: Prilagodite zapestnice z edinstvenimi dizajni, logotipi in barvami za ve\u010djo prepoznavnost blagovne znamke.<\/li>\n<\/ul>\n<p>&nbsp;<\/p>\n<h3><strong>Zna\u010dilnosti zapestnice RFID<\/strong><\/h3>\n<p>The\u00a0<strong>RFID zapestnica<\/strong>\u00a0se pona\u0161a z obilico posebnih funkcij, ki zagotavljajo brezhiben nadzor dostopa. Te zapestnice so\u00a0<strong>nepremo\u010dljiva<\/strong>, ki zagotavlja zanesljivo delovanje tudi v nepredvidljivih vremenskih razmerah. Delovanje s frekvenco\u00a0<strong>13,56 MHz<\/strong>\u00a0in z uporabo\u00a0<strong>Protokol ISO 14443A<\/strong>, uporabljajo te zapestnice\u00a0<strong>NTAG213 \u010dipi<\/strong>\u00a0s kapaciteto pomnilnika\u00a0<strong>144 bajtov<\/strong>.<\/p>\n<p>Zapestnica komunicira z uporabo\u00a0<strong>NFC<\/strong>\u00a0(Near Field Communication) tehnologija, ki omogo\u010da hitro interakcijo pri skeniranju z \u010ditalniki RFID v razdalji branja\u00a0<strong>1-10 cm<\/strong>. To pomeni, da lahko gostje hitro vstopijo na prizori\u0161\u010da, tako da z zapestnico preprosto dotaknejo \u010ditalnik, kar znatno izbolj\u0161a pretok prometa na vstopnih to\u010dkah.<\/p>\n<p>&nbsp;<\/p>\n<h3><strong>Tehni\u010dne specifikacije<\/strong><\/h3>\n<table class=\"w-fit !mb-0 !max-w-none\" style=\"height: 463px;\" width=\"472\">\n<thead>\n<tr>\n<th><strong>Atribut<\/strong><\/th>\n<th><strong>Podrobnosti<\/strong><\/th>\n<\/tr>\n<\/thead>\n<tbody>\n<tr>\n<td><strong>Ime izdelka<\/strong><\/td>\n<td>RFID zapestnica<\/td>\n<\/tr>\n<tr>\n<td><strong>Blagovna znamka<\/strong><\/td>\n<td>Shunxin<\/td>\n<\/tr>\n<tr>\n<td><strong>\u0160tevilka modela<\/strong><\/td>\n<td>SX-zapestnica<\/td>\n<\/tr>\n<tr>\n<td><strong>Material<\/strong><\/td>\n<td>Tkanina<\/td>\n<\/tr>\n<tr>\n<td><strong>Velikost<\/strong><\/td>\n<td>180 * 20 mm<\/td>\n<\/tr>\n<tr>\n<td><strong>\u010dip<\/strong><\/td>\n<td>NTAG213<\/td>\n<\/tr>\n<tr>\n<td><strong>Spomin<\/strong><\/td>\n<td>144 bajt<\/td>\n<\/tr>\n<tr>\n<td><strong>Komunikacijski vmesnik<\/strong><\/td>\n<td>RFID, NFC<\/td>\n<\/tr>\n<tr>\n<td><strong>Pogostost<\/strong><\/td>\n<td>13,56 MHz<\/td>\n<\/tr>\n<tr>\n<td><strong>Protokol<\/strong><\/td>\n<td>ISO 14443A<\/td>\n<\/tr>\n<tr>\n<td><strong>Razdalja branja<\/strong><\/td>\n<td>1 \u2013 10 cm<\/td>\n<\/tr>\n<tr>\n<td><strong>\u010cas izvedbe<\/strong><\/td>\n<td>8 \u2013 12 delovnih dni<\/td>\n<\/tr>\n<tr>\n<td><strong>Tiskanje<\/strong><\/td>\n<td>Tisk s prenosom toplote<\/td>\n<\/tr>\n<tr>\n<td><strong>Pakiranje<\/strong><\/td>\n<td>200 kosov\/notranja \u0161katla, 25 \u0161katel\/karton<\/td>\n<\/tr>\n<tr>\n<td><strong>Velikost \u0161katle<\/strong><\/td>\n<td>48 * 22,5 * 30 cm<\/td>\n<\/tr>\n<tr>\n<td><strong>Bruto te\u017ea<\/strong><\/td>\n<td>0,010 kg<\/td>\n<\/tr>\n<tr>\n<td><strong>Velikost enega paketa<\/strong><\/td>\n<td>35 * 1,5 * 0,02 cm<\/td>\n<\/tr>\n<\/tbody>\n<\/table>\n<p>&nbsp;<\/p>\n<h2><strong>Pogosto zastavljena vpra\u0161anja (FAQ)<\/strong><\/h2>\n<h3>1. Kaj je zapestnica RFID?<\/h3>\n<p>An\u00a0<strong>RFID zapestnica<\/strong>\u00a0je nosljiva naprava, opremljena s tehnologijo radiofrekven\u010dne identifikacije (RFID), ki se uporablja predvsem za nadzor dostopa, brezgotovinsko pla\u010devanje in identifikacijo na dogodkih, kot so koncerti, festivali in rekreacijska prizori\u0161\u010da.<\/p>\n<h3>2. Kako deluje tehnologija RFID?<\/h3>\n<p>Tehnologija RFID uporablja radijske valove za prenos podatkov od zapestnice do bralnika. Ko zapestnica pride v razdaljo za branje (1-10 cm), samodejno komunicira z bralnikom, kar omogo\u010da hiter in varen dostop ali transakcije.<\/p>\n<h3>3. Kak\u0161ne so prednosti uporabe zapestnic RFID pred tradicionalnimi vstopnicami?<\/h3>\n<p>RFID zapestnice imajo \u0161tevilne prednosti:<\/p>\n<ul>\n<li><strong>Hitrej\u0161i vstop<\/strong>: Udele\u017eenci se lahko dotaknejo svojih zapestnic za hiter dostop, kar zmanj\u0161a \u010dakalne vrste in \u010dakalne dobe.<\/li>\n<li><strong>Izbolj\u0161ana varnost<\/strong>: Nepoobla\u0161\u010dene osebe ne morejo uporabljati RFID zapestnic, saj je vsaka zapestnica edinstveno kodirana.<\/li>\n<li><strong>Brezgotovinske transakcije<\/strong>: Veliko zapestnic omogo\u010da brezgotovinsko pla\u010devanje hrane, trgovskega blaga in storitev, kar izbolj\u0161a uporabni\u0161ko izku\u0161njo.<\/li>\n<li><strong>Zbiranje podatkov<\/strong>: Organizatorji dogodkov lahko zberejo dragocene analiti\u010dne podatke o vedenju in \u017eeljah obiskovalcev.<\/li>\n<\/ul>\n<h3>4. Ali so zapestnice RFID nepremo\u010dljive?<\/h3>\n<p>Da, na\u0161e zapestnice RFID so zasnovane tako\u00a0<strong>nepremo\u010dljiva<\/strong>\u00a0in\u00a0<strong>odporen na vremenske vplive<\/strong>, zaradi \u010desar so primerni za dogodke in aktivnosti na prostem.<\/p>","protected":false},"excerpt":{"rendered":"<p>Zapestnica RFID zdru\u017euje elasti\u010dno udobje z napredno tehnologijo NFC za u\u010dinkovito kontrolo dostopa in identifikacijo. Kot nala\u0161\u010d za dogodke, ponuja varnost in udobje v prilagodljivem dizajnu.<\/p>","protected":false},"featured_media":3634,"template":"","meta":[],"product_brand":[],"product_cat":[50],"product_tag":[],"class_list":{"0":"post-3633","1":"product","2":"type-product","3":"status-publish","4":"has-post-thumbnail","6":"product_cat-silicone-rfid-nfc-wristbands","8":"first","9":"instock","10":"shipping-taxable","11":"product-type-simple"},"_links":{"self":[{"href":"https:\/\/nfc-readers.com\/sl\/wp-json\/wp\/v2\/product\/3633","targetHints":{"allow":["GET"]}}],"collection":[{"href":"https:\/\/nfc-readers.com\/sl\/wp-json\/wp\/v2\/product"}],"about":[{"href":"https:\/\/nfc-readers.com\/sl\/wp-json\/wp\/v2\/types\/product"}],"wp:featuredmedia":[{"embeddable":true,"href":"https:\/\/nfc-readers.com\/sl\/wp-json\/wp\/v2\/media\/3634"}],"wp:attachment":[{"href":"https:\/\/nfc-readers.com\/sl\/wp-json\/wp\/v2\/media?parent=3633"}],"wp:term":[{"taxonomy":"product_brand","embeddable":true,"href":"https:\/\/nfc-readers.com\/sl\/wp-json\/wp\/v2\/product_brand?post=3633"},{"taxonomy":"product_cat","embeddable":true,"href":"https:\/\/nfc-readers.com\/sl\/wp-json\/wp\/v2\/product_cat?post=3633"},{"taxonomy":"product_tag","embeddable":true,"href":"https:\/\/nfc-readers.com\/sl\/wp-json\/wp\/v2\/product_tag?post=3633"}],"curies":[{"name":"wp","href":"https:\/\/api.w.org\/{rel}","templated":true}]}}