{"id":3647,"date":"2024-11-08T04:47:36","date_gmt":"2024-11-08T04:47:36","guid":{"rendered":"https:\/\/nfc-readers.com\/?post_type=product&#038;p=3647"},"modified":"2024-11-08T04:47:36","modified_gmt":"2024-11-08T04:47:36","slug":"custom-laser-logo-waterproof-silicone-m1-nfc-rubber-wristband","status":"publish","type":"product","link":"https:\/\/nfc-readers.com\/sl\/ic-reader\/custom-laser-logo-waterproof-silicone-m1-nfc-rubber-wristband\/","title":{"rendered":"Laserski logotip po meri Vodotesen silikonski M1 NFC gumijast zapestni trak"},"content":{"rendered":"<h1 style=\"text-align: center;\"><strong>Laserski logotip po meri Vodotesen silikonski M1 NFC gumijast zapestni trak<\/strong><\/h1>\n<p>&nbsp;<\/p>\n<p>The <strong>Laserski logotip po meri, vodoodporen silikonski gumijasti zapestni trak M1 NFC<\/strong>\u00a0je najsodobnej\u0161a re\u0161itev za tiste, ki i\u0161\u010dejo idealno me\u0161anico funkcionalnosti, sloga in blagovne znamke. Ta zapestnica RFID, izdelana iz trpe\u017enega silikona, brezhibno integrira napredno tehnologijo NFC in ponuja brezhibno uporabni\u0161ko izku\u0161njo pri nadzoru dostopa in brezgotovinskih transakcijah. S prilagodljivimi mo\u017enostmi logotipa ne slu\u017ei le kot prakti\u010den pripomo\u010dek, ampak tudi kot prilo\u017enost za blagovno znamko za dogodke, koncerte in festivale.<\/p>\n<p>V svetu, kjer gresta udobje in varnost z roko v roki, nalo\u017eba v na\u0161e zapestnice NFC izbolj\u0161a funkcionalnost va\u0161ih dogodkov, hkrati pa zagotavlja profesionalen videz. Ne glede na to, ali \u017eelite izbolj\u0161ati svoje sisteme za nadzor dostopa ali ustvariti nepozabno izku\u0161njo blagovne znamke za svoje goste, je ta zapestnica odli\u010dna izbira. Je vodoodporen in zasnovan tako, da prenese vrsto zunanjih pogojev, zaradi \u010desar je primeren za razli\u010dne dogodke.<\/p>\n<p>&nbsp;<\/p>\n<h2>Lastnosti izdelka<\/h2>\n<p>The\u00a0<strong>Zapestnica iz silikonske gume M1 NFC<\/strong>\u00a0pona\u0161a se z nizom funkcij, ki so namenjene tako posameznim uporabnikom kot organizacijam, ki \u017eelijo izbolj\u0161ati svoje dogodke.<\/p>\n<p><strong>1. Vodotesen in vremensko odporen dizajn:<\/strong><br \/>\nZa razliko od tradicionalnih zapestnic ta silikonska zapestnica rfid zagotavlja, da va\u0161i podatki ostanejo varni in nedotaknjeni tudi v mokrih razmerah. Ta funkcija je klju\u010dnega pomena za dogodke v nepredvidljivem vremenu ali za dejavnosti, ki vklju\u010dujejo vodo, kot so vodni parki ali glasbeni festivali.<\/p>\n<p><strong>2. Vrhunska razdalja branja:<\/strong><br \/>\nPodprte s tehnologijo RFID imajo te zapestnice razdaljo branja med 1\u201310 cm, kar omogo\u010da hitro skeniranje in dostop. Ne glede na to, ali obvladujete veliko mno\u017eico na festivalu ali zagotavljate enostaven vstop na prizori\u0161\u010de,\u00a0<strong>Tehnologija zapestnice RFID<\/strong>\u00a0deluje gladko, da zmanj\u0161a \u010dakalne dobe in izbolj\u0161a izku\u0161nje gostov.<\/p>\n<p>&nbsp;<\/p>\n<h2>Material in dizajn<\/h2>\n<p>Izdelano iz visokokakovostnega\u00a0<strong>silikon<\/strong>, ta zapestni trak nudi prilagodljivost in udobje za uporabnika. Njegova lahka oblika je primerna za dolgotrajno no\u0161enje brez nelagodja. Poleg tega je\u00a0<strong>prilagodljiv<\/strong>\u00a0Narava zapestnice pomeni, da jo je mogo\u010de prilagoditi poljubnim zahtevam glede velikosti, zaradi \u010desar je idealna za razli\u010dne uporabnike, od otrok do odraslih.<\/p>\n<ul>\n<li><strong>Udobna obla\u010dila:<\/strong>\u00a0Za razliko od zapestnic iz vinila ali blaga je silikon mehak do ko\u017ee, zaradi \u010desar je idealen za celodnevno no\u0161enje.<\/li>\n<li><strong>Pro\u017een material:<\/strong>\u00a0Vzdr\u017eljivost silikona zagotavlja, da se va\u0161a zapestnica ne bo zlahka po\u0161kodovala, kar je \u0161e posebej pomembno pri dogodkih, ki trajajo ve\u010d dni.<\/li>\n<\/ul>\n<p>&nbsp;<\/p>\n<h2>Tehnologija NFC in RFID<\/h2>\n<p>Kombinacija obojega\u00a0<strong>NFC<\/strong>\u00a0in\u00a0<strong>RFID<\/strong>\u00a0zmogljivosti, ta zapestnica odra\u017ea najnovej\u0161i napredek v\u00a0<strong>RFID tehnologija<\/strong>.<\/p>\n<ul>\n<li><strong>Pogostost:<\/strong>\u00a0Deluje s frekvenco\u00a0<strong>13,56 MHz<\/strong>, te zapestnice izkori\u0161\u010dajo komunikacijo na podlagi bli\u017eine. Programirati jih je mogo\u010de za razli\u010dne aplikacije, od brezgotovinskega pla\u010dila do vstopnega dostopa.<\/li>\n<li><strong>Skladnost s protokolom:<\/strong>\u00a0Zapestnice se dr\u017eijo\u00a0<strong>ISO 14443A<\/strong>\u00a0protokol, ki zagotavlja zdru\u017eljivost s \u0161iroko paleto bralnikov NFC. To uporabnikom ponuja svobodo uporabe na ve\u010d platformah, zaradi \u010desar je neprecenljiva prednost za razli\u010dne vrste dogodkov.<\/li>\n<\/ul>\n<p>&nbsp;<\/p>\n<h2>Mo\u017enosti blagovne znamke po meri<\/h2>\n<p>Na\u0161e zapestnice lahko vklju\u010dujejo a\u00a0<strong>prilagojen logotip<\/strong>, ki podjetjem omogo\u010da izbolj\u0161anje prepoznavnosti svoje blagovne znamke v katerem koli okolju.<\/p>\n<ul>\n<li><strong>Sitotisk:<\/strong>\u00a0Va\u0161 logotip je lahko vidno prikazan na zapestnici z uporabo visokokakovostnih tehnik sitotiska. To ne zagotavlja samo \u017eivahnih barv, temve\u010d tudi dolgo \u017eivljenjsko dobo proti obrabi.<\/li>\n<li><strong>Laserska prilagoditev:<\/strong>\u00a0Poleg tega nudimo lasersko graviranje po meri za trajnej\u0161o re\u0161itev blagovne znamke, ki zagotavlja, da va\u0161 logotip u\u010dinkovito izstopa.<\/li>\n<\/ul>\n<p>&nbsp;<\/p>\n<h2>Uporaba zapestnice<\/h2>\n<p>The\u00a0<strong>Laserski logotip po meri, vodoodporen silikonski gumijasti zapestni trak M1 NFC<\/strong>\u00a0je vsestranski in uporaben v \u0161tevilnih panogah in dogodkih.<\/p>\n<ul>\n<li><strong>Sistemi za nadzor dostopa:<\/strong>\u00a0Idealen za\u00a0<strong>organizatorji dogodkov<\/strong>, te zapestnice poenostavljajo vstopne procese, kar omogo\u010da\u00a0<strong>hiter nadzor dostopa<\/strong>\u00a0in pove\u010dano varnost z zasnovami, za\u0161\u010ditenimi pred posegi.<\/li>\n<li><strong>Brezgotovinska pla\u010dila:<\/strong>\u00a0Z nara\u0161\u010danjem brezgotovinskih transakcij uporaba tehnologije NFC omogo\u010da nemoten pretok na prodajnih mestih, kar zmanj\u0161uje potrebo po gotovini in izbolj\u0161uje hitrosti transakcij.<\/li>\n<\/ul>\n<p>&nbsp;<\/p>\n<h2>Pogosto zastavljena vpra\u0161anja (FAQ)<\/h2>\n<p>Tukaj je nekaj pogostih vpra\u0161anj in odgovorov v zvezi z\u00a0<strong>Laserski logotip po meri, vodoodporen silikonski gumijasti zapestni trak M1 NFC<\/strong>. \u010ce imate dodatna vpra\u0161anja, se obrnite na nas!<\/p>\n<h3>1.\u00a0<strong>Kak\u0161na je primarna uporaba zapestnic RFID?<\/strong><\/h3>\n<p>Zapestnice RFID se uporabljajo predvsem za nadzor dostopa, brezgotovinska pla\u010dila in vodenje gostov na dogodkih, kot so koncerti, festivali in vodni parki. Pomagajo poenostaviti delovanje, skraj\u0161ajo \u010dakalne dobe in izbolj\u0161ajo splo\u0161no izku\u0161njo gostov.<\/p>\n<h3>2.\u00a0<strong>Ali lahko prilagodimo zapestnice?<\/strong><\/h3>\n<p>ja! Na\u0161e zapestnice lahko v celoti prilagodite z va\u0161im logotipom ali sporo\u010dilom blagovne znamke. Ponujamo mo\u017enosti za sitotisk in lasersko graviranje, da izpolnimo va\u0161e zahteve glede blagovne znamke.<\/p>\n<h3>3.\u00a0<strong>Iz katerih materialov so narejene zapestnice?<\/strong><\/h3>\n<p>Zapestnice so izdelane iz visokokakovostnega, mehkega silikona, ki zagotavlja udobje pri dolgotrajnem no\u0161enju. Prav tako so vodoodporni in odporni na vremenske vplive, zaradi \u010desar so primerni za zunanja in zahtevna okolja.<\/p>\n<h3>4.\u00a0<strong>Katero tehnologijo uporabljajo te zapestnice?<\/strong><\/h3>\n<p>Zapestnice uporabljajo oboje\u00a0<strong>NFC (komunikacija bli\u017enjega polja)<\/strong>\u00a0in\u00a0<strong>RFID (radiofrekven\u010dna identifikacija)<\/strong>\u00a0tehnologija, ki deluje na frekvenci\u00a0<strong>13,56 MHz<\/strong>. To omogo\u010da hitro in u\u010dinkovito skeniranje.<\/p>\n<h3>5.\u00a0<strong>Kako zagotovim, da zapestnice ustrezajo razli\u010dnim uporabnikom?<\/strong><\/h3>\n<p>Ponujamo prilagodljive velikosti, da zagotovimo, da se zapestnice udobno prilegajo razli\u010dnim uporabnikom. Prilagodljiv silikonski material je primeren tudi za razli\u010dne velikosti zapestij.<\/p>\n<p>&nbsp;<\/p>","protected":false},"excerpt":{"rendered":"<p>Vodoodporna gumijasta zapestnica M1 NFC iz silikonskega laserskega logotipa zdru\u017euje vzdr\u017eljivost z napredno tehnologijo NFC, zaradi \u010desar je idealna za dogodke in brezgotovinske transakcije. Prilagodite ga s svojim logotipom za izbolj\u0161ano blagovno znamko in prepoznavnost!<\/p>","protected":false},"featured_media":3648,"template":"","meta":[],"product_brand":[],"product_cat":[50],"product_tag":[],"class_list":{"0":"post-3647","1":"product","2":"type-product","3":"status-publish","4":"has-post-thumbnail","6":"product_cat-silicone-rfid-nfc-wristbands","8":"first","9":"instock","10":"shipping-taxable","11":"product-type-simple"},"_links":{"self":[{"href":"https:\/\/nfc-readers.com\/sl\/wp-json\/wp\/v2\/product\/3647","targetHints":{"allow":["GET"]}}],"collection":[{"href":"https:\/\/nfc-readers.com\/sl\/wp-json\/wp\/v2\/product"}],"about":[{"href":"https:\/\/nfc-readers.com\/sl\/wp-json\/wp\/v2\/types\/product"}],"wp:featuredmedia":[{"embeddable":true,"href":"https:\/\/nfc-readers.com\/sl\/wp-json\/wp\/v2\/media\/3648"}],"wp:attachment":[{"href":"https:\/\/nfc-readers.com\/sl\/wp-json\/wp\/v2\/media?parent=3647"}],"wp:term":[{"taxonomy":"product_brand","embeddable":true,"href":"https:\/\/nfc-readers.com\/sl\/wp-json\/wp\/v2\/product_brand?post=3647"},{"taxonomy":"product_cat","embeddable":true,"href":"https:\/\/nfc-readers.com\/sl\/wp-json\/wp\/v2\/product_cat?post=3647"},{"taxonomy":"product_tag","embeddable":true,"href":"https:\/\/nfc-readers.com\/sl\/wp-json\/wp\/v2\/product_tag?post=3647"}],"curies":[{"name":"wp","href":"https:\/\/api.w.org\/{rel}","templated":true}]}}