{"id":3667,"date":"2024-11-10T06:11:18","date_gmt":"2024-11-10T06:11:18","guid":{"rendered":"https:\/\/nfc-readers.com\/?post_type=product&#038;p=3667"},"modified":"2024-11-10T06:11:19","modified_gmt":"2024-11-10T06:11:19","slug":"custom-nfc-sticker-for-brand-authentication-anti-counterfeiting","status":"publish","type":"product","link":"https:\/\/nfc-readers.com\/sl\/ic-reader\/custom-nfc-sticker-for-brand-authentication-anti-counterfeiting\/","title":{"rendered":"Nalepka NFC po meri za preverjanje pristnosti blagovne znamke, proti ponarejanju"},"content":{"rendered":"<h1 style=\"text-align: center;\"><strong>Nalepka NFC po meri za preverjanje pristnosti blagovne znamke, proti ponarejanju<\/strong><\/h1>\n<p>Na dana\u0161njem hitro razvijajo\u010dem se trgu je zagotavljanje legitimnosti izdelkov postalo pomembnej\u0161e kot kdaj koli prej. Nalepke NFC po meri slu\u017eijo kot inovativna re\u0161itev za preverjanje pristnosti blagovne znamke in ukrepe proti ponarejanju. Te napredne nalepke izkori\u0161\u010dajo tehnologijo komunikacije bli\u017enjega polja (NFC), da zagotovijo brezhiben postopek preverjanja, s \u010dimer pove\u010dajo integriteto blagovne znamke in zaupanje strank. Ta izdelek ne slu\u017ei le kot varnostni ukrep, ampak tudi omogo\u010da privla\u010dno uporabni\u0161ko izku\u0161njo. Z vrsto prilagodljivih mo\u017enosti so te nalepke NFC dragocena nalo\u017eba za vsako podjetje, ki \u017eeli za\u0161\u010dititi identiteto svoje blagovne znamke.<\/p>\n<p>&nbsp;<\/p>\n<h2>Zakaj izbrati nalepke NFC po meri?<\/h2>\n<p>Nalepke NFC po meri ponujajo \u0161tevilne prednosti, zaradi katerih so vreden dodatek k varnostnemu arzenalu va\u0161e znamke. Z integracijo tehnologije NFC te nalepke omogo\u010dajo hitro in enostavno preverjanje pristnosti prek pametnih telefonov in naprav, ki podpirajo NFC. S funkcijami, kot so vodoodporna vzdr\u017eljivost, razli\u010dne velikosti in oblike ter prilagodljive mo\u017enosti tiskanja, te nalepke ne le pove\u010dajo varnost, ampak tudi izbolj\u0161ajo videz va\u0161ih izdelkov.<\/p>\n<p>Nalo\u017eba v nalepke NFC po meri lahko bistveno zmanj\u0161a tveganje ponarejanja, kar potro\u0161nikom daje zaupanje v pristnost njihovih nakupov. S preglednim zagotavljanjem informacij o poreklu izdelka in podrobnostih izdelave lahko te nalepke tudi dvignejo potro\u0161ni\u0161ko izku\u0161njo in sodelovanje.<\/p>\n<p>&nbsp;<\/p>\n<h2>Funkcije nalepk NFC po meri<\/h2>\n<h3>Napredna tehnologija in varnost<\/h3>\n<p>NFC nalepke po meri so opremljene z najsodobnej\u0161o tehnologijo, kot so komunikacijski vmesniki RFID, zaradi \u010desar so izjemno u\u010dinkovite pri preverjanju pristnosti blagovne znamke. Z uporabo\u00a0<strong>NXP NTAG213<\/strong>\u00a0\u010dip, te nalepke delujejo s frekvenco\u00a0<strong>13,56 MHz<\/strong>, ki zagotavlja zanesljivo povezavo z drugimi napravami, ki podpirajo NFC. Ne glede na to, ali so pritrjene na embala\u017eo izdelkov ali etikete, te nalepke zagotavljajo prefinjeno re\u0161itev za boj proti ponarejanju z minimalnim naporom.<\/p>\n<h3>Vsestranske aplikacije<\/h3>\n<p>Zaradi vsestranskosti nalepk NFC po meri so primerne za \u0161iroko paleto panog, od luksuznega blaga do potro\u0161ni\u0161ke elektronike. Lahko jih pritrdite na razli\u010dne povr\u0161ine, vklju\u010dno z\u00a0<strong>PVC, PET<\/strong>, in kovino, kar podjetjem omogo\u010da, da jih nemoteno vklju\u010dijo v svojo blagovno znamko. Podjetja lahko izbirajo med ve\u010d dizajni, vklju\u010dno z\u00a0<strong>okrogle, kvadratne<\/strong>in konfiguracije po meri, da najbolje ustrezajo estetiki njihovega izdelka.<\/p>\n<h2>2. Trajnost in uporabnost<\/h2>\n<h3>Vodotesen in vremensko odporen dizajn<\/h3>\n<p>Ko gre za ozna\u010devanje izdelkov, je trajnost najpomembnej\u0161a. Nalepke NFC po meri so zasnovane tako, da prenesejo te\u017eke okoljske pogoje. Njihovo\u00a0<strong>nepremo\u010dljiva<\/strong>\u00a0in\u00a0<strong>odporen na vremenske vplive<\/strong>\u00a0zaradi svojih lastnosti so idealni za uporabo na prostem ali izdelke, ki so izpostavljeni vlagi. To zagotavlja, da tehnologija NFC ostane popolnoma operativna, ne glede na zunanje okolje in \u0161\u010diti integriteto va\u0161e znamke.<\/p>\n<h3>Uporabniku prijazen vmesnik<\/h3>\n<p>Preprosta uporaba nalepk NFC po meri je \u0161e ena pomembna prednost. Stranke lahko enostavno preverijo pristnost izdelkov tako, da se dotaknejo njihovega\u00a0<strong>Pametni telefoni, ki podpirajo NFC<\/strong>\u00a0proti nalepki. Ta intuitivna interakcija odpravlja zapletene procese, kar uporabnikom omogo\u010da preverjanje pristnosti in hiter dostop do dodatnih informacij o izdelku. Posledi\u010dno to pove\u010da zadovoljstvo in sodelovanje strank.<\/p>\n<p>&nbsp;<\/p>\n<p>&nbsp;<\/p>\n<h2>Tehni\u010dne specifikacije<\/h2>\n<table class=\"w-fit !mb-0 !max-w-none\">\n<thead>\n<tr>\n<th>Specifikacija<\/th>\n<th>Podrobnost<\/th>\n<\/tr>\n<\/thead>\n<tbody>\n<tr>\n<td><strong>\u010dip<\/strong><\/td>\n<td>Ntag213, Ntag215, Ntag216<\/td>\n<\/tr>\n<tr>\n<td><strong>Pogostost<\/strong><\/td>\n<td>13,56 MHz<\/td>\n<\/tr>\n<tr>\n<td><strong>Protokol<\/strong><\/td>\n<td>ISO 14443A<\/td>\n<\/tr>\n<tr>\n<td><strong>Zapisljivi podatkovni tipi<\/strong><\/td>\n<td>Spletna stran, Besedilo, QR kode, drugi formati<\/td>\n<\/tr>\n<tr>\n<td><strong>Mo\u017enosti tiskanja<\/strong><\/td>\n<td>Offset tisk, digitalni tisk, prilagoditev<\/td>\n<\/tr>\n<tr>\n<td><strong>Mo\u017enosti obrti<\/strong><\/td>\n<td>Sijajni, mat, epoksi, hologram<\/td>\n<\/tr>\n<tr>\n<td><strong>Mo\u017enosti velikosti<\/strong><\/td>\n<td>Okroglo (premer 30 mm), kvadratno, po meri<\/td>\n<\/tr>\n<tr>\n<td><strong>Podrobnosti pakiranja<\/strong><\/td>\n<td>200 kosov v notranji \u0161katli, 25 \u0161katel na karton; velikost kartona: 48<em>22.5<\/em>30 cm<\/td>\n<\/tr>\n<tr>\n<td><strong>Te\u017ea<\/strong><\/td>\n<td>0,010 kg na nalepko<\/td>\n<\/tr>\n<\/tbody>\n<\/table>\n<p>&nbsp;<\/p>\n<p>&nbsp;<\/p>\n<h2>Pogosto zastavljena vpra\u0161anja (FAQ)<\/h2>\n<h3>1.\u00a0<strong>Kaj je tehnologija NFC in kako deluje?<\/strong><\/h3>\n<p>NFC (Near Field Communication) je brez\u017ei\u010dna tehnologija kratkega dosega, ki omogo\u010da komunikacijo med zdru\u017eljivimi napravami, ko so pribli\u017eane skupaj, obi\u010dajno na razdaljo nekaj centimetrov. Nalepke NFC po meri vsebujejo \u010dip NFC, ki ob dotiku prena\u0161a podatke na pametne telefone in naprave, ki podpirajo NFC, kar uporabnikom omogo\u010da hitro preverjanje pristnosti izdelka ali dostop do dodatnih informacij.<\/p>\n<h3>2.\u00a0<strong>Kako trpe\u017ene so nalepke NFC po meri?<\/strong><\/h3>\n<p>Nalepke NFC po meri so zasnovane tako, da so odporne na vodo in vremenske vplive, zaradi \u010desar so primerne za notranjo in zunanjo uporabo. Prenesejo lahko razli\u010dne okoljske pogoje, kar zagotavlja, da tehnologija NFC ostane funkcionalna dlje \u010dasa.<\/p>\n<h3>3.\u00a0<strong>Ali je mogo\u010de te nalepke prilagoditi?<\/strong><\/h3>\n<p>ja! Na\u0161e nalepke NFC po meri ponujajo vrsto mo\u017enosti prilagajanja, vklju\u010dno z velikostjo, obliko, obliko in metodami tiskanja. Natisnete lahko logotipe, informacije o izdelkih, kode QR in druge elemente blagovne znamke, da se uskladijo z identiteto va\u0161e blagovne znamke.<\/p>\n<h3>4.\u00a0<strong>Kateri materiali se uporabljajo za nalepke?<\/strong><\/h3>\n<p>Nalepke NFC po meri so lahko izdelane iz razli\u010dnih materialov, kot so PVC, PET ali premazani papir. Vsak material je izbran zaradi svoje vzdr\u017eljivosti in primernosti za razli\u010dne namene, kar zagotavlja, da se lahko nalepke u\u010dinkovito prilepijo na va\u0161e izdelke.<\/p>","protected":false},"excerpt":{"rendered":"<p>Nalepke NFC po meri ponujajo prefinjeno re\u0161itev za preverjanje pristnosti blagovne znamke in za\u0161\u010dito pred ponarejanjem. Preprosto preverite legitimnost izdelka s preprostim dotikom pametnega telefona.<\/p>","protected":false},"featured_media":3668,"template":"","meta":[],"product_brand":[],"product_cat":[48],"product_tag":[],"class_list":{"0":"post-3667","1":"product","2":"type-product","3":"status-publish","4":"has-post-thumbnail","6":"product_cat-nfc-stickers","8":"first","9":"instock","10":"shipping-taxable","11":"product-type-simple"},"_links":{"self":[{"href":"https:\/\/nfc-readers.com\/sl\/wp-json\/wp\/v2\/product\/3667","targetHints":{"allow":["GET"]}}],"collection":[{"href":"https:\/\/nfc-readers.com\/sl\/wp-json\/wp\/v2\/product"}],"about":[{"href":"https:\/\/nfc-readers.com\/sl\/wp-json\/wp\/v2\/types\/product"}],"wp:featuredmedia":[{"embeddable":true,"href":"https:\/\/nfc-readers.com\/sl\/wp-json\/wp\/v2\/media\/3668"}],"wp:attachment":[{"href":"https:\/\/nfc-readers.com\/sl\/wp-json\/wp\/v2\/media?parent=3667"}],"wp:term":[{"taxonomy":"product_brand","embeddable":true,"href":"https:\/\/nfc-readers.com\/sl\/wp-json\/wp\/v2\/product_brand?post=3667"},{"taxonomy":"product_cat","embeddable":true,"href":"https:\/\/nfc-readers.com\/sl\/wp-json\/wp\/v2\/product_cat?post=3667"},{"taxonomy":"product_tag","embeddable":true,"href":"https:\/\/nfc-readers.com\/sl\/wp-json\/wp\/v2\/product_tag?post=3667"}],"curies":[{"name":"wp","href":"https:\/\/api.w.org\/{rel}","templated":true}]}}