{"id":3675,"date":"2024-11-10T06:17:39","date_gmt":"2024-11-10T06:17:39","guid":{"rendered":"https:\/\/nfc-readers.com\/?post_type=product&#038;p=3675"},"modified":"2024-11-10T06:17:39","modified_gmt":"2024-11-10T06:17:39","slug":"13-56mhz-iso14443a-mifare-ntag-424dna-rfid-nfc-coin-tag-token","status":"publish","type":"product","link":"https:\/\/nfc-readers.com\/sl\/ic-reader\/13-56mhz-iso14443a-mifare-ntag-424dna-rfid-nfc-coin-tag-token\/","title":{"rendered":"13,56 mhz ISO14443A MIfare NTAG 424DNA RFID NFC \u017eeton oznake za kovance"},"content":{"rendered":"<h1 style=\"text-align: center;\"><span style=\"font-size: 95%;\"><strong>13,56 mhz ISO14443A MIfare NTAG 424DNA RFID NFC \u017eeton oznake za kovance<\/strong><\/span><\/h1>\n<p>&nbsp;<\/p>\n<p>V hitro razvijajo\u010dem se svetu brezsti\u010dnih tehnologij je\u00a0<strong>13,56 mhz ISO14443A MIfare NTAG 424DNA RFID NFC \u017eeton oznake za kovance<\/strong>\u00a0izstopa kot vsestranska in mo\u010dna re\u0161itev. Te oznake NFC ponujajo izjemno uporabnost za razli\u010dne aplikacije, od iger do varne komunikacije. Ti \u017eetoni, zasnovani z natan\u010dnostjo, zdru\u017eujejo napredne zmogljivosti z uporabniku prijaznimi funkcijami, zaradi \u010desar jih morajo imeti tako navdu\u0161enci kot profesionalci. Ne glede na to, ali \u017eelite izbolj\u0161ati svoje poslovne operacije, poenostaviti skupno rabo podatkov ali preprosto raziskati inovativno tehnologijo, lahko nalo\u017eba v te oznake NFC odklene nove prilo\u017enosti.<\/p>\n<p>&nbsp;<\/p>\n<h2>Prednosti izdelka<\/h2>\n<ol>\n<li><strong>Izbolj\u0161an pripomo\u010dek<\/strong>: \u010cip NTAG 424DNA zagotavlja robusten pomnilnik (416 bajtov) in varno izmenjavo podatkov, idealno za aplikacije, ki zahtevajo visoko raven varnosti.<\/li>\n<li><strong>Vzdr\u017eljivost<\/strong>: Zasnovane z lastnostmi, odpornimi na vodo in vremenske vplive, te oznake uspevajo na prostem in zagotavljajo dolgo \u017eivljenjsko dobo tudi v zahtevnih okoljih.<\/li>\n<li><strong>\u0160iroka zdru\u017eljivost<\/strong>: Zdru\u017eljive z razli\u010dnimi napravami, ki podpirajo NFC, se lahko te oznake enostavno vklju\u010dijo v obstoje\u010de poteke dela, zaradi \u010desar je prehod na brezsti\u010dno tehnologijo nemoten.<\/li>\n<\/ol>\n<p>S temi prepri\u010dljivimi prednostmi je jasno, zakaj\u00a0<strong>NTAG 424DNA NFC oznaka za kovance<\/strong>\u00a0je vreden nakupa.<\/p>\n<p>&nbsp;<\/p>\n<h3>Tehni\u010dne specifikacije<\/h3>\n<p>Tehni\u010dne specifikacije za\u00a0<strong>NTAG 424DNA<\/strong>\u00a0Oznaka za kovance RFID NFC poudarja njeno robustnost in vsestranskost. Tu so klju\u010dne to\u010dke, ki jih je treba upo\u0161tevati:<\/p>\n<ul>\n<li><strong>\u010dip<\/strong>: NTAG 424 DNK<\/li>\n<li><strong>Zmogljivost pomnilnika<\/strong>: 416 bajtov<\/li>\n<li><strong>Pogostost<\/strong>: 13,56 MHz<\/li>\n<li><strong>Razdalja branja<\/strong>: 2-10 cm<\/li>\n<li><strong>Material<\/strong>Material: PVC<\/li>\n<li><strong>Velikost<\/strong>: Premer 25 mm\/30 mm<\/li>\n<li><strong>Debelina<\/strong>: 0,84 mm (prilagodljivo)<\/li>\n<li><strong>Te\u017ea<\/strong>: 6,5g<\/li>\n<\/ul>\n<p>Te specifikacije zagotavljajo, da lahko oznaka NFC zadovolji razli\u010dne potrebe uporabnikov, od igralnih aplikacij do varnega poslovanja.<\/p>\n<p>&nbsp;<\/p>\n<h3>Uporaba oznake za kovance NTAG 424DNA<\/h3>\n<p>Prijave za\u00a0<strong>NTAG 424DNA<\/strong>\u00a0oznake za kovance so obse\u017ene. V igri\u010darski industriji lahko te oznake izbolj\u0161ajo uporabni\u0161ko izku\u0161njo z omogo\u010danjem interakcije z elementi v igri prek naprav, ki podpirajo NFC. Programirati jih je mogo\u010de tako, da odklenejo ekskluzivno vsebino, zagotovijo takoj\u0161nje nagrade ali se pove\u017eejo s spletnimi platformami, kar spodbuja sodelovanje uporabnikov.<\/p>\n<p>Poleg tega lahko v poslovnem kontekstu oznake NFC delujejo kot digitalne vizitke, ki zagotavljajo takoj\u0161en dostop do kontaktnih podatkov ali povezav portfelja, ali pa se lahko uporabljajo za sledenje sredstev in upravljanje zalog. Vsestranskost aplikacij dokazuje\u00a0<strong>Funkcionalnost oznak NFC v vsakdanjem \u017eivljenju in specializiranih panogah.<\/strong><\/p>\n<p>&nbsp;<\/p>\n<p>&nbsp;<\/p>\n<h2>Pogosto zastavljena vpra\u0161anja (FAQ) za NTAG 424DNA RFID NFC oznako za kovance<\/h2>\n<h3>1. Kaj je tehnologija NFC in kako deluje?<\/h3>\n<p>Tehnologija NFC (Near Field Communication) omogo\u010da napravam brez\u017ei\u010dno komunikacijo na kratkih razdaljah (obi\u010dajno 2-10 cm). Omogo\u010da izmenjavo podatkov med napravami in oznakami, ki podpirajo NFC, kot je NTAG 424DNA, prek procesa, imenovanega elektromagnetna indukcija. Za interakcijo preprosto pridr\u017eite telefon ali napravo, ki podpira NFC, blizu oznake in podatki se bodo takoj prenesli.<\/p>\n<h3>2. Katere naprave so zdru\u017eljive z oznako za kovance NTAG 424DNA NFC?<\/h3>\n<p>Oznaka za kovance NTAG 424DNA NFC je zdru\u017eljiva z vsemi mobilnimi napravami, ki podpirajo NFC, vklju\u010dno s \u0161iroko paleto pametnih telefonov in tabli\u010dnih ra\u010dunalnikov Android, kot tudi z dolo\u010denimi modeli iPhonov (iPhone 7 in novej\u0161i). Ve\u010dina sodobnih naprav z zmogljivostjo NFC lahko bere in pi\u0161e podatke na te oznake.<\/p>\n<h3>3. Ali je NTAG 424DNA NFC Coin Tag mogo\u010de ponovno zapisovati?<\/h3>\n<p>Da, oznaka za kovance NTAG 424DNA NFC je prepisljiva. Pomnilnik je mogo\u010de spreminjati, kar uporabnikom omogo\u010da posodobitev shranjenih podatkov, kadar koli je to potrebno. Zaradi te funkcije je zelo vsestranski za razli\u010dne aplikacije, kot je spreminjanje kontaktnih podatkov na digitalni vizitki ali posodabljanje informacij, povezanih z igro.<\/p>","protected":false},"excerpt":{"rendered":"<div class=\"message-item-outer relative px-4 mb-2\" data-id=\"ab1b65d0-6e69-4f08-ab26-216071361a06\">\n<div class=\"content-area pl-[0px]\">\n<div class=\"message-item select-text relative\">\n<div class=\"message-inner relative\">\n<div class=\"py-[2px]\">\n<div class=\"flex flex-col gap-2\">\n<div class=\"answer-markdown-box overflow-x-auto select-text custom-scrollbar\">\n<div class=\"markdown-body\">\n<p>13,56MHz ISO14443A Mifare NTAG 424DNA RFID NFC Coin Tag Token ponuja napredno varnost podatkov s svojim 416-bajtnim pomnilnikom, zaradi \u010desar je idealen za aplikacije, kot so varne transakcije in interaktivno tr\u017eenje. Njegova vodoodporna oblika in zdru\u017eljivost z razli\u010dnimi napravami, ki podpirajo NFC, zagotavljata vsestransko uporabo tako v zaprtih prostorih kot na prostem.<\/p>\n<\/div>\n<\/div>\n<\/div>\n<\/div>\n<\/div>\n<\/div>\n<\/div>\n<\/div>","protected":false},"featured_media":3676,"template":"","meta":[],"product_brand":[],"product_cat":[47],"product_tag":[],"class_list":{"0":"post-3675","1":"product","2":"type-product","3":"status-publish","4":"has-post-thumbnail","6":"product_cat-nfc-tags","8":"first","9":"instock","10":"shipping-taxable","11":"product-type-simple"},"_links":{"self":[{"href":"https:\/\/nfc-readers.com\/sl\/wp-json\/wp\/v2\/product\/3675","targetHints":{"allow":["GET"]}}],"collection":[{"href":"https:\/\/nfc-readers.com\/sl\/wp-json\/wp\/v2\/product"}],"about":[{"href":"https:\/\/nfc-readers.com\/sl\/wp-json\/wp\/v2\/types\/product"}],"wp:featuredmedia":[{"embeddable":true,"href":"https:\/\/nfc-readers.com\/sl\/wp-json\/wp\/v2\/media\/3676"}],"wp:attachment":[{"href":"https:\/\/nfc-readers.com\/sl\/wp-json\/wp\/v2\/media?parent=3675"}],"wp:term":[{"taxonomy":"product_brand","embeddable":true,"href":"https:\/\/nfc-readers.com\/sl\/wp-json\/wp\/v2\/product_brand?post=3675"},{"taxonomy":"product_cat","embeddable":true,"href":"https:\/\/nfc-readers.com\/sl\/wp-json\/wp\/v2\/product_cat?post=3675"},{"taxonomy":"product_tag","embeddable":true,"href":"https:\/\/nfc-readers.com\/sl\/wp-json\/wp\/v2\/product_tag?post=3675"}],"curies":[{"name":"wp","href":"https:\/\/api.w.org\/{rel}","templated":true}]}}