{"id":3683,"date":"2024-11-10T06:22:41","date_gmt":"2024-11-10T06:22:41","guid":{"rendered":"https:\/\/nfc-readers.com\/?post_type=product&#038;p=3683"},"modified":"2024-11-10T06:22:41","modified_gmt":"2024-11-10T06:22:41","slug":"wholesale-high-security-tamper-proof-nfc-tag-rfid-sticker","status":"publish","type":"product","link":"https:\/\/nfc-readers.com\/sl\/ic-reader\/wholesale-high-security-tamper-proof-nfc-tag-rfid-sticker\/","title":{"rendered":"Veleprodajna visokovarnostna nalepka RFID z oznako NFC, za\u0161\u010diteno pred posegi"},"content":{"rendered":"<h1 style=\"text-align: center;\"><strong>Veleprodajna visokovarnostna nalepka RFID z oznako NFC, za\u0161\u010diteno pred posegi<\/strong><\/h1>\n<p>&nbsp;<\/p>\n<p>Odklenite prihodnost varne izmenjave informacij z na\u0161imi <strong>Veleprodajna visokovarnostna nalepka RFID z oznako NFC, za\u0161\u010diteno pred posegi<\/strong>. Te inovativne nalepke NFC so kot nala\u0161\u010d za re\u0161itve proti ponarejanju in zdru\u017eujejo vrhunske varnostne funkcije s \u0161iroko vsestranskostjo uporabe. Te oznake NFC, zasnovane za podjetja, ki dajejo prednost varnosti in u\u010dinkovitosti, predstavljajo naslednji korak v brezsti\u010dni tehnologiji za razli\u010dne sektorje, vklju\u010dno z maloprodajo, logistiko in upravljanjem dogodkov.<\/p>\n<p>&nbsp;<\/p>\n<p><strong>Zakaj kupiti na\u0161e oznake NFC?<\/strong><br \/>\nNa\u0161e oznake NFC zagotavljajo varno, u\u010dinkovito in priro\u010dno re\u0161itev za vrsto aplikacij \u2013 od preverjanja pristnosti izdelkov do zagotavljanja brezhibne uporabni\u0161ke izku\u0161nje pri digitalnih transakcijah. Z zagotavljanjem, da so va\u0161i podatki varni pred ponarejanjem, na\u0161e oznake NFC, za\u0161\u010ditene pred posegi, ne samo pove\u010dajo varnost, ampak tudi dodajo vrednost va\u0161i blagovni znamki. Poleg tega prilagodljiva narava zagotavlja, da je mogo\u010de vsako oznako prilagoditi va\u0161im posebnim zahtevam, zaradi \u010desar so vsestranska izbira za vsako podjetje.<\/p>\n<p>&nbsp;<\/p>\n<h2>Lastnosti oznake NFC, za\u0161\u010ditene pred posegi<\/h2>\n<p>Ko gre za varnost, na\u0161\u00a0<strong>Veleprodajna visokovarnostna nalepka RFID z oznako NFC, za\u0161\u010diteno pred posegi<\/strong>\u00a0izstopa po svojih\u00a0<strong>posebnosti<\/strong>\u00a0namenjen boju proti ponarejanju.<\/p>\n<ul>\n<li><strong>Zasnova, za\u0161\u010ditena pred posegi<\/strong>: Ko so te oznake NFC enkrat pritrjene, jih je prakti\u010dno nemogo\u010de odstraniti brez ve\u010dje \u0161kode, kar zagotavlja, da je kakr\u0161no koli poseganje enostavno zaznati.<\/li>\n<li><strong>Velikost in tiskanje po meri<\/strong>: Na\u0161e oznake so na voljo v velikosti po meri in so natisnjene z uporabo\u00a0<strong>CMYK 4C ofset tisk<\/strong>\u00a0za \u017eivahno, visokokakovostno grafiko, ki krepi blagovno znamko.<\/li>\n<li><strong>Zmogljivost pomnilnika<\/strong>: Vsaka oznaka je zna\u010dilna\u00a0<strong>416 bajtov<\/strong>\u00a0pomnilnika, kar omogo\u010da varno shranjevanje bistvenih informacij.<\/li>\n<\/ul>\n<p>Zaradi teh lastnosti je oznaka NFC zanesljiva in u\u010dinkovita, zaradi \u010desar je bistveno orodje za podjetja, ki si prizadevajo za varnostne ukrepe najvi\u0161je ravni pri svojem poslovanju.<\/p>\n<p>&nbsp;<\/p>\n<h2>Uporaba oznak NFC<\/h2>\n<p>Vsestranskost na\u0161ih oznak NFC omogo\u010da njihovo uporabo v \u0161tevilnih sektorjih, kar izbolj\u0161uje poslovne procese in hkrati ohranja varne transakcije:<\/p>\n<ul>\n<li><strong>Proti ponarejanju<\/strong>: Podjetja lahko uporabljajo te oznake za zagotavljanje pristnosti izdelkov, saj so zasnovane tako, da so varno pritrjene in za\u0161\u010ditene pred posegi, kar odvra\u010da od ponarejanja.<\/li>\n<li><strong>Vodenje dogodkov<\/strong>: Uporabite oznake NFC za izdajanje vozovnic, kar omogo\u010da brezhiben nadzor dostopa in zmanj\u0161anje pojavnosti goljufij pri vstopnicah.<\/li>\n<li><strong>Pametno tr\u017eenje<\/strong>: Te oznake je mogo\u010de integrirati v marketin\u0161ko gradivo, kar strankam omogo\u010da neposredno sodelovanje z va\u0161o blagovno znamko z dotikom telefona za dostop do promocij, podrobnosti o izdelku ali digitalnih vizitk.<\/li>\n<\/ul>\n<p>Z izkori\u0161\u010danjem mo\u010di teh aplikacij lahko podjetja u\u010dinkovito za\u0161\u010ditijo svoje poslovanje in optimizirajo interakcijo s strankami.<\/p>\n<p>&nbsp;<\/p>\n<h2>Pogosto zastavljena vpra\u0161anja (FAQ)<\/h2>\n<h3>1.\u00a0<strong>Kaj je oznaka NFC?<\/strong><\/h3>\n<p>Oznaka NFC (komunikacija bli\u017enjega polja) je majhna naprava, ki uporablja tehnologijo RFID (radiofrekven\u010dna identifikacija) za brez\u017ei\u010dno prena\u0161anje informacij na kratke razdalje (obi\u010dajno v razponu od 1 do 10 cm). Uporabniki se lahko s svojimi napravami, ki podpirajo NFC, dotaknejo oznake za dostop do shranjenih informacij ali izvedejo dejanje.<\/p>\n<h3>2.\u00a0<strong>Kako programiram oznako NFC?<\/strong><\/h3>\n<p>Programiranje oznake NFC obi\u010dajno vklju\u010duje uporabo pametnega telefona, ki podpira NFC, ali drugih zdru\u017eljivih naprav z aplikacijo NFC. S temi aplikacijami lahko v oznako zapi\u0161ete podatke (kot so URL-ji ali kontaktni podatki). Preprosto izberite podatke, ki jih \u017eelite zapisati, z napravo tapnite oznako in podatki bodo shranjeni.<\/p>\n<h3>3.\u00a0<strong>Katere vrste podatkov lahko shranjujejo oznake NFC?<\/strong><\/h3>\n<p>Oznake NFC lahko shranijo razli\u010dne vrste podatkov, vklju\u010dno z URL-ji, besedilom, kontaktnimi informacijami, podrobnostmi o izdelku, ukazi za aplikacije in ve\u010d. Dolo\u010dena koli\u010dina podatkov, ki jih je mogo\u010de shraniti, je odvisna od kapacitete pomnilnika oznake, pri \u010demer na\u0161e oznake NFC podpirajo\u00a0<strong>416 bajtov<\/strong>.<\/p>\n<h3>4.\u00a0<strong>Ali je va\u0161e oznake NFC mogo\u010de prepisovati?<\/strong><\/h3>\n<p>Da, na\u0161e oznake NFC so prepisljive, kar pomeni, da jih lahko po potrebi programirate z razli\u010dnimi podatki. Ta funkcija je \u0161e posebej uporabna za podjetja, ki \u017eelijo prilagodljivost svojih aplikacij.<\/p>","protected":false},"excerpt":{"rendered":"<p>Pove\u010dajte varnost svoje blagovne znamke z na\u0161imi veleprodajnimi nalepkami RFID z oznako NFC, ki so za\u0161\u010ditene pred posegi. Zasnovani za boj proti ponarejanju, ponujajo prilagodljive re\u0161itve in brezhiben dostop do podatkov.<\/p>","protected":false},"featured_media":3684,"template":"","meta":[],"product_brand":[],"product_cat":[47],"product_tag":[],"class_list":{"0":"post-3683","1":"product","2":"type-product","3":"status-publish","4":"has-post-thumbnail","6":"product_cat-nfc-tags","8":"first","9":"instock","10":"shipping-taxable","11":"product-type-simple"},"_links":{"self":[{"href":"https:\/\/nfc-readers.com\/sl\/wp-json\/wp\/v2\/product\/3683","targetHints":{"allow":["GET"]}}],"collection":[{"href":"https:\/\/nfc-readers.com\/sl\/wp-json\/wp\/v2\/product"}],"about":[{"href":"https:\/\/nfc-readers.com\/sl\/wp-json\/wp\/v2\/types\/product"}],"wp:featuredmedia":[{"embeddable":true,"href":"https:\/\/nfc-readers.com\/sl\/wp-json\/wp\/v2\/media\/3684"}],"wp:attachment":[{"href":"https:\/\/nfc-readers.com\/sl\/wp-json\/wp\/v2\/media?parent=3683"}],"wp:term":[{"taxonomy":"product_brand","embeddable":true,"href":"https:\/\/nfc-readers.com\/sl\/wp-json\/wp\/v2\/product_brand?post=3683"},{"taxonomy":"product_cat","embeddable":true,"href":"https:\/\/nfc-readers.com\/sl\/wp-json\/wp\/v2\/product_cat?post=3683"},{"taxonomy":"product_tag","embeddable":true,"href":"https:\/\/nfc-readers.com\/sl\/wp-json\/wp\/v2\/product_tag?post=3683"}],"curies":[{"name":"wp","href":"https:\/\/api.w.org\/{rel}","templated":true}]}}