{"id":3691,"date":"2024-11-10T06:28:41","date_gmt":"2024-11-10T06:28:41","guid":{"rendered":"https:\/\/nfc-readers.com\/?post_type=product&#038;p=3691"},"modified":"2024-11-10T06:28:41","modified_gmt":"2024-11-10T06:28:41","slug":"nfc-ntag-424-dna-sticker-anti-metal-tag-anti-fake","status":"publish","type":"product","link":"https:\/\/nfc-readers.com\/sl\/ic-reader\/nfc-ntag-424-dna-sticker-anti-metal-tag-anti-fake\/","title":{"rendered":"NFC Ntag 424 DNK nalepka Anti-kovinska oznaka Anti-fake"},"content":{"rendered":"<h1 style=\"text-align: center;\"><strong>NFC Ntag 424 DNK nalepka Anti-kovinska oznaka Anti-fake<\/strong><\/h1>\n<p>V dobi, kjer sta digitalna varnost in pristnost najpomembnej\u0161i, je <strong>NFC Ntag 424 DNK nalepka Anti-Metal Tag<\/strong>\u00a0izstopa kot prelomna re\u0161itev. Ne glede na to, ali \u017eelite za\u0161\u010dititi svojo blagovno znamko s tehnologijo proti ponarejanju, izbolj\u0161ati uporabni\u0161ko interakcijo z brezhibno komunikacijo ali preprosto sprejeti najnovej\u0161o tehnologijo NFC, je ta izdelek izdelan tako, da ustreza va\u0161im potrebam. Poslovite se od skrbi glede ponaredkov in zagotovite, da bodo va\u0161i izdelki vzbujali zaupanje.<\/p>\n<p>&nbsp;<\/p>\n<h2>Pregled izdelka in prednosti<\/h2>\n<p>The\u00a0<strong>Nalepka DNK NFC Ntag 424<\/strong>\u00a0ponuja napredne funkcije, zaradi katerih jih morajo imeti podjetja in potro\u0161niki. Obravnava izziv preverjanja pristnosti predmetov in zagotavljanja varne komunikacije prek tehnologije NFC (Near Field Communication). S svojo kompaktno zasnovo in specializiranimi materiali je popoln za razli\u010dne aplikacije, vklju\u010dno z ozna\u010devanjem izdelkov, tr\u017eenjem in nadzorom dostopa.<\/p>\n<p>&nbsp;<\/p>\n<h3>Prednosti izbire nalepk NFC Ntag 424 DNA<\/h3>\n<ul>\n<li><strong>Tehnologija proti ponarejanju:<\/strong>\u00a0Integracija naprednih protokolov za prepre\u010devanje ponarejanja \u0161\u010diti va\u0161o blagovno znamko pred ponarejanjem.<\/li>\n<li><strong>Uporabniku prijazno:<\/strong>\u00a0Enostaven za uporabo s pametnimi telefoni, tablicami in drugimi napravami, ki podpirajo NFC, kar zagotavlja takoj\u0161en dostop do digitalne vsebine.<\/li>\n<li><strong>Vzdr\u017eljiv in odporen na vremenske vplive:<\/strong>\u00a0Izdelan iz anti-kovinskih materialov, zaradi \u010desar je primeren za razli\u010dna okolja.<\/li>\n<li><strong>Prilagodljive re\u0161itve:<\/strong>\u00a0Na voljo v razli\u010dnih velikostih in oblikah za posebne poslovne potrebe.<\/li>\n<\/ul>\n<p>Izbira\u00a0<strong>NFC Ntag 424 DNK nalepka Anti-Metal Tag Anti-Fake<\/strong>\u00a0pomeni vlaganje v kakovost, varnost in najnovej\u0161o tehnologijo, zaradi \u010desar je vredno vsakega penija.<\/p>\n<p>&nbsp;<\/p>\n<h3>Tehni\u010dne specifikacije<\/h3>\n<p>The\u00a0<strong>Nalepka DNK NFC Ntag 424<\/strong>\u00a0je opremljen z vrhunskimi specifikacijami, zasnovanimi za vrhunsko delovanje. Glavne lastnosti vklju\u010dujejo:<\/p>\n<ul>\n<li><strong>Model \u010dipa<\/strong>: Ntag 424 DNK<\/li>\n<li><strong>Zmogljivost pomnilnika<\/strong>: 416 bajtov<\/li>\n<li><strong>Delovna frekvenca<\/strong>frekvenca: 13,56 MHz<\/li>\n<li><strong>Skladnost<\/strong>: standard ISO 14443A, ki zagotavlja zdru\u017eljivost z razli\u010dnimi napravami NFC.<\/li>\n<\/ul>\n<p>&nbsp;<\/p>\n<h3>Posebne lastnosti NFC Ntag 424 DNA Tag<\/h3>\n<p><strong>Vodoodporne\/odporne na vremenske vplive<\/strong>: Eden od izstopajo\u010dih vidikov te oznake NFC je njena sposobnost, da prenese razli\u010dne okoljske pogoje. Ne glede na to, ali de\u017euje ali je izpostavljena prahu, oznaka ohranja svojo funkcionalnost zaradi robustne zasnove.<\/p>\n<p><strong>MINI TAG Design<\/strong>: S premerom samo 30 mm je ta mini oznaka neverjetno vsestranska. Zaradi svoje kompaktne velikosti je primeren za \u0161iroko paleto aplikacij, kjer je prostor omejen.<\/p>\n<p>&nbsp;<\/p>\n<h3>Pogosta vpra\u0161anja o nalepkah DNA NFC Ntag 424<\/h3>\n<p><strong>V: Ali se lahko te nalepke uporabljajo na prostem?<\/strong><br \/>\nO: Da, lastnosti, odporne na vodo in vremenske vplive, omogo\u010dajo uporabo na prostem, zaradi \u010desar so primerni za razli\u010dna okolja.<\/p>\n<p><strong>V: Kako lahko naro\u010dim modele po meri?<\/strong><br \/>\nO: Zainteresirane stranke se lahko obrnejo na na\u0161o prodajno skupino prek obrazca za povpra\u0161evanje, ki je na voljo na na\u0161i spletni strani, in se pogovorimo o mo\u017enostih prilagajanja.<\/p>\n<p><strong>V: Ali je za branje teh oznak potrebna kak\u0161na posebna aplikacija?<\/strong><br \/>\nO: Posebna aplikacija ni potrebna, razen standardne naprave, ki podpira NFC, ki lahko samodejno interpretira signale NFC.<\/p>","protected":false},"excerpt":{"rendered":"<div class=\"message-item-outer relative px-4 mb-2\" data-id=\"54844065-da5f-474c-98ea-c1f5db113a22\">\n<div class=\"content-area pl-[0px]\">\n<div class=\"message-item select-text relative\">\n<div class=\"message-inner relative\">\n<div class=\"py-[2px]\">\n<div class=\"flex flex-col gap-2\">\n<div class=\"answer-markdown-box overflow-x-auto select-text custom-scrollbar\">\n<div class=\"markdown-body\">\n<p>The\u00a0<strong>NFC Ntag 424 DNK nalepka Anti-Metal Tag<\/strong> je vrhunska re\u0161itev za boj proti ponarejanju z napredno tehnologijo za prepre\u010devanje ponarejanja. Njegova kompaktna, trpe\u017ena zasnova zagotavlja brezhibno delovanje na kovinskih povr\u0161inah, zaradi \u010desar je idealen za zagotavljanje pristnosti izdelkov in krepitev zaupanja potro\u0161nikov.<\/p>\n<\/div>\n<\/div>\n<\/div>\n<\/div>\n<\/div>\n<\/div>\n<\/div>\n<\/div>\n<div class=\"message-item-outer relative px-4 mb-2\" data-id=\"46d94813-0d14-49f1-b71b-49c37dfa1a29\">\n<div class=\"content-area pl-[0px]\">\n<div class=\"message-item select-text relative self ms-[22px]\">\n<div class=\"message-inner relative\">\n<div class=\"py-[2px] flex-row-reverse\">\n<div class=\"flex flex-row-reverse\">\n<div class=\"max-w-full\">\n<div class=\"mt-1 border overflow-hidden max-w-[360px] border-solid text-text-primary-4 border-grey-line2-normal rounded-xl mb-2 py-[10px] px-[12px] cursor-pointer hover:border-grey-line2-hover\">\n<div class=\"transition-[max-height] duration-300 ease-in-out\">\n<div class=\"text-xs opacity-100 transition-opacity duration-700 ease-in-out\"><\/div>\n<\/div>\n<\/div>\n<\/div>\n<\/div>\n<\/div>\n<\/div>\n<\/div>\n<\/div>\n<\/div>","protected":false},"featured_media":3693,"template":"","meta":[],"product_brand":[],"product_cat":[48],"product_tag":[],"class_list":{"0":"post-3691","1":"product","2":"type-product","3":"status-publish","4":"has-post-thumbnail","6":"product_cat-nfc-stickers","8":"first","9":"instock","10":"shipping-taxable","11":"product-type-simple"},"_links":{"self":[{"href":"https:\/\/nfc-readers.com\/sl\/wp-json\/wp\/v2\/product\/3691","targetHints":{"allow":["GET"]}}],"collection":[{"href":"https:\/\/nfc-readers.com\/sl\/wp-json\/wp\/v2\/product"}],"about":[{"href":"https:\/\/nfc-readers.com\/sl\/wp-json\/wp\/v2\/types\/product"}],"wp:featuredmedia":[{"embeddable":true,"href":"https:\/\/nfc-readers.com\/sl\/wp-json\/wp\/v2\/media\/3693"}],"wp:attachment":[{"href":"https:\/\/nfc-readers.com\/sl\/wp-json\/wp\/v2\/media?parent=3691"}],"wp:term":[{"taxonomy":"product_brand","embeddable":true,"href":"https:\/\/nfc-readers.com\/sl\/wp-json\/wp\/v2\/product_brand?post=3691"},{"taxonomy":"product_cat","embeddable":true,"href":"https:\/\/nfc-readers.com\/sl\/wp-json\/wp\/v2\/product_cat?post=3691"},{"taxonomy":"product_tag","embeddable":true,"href":"https:\/\/nfc-readers.com\/sl\/wp-json\/wp\/v2\/product_tag?post=3691"}],"curies":[{"name":"wp","href":"https:\/\/api.w.org\/{rel}","templated":true}]}}