{"id":3700,"date":"2024-11-10T06:34:49","date_gmt":"2024-11-10T06:34:49","guid":{"rendered":"https:\/\/nfc-readers.com\/?post_type=product&#038;p=3700"},"modified":"2024-11-10T06:38:34","modified_gmt":"2024-11-10T06:38:34","slug":"custom-nfc-fragile-sticker-for-commodity-label-product-tag","status":"publish","type":"product","link":"https:\/\/nfc-readers.com\/sl\/ic-reader\/custom-nfc-fragile-sticker-for-commodity-label-product-tag\/","title":{"rendered":"Lomljiva nalepka NFC po meri za etiketo izdelka"},"content":{"rendered":"<h1 style=\"text-align: center;\"><strong>Lomljiva nalepka NFC po meri za etiketo izdelka<\/strong><\/h1>\n<p>&nbsp;<\/p>\n<p>The <strong>Lomljiva nalepka NFC po meri<\/strong>\u00a0za ozna\u010devanje blaga je revolucionaren izdelek, ki zdru\u017euje napredne\u00a0<strong>NFC (komunikacija bli\u017enjega polja)<\/strong>\u00a0tehnologijo v vsakodnevne re\u0161itve za ozna\u010devanje. Te nalepke, oblikovane za zagotavljanje varnega in zanesljivega ozna\u010devanja lomljivih predmetov, podjetjem omogo\u010dajo izbolj\u0161anje preverjanja izdelkov in varnostnih protokolov. Z me\u0161anico prakti\u010dnosti in modernosti nalo\u017eba v tehnologijo NFC za ozna\u010devanje \u0161e nikoli ni bila tako kriti\u010dna. Ta \u010dlanek obravnava funkcije, prednosti in splo\u0161no uporabnost lomljive nalepke NFC po meri ter vas vodi do odlo\u010ditve na podlagi informacij.<\/p>\n<p>&nbsp;<\/p>\n<h2>Zakaj izbrati lomljive nalepke NFC?<\/h2>\n<p>The\u00a0<strong>Lomljiva nalepka NFC po meri<\/strong>\u00a0je zasnovan tako, da izpolnjuje potrebe podjetij, ki potrebujejo zanesljivo metodo za ozna\u010devanje in sledenje lomljivega blaga. Tukaj je nekaj prepri\u010dljivih razlogov, zakaj bi morali razmisliti o nadgradnji postopka ozna\u010devanja s tem inovativnim izdelkom:<\/p>\n<ol>\n<li><strong>Izbolj\u0161ana varnost in preverjanje<\/strong>: Te nalepke zagotavljajo, da so postopki preverjanja u\u010dinkoviti in odporni na napake. Z vdelanim \u010dipom NTAG213 lahko vsaka nalepka varno shrani podatke in preveri pristnost paketa s preprostim dotikom\u00a0<strong>Pametni telefon, ki podpira NFC<\/strong>.<\/li>\n<li><strong>Uporabniku prijazna aplikacija<\/strong>: Pozabite na zapletene nastavitvene postopke. Uporaba\u00a0<strong>NFC lomljiva nalepka<\/strong>\u00a0je neverjetno preprost \u2013 samo olupite in prilepite \u2013 zaradi \u010desar je dostopen vsakemu uporabniku v va\u0161i dobavni verigi.<\/li>\n<li><strong>Vzdr\u017eljivost in odpornost na vremenske vplive<\/strong>: Izdelano iz visokokakovostnega\u00a0<strong>PET\/PVC\/papir<\/strong>\u00a0Materiali so te nalepke zasnovane tako, da prenesejo razli\u010dne okoljske pogoje. Ne glede na to, ali so izpostavljene vlagi ali razli\u010dnim temperaturam, na\u0161e lomljive nalepke NFC ohranjajo visoko zmogljivost in zanesljivost.<\/li>\n<li><strong>Prilagodljiv in vsestranski<\/strong>: Na\u0161\u00a0<strong>prilagojena nalepka NFC<\/strong>\u00a0je mogo\u010de prilagoditi za izpolnjevanje posebnih potreb po blagovni znamki in informacijah, kar omogo\u010da tako funkcionalne kot promocijske aplikacije.<\/li>\n<\/ol>\n<p>&nbsp;<\/p>\n<h2>Klju\u010dne zna\u010dilnosti lomljivih nalepk NFC<\/h2>\n<p>Uporaba\u00a0<strong>NFC (komunikacija bli\u017enjega polja)<\/strong>\u00a0tehnologije so na\u0161e prilagojene lomljive nalepke opremljene z vrsto posebnih funkcij, zaradi katerih izstopajo:<\/p>\n<ul>\n<li><strong>Vodotesen\/vodotesen dizajn<\/strong>: Te nalepke so odporne na te\u017eke okoljske pogoje, zaradi \u010desar so primerne za notranjo in zunanjo uporabo.<\/li>\n<li><strong>Zdru\u017eljivost<\/strong>: The\u00a0<strong>\u010dip ntag213<\/strong>\u00a0je znan po svoji \u0161iroki zdru\u017eljivosti z razli\u010dnimi\u00a0<strong>naprave NFC<\/strong>, kar zagotavlja enostavno uporabo.<\/li>\n<\/ul>\n<h3>Kako deluje<\/h3>\n<p>Preprosto tapnite svoj\u00a0<strong>Pametni telefon, ki podpira NFC<\/strong>\u00a0proti nalepki za dostop do vnaprej shranjenih informacij ali preverjanje podrobnosti izdelka, kar lahko dramati\u010dno poenostavi inventar in prodajne procese.<\/p>\n<p>&nbsp;<\/p>\n<h2>Tehni\u010dne specifikacije<\/h2>\n<table class=\"w-fit !mb-0 !max-w-none\">\n<thead>\n<tr>\n<th><strong>Specifikacija<\/strong><\/th>\n<th><strong>Podrobnosti<\/strong><\/th>\n<\/tr>\n<\/thead>\n<tbody>\n<tr>\n<td><strong>\u010dip<\/strong><\/td>\n<td>NTAG213<\/td>\n<\/tr>\n<tr>\n<td><strong>Pogostost<\/strong><\/td>\n<td>13,56 MHz<\/td>\n<\/tr>\n<tr>\n<td><strong>Velikost pomnilnika<\/strong><\/td>\n<td>144 bajtov<\/td>\n<\/tr>\n<tr>\n<td><strong>Material<\/strong><\/td>\n<td>PET\/PVC\/papir<\/td>\n<\/tr>\n<tr>\n<td><strong>Premer<\/strong><\/td>\n<td>30 mm<\/td>\n<\/tr>\n<tr>\n<td><strong>Tiskanje<\/strong><\/td>\n<td>CMYK ofsetni tisk<\/td>\n<\/tr>\n<tr>\n<td><strong>Vodoodporen<\/strong><\/td>\n<td>ja<\/td>\n<\/tr>\n<tr>\n<td><strong>Velikost paketa<\/strong><\/td>\n<td>200 kosov\/notranja \u0161katla; 25 \u0161katel\/karton<\/td>\n<\/tr>\n<tr>\n<td><strong>Velikost \u0161katle<\/strong><\/td>\n<td>48 x 22,5 x 30 cm<\/td>\n<\/tr>\n<tr>\n<td><strong>Zmo\u017enost dobave<\/strong><\/td>\n<td>5.000.000 kosov na mesec<\/td>\n<\/tr>\n<tr>\n<td><strong>Velikost enega paketa<\/strong><\/td>\n<td>35 x 1,5 x 0,02 cm<\/td>\n<\/tr>\n<tr>\n<td><strong>Bruto te\u017ea<\/strong><\/td>\n<td>0,010 kg<\/td>\n<\/tr>\n<\/tbody>\n<\/table>\n<p>&nbsp;<\/p>\n<h2>pogosta vpra\u0161anja<\/h2>\n<h3>V: Ali so nalepke NFC Fragile Stickers zdru\u017eljive z vsemi pametnimi telefoni?<\/h3>\n<p><strong>A<\/strong>: Da, \u010de ima pametni telefon omogo\u010deno funkcijo NFC.<\/p>\n<h3>V: Kako dolgo trajajo nalepke?<\/h3>\n<p><strong>A<\/strong>: Na\u0161e nalepke so trpe\u017ene in zasnovane tako, da prenesejo razli\u010dne pogoje, kar zagotavlja, da trajajo skozi celotno \u017eivljenjsko dobo izdelka.<\/p>\n<h3>V: Ali lahko spremljam uporabo v realnem \u010dasu?<\/h3>\n<p><strong>A<\/strong>: Medtem ko te nalepke zagotavljajo takoj\u0161nje preverjanje, lahko sledenje v realnem \u010dasu zahteva integracijo s posebnimi sistemi za upravljanje zalog.<\/p>","protected":false},"excerpt":{"rendered":"<p>Nalepka NFC Fragile po meri za ozna\u010devanje blaga je zasnovana tako, da zagotavlja varno sledenje in preverjanje pristnosti za lomljive izdelke. Njegova uporabniku prijazna zasnova zagotavlja enostavno uporabo in hkrati izbolj\u0161a upravljanje zalog.<\/p>","protected":false},"featured_media":3708,"template":"","meta":[],"product_brand":[],"product_cat":[48],"product_tag":[],"class_list":{"0":"post-3700","1":"product","2":"type-product","3":"status-publish","4":"has-post-thumbnail","6":"product_cat-nfc-stickers","8":"first","9":"instock","10":"shipping-taxable","11":"product-type-simple"},"_links":{"self":[{"href":"https:\/\/nfc-readers.com\/sl\/wp-json\/wp\/v2\/product\/3700","targetHints":{"allow":["GET"]}}],"collection":[{"href":"https:\/\/nfc-readers.com\/sl\/wp-json\/wp\/v2\/product"}],"about":[{"href":"https:\/\/nfc-readers.com\/sl\/wp-json\/wp\/v2\/types\/product"}],"wp:featuredmedia":[{"embeddable":true,"href":"https:\/\/nfc-readers.com\/sl\/wp-json\/wp\/v2\/media\/3708"}],"wp:attachment":[{"href":"https:\/\/nfc-readers.com\/sl\/wp-json\/wp\/v2\/media?parent=3700"}],"wp:term":[{"taxonomy":"product_brand","embeddable":true,"href":"https:\/\/nfc-readers.com\/sl\/wp-json\/wp\/v2\/product_brand?post=3700"},{"taxonomy":"product_cat","embeddable":true,"href":"https:\/\/nfc-readers.com\/sl\/wp-json\/wp\/v2\/product_cat?post=3700"},{"taxonomy":"product_tag","embeddable":true,"href":"https:\/\/nfc-readers.com\/sl\/wp-json\/wp\/v2\/product_tag?post=3700"}],"curies":[{"name":"wp","href":"https:\/\/api.w.org\/{rel}","templated":true}]}}