{"id":1493,"date":"2024-04-07T02:35:08","date_gmt":"2024-04-07T02:35:08","guid":{"rendered":"https:\/\/nfc-readers.com\/?post_type=product&#038;p=1493"},"modified":"2024-10-16T07:54:06","modified_gmt":"2024-10-16T07:54:06","slug":"acr1255u-j1-bluetooth-nfc-reader-writer","status":"publish","type":"product","link":"https:\/\/nfc-readers.com\/sv\/ic-reader\/acr1255u-j1-bluetooth-nfc-reader-writer\/","title":{"rendered":"ACR1255U-J1 \u2013 Bluetooth\u00ae NFC-l\u00e4sare\/skrivare"},"content":{"rendered":"<h1>ACR1255U-J1 \u2013 Bluetooth\u00ae NFC-l\u00e4sare\/skrivare<\/h1>\n<p>ACR1255U-J1 ACS Secure Bluetooth\u00ae NFC-l\u00e4sare\/skrivare \u00e4r konstruerad f\u00f6r att m\u00f6jligg\u00f6ra mobila smartkort- och NFC-applikationer med l\u00e4tthet. Med avancerad 13,56 MHz kontaktl\u00f6s teknologi tillsammans med Bluetooth\u00ae-integration \u00e4r den h\u00e4r enheten ett bevis p\u00e5 modern b\u00e4rbar teknologi. Den st\u00f6der en m\u00e4ngd olika format, inklusive ISO 14443 typ A och B smartkort, MIFARE\u00ae, FeliCa\u00ae, s\u00e5v\u00e4l som de flesta NFC-taggar och enheter som uppfyller ISO 18092-standarden, vilket s\u00e4kerst\u00e4ller ACR1255U-J1:s till\u00e4mpbarhet f\u00f6r ett brett spektrum av anv\u00e4ndningsomr\u00e5den. Fr\u00e5n no-touch autentisering f\u00f6r \u00e5tkomstkontroll till logistisk lagerhantering, dess utbud av applikationer \u00e4r m\u00e5ngsidigt. ACR1255U-J1 erbjuder dubbla gr\u00e4nssnittsm\u00f6jligheter. Den anv\u00e4nder Bluetooth Low Energy (BLE), \u00e4ven k\u00e4nd helt enkelt som Bluetooth, f\u00f6r mobil anslutning och USB Full Speed f\u00f6r direkt PC-interaktion. Enheten utf\u00f6r l\u00e4s-\/skrivoperationer med hastigheter som n\u00e5r 424 Kbps, vilket m\u00f6jligg\u00f6r snabba data\u00f6verf\u00f6ringar med kontaktl\u00f6sa smartkort och NFC-enheter. ACR1255U-J1 \u00e4r designad f\u00f6r aktivitet p\u00e5 resande fot, har en kompakt konstruktion och h\u00e4mtar str\u00f6m fr\u00e5n en intern uppladdningsbar litiumjon batteri. Dess portabilitet g\u00f6r det till ett verktyg som \u00e4r redo att anv\u00e4ndas med de flesta Bluetooth-aktiverade smartphones och surfplattor, var du \u00e4n \u00e4r. F\u00e4ltuppgraderbar firmware \u00e4r en extra f\u00f6rdel med ACR1255U-J1, som erbjuder kostnadseffektiva och tidsbesparande f\u00f6rdelar samtidigt som den h\u00e5ller j\u00e4mna steg med snabba tekniska framsteg och anpassning till olika anv\u00e4ndarkrav. S\u00e4krad med AES-128-kryptering, ansluter NFC Bluetooth-l\u00e4saren enkelt och s\u00e4kert till enheter p\u00e5 Android\u2122 (version 4.3 och senare), iOS (version 8.0 och upp\u00e5t), samt Windows\u00ae ( 7 och senare), och Mac OS\u00ae (10.7 och h\u00f6gre). F\u00f6r datoranv\u00e4ndning \u00e4r ACR1255U-J1 enkelt att installera p\u00e5 datorer med Windows\u00ae, tack vare PC\/SC och CCID-kompatibilitet. Dessutom \u00e4r den kompatibel med drivrutiner f\u00f6r Linux\u00ae och Mac OS\u00ae.<\/p>\n<ul>\n<li>\n<h2>Bluetooth\u00ae-gr\u00e4nssnitt<\/h2>\n<\/li>\n<li>\n<h2>USB 2.0 Full Speed Interface<\/h2>\n<\/li>\n<li>\n<h2>Str\u00f6mk\u00e4lla:<\/h2>\n<ul>\n<li>\n<h3>Batteridriven (inneh\u00e5ller ett litiumjonbatteri som kan laddas via USB Mini-B-port)<\/h3>\n<\/li>\n<li>\n<h3>USB-driven (via PC-l\u00e4nkat l\u00e4ge)<\/h3>\n<\/li>\n<\/ul>\n<\/li>\n<li>\n<h2>CCID-efterlevnad<\/h2>\n<\/li>\n<li>\n<h2>Smartkortl\u00e4sare:<\/h2>\n<ul>\n<li>\n<h3>Kontaktl\u00f6st gr\u00e4nssnitt:<\/h3>\n<ul>\n<li>\n<h4>L\u00e4s\/skrivhastighet upp till 424 kbps<\/h4>\n<\/li>\n<li>\n<h4>Inbyggd antenn f\u00f6r kontaktl\u00f6s tagg\u00e5tkomst, med kortl\u00e4savst\u00e5nd p\u00e5 upp till 60 mm (beroende p\u00e5 taggtyp)<\/h4>\n<\/li>\n<li>\n<h4>St\u00f6der ISO 14443 typ A- och B-kort, MIFARE, FeliCa och alla 4 typer av NFC (ISO\/IEC 18092)-taggar<\/h4>\n<\/li>\n<li>\n<h4>Inbyggd anti-kollisionsfunktion (endast 1 tagg \u00e4r \u00e5tkomlig n\u00e4r som helst)<\/h4>\n<\/li>\n<li>\n<h4>NFC-st\u00f6d<\/h4>\n<\/li>\n<li>\n<h4>Kortl\u00e4sare\/skrivarl\u00e4ge<\/h4>\n<\/li>\n<\/ul>\n<\/li>\n<\/ul>\n<\/li>\n<li>\n<h2>Inbyggd kringutrustning:<\/h2>\n<ul>\n<li>\n<h3>Tv\u00e5 anv\u00e4ndarkontrollerbara tv\u00e5f\u00e4rgade lysdioder<\/h3>\n<\/li>\n<li>\n<h3>Anv\u00e4ndarkontrollerbar summer<\/h3>\n<\/li>\n<\/ul>\n<\/li>\n<li>\n<h2>Applikationsprogrammeringsgr\u00e4nssnitt:<\/h2>\n<ul>\n<li>\n<h3>St\u00f6der PC\/SC<\/h3>\n<\/li>\n<li>\n<h3>St\u00f6der CT-API (genom omslag ovanp\u00e5 PC\/SC)<\/h3>\n<\/li>\n<\/ul>\n<\/li>\n<li>\n<h2>Uppgraderingsm\u00f6jlighet f\u00f6r USB-firmware<\/h2>\n<\/li>\n<li>\n<h2>St\u00f6der Android\u2122 4.3 och senare<\/h2>\n<\/li>\n<li>\n<h2>St\u00f6der iOS 8.0 och senare<\/h2>\n<\/li>\n<li>\n<table width=\"719\">\n<tbody>\n<tr>\n<td colspan=\"2\" width=\"719\">Fysiska egenskaper<\/td>\n<\/tr>\n<tr>\n<td width=\"326\">M\u00e5tt (mm)<\/td>\n<td width=\"393\">85 mm (L) x 54 mm (B) x 10 mm (H)<\/td>\n<\/tr>\n<tr>\n<td width=\"326\">Vikt (g)<\/td>\n<td width=\"393\">37,5 g (74,1 g med kabel \u00b1 5 g tolerans)<\/td>\n<\/tr>\n<tr>\n<td colspan=\"2\" width=\"719\">Bluetooth-gr\u00e4nssnitt<\/td>\n<\/tr>\n<tr>\n<td width=\"326\">Protokoll<\/td>\n<td width=\"393\">Bluetooth\u00ae (Bluetooth 4.0)<\/td>\n<\/tr>\n<tr>\n<td width=\"326\">Kraftk\u00e4lla<\/td>\n<td width=\"393\">Uppladdningsbart litiumjonbatteri (laddning via USB)<\/td>\n<\/tr>\n<tr>\n<td width=\"326\">Fart<\/td>\n<td width=\"393\">1 Mbps<\/td>\n<\/tr>\n<tr>\n<td colspan=\"2\" width=\"719\">USB-gr\u00e4nssnitt<\/td>\n<\/tr>\n<tr>\n<td width=\"326\">Protokoll<\/td>\n<td width=\"393\">USB CCID<\/td>\n<\/tr>\n<tr>\n<td width=\"326\">Anslutningstyp<\/td>\n<td width=\"393\">USB Mini-B<\/td>\n<\/tr>\n<tr>\n<td width=\"326\">Kraftk\u00e4lla<\/td>\n<td width=\"393\">Fr\u00e5n USB-porten<\/td>\n<\/tr>\n<tr>\n<td width=\"326\">Fart<\/td>\n<td width=\"393\">USB full hastighet (12 Mbps)<\/td>\n<\/tr>\n<tr>\n<td width=\"326\">Kabell\u00e4ngd<\/td>\n<td width=\"393\">1 m, avtagbar<\/td>\n<\/tr>\n<tr>\n<td colspan=\"2\" width=\"719\">Kontaktl\u00f6st gr\u00e4nssnitt f\u00f6r smartkort<\/td>\n<\/tr>\n<tr>\n<td width=\"326\">Standard<\/td>\n<td width=\"393\">ISO\/IEC 18092 NFC, ISO 14443 Typ A &amp; B, MIFARE, FeliCa<\/td>\n<\/tr>\n<tr>\n<td width=\"326\">Protokoll<\/td>\n<td width=\"393\">ISO 14443-4-kompatibelt kort, T=CL<br \/>\nMIFARE Classic Card, T=CL<br \/>\nISO 18092, NFC-taggar<br \/>\nFeliCa<\/td>\n<\/tr>\n<tr>\n<td colspan=\"2\" width=\"719\">Inbyggd kringutrustning<\/td>\n<\/tr>\n<tr>\n<td width=\"326\">LED<\/td>\n<td width=\"393\">2 tv\u00e5f\u00e4rger: r\u00f6d och bl\u00e5, r\u00f6d och gr\u00f6n<\/td>\n<\/tr>\n<tr>\n<td width=\"326\">Summer<\/td>\n<td width=\"393\">Monoton<\/td>\n<\/tr>\n<tr>\n<td colspan=\"2\" width=\"719\">Andra funktioner<\/td>\n<\/tr>\n<tr>\n<td width=\"326\">Kryptering<\/td>\n<td width=\"393\">AES-krypteringsalgoritm i enheten<\/td>\n<\/tr>\n<tr>\n<td width=\"326\">Firmware uppgradering<\/td>\n<td width=\"393\">St\u00f6ds<\/td>\n<\/tr>\n<tr>\n<td colspan=\"2\" width=\"719\">Certifieringar\/\u00f6verensst\u00e4mmelse<\/td>\n<\/tr>\n<tr>\n<td rowspan=\"14\" width=\"326\">Certifieringar\/\u00f6verensst\u00e4mmelse<\/td>\n<td>EN 60950\/IEC 60950<\/td>\n<\/tr>\n<tr>\n<td>ISO 18092<\/td>\n<\/tr>\n<tr>\n<td>ISO 14443<\/td>\n<\/tr>\n<tr>\n<td>USB full hastighet<\/td>\n<\/tr>\n<tr>\n<td>Bluetooth\u00ae<\/td>\n<\/tr>\n<tr>\n<td>PC\/SC<\/td>\n<\/tr>\n<tr>\n<td>CCID<\/td>\n<\/tr>\n<tr>\n<td>CE<\/td>\n<\/tr>\n<tr>\n<td>FCC<\/td>\n<\/tr>\n<tr>\n<td>RoHS<\/td>\n<\/tr>\n<tr>\n<td>N\u00c5<\/td>\n<\/tr>\n<tr>\n<td>VCCI (Japan)<\/td>\n<\/tr>\n<tr>\n<td>BIS (Indien)<\/td>\n<\/tr>\n<tr>\n<td>Microsoft\u00ae WHQL<\/td>\n<\/tr>\n<tr>\n<td colspan=\"2\" width=\"719\">Support f\u00f6r enhetsdrivrutiner Operativsystem<\/td>\n<\/tr>\n<tr>\n<td rowspan=\"5\" width=\"326\">Support f\u00f6r enhetsdrivrutiner Operativsystem<\/td>\n<td width=\"393\">Windows\u00ae<\/td>\n<\/tr>\n<tr>\n<td width=\"393\">Linux\u00ae<\/td>\n<\/tr>\n<tr>\n<td width=\"393\">MAC OS\u00ae 10.7 och senare<\/td>\n<\/tr>\n<tr>\n<td width=\"393\">Android\u2122 4.3 och senare<\/td>\n<\/tr>\n<tr>\n<td width=\"393\">iOS 8.0 och senare<\/td>\n<\/tr>\n<\/tbody>\n<\/table>\n<\/li>\n<\/ul>","protected":false},"excerpt":{"rendered":"<p>ACR1255U-J1 \u00e4r en m\u00e5ngsidig Bluetooth\u00ae NFC-l\u00e4sare utrustad med RFID-teknik, som m\u00f6jligg\u00f6r s\u00f6ml\u00f6s mobil- och skrivbordsinteraktion med smarta kort och NFC-enheter.<\/p>","protected":false},"featured_media":1496,"template":"","meta":[],"product_brand":[],"product_cat":[38,40],"product_tag":[],"class_list":{"0":"post-1493","1":"product","2":"type-product","3":"status-publish","4":"has-post-thumbnail","6":"product_cat-mobile-ble-nfc-reader","7":"product_cat-rfid-nfc-reader","9":"first","10":"instock","11":"shipping-taxable","12":"product-type-simple"},"_links":{"self":[{"href":"https:\/\/nfc-readers.com\/sv\/wp-json\/wp\/v2\/product\/1493","targetHints":{"allow":["GET"]}}],"collection":[{"href":"https:\/\/nfc-readers.com\/sv\/wp-json\/wp\/v2\/product"}],"about":[{"href":"https:\/\/nfc-readers.com\/sv\/wp-json\/wp\/v2\/types\/product"}],"wp:featuredmedia":[{"embeddable":true,"href":"https:\/\/nfc-readers.com\/sv\/wp-json\/wp\/v2\/media\/1496"}],"wp:attachment":[{"href":"https:\/\/nfc-readers.com\/sv\/wp-json\/wp\/v2\/media?parent=1493"}],"wp:term":[{"taxonomy":"product_brand","embeddable":true,"href":"https:\/\/nfc-readers.com\/sv\/wp-json\/wp\/v2\/product_brand?post=1493"},{"taxonomy":"product_cat","embeddable":true,"href":"https:\/\/nfc-readers.com\/sv\/wp-json\/wp\/v2\/product_cat?post=1493"},{"taxonomy":"product_tag","embeddable":true,"href":"https:\/\/nfc-readers.com\/sv\/wp-json\/wp\/v2\/product_tag?post=1493"}],"curies":[{"name":"wp","href":"https:\/\/api.w.org\/{rel}","templated":true}]}}