{"id":1511,"date":"2024-04-07T02:55:34","date_gmt":"2024-04-07T02:55:34","guid":{"rendered":"https:\/\/nfc-readers.com\/?post_type=product&#038;p=1511"},"modified":"2024-10-16T08:11:19","modified_gmt":"2024-10-16T08:11:19","slug":"acr1311u-n2-nfc-bluetooth-reader","status":"publish","type":"product","link":"https:\/\/nfc-readers.com\/sv\/ic-reader\/acr1311u-n2-nfc-bluetooth-reader\/","title":{"rendered":"ACR1311U-N2 NFC Bluetooth-l\u00e4sare"},"content":{"rendered":"<h1>ACR1311U-N2 NFC Bluetooth-l\u00e4sare<\/h1>\n<p>ACR1311U-N2 \u00e4r ett exempel p\u00e5 en anpassningsbar och effektiv Bluetooth-enhet f\u00f6r NFC-l\u00e4sare. Dess breda kompatibilitet med flera smartkort- och NFC-standarder, kombinerat med anv\u00e4ndarv\u00e4nlig, uppgraderbar firmware, s\u00e4kerst\u00e4ller att den sticker ut som ett framtidss\u00e4kert och multifunktionellt verktyg l\u00e4mpligt f\u00f6r olika RFID- och NFC-applikationer.<\/p>\n<ul>\n<li><iframe loading=\"lazy\" title=\"ACR1311 Bluetooth NFC Reader Writer\" width=\"1020\" height=\"574\" src=\"https:\/\/www.youtube.com\/embed\/gTAp1gC83Q8?feature=oembed\" frameborder=\"0\" allow=\"accelerometer; autoplay; clipboard-write; encrypted-media; gyroscope; picture-in-picture; web-share\" referrerpolicy=\"strict-origin-when-cross-origin\" allowfullscreen><\/iframe>\n<p>Bluetooth\u00ae-gr\u00e4nssnitt<\/li>\n<li>\n<h2>USB 2.0 Full Speed Interface<\/h2>\n<\/li>\n<li>\n<h2>Str\u00f6mk\u00e4lla:<\/h2>\n<ul>\n<li>\n<h3>Batteridriven (inneh\u00e5ller ett litiumjonbatteri som kan laddas via USB Mini-B-port)<\/h3>\n<\/li>\n<li>\n<h3>USB-driven (via PC-l\u00e4nkat l\u00e4ge)<\/h3>\n<\/li>\n<\/ul>\n<\/li>\n<li>\n<h2>CCID-efterlevnad<\/h2>\n<\/li>\n<li>\n<h2>Smartkortl\u00e4sare:<\/h2>\n<ul>\n<li>\n<h3>Kontaktl\u00f6st gr\u00e4nssnitt:<\/h3>\n<ul>\n<li>\n<h4>L\u00e4s\/skrivhastighet upp till 424 kbps<\/h4>\n<\/li>\n<li>\n<h4>Inbyggd antenn f\u00f6r kontaktl\u00f6s tagg\u00e5tkomst, med kortl\u00e4savst\u00e5nd p\u00e5 upp till 60 mm (beroende p\u00e5 taggtyp)<\/h4>\n<\/li>\n<li>\n<h4>St\u00f6der ISO 14443 typ A- och B-kort, MIFARE, FeliCa och alla 4 typer av NFC (ISO\/IEC 18092)-taggar<\/h4>\n<\/li>\n<li>\n<h4>Inbyggd anti-kollisionsfunktion (endast 1 tagg \u00e4r \u00e5tkomlig n\u00e4r som helst)<\/h4>\n<\/li>\n<li>\n<h4>NFC-st\u00f6d<\/h4>\n<\/li>\n<li>\n<h4>Kortl\u00e4sare\/skrivarl\u00e4ge<\/h4>\n<\/li>\n<\/ul>\n<\/li>\n<\/ul>\n<\/li>\n<li>\n<h2>Inbyggd kringutrustning:<\/h2>\n<ul>\n<li>\n<h3>Tv\u00e5 anv\u00e4ndarkontrollerbara tv\u00e5f\u00e4rgade lysdioder<\/h3>\n<\/li>\n<li>\n<h3>Anv\u00e4ndarkontrollerbar summer<\/h3>\n<\/li>\n<\/ul>\n<\/li>\n<li>\n<h2>Applikationsprogrammeringsgr\u00e4nssnitt:<\/h2>\n<ul>\n<li>\n<h3>St\u00f6der PC\/SC<\/h3>\n<\/li>\n<li>\n<h3>St\u00f6der CT-API (genom omslag ovanp\u00e5 PC\/SC)<\/h3>\n<\/li>\n<\/ul>\n<\/li>\n<li>\n<h2>Uppgraderingsm\u00f6jlighet f\u00f6r USB-firmware<\/h2>\n<\/li>\n<li>\n<h2>St\u00f6der Android\u2122 4.3 och senare<\/h2>\n<\/li>\n<li>\n<h2>St\u00f6der iOS 8.0 och senare<\/h2>\n<\/li>\n<\/ul>\n<p><iframe loading=\"lazy\" title=\"Tr\u00e5dl\u00f6s NFC-kortl\u00e4sare | ACR1311U N2\" width=\"1020\" height=\"574\" src=\"https:\/\/www.youtube.com\/embed\/mSzbe8xRJLQ?feature=oembed\" frameborder=\"0\" allow=\"accelerometer; autoplay; clipboard-write; encrypted-media; gyroscope; picture-in-picture; web-share\" referrerpolicy=\"strict-origin-when-cross-origin\" allowfullscreen><\/iframe><\/p>\n<ul>\n<li>\n<table style=\"height: 1029px;\" width=\"722\">\n<tbody>\n<tr>\n<td colspan=\"2\" width=\"775\">Fysiska egenskaper<\/td>\n<\/tr>\n<tr>\n<td width=\"382\">M\u00e5tt (mm)<\/td>\n<td width=\"393\">60 mm (L) \u00d7 47,98 mm (B) \u00d7 12 mm (H)<\/td>\n<\/tr>\n<tr>\n<td width=\"382\">Vikt (g)<\/td>\n<td width=\"393\">30 g<\/td>\n<\/tr>\n<tr>\n<td colspan=\"2\" width=\"775\">Bluetooth-gr\u00e4nssnitt<\/td>\n<\/tr>\n<tr>\n<td width=\"382\">Protokoll<\/td>\n<td width=\"393\">Bluetooth\u00ae (Bluetooth 4.0)<\/td>\n<\/tr>\n<tr>\n<td width=\"382\">Kraftk\u00e4lla<\/td>\n<td width=\"393\">Uppladdningsbart litiumjonbatteri (laddning via USB)<\/td>\n<\/tr>\n<tr>\n<td width=\"382\">Fart<\/td>\n<td width=\"393\">1 Mbps<\/td>\n<\/tr>\n<tr>\n<td colspan=\"2\" width=\"775\">USB-gr\u00e4nssnitt<\/td>\n<\/tr>\n<tr>\n<td width=\"382\">Protokoll<\/td>\n<td width=\"393\">USB CCID<\/td>\n<\/tr>\n<tr>\n<td width=\"382\">Anslutningstyp<\/td>\n<td width=\"393\">USB mikro<\/td>\n<\/tr>\n<tr>\n<td width=\"382\">Kraftk\u00e4lla<\/td>\n<td width=\"393\">Fr\u00e5n USB-porten<\/td>\n<\/tr>\n<tr>\n<td width=\"382\">Fart<\/td>\n<td width=\"393\">USB full hastighet (12 Mbps)<\/td>\n<\/tr>\n<tr>\n<td width=\"382\">Kabell\u00e4ngd<\/td>\n<td width=\"393\">1 m, avtagbar<\/td>\n<\/tr>\n<tr>\n<td colspan=\"2\" width=\"775\">Kontaktl\u00f6st gr\u00e4nssnitt f\u00f6r smartkort<\/td>\n<\/tr>\n<tr>\n<td width=\"382\">Standard<\/td>\n<td width=\"393\">ISO 14443 Typ A &amp; B, MIFARE, DESFire<\/td>\n<\/tr>\n<tr>\n<td width=\"382\">Protokoll<\/td>\n<td width=\"393\">ISO 14443 T=CL f\u00f6r ISO14443-4-kompatibla kort och T=CL-emulering f\u00f6r MIFARE Classic 1K\/4K och NFC-taggar<\/td>\n<\/tr>\n<tr>\n<td colspan=\"2\" width=\"775\">Inbyggd kringutrustning<\/td>\n<\/tr>\n<tr>\n<td width=\"382\">LED<\/td>\n<td width=\"393\">2 tv\u00e5f\u00e4rger: r\u00f6d och bl\u00e5, r\u00f6d och gr\u00f6n<\/td>\n<\/tr>\n<tr>\n<td width=\"382\">Summer<\/td>\n<td width=\"393\">Monoton<\/td>\n<\/tr>\n<tr>\n<td colspan=\"2\" width=\"775\">Andra funktioner<\/td>\n<\/tr>\n<tr>\n<td width=\"382\">Firmware uppgradering<\/td>\n<td width=\"393\">St\u00f6ds<\/td>\n<\/tr>\n<tr>\n<td colspan=\"2\" width=\"775\">Certifieringar\/\u00f6verensst\u00e4mmelse<\/td>\n<\/tr>\n<tr>\n<td rowspan=\"9\" width=\"382\">Certifieringar\/\u00f6verensst\u00e4mmelse<\/td>\n<td>EN 60950\/IEC 60950<\/td>\n<\/tr>\n<tr>\n<td>ISO 14443<\/td>\n<\/tr>\n<tr>\n<td>USB full hastighet<\/td>\n<\/tr>\n<tr>\n<td>Bluetooth\u00ae<\/td>\n<\/tr>\n<tr>\n<td>PC\/SC<\/td>\n<\/tr>\n<tr>\n<td>CCID<\/td>\n<\/tr>\n<tr>\n<td>RoHS2<\/td>\n<\/tr>\n<tr>\n<td>N\u00c5<\/td>\n<\/tr>\n<tr>\n<td>Microsoft\u00ae WHQL<\/td>\n<\/tr>\n<tr>\n<td colspan=\"2\" width=\"775\">Support f\u00f6r enhetsdrivrutiner Operativsystem<\/td>\n<\/tr>\n<tr>\n<td rowspan=\"5\" width=\"382\">Support f\u00f6r enhetsdrivrutiner Operativsystem<\/td>\n<td width=\"393\">Windows\u00ae<\/td>\n<\/tr>\n<tr>\n<td width=\"393\">Linux\u00ae<\/td>\n<\/tr>\n<tr>\n<td width=\"393\">MAC OS\u00ae 10.7 och senare<\/td>\n<\/tr>\n<tr>\n<td width=\"393\">Android\u2122 4.3 och senare<\/td>\n<\/tr>\n<tr>\n<td width=\"393\">iOS 8.0 och senare<\/td>\n<\/tr>\n<\/tbody>\n<\/table>\n<\/li>\n<\/ul>","protected":false},"excerpt":{"rendered":"<p>ACR1311U-N2 \u00e4r en m\u00e5ngsidig Bluetooth NFC Secure Reader, som st\u00f6der RFID-applikationer f\u00f6r \u00e5tkomstkontroll och lagerhantering.<\/p>","protected":false},"featured_media":1507,"template":"","meta":[],"product_brand":[],"product_cat":[38,40],"product_tag":[],"class_list":{"0":"post-1511","1":"product","2":"type-product","3":"status-publish","4":"has-post-thumbnail","6":"product_cat-mobile-ble-nfc-reader","7":"product_cat-rfid-nfc-reader","9":"first","10":"instock","11":"shipping-taxable","12":"product-type-simple"},"_links":{"self":[{"href":"https:\/\/nfc-readers.com\/sv\/wp-json\/wp\/v2\/product\/1511","targetHints":{"allow":["GET"]}}],"collection":[{"href":"https:\/\/nfc-readers.com\/sv\/wp-json\/wp\/v2\/product"}],"about":[{"href":"https:\/\/nfc-readers.com\/sv\/wp-json\/wp\/v2\/types\/product"}],"wp:featuredmedia":[{"embeddable":true,"href":"https:\/\/nfc-readers.com\/sv\/wp-json\/wp\/v2\/media\/1507"}],"wp:attachment":[{"href":"https:\/\/nfc-readers.com\/sv\/wp-json\/wp\/v2\/media?parent=1511"}],"wp:term":[{"taxonomy":"product_brand","embeddable":true,"href":"https:\/\/nfc-readers.com\/sv\/wp-json\/wp\/v2\/product_brand?post=1511"},{"taxonomy":"product_cat","embeddable":true,"href":"https:\/\/nfc-readers.com\/sv\/wp-json\/wp\/v2\/product_cat?post=1511"},{"taxonomy":"product_tag","embeddable":true,"href":"https:\/\/nfc-readers.com\/sv\/wp-json\/wp\/v2\/product_tag?post=1511"}],"curies":[{"name":"wp","href":"https:\/\/api.w.org\/{rel}","templated":true}]}}