{"id":1512,"date":"2024-04-07T03:03:03","date_gmt":"2024-04-07T03:03:03","guid":{"rendered":"https:\/\/nfc-readers.com\/?post_type=product&#038;p=1512"},"modified":"2024-10-16T08:13:55","modified_gmt":"2024-10-16T08:13:55","slug":"acr35-nfc-mobilemate-card-reader","status":"publish","type":"product","link":"https:\/\/nfc-readers.com\/sv\/ic-reader\/acr35-nfc-mobilemate-card-reader\/","title":{"rendered":"ACR35 NFC MobileMate kortl\u00e4sare"},"content":{"rendered":"<h1>ACR35 NFC MobileMate kortl\u00e4sare<\/h1>\n<p>ACR35 NFC MobileMate Card Reader \u00e4r en kompakt, snygg och b\u00e4rbar NFC-l\u00e4sare som erbjuder en s\u00e4ker, anv\u00e4ndarv\u00e4nlig upplevelse. Dess avancerade krypteringsfunktioner och bekv\u00e4mligheten med en uppladdningsbar str\u00f6mf\u00f6rs\u00f6rjning g\u00f6r den till en v\u00e4rdefull tillg\u00e5ng f\u00f6r s\u00e4kra mobila transaktioner, som f\u00f6rkroppsligar den perfekta blandningen av funktionalitet och portabilitet f\u00f6r aktiva anv\u00e4ndare.<\/p>\n<p>&nbsp;<\/p>\n<p>3,5 mm ljudjackgr\u00e4nssnitt<br \/>\nDrivs av ett litiumjonbatteri (uppladdningsbart via PC-l\u00e4nkat l\u00e4ge)<br \/>\nSmartkortl\u00e4sare:<br \/>\nInbyggd antenn f\u00f6r kontaktl\u00f6s tagg\u00e5tkomst, med l\u00e4savst\u00e5nd p\u00e5 upp till 50 mm (beroende p\u00e5 taggtyp)<br \/>\nSt\u00f6der ISO 14443 Part 4 Typ A- och B-kort<br \/>\nSt\u00f6der MIFARE<br \/>\nSt\u00f6der FeliCa<br \/>\nSt\u00f6der ISO 18092-taggar (NFC-taggar)*<br \/>\nInbyggd anti-kollisionsfunktion<br \/>\nNFC-st\u00f6d:<br \/>\nKortl\u00e4sare\/skrivarl\u00e4ge<br \/>\nMagnetrandkortl\u00e4sare:<br \/>\nL\u00e4ser upp till tv\u00e5 sp\u00e5r med kortdata (sp\u00e5r 1 \/ sp\u00e5r 2)<br \/>\nKan l\u00e4sa dubbelriktat<br \/>\nSt\u00f6der AES128 krypteringsalgoritm<br \/>\nSt\u00f6der DUKPT Key Management System<br \/>\nSt\u00f6der ISO 7810 \/ 7811 magnetkort<br \/>\nSt\u00f6der Hi-Coercivity och Low-Coercivity magnetiska kort<br \/>\nSt\u00f6d JIS1 och JIS2<\/p>\n<table width=\"769\">\n<tbody>\n<tr>\n<td colspan=\"2\" width=\"769\">Fysiska egenskaper<\/td>\n<\/tr>\n<tr>\n<td width=\"376\">M\u00e5tt (mm)<\/td>\n<td width=\"393\">60,0 mm (L) x 45,0 mm (B) x 13,3 mm (H)<\/td>\n<\/tr>\n<tr>\n<td width=\"376\">Vikt (g)<\/td>\n<td width=\"393\">29,0 g (med batteri)<\/td>\n<\/tr>\n<tr>\n<td colspan=\"2\" width=\"769\">Ljudjack kommunikationsgr\u00e4nssnitt<\/td>\n<\/tr>\n<tr>\n<td width=\"376\">Protokoll<\/td>\n<td width=\"393\">Dubbelriktad ljuduttagsgr\u00e4nssnitt<\/td>\n<\/tr>\n<tr>\n<td width=\"376\">Anslutningstyp<\/td>\n<td width=\"393\">3,5 mm 4-poligt ljuduttag<\/td>\n<\/tr>\n<tr>\n<td width=\"376\">Kraftk\u00e4lla<\/td>\n<td width=\"393\">Batteridriven<\/td>\n<\/tr>\n<tr>\n<td colspan=\"2\" width=\"769\">USB-gr\u00e4nssnitt<\/td>\n<\/tr>\n<tr>\n<td width=\"376\">Anslutningstyp<\/td>\n<td width=\"393\">Mikro-USB<\/td>\n<\/tr>\n<tr>\n<td width=\"376\">Kraftk\u00e4lla<\/td>\n<td width=\"393\">Fr\u00e5n USB-porten<\/td>\n<\/tr>\n<tr>\n<td width=\"376\">Kabell\u00e4ngd<\/td>\n<td width=\"393\">1 m, avtagbar<\/td>\n<\/tr>\n<tr>\n<td colspan=\"2\" width=\"769\">Kontaktl\u00f6st gr\u00e4nssnitt f\u00f6r smartkort<\/td>\n<\/tr>\n<tr>\n<td width=\"376\">Standard<\/td>\n<td width=\"393\">ISO\/IEC 18092 NFC, ISO 14443 Typ A &amp; B, MIFARE, FeliCa<\/td>\n<\/tr>\n<tr>\n<td rowspan=\"4\" width=\"376\">Protokoll<\/td>\n<td width=\"393\">ISO 14443-4-kompatibelt kort, T=CL<\/td>\n<\/tr>\n<tr>\n<td width=\"393\">MIFARE Classic Card, T=CL<\/td>\n<\/tr>\n<tr>\n<td width=\"393\">ISO 18092, NFC-taggar<\/td>\n<\/tr>\n<tr>\n<td width=\"393\">FeliCa<\/td>\n<\/tr>\n<tr>\n<td colspan=\"2\" width=\"769\">Gr\u00e4nssnitt f\u00f6r magnetkort<\/td>\n<\/tr>\n<tr>\n<td rowspan=\"2\" width=\"376\">Standard<\/td>\n<td width=\"393\">ISO 7810\/7811 Hi-Co och Low-Co magnetkort<\/td>\n<\/tr>\n<tr>\n<td width=\"393\">JIS 1 och JIS 2<\/td>\n<\/tr>\n<tr>\n<td colspan=\"2\" width=\"769\">Andra funktioner<\/td>\n<\/tr>\n<tr>\n<td rowspan=\"2\" width=\"376\">Kryptering<\/td>\n<td width=\"393\">AES-krypteringsalgoritm i enheten<\/td>\n<\/tr>\n<tr>\n<td width=\"393\">DUKPT nyckelhanteringssystem<\/td>\n<\/tr>\n<tr>\n<td colspan=\"2\" width=\"769\">Certifieringar\/\u00f6verensst\u00e4mmelse<\/td>\n<\/tr>\n<tr>\n<td rowspan=\"10\" width=\"376\">Certifieringar\/\u00f6verensst\u00e4mmelse<\/td>\n<td>EN 60950\/IEC 60950<\/td>\n<\/tr>\n<tr>\n<td>ISO 7811<\/td>\n<\/tr>\n<tr>\n<td>ISO 18092<\/td>\n<\/tr>\n<tr>\n<td>ISO 14443<\/td>\n<\/tr>\n<tr>\n<td>VCCI (Japan)<\/td>\n<\/tr>\n<tr>\n<td>KC (Korea)<\/td>\n<\/tr>\n<tr>\n<td>CE<\/td>\n<\/tr>\n<tr>\n<td>FCC<\/td>\n<\/tr>\n<tr>\n<td>RoHS 2<\/td>\n<\/tr>\n<tr>\n<td>N\u00c5<\/td>\n<\/tr>\n<tr>\n<td colspan=\"2\" width=\"769\">Support f\u00f6r enhetsdrivrutiner Operativsystem<\/td>\n<\/tr>\n<tr>\n<td rowspan=\"2\" width=\"376\">Support f\u00f6r enhetsdrivrutiner Operativsystem<\/td>\n<td>Android\u2122 2.0 och senare<\/td>\n<\/tr>\n<tr>\n<td>iOS 5.0 och senare<\/td>\n<\/tr>\n<\/tbody>\n<\/table>","protected":false},"excerpt":{"rendered":"<p>ACR35 NFC MobileMate Reader \u00e4r en b\u00e4rbar kontaktl\u00f6s l\u00e4sare som f\u00f6rb\u00e4ttrar mobila enheter och erbjuder s\u00e4kra NFC-transaktioner f\u00f6r anv\u00e4ndare p\u00e5 resande fot.<\/p>","protected":false},"featured_media":1499,"template":"","meta":[],"product_brand":[],"product_cat":[38],"product_tag":[],"class_list":{"0":"post-1512","1":"product","2":"type-product","3":"status-publish","4":"has-post-thumbnail","6":"product_cat-mobile-ble-nfc-reader","8":"first","9":"instock","10":"shipping-taxable","11":"product-type-simple"},"_links":{"self":[{"href":"https:\/\/nfc-readers.com\/sv\/wp-json\/wp\/v2\/product\/1512","targetHints":{"allow":["GET"]}}],"collection":[{"href":"https:\/\/nfc-readers.com\/sv\/wp-json\/wp\/v2\/product"}],"about":[{"href":"https:\/\/nfc-readers.com\/sv\/wp-json\/wp\/v2\/types\/product"}],"wp:featuredmedia":[{"embeddable":true,"href":"https:\/\/nfc-readers.com\/sv\/wp-json\/wp\/v2\/media\/1499"}],"wp:attachment":[{"href":"https:\/\/nfc-readers.com\/sv\/wp-json\/wp\/v2\/media?parent=1512"}],"wp:term":[{"taxonomy":"product_brand","embeddable":true,"href":"https:\/\/nfc-readers.com\/sv\/wp-json\/wp\/v2\/product_brand?post=1512"},{"taxonomy":"product_cat","embeddable":true,"href":"https:\/\/nfc-readers.com\/sv\/wp-json\/wp\/v2\/product_cat?post=1512"},{"taxonomy":"product_tag","embeddable":true,"href":"https:\/\/nfc-readers.com\/sv\/wp-json\/wp\/v2\/product_tag?post=1512"}],"curies":[{"name":"wp","href":"https:\/\/api.w.org\/{rel}","templated":true}]}}