{"id":1520,"date":"2024-04-07T03:57:14","date_gmt":"2024-04-07T03:57:14","guid":{"rendered":"https:\/\/nfc-readers.com\/?post_type=product&#038;p=1520"},"modified":"2024-10-16T08:07:41","modified_gmt":"2024-10-16T08:07:41","slug":"acr39u-uf-type-c-connector-smart-card-reader","status":"publish","type":"product","link":"https:\/\/nfc-readers.com\/sv\/ic-reader\/acr39u-uf-type-c-connector-smart-card-reader\/","title":{"rendered":"ACR39U-UF-TYPE C-kontakt-smartkortl\u00e4sare"},"content":{"rendered":"<h1>ACR39U-UF-TYPE C-kontakt-smartkortl\u00e4sare<\/h1>\n<p>ACR39U-UF smartkortsl\u00e4sare framst\u00e5r som ett mycket m\u00e5ngsidigt och innovativt verktyg, med USB Type C-anslutning f\u00f6r enklare och mer anpassningsbar anv\u00e4ndning. Dess st\u00f6d f\u00f6r ett brett utbud av smarta kort och \u00f6verensst\u00e4mmelse med kritiska industristandarder g\u00f6r den till en viktig b\u00e4rbar NFC-l\u00e4sare f\u00f6r en m\u00e4ngd s\u00e4kra applikationer p\u00e5 b\u00e5de station\u00e4ra och mobila plattformar.<\/p>\n<ul>\n<li>\n<h2>USB 2.0 Full Speed Interface<\/h2>\n<\/li>\n<li>\n<h2>USB Type-C-kontakt<\/h2>\n<\/li>\n<li>\n<h2>Plug and Play \u2013 CCID-st\u00f6d ger maximal r\u00f6rlighet<\/h2>\n<\/li>\n<li>\n<h2>Smartkortl\u00e4sare:<\/h2>\n<ul>\n<li>\n<h3>St\u00f6der ISO 7816 klass A, B och C (5 V, 3 V, 1,8 V) kort<\/h3>\n<\/li>\n<li>\n<h3>St\u00f6der CAC<\/h3>\n<\/li>\n<li>\n<h3>St\u00f6der SIPRNET-kort<\/h3>\n<\/li>\n<li>\n<h3>St\u00f6der J-LIS-kort<\/h3>\n<\/li>\n<li>\n<h3>St\u00f6der mikroprocessorkort med T=0- eller T=1-protokoll<\/h3>\n<\/li>\n<li>\n<h3>St\u00f6der minneskort<\/h3>\n<\/li>\n<li>\n<h3>St\u00f6der Mykad Card<\/h3>\n<\/li>\n<li>\n<h3>St\u00f6der PPS (Protocol and Parameters Selection)<\/h3>\n<\/li>\n<li>\n<h3>Har kortslutningsskydd<\/h3>\n<\/li>\n<\/ul>\n<\/li>\n<li>\n<h2>Applikationsprogrammeringsgr\u00e4nssnitt:<\/h2>\n<ul>\n<li>\n<h3>St\u00f6der PC\/SC<\/h3>\n<\/li>\n<li>\n<h3>St\u00f6der CT-API CT-API (genom omslag ovanp\u00e5 PC\/SC)<\/h3>\n<\/li>\n<\/ul>\n<\/li>\n<li>\n<h2>St\u00f6der Android\u2122 3.1 och senare<\/h2>\n<\/li>\n<li>\n<div>\n<table width=\"581\">\n<tbody>\n<tr>\n<td colspan=\"2\" width=\"581\">Fysiska egenskaper<\/td>\n<\/tr>\n<tr>\n<td width=\"236\">M\u00e5tt (mm)<\/td>\n<td width=\"345\">72,2 mm (L) x 69,0 mm (B) x 14,5 mm (H)<\/td>\n<\/tr>\n<tr>\n<td width=\"236\">Vikt (g)<\/td>\n<td width=\"345\">65,0 g<\/td>\n<\/tr>\n<tr>\n<td colspan=\"2\" width=\"581\">USB-gr\u00e4nssnitt<\/td>\n<\/tr>\n<tr>\n<td width=\"236\">Protokoll<\/td>\n<td width=\"345\">USB CCID<\/td>\n<\/tr>\n<tr>\n<td width=\"236\">Anslutningstyp<\/td>\n<td width=\"345\">Standard typ-C<\/td>\n<\/tr>\n<tr>\n<td width=\"236\">Kraftk\u00e4lla<\/td>\n<td width=\"345\">Fr\u00e5n USB-porten<\/td>\n<\/tr>\n<tr>\n<td width=\"236\">Fart<\/td>\n<td width=\"345\">USB 2.0 full hastighet (12 Mbps)<\/td>\n<\/tr>\n<tr>\n<td width=\"236\">Kabell\u00e4ngd<\/td>\n<td width=\"345\">1,5 m, fast<\/td>\n<\/tr>\n<tr>\n<td colspan=\"2\" width=\"581\">Kontakta Smart Card Interface<\/td>\n<\/tr>\n<tr>\n<td width=\"236\">Antal spelautomater<\/td>\n<td width=\"345\">1 kortplats i full storlek<\/td>\n<\/tr>\n<tr>\n<td width=\"236\">Standard<\/td>\n<td width=\"345\">ISO 7816, delar 1-4, klass A, B, C (5 V, 3 V, 1,8 V)<\/td>\n<\/tr>\n<tr>\n<td width=\"236\">Protokoll<\/td>\n<td width=\"345\">T=0; T=1; St\u00f6d f\u00f6r minneskort<\/td>\n<\/tr>\n<tr>\n<td width=\"236\">Andra<\/td>\n<td width=\"345\">Mykad Card, CAC, PIV, SIPRNET, J-LIS Smart Cards<\/td>\n<\/tr>\n<tr>\n<td colspan=\"2\" width=\"581\">Certifieringar\/\u00f6verensst\u00e4mmelse<\/td>\n<\/tr>\n<tr>\n<td rowspan=\"18\" width=\"236\">Certifieringar\/\u00f6verensst\u00e4mmelse<\/td>\n<td width=\"345\">EN62368\/IEC 62368<\/td>\n<\/tr>\n<tr>\n<td width=\"345\">CE<\/td>\n<\/tr>\n<tr>\n<td width=\"345\">FCC<\/td>\n<\/tr>\n<tr>\n<td width=\"345\">RoHS<\/td>\n<\/tr>\n<tr>\n<td width=\"345\">N\u00c5<\/td>\n<\/tr>\n<tr>\n<td width=\"345\">EMV\u2122 niv\u00e5 1 (kontakt)<\/td>\n<\/tr>\n<tr>\n<td width=\"345\">J-LIS<\/td>\n<\/tr>\n<tr>\n<td width=\"345\">KCC<\/td>\n<\/tr>\n<tr>\n<td width=\"345\">PBOC<\/td>\n<\/tr>\n<tr>\n<td width=\"345\">TAA (USA)<\/td>\n<\/tr>\n<tr>\n<td width=\"345\">UKCA<\/td>\n<\/tr>\n<tr>\n<td width=\"345\">VCCI<\/td>\n<\/tr>\n<tr>\n<td width=\"345\">WEEE<\/td>\n<\/tr>\n<tr>\n<td width=\"345\">ISO 7816<\/td>\n<\/tr>\n<tr>\n<td width=\"345\">USB 2.0 full hastighet<\/td>\n<\/tr>\n<tr>\n<td width=\"345\">PC\/SC<\/td>\n<\/tr>\n<tr>\n<td width=\"345\">CCID<\/td>\n<\/tr>\n<tr>\n<td width=\"345\">Microsoft\u00ae WHQL<\/td>\n<\/tr>\n<tr>\n<td colspan=\"2\" width=\"581\">Support f\u00f6r enhetsdrivrutiner Operativsystem<\/td>\n<\/tr>\n<tr>\n<td rowspan=\"5\" width=\"236\">Support f\u00f6r enhetsdrivrutiner Operativsystem<\/td>\n<td width=\"345\">Windows\u00ae<\/td>\n<\/tr>\n<tr>\n<td width=\"345\">Linux\u00ae<\/td>\n<\/tr>\n<tr>\n<td width=\"345\">macOS\u00ae<\/td>\n<\/tr>\n<tr>\n<td width=\"345\">Solaris\u2122<\/td>\n<\/tr>\n<tr>\n<td width=\"345\">Android\u2122<\/td>\n<\/tr>\n<\/tbody>\n<\/table>\n<\/div>\n<\/li>\n<\/ul>","protected":false},"excerpt":{"rendered":"<p>ACR39U-UF \u00e4r en kompakt USB Type C Secure Reader och h\u00f6ghastighetskontakt, designad f\u00f6r s\u00f6ml\u00f6s integration med olika smartkortapplikationer p\u00e5 flera enheter.<\/p>","protected":false},"featured_media":1524,"template":"","meta":[],"product_brand":[],"product_cat":[39],"product_tag":[],"class_list":{"0":"post-1520","1":"product","2":"type-product","3":"status-publish","4":"has-post-thumbnail","6":"product_cat-usb-ic-smartcard-reader","8":"first","9":"instock","10":"shipping-taxable","11":"product-type-simple"},"_links":{"self":[{"href":"https:\/\/nfc-readers.com\/sv\/wp-json\/wp\/v2\/product\/1520","targetHints":{"allow":["GET"]}}],"collection":[{"href":"https:\/\/nfc-readers.com\/sv\/wp-json\/wp\/v2\/product"}],"about":[{"href":"https:\/\/nfc-readers.com\/sv\/wp-json\/wp\/v2\/types\/product"}],"wp:featuredmedia":[{"embeddable":true,"href":"https:\/\/nfc-readers.com\/sv\/wp-json\/wp\/v2\/media\/1524"}],"wp:attachment":[{"href":"https:\/\/nfc-readers.com\/sv\/wp-json\/wp\/v2\/media?parent=1520"}],"wp:term":[{"taxonomy":"product_brand","embeddable":true,"href":"https:\/\/nfc-readers.com\/sv\/wp-json\/wp\/v2\/product_brand?post=1520"},{"taxonomy":"product_cat","embeddable":true,"href":"https:\/\/nfc-readers.com\/sv\/wp-json\/wp\/v2\/product_cat?post=1520"},{"taxonomy":"product_tag","embeddable":true,"href":"https:\/\/nfc-readers.com\/sv\/wp-json\/wp\/v2\/product_tag?post=1520"}],"curies":[{"name":"wp","href":"https:\/\/api.w.org\/{rel}","templated":true}]}}