{"id":1532,"date":"2024-04-07T04:16:02","date_gmt":"2024-04-07T04:16:02","guid":{"rendered":"https:\/\/nfc-readers.com\/?post_type=product&#038;p=1532"},"modified":"2024-10-16T08:01:13","modified_gmt":"2024-10-16T08:01:13","slug":"acr39u-nd-pocketmate-ii-micro-usb-smart-card-reader","status":"publish","type":"product","link":"https:\/\/nfc-readers.com\/sv\/ic-reader\/acr39u-nd-pocketmate-ii-micro-usb-smart-card-reader\/","title":{"rendered":"ACR39U-ND PocketMate II (Micro-USB) smartkortl\u00e4sare"},"content":{"rendered":"<div>\n<h1>ACR39U-ND PocketMate II (Micro-USB) smartkortl\u00e4sare<\/h1>\n<p>ACR39 Pocketmate II, utrustad med en mikro-USB-kontakt, utvecklas genialiskt till en smartkortl\u00e4sare i full storlek med en enkel vridning. Den h\u00e4r enheten \u00e4r tillr\u00e4ckligt kompakt f\u00f6r att passa p\u00e5 en nyckelring och \u00e4r redo att st\u00f6dja sofistikerade smartkortapplikationer med effektivitet. Den h\u00e4r b\u00e4rbara l\u00e4saren rymmer skickligt smartkort som \u00f6verensst\u00e4mmer med ISO 7816 klass A, B och C (5 V, 3 V och 1,8 V) , tillsammans med mikroprocessorkort som fungerar p\u00e5 b\u00e5de T=0- och T=1-protokoll. Dess m\u00e5ngsidighet str\u00e4cker sig till en rad minneskort, inklusive de som anv\u00e4nds av Department of Defense for Common Access (CAC) och SIPRNET. ACR39U PocketMate II trivs i olika scenarier, inklusive personlig identitetsverifiering, \u00e5tkomstkontroller, digitala signaturer och s\u00e4kra onlinetransaktioner. Micro-USB-varianten s\u00e4kerst\u00e4ller att ACR39U Pocketmate II beh\u00e5ller alla de k\u00e4nda funktionerna i ACR39U-serien, samtidigt som den ger omv\u00e4nd kompatibilitet och enkel orientering. Dess drivrutiner \u00e4r v\u00e4l l\u00e4mpade f\u00f6r station\u00e4ra och mobila integrationer och harmoniserar med en m\u00e4ngd operativsystem som Windows\u00ae, Linux\u00ae, Solaris och Mac OS\u00ae. Dessutom har ACR39U PocketMate II ut\u00f6kat sitt verktyg till Android\u2122-enheter med version 3.1 eller h\u00f6gre.<\/p>\n<ul>\n<li>\n<h2>USB 2.0 Full Speed Interface<\/h2>\n<\/li>\n<li>\n<h2>USB mikro-USB-kontakt<\/h2>\n<\/li>\n<li>\n<h2>Plug and Play \u2013 CCID-st\u00f6d ger maximal r\u00f6rlighet<\/h2>\n<\/li>\n<li>\n<h2>Swivel Motion Design<\/h2>\n<\/li>\n<li>\n<h2>Smartkortl\u00e4sare:<\/h2>\n<ul>\n<li>\n<h3>St\u00f6der ISO 7816 klass A, B och C (5 V, 3 V, 1,8 V) kort<\/h3>\n<\/li>\n<li>\n<h3>St\u00f6der CAC<\/h3>\n<\/li>\n<li>\n<h3>St\u00f6der SIPRNET-kort<\/h3>\n<\/li>\n<li>\n<h3>St\u00f6der J-LIS-kort<\/h3>\n<\/li>\n<li>\n<h3>St\u00f6der Mykad Card<\/h3>\n<\/li>\n<li>\n<h3>St\u00f6der mikroprocessorkort med T=0- eller T=1-protokoll<\/h3>\n<\/li>\n<li>\n<h3>St\u00f6der minneskort<\/h3>\n<\/li>\n<li>\n<h3>St\u00f6der PPS (Protocol and Parameters Selection)<\/h3>\n<\/li>\n<li>\n<h3>Har kortslutningsskydd<\/h3>\n<\/li>\n<\/ul>\n<\/li>\n<li>\n<h2>Applikationsprogrammeringsgr\u00e4nssnitt:<\/h2>\n<ul>\n<li>\n<h3>St\u00f6der PC\/SC<\/h3>\n<\/li>\n<li>\n<h3>St\u00f6der CT-API CT-API (genom omslag ovanp\u00e5 PC\/SC)<\/h3>\n<\/li>\n<\/ul>\n<\/li>\n<li>\n<h2>St\u00f6der Android\u2122 3.1 och senare<\/h2>\n<\/li>\n<li>\n<table width=\"719\">\n<tbody>\n<tr>\n<td colspan=\"2\" width=\"719\">Fysiska egenskaper<\/td>\n<\/tr>\n<tr>\n<td width=\"326\">M\u00e5tt (mm)<\/td>\n<td width=\"393\">58,0 mm (L) x 20,0 mm (B) x 13,7 mm (H)<\/td>\n<\/tr>\n<tr>\n<td width=\"326\">Vikt (g)<\/td>\n<td width=\"393\">9,7 g<\/td>\n<\/tr>\n<tr>\n<td colspan=\"2\" width=\"719\">USB-gr\u00e4nssnitt<\/td>\n<\/tr>\n<tr>\n<td width=\"326\">Protokoll<\/td>\n<td width=\"393\">USB CCID<\/td>\n<\/tr>\n<tr>\n<td width=\"326\">Anslutningstyp<\/td>\n<td width=\"393\">Mikro-USB<\/td>\n<\/tr>\n<tr>\n<td width=\"326\">Kraftk\u00e4lla<\/td>\n<td width=\"393\">Fr\u00e5n USB-porten<\/td>\n<\/tr>\n<tr>\n<td width=\"326\">Fart<\/td>\n<td width=\"393\">USB full hastighet (12 Mbps)<\/td>\n<\/tr>\n<tr>\n<td colspan=\"2\" width=\"719\">Kontakta Smart Card Interface<\/td>\n<\/tr>\n<tr>\n<td width=\"326\">Antal spelautomater<\/td>\n<td width=\"393\">1 kortplats i full storlek<\/td>\n<\/tr>\n<tr>\n<td width=\"326\">Standard<\/td>\n<td width=\"393\">ISO 7816 delar 1-3, klass A, B, C (5 V, 3 V, 1,8 V)<\/td>\n<\/tr>\n<tr>\n<td width=\"326\">Protokoll<\/td>\n<td width=\"393\">T=0; T=1; St\u00f6d f\u00f6r minneskort<\/td>\n<\/tr>\n<tr>\n<td width=\"326\">Andra<\/td>\n<td width=\"393\">CAC, PIV, SIPRNET, J-LIS smartkort<\/td>\n<\/tr>\n<tr>\n<td colspan=\"2\" width=\"719\">Certifieringar\/\u00f6verensst\u00e4mmelse<\/td>\n<\/tr>\n<tr>\n<td rowspan=\"16\" width=\"326\">Certifieringar\/\u00f6verensst\u00e4mmelse<\/td>\n<td>EN 60950\/IEC 60950<\/td>\n<\/tr>\n<tr>\n<td>ISO 7816<\/td>\n<\/tr>\n<tr>\n<td>USB full hastighet<\/td>\n<\/tr>\n<tr>\n<td>EMV\u2122 niv\u00e5 1 (kontakt)<\/td>\n<\/tr>\n<tr>\n<td>PC\/SC<\/td>\n<\/tr>\n<tr>\n<td>CCID<\/td>\n<\/tr>\n<tr>\n<td>TAA (USA)<\/td>\n<\/tr>\n<tr>\n<td>VCCI (Japan)<\/td>\n<\/tr>\n<tr>\n<td>J-LIS (Japan)<\/td>\n<\/tr>\n<tr>\n<td>PBOC (Kina)<\/td>\n<\/tr>\n<tr>\n<td>CE<\/td>\n<\/tr>\n<tr>\n<td>FCC<\/td>\n<\/tr>\n<tr>\n<td>WEEE<\/td>\n<\/tr>\n<tr>\n<td>RoHS 2<\/td>\n<\/tr>\n<tr>\n<td>N\u00c5<\/td>\n<\/tr>\n<tr>\n<td>Microsoft\u00ae WHQL<\/td>\n<\/tr>\n<tr>\n<td colspan=\"2\" width=\"719\">Support f\u00f6r enhetsdrivrutiner Operativsystem<\/td>\n<\/tr>\n<tr>\n<td rowspan=\"5\" width=\"326\">Support f\u00f6r enhetsdrivrutiner Operativsystem<\/td>\n<td>Windows\u00ae<\/td>\n<\/tr>\n<tr>\n<td>Linux\u00ae<\/td>\n<\/tr>\n<tr>\n<td>MAC OS\u00ae<\/td>\n<\/tr>\n<tr>\n<td>Solaris<\/td>\n<\/tr>\n<tr>\n<td>Android\u2122 3.1 och senare<\/td>\n<\/tr>\n<\/tbody>\n<\/table>\n<\/li>\n<\/ul>\n<\/div>\n<div><\/div>","protected":false},"excerpt":{"rendered":"<p>ACR39U Pocketmate II \u00e4r en kompakt USB Secure Reader som erbjuder h\u00f6ghastighetsst\u00f6d f\u00f6r olika smartkortapplikationer.<\/p>","protected":false},"featured_media":1534,"template":"","meta":[],"product_brand":[],"product_cat":[39],"product_tag":[],"class_list":{"0":"post-1532","1":"product","2":"type-product","3":"status-publish","4":"has-post-thumbnail","6":"product_cat-usb-ic-smartcard-reader","8":"first","9":"instock","10":"shipping-taxable","11":"product-type-simple"},"_links":{"self":[{"href":"https:\/\/nfc-readers.com\/sv\/wp-json\/wp\/v2\/product\/1532","targetHints":{"allow":["GET"]}}],"collection":[{"href":"https:\/\/nfc-readers.com\/sv\/wp-json\/wp\/v2\/product"}],"about":[{"href":"https:\/\/nfc-readers.com\/sv\/wp-json\/wp\/v2\/types\/product"}],"wp:featuredmedia":[{"embeddable":true,"href":"https:\/\/nfc-readers.com\/sv\/wp-json\/wp\/v2\/media\/1534"}],"wp:attachment":[{"href":"https:\/\/nfc-readers.com\/sv\/wp-json\/wp\/v2\/media?parent=1532"}],"wp:term":[{"taxonomy":"product_brand","embeddable":true,"href":"https:\/\/nfc-readers.com\/sv\/wp-json\/wp\/v2\/product_brand?post=1532"},{"taxonomy":"product_cat","embeddable":true,"href":"https:\/\/nfc-readers.com\/sv\/wp-json\/wp\/v2\/product_cat?post=1532"},{"taxonomy":"product_tag","embeddable":true,"href":"https:\/\/nfc-readers.com\/sv\/wp-json\/wp\/v2\/product_tag?post=1532"}],"curies":[{"name":"wp","href":"https:\/\/api.w.org\/{rel}","templated":true}]}}