{"id":1537,"date":"2024-04-07T06:01:23","date_gmt":"2024-04-07T06:01:23","guid":{"rendered":"https:\/\/nfc-readers.com\/?post_type=product&#038;p=1537"},"modified":"2024-10-16T07:57:49","modified_gmt":"2024-10-16T07:57:49","slug":"acr3901u-s1-bluetooth-smart-card-reader-writer","status":"publish","type":"product","link":"https:\/\/nfc-readers.com\/sv\/ic-reader\/acr3901u-s1-bluetooth-smart-card-reader-writer\/","title":{"rendered":"ACR3901U-S1 Bluetooth\u00ae Smart Card-l\u00e4sare \u2013 Skrivare"},"content":{"rendered":"<h1>ACR3901U-S1 Bluetooth\u00ae Smart Card-l\u00e4sare \u2013 Skrivare<\/h1>\n<p>ACR3901U-S1 presenterar sig som en h\u00f6gteknologisk, nfc-l\u00e4sare bluetooth v\u00e4l l\u00e4mpad f\u00f6r den moderna teknikkunniga individen. Den s\u00e4kerst\u00e4ller bred kompatibilitet med smarta kort och personliga enheter, para ihop snabba data\u00f6verf\u00f6ringshastigheter med portabilitet, f\u00f6rh\u00f6jda av dess tr\u00e5dl\u00f6sa Bluetooth-kapacitet, vilket g\u00f6r det till ett oumb\u00e4rligt verktyg f\u00f6r de som kr\u00e4ver s\u00e4kra och flexibla smartkortstransaktioner.<\/p>\n<ul>\n<li>\n<h2>Bluetooth\u00ae-gr\u00e4nssnitt<\/h2>\n<\/li>\n<li>\n<h2>USB 2.0 Full Speed Interface<\/h2>\n<\/li>\n<li>\n<h2>Kraftk\u00e4lla<\/h2>\n<ul>\n<li>\n<h3>Batteridriven (inneh\u00e5ller ett litiumjonbatteri som kan laddas upp via Micro-USB-port)<\/h3>\n<\/li>\n<li>\n<h3>USB-driven (via PC-l\u00e4nkat l\u00e4ge)<\/h3>\n<\/li>\n<\/ul>\n<\/li>\n<li>\n<h2>CCID-efterlevnad<\/h2>\n<\/li>\n<li>\n<h2>Smartkortl\u00e4sare:<\/h2>\n<ul>\n<li>\n<h3>Kontaktgr\u00e4nssnitt:<\/h3>\n<ul>\n<li>\n<h4>St\u00f6der ISO 7816 klass A, B och C (5 V, 3 V, 1,8 V) kort<\/h4>\n<\/li>\n<li>\n<h4>St\u00f6der mikroprocessorkort med T=0- eller T=1-protokoll<\/h4>\n<\/li>\n<li>\n<h4>St\u00f6der minneskort<\/h4>\n<\/li>\n<li>\n<h4>St\u00f6der PPS (Protocol and Parameters Selection)<\/h4>\n<\/li>\n<li>\n<h4>Har kortslutningsskydd<\/h4>\n<\/li>\n<li>\n<h4>St\u00f6der AES-128 krypteringsalgoritm<\/h4>\n<\/li>\n<\/ul>\n<\/li>\n<\/ul>\n<\/li>\n<li>\n<h2>Inbyggd kringutrustning:<\/h2>\n<ul>\n<li>\n<h3>Tre enf\u00e4rgade lysdioder<\/h3>\n<\/li>\n<\/ul>\n<\/li>\n<li>\n<h2>Applikationsprogrammeringsgr\u00e4nssnitt:<\/h2>\n<ul>\n<li>\n<h3>St\u00f6der PC\/SC<\/h3>\n<\/li>\n<li>\n<h3>St\u00f6der CT-API (genom omslag ovanp\u00e5 PC\/SC)<\/h3>\n<\/li>\n<\/ul>\n<\/li>\n<li>\n<h2>Uppgraderingsm\u00f6jlighet f\u00f6r USB-firmware<\/h2>\n<\/li>\n<li>\n<h2>St\u00f6der Android\u2122 4.3 och senare<\/h2>\n<\/li>\n<li>\n<h2>St\u00f6der iOS 8.0 och senare<\/h2>\n<\/li>\n<li>\n<div>\n<table width=\"556\">\n<tbody>\n<tr>\n<td colspan=\"2\" width=\"556\">Fysiska egenskaper<\/td>\n<\/tr>\n<tr>\n<td width=\"190\">M\u00e5tt (mm)<\/td>\n<td width=\"366\">94 mm (L) \u00d7 60 mm (B) \u00d7 12 mm (H)<\/td>\n<\/tr>\n<tr>\n<td width=\"190\">Vikt (g)<\/td>\n<td width=\"366\">30,8 g (59,7 g med kabel \u00b1 5 g tolerans)<\/td>\n<\/tr>\n<tr>\n<td colspan=\"2\" width=\"556\">Bluetooth-gr\u00e4nssnitt<\/td>\n<\/tr>\n<tr>\n<td width=\"190\">Protokoll<\/td>\n<td width=\"366\">Bluetooth\u00ae (Bluetooth Low Energy \/ Bluetooth 4.0)<\/td>\n<\/tr>\n<tr>\n<td width=\"190\">Kraftk\u00e4lla<\/td>\n<td width=\"366\">Uppladdningsbart litiumjonbatteri (laddning via USB)<\/td>\n<\/tr>\n<tr>\n<td width=\"190\">Fart<\/td>\n<td width=\"366\">1 Mbps<\/td>\n<\/tr>\n<tr>\n<td colspan=\"2\" width=\"556\">USB-gr\u00e4nssnitt<\/td>\n<\/tr>\n<tr>\n<td width=\"190\">Protokoll<\/td>\n<td width=\"366\">USB CCID<\/td>\n<\/tr>\n<tr>\n<td width=\"190\">Anslutningstyp<\/td>\n<td width=\"366\">Mikro-USB<\/td>\n<\/tr>\n<tr>\n<td width=\"190\">Kraftk\u00e4lla<\/td>\n<td width=\"366\">Fr\u00e5n USB-porten<\/td>\n<\/tr>\n<tr>\n<td width=\"190\">Fart<\/td>\n<td width=\"366\">USB full hastighet (12 Mbps)<\/td>\n<\/tr>\n<tr>\n<td width=\"190\">Kabell\u00e4ngd<\/td>\n<td width=\"366\">1 m, avtagbar<\/td>\n<\/tr>\n<tr>\n<td colspan=\"2\" width=\"556\">Kontakta Smart Card Interface<\/td>\n<\/tr>\n<tr>\n<td width=\"190\">Antal spelautomater<\/td>\n<td width=\"366\">1 kortplats i full storlek<\/td>\n<\/tr>\n<tr>\n<td width=\"190\">Standard<\/td>\n<td width=\"366\">ISO 7816, delar 1-4, klass A, B, C (5 V, 3 V, 1,8 V)<\/td>\n<\/tr>\n<tr>\n<td width=\"190\">Protokoll<\/td>\n<td width=\"366\">T=0; T=1; St\u00f6d f\u00f6r minneskort<\/td>\n<\/tr>\n<tr>\n<td colspan=\"2\" width=\"556\">Inbyggd kringutrustning<\/td>\n<\/tr>\n<tr>\n<td width=\"190\">LED<\/td>\n<td width=\"366\">3 enf\u00e4rgade: r\u00f6d, bl\u00e5 och gr\u00f6n<\/td>\n<\/tr>\n<tr>\n<td colspan=\"2\" width=\"556\">Andra funktioner<\/td>\n<\/tr>\n<tr>\n<td width=\"190\">Kryptering<\/td>\n<td width=\"366\">AES-krypteringsalgoritm i enheten<\/td>\n<\/tr>\n<tr>\n<td width=\"190\">Firmware uppgradering<\/td>\n<td width=\"366\">St\u00f6ds<\/td>\n<\/tr>\n<tr>\n<td colspan=\"2\" width=\"556\">Certifieringar\/\u00f6verensst\u00e4mmelse<\/td>\n<\/tr>\n<tr>\n<td rowspan=\"14\" width=\"190\">Certifieringar\/\u00f6verensst\u00e4mmelse<\/td>\n<td width=\"366\">EN 60950\/IEC 60950<\/td>\n<\/tr>\n<tr>\n<td width=\"366\">ISO 7816<\/td>\n<\/tr>\n<tr>\n<td width=\"366\">USB full hastighet<\/td>\n<\/tr>\n<tr>\n<td width=\"366\">Bluetooth\u00ae<\/td>\n<\/tr>\n<tr>\n<td width=\"366\">EMV\u2122 niv\u00e5 1 (kontakt)<\/td>\n<\/tr>\n<tr>\n<td width=\"366\">PC\/SC<\/td>\n<\/tr>\n<tr>\n<td width=\"366\">CCID<\/td>\n<\/tr>\n<tr>\n<td width=\"366\">CE<\/td>\n<\/tr>\n<tr>\n<td width=\"366\">FCC<\/td>\n<\/tr>\n<tr>\n<td width=\"366\">RoHS<\/td>\n<\/tr>\n<tr>\n<td width=\"366\">N\u00c5<\/td>\n<\/tr>\n<tr>\n<td width=\"366\">VCCI (Japan)<\/td>\n<\/tr>\n<tr>\n<td width=\"366\">MIC (Japan)<\/td>\n<\/tr>\n<tr>\n<td width=\"366\">Microsoft\u00ae WHQL<\/td>\n<\/tr>\n<tr>\n<td colspan=\"2\" width=\"556\">Support f\u00f6r enhetsdrivrutiner Operativsystem<\/td>\n<\/tr>\n<tr>\n<td rowspan=\"5\" width=\"190\">Support f\u00f6r enhetsdrivrutiner Operativsystem<\/td>\n<td width=\"366\">Windows\u00ae<\/td>\n<\/tr>\n<tr>\n<td width=\"366\">Linux\u00ae<\/td>\n<\/tr>\n<tr>\n<td width=\"366\">MAC OS\u00ae 10.7 och senare<\/td>\n<\/tr>\n<tr>\n<td width=\"366\">Android\u2122 4.3 och senare<\/td>\n<\/tr>\n<tr>\n<td width=\"366\">iOS 8.0 och senare<\/td>\n<\/tr>\n<\/tbody>\n<\/table>\n<\/div>\n<\/li>\n<\/ul>","protected":false},"excerpt":{"rendered":"<p>ACR3901U-S1 \u00e4r en b\u00e4rbar USB Secure Reader och Bluetooth\u00ae Contact Reader, som erbjuder h\u00f6ghastighetsprestanda f\u00f6r smartkortapplikationer n\u00e4r du \u00e4r p\u00e5 spr\u00e5ng.<\/p>","protected":false},"featured_media":1538,"template":"","meta":[],"product_brand":[],"product_cat":[39],"product_tag":[],"class_list":{"0":"post-1537","1":"product","2":"type-product","3":"status-publish","4":"has-post-thumbnail","6":"product_cat-usb-ic-smartcard-reader","8":"first","9":"instock","10":"shipping-taxable","11":"product-type-simple"},"_links":{"self":[{"href":"https:\/\/nfc-readers.com\/sv\/wp-json\/wp\/v2\/product\/1537","targetHints":{"allow":["GET"]}}],"collection":[{"href":"https:\/\/nfc-readers.com\/sv\/wp-json\/wp\/v2\/product"}],"about":[{"href":"https:\/\/nfc-readers.com\/sv\/wp-json\/wp\/v2\/types\/product"}],"wp:featuredmedia":[{"embeddable":true,"href":"https:\/\/nfc-readers.com\/sv\/wp-json\/wp\/v2\/media\/1538"}],"wp:attachment":[{"href":"https:\/\/nfc-readers.com\/sv\/wp-json\/wp\/v2\/media?parent=1537"}],"wp:term":[{"taxonomy":"product_brand","embeddable":true,"href":"https:\/\/nfc-readers.com\/sv\/wp-json\/wp\/v2\/product_brand?post=1537"},{"taxonomy":"product_cat","embeddable":true,"href":"https:\/\/nfc-readers.com\/sv\/wp-json\/wp\/v2\/product_cat?post=1537"},{"taxonomy":"product_tag","embeddable":true,"href":"https:\/\/nfc-readers.com\/sv\/wp-json\/wp\/v2\/product_tag?post=1537"}],"curies":[{"name":"wp","href":"https:\/\/api.w.org\/{rel}","templated":true}]}}