{"id":1542,"date":"2024-04-07T06:09:00","date_gmt":"2024-04-07T06:09:00","guid":{"rendered":"https:\/\/nfc-readers.com\/?post_type=product&#038;p=1542"},"modified":"2024-10-16T07:16:12","modified_gmt":"2024-10-16T07:16:12","slug":"acr122u-nfc-reader-writer","status":"publish","type":"product","link":"https:\/\/nfc-readers.com\/sv\/ic-reader\/acr122u-nfc-reader-writer\/","title":{"rendered":"ACR122U NFC-l\u00e4sare"},"content":{"rendered":"<h1>ACR122U NFC-l\u00e4sare<\/h1>\n<p><span style=\"color: #555555;\">ACR122U \u00e4r en f\u00f6rstklassig NFC-kortl\u00e4sare och -skrivare, m\u00e4rkt av sin breda kortkompatibilitet, enkla integration och snabba drifthastigheter. Den fungerar som en s\u00e4ker, anv\u00e4ndarv\u00e4nlig POS-terminal med NFC-l\u00e4sare. F\u00f6rst\u00e4rkt av ytterligare funktioner som en utvecklarv\u00e4nlig SDK, en slitstark formfaktor och robust kryptering, betyder ACR122U en komplett, p\u00e5litlig l\u00f6sning f\u00f6r alla som beh\u00f6ver avancerad och s\u00e4ker kontaktl\u00f6s interaktion i sin operativa infrastruktur.<\/span><\/p>\n<p><iframe loading=\"lazy\" title=\"ACR122U NFC Reader Writer\" width=\"1020\" height=\"574\" src=\"https:\/\/www.youtube.com\/embed\/uWYpJXXT7_Q?feature=oembed\" frameborder=\"0\" allow=\"accelerometer; autoplay; clipboard-write; encrypted-media; gyroscope; picture-in-picture; web-share\" referrerpolicy=\"strict-origin-when-cross-origin\" allowfullscreen><\/iframe><\/p>\n<ul>\n<li>\n<h2>USB Full Speed Interface<\/h2>\n<\/li>\n<li>\n<h2>CCID-efterlevnad<\/h2>\n<\/li>\n<li>\n<h2>Smartkortl\u00e4sare:<\/h2>\n<ul>\n<li>\n<h3>Kontaktl\u00f6st gr\u00e4nssnitt:<\/h3>\n<ul>\n<li>\n<h4>L\u00e4s\/skrivhastighet upp till 424 kbps<\/h4>\n<\/li>\n<li>\n<h4>Inbyggd antenn f\u00f6r kontaktl\u00f6s tagg\u00e5tkomst, med kortl\u00e4savst\u00e5nd p\u00e5 upp till 30 mm (beroende p\u00e5 taggtyp)<\/h4>\n<\/li>\n<li>\n<h4>St\u00f6der ISO 14443 typ A- och B-kort, MIFARE\u00ae, FeliCa och alla 4 typer av NFC (ISO\/IEC 18092)-taggar<\/h4>\n<\/li>\n<li>\n<h4>Inbyggd anti-kollisionsfunktion (endast 1 tagg \u00e4r \u00e5tkomlig n\u00e4r som helst)<\/h4>\n<\/li>\n<li>\n<h4>NFC-st\u00f6d<\/h4>\n<\/li>\n<li>\n<h4>Kortl\u00e4sare\/skrivarl\u00e4ge<\/h4>\n<\/li>\n<\/ul>\n<\/li>\n<\/ul>\n<\/li>\n<li>\n<h2>Inbyggd kringutrustning:<\/h2>\n<ul>\n<li>\n<h3>Lysdioder:<\/h3>\n<ul>\n<li>\n<h4>Anv\u00e4ndarkontrollerbar tv\u00e5f\u00e4rgad LED<\/h4>\n<\/li>\n<\/ul>\n<\/li>\n<\/ul>\n<\/li>\n<li>\n<h2>Applikationsprogrammeringsgr\u00e4nssnitt:<\/h2>\n<ul>\n<li>\n<h3>St\u00f6der PC\/SC<\/h3>\n<\/li>\n<li>\n<h3>St\u00f6der CT-API (genom omslag ovanp\u00e5 PC\/SC)<\/h3>\n<\/li>\n<\/ul>\n<\/li>\n<li>\n<h2>Uppgraderingsm\u00f6jlighet f\u00f6r USB-firmware<\/h2>\n<\/li>\n<li>\n<h2>St\u00f6der Android\u2122 3.1 och senare<\/h2>\n<\/li>\n<li>\n<div>\n<table width=\"854\">\n<tbody>\n<tr>\n<td colspan=\"3\" width=\"854\">Fysiska egenskaper<\/td>\n<\/tr>\n<tr>\n<td width=\"400\">M\u00e5tt (mm)<\/td>\n<td width=\"61\"><\/td>\n<td width=\"393\">98,0 mm (L) x 65,0 mm (B) x 12,8 mm (H)<\/td>\n<\/tr>\n<tr>\n<td width=\"400\">Vikt (g)<\/td>\n<td width=\"61\"><\/td>\n<td width=\"393\">70 g<\/td>\n<\/tr>\n<tr>\n<td colspan=\"3\" width=\"854\">USB-gr\u00e4nssnitt<\/td>\n<\/tr>\n<tr>\n<td width=\"400\">Protokoll<\/td>\n<td width=\"61\"><\/td>\n<td width=\"393\">USB CCID<\/td>\n<\/tr>\n<tr>\n<td width=\"400\">Kraftk\u00e4lla<\/td>\n<td width=\"61\"><\/td>\n<td width=\"393\">Fr\u00e5n USB-porten<\/td>\n<\/tr>\n<tr>\n<td width=\"400\">Fart<\/td>\n<td width=\"61\"><\/td>\n<td width=\"393\">USB full hastighet (12 Mbps)<\/td>\n<\/tr>\n<tr>\n<td width=\"400\">Kabell\u00e4ngd<\/td>\n<td width=\"61\"><\/td>\n<td width=\"393\">1,0 m, Fast<\/td>\n<\/tr>\n<tr>\n<td colspan=\"3\" width=\"854\">Kontaktl\u00f6st gr\u00e4nssnitt f\u00f6r smartkort<\/td>\n<\/tr>\n<tr>\n<td width=\"400\">Standard<\/td>\n<td width=\"61\"><\/td>\n<td width=\"393\">ISO\/IEC 18092 NFC, ISO 14443 Typ A &amp; B, MIFARE\u00ae, FeliCa<\/td>\n<\/tr>\n<tr>\n<td rowspan=\"4\" width=\"400\">Protokoll<\/td>\n<td width=\"61\"><\/td>\n<td width=\"393\">ISO 14443-4-kompatibelt kort, T=CL<\/td>\n<\/tr>\n<tr>\n<td width=\"61\"><\/td>\n<td width=\"393\">MIFARE\u00ae Classic Card, T=CL<\/td>\n<\/tr>\n<tr>\n<td width=\"61\"><\/td>\n<td width=\"393\">ISO18092, NFC-taggar<\/td>\n<\/tr>\n<tr>\n<td width=\"61\"><\/td>\n<td width=\"393\">FeliCa<\/td>\n<\/tr>\n<tr>\n<td colspan=\"3\" width=\"854\">Inbyggd kringutrustning<\/td>\n<\/tr>\n<tr>\n<td width=\"400\">LED<\/td>\n<td width=\"61\"><\/td>\n<td width=\"393\">1 tv\u00e5f\u00e4rgad: r\u00f6d och gr\u00f6n<\/td>\n<\/tr>\n<tr>\n<td width=\"400\">Summer<\/td>\n<td width=\"61\"><\/td>\n<td width=\"393\">Monoton<\/td>\n<\/tr>\n<tr>\n<td colspan=\"3\" width=\"854\">Certifieringar\/\u00f6verensst\u00e4mmelse<\/td>\n<\/tr>\n<tr>\n<td rowspan=\"13\" width=\"400\">Certifieringar\/\u00f6verensst\u00e4mmelse<\/td>\n<td width=\"61\"><\/td>\n<td width=\"393\">EN 60950\/IEC 60950<\/td>\n<\/tr>\n<tr>\n<td width=\"61\"><\/td>\n<td width=\"393\">ISO 18092<\/td>\n<\/tr>\n<tr>\n<td width=\"61\"><\/td>\n<td width=\"393\">ISO 14443<\/td>\n<\/tr>\n<tr>\n<td width=\"61\"><\/td>\n<td width=\"393\">USB full hastighet<\/td>\n<\/tr>\n<tr>\n<td width=\"61\"><\/td>\n<td width=\"393\">PC\/SC<\/td>\n<\/tr>\n<tr>\n<td width=\"61\"><\/td>\n<td width=\"393\">CCID<\/td>\n<\/tr>\n<tr>\n<td width=\"61\"><\/td>\n<td width=\"393\">VCCI (Japan)<\/td>\n<\/tr>\n<tr>\n<td width=\"61\"><\/td>\n<td width=\"393\">KC (Korea)<\/td>\n<\/tr>\n<tr>\n<td width=\"61\"><\/td>\n<td width=\"393\">Microsoft\u00ae WHQL<\/td>\n<\/tr>\n<tr>\n<td width=\"61\"><\/td>\n<td width=\"393\">CE<\/td>\n<\/tr>\n<tr>\n<td width=\"61\"><\/td>\n<td width=\"393\">FCC<\/td>\n<\/tr>\n<tr>\n<td width=\"61\"><\/td>\n<td width=\"393\">RoHS 2<\/td>\n<\/tr>\n<tr>\n<td width=\"61\"><\/td>\n<td width=\"393\">N\u00c5<\/td>\n<\/tr>\n<tr>\n<td colspan=\"3\" width=\"854\">Support f\u00f6r enhetsdrivrutiner Operativsystem<\/td>\n<\/tr>\n<tr>\n<td rowspan=\"6\" width=\"400\">Support f\u00f6r enhetsdrivrutiner Operativsystem<\/td>\n<td width=\"61\"><\/td>\n<td width=\"393\">Windows\u00ae CE<\/td>\n<\/tr>\n<tr>\n<td width=\"61\"><\/td>\n<td width=\"393\">Windows\u00ae<\/td>\n<\/tr>\n<tr>\n<td width=\"61\"><\/td>\n<td width=\"393\">Linux\u00ae<\/td>\n<\/tr>\n<tr>\n<td width=\"61\"><\/td>\n<td width=\"393\">MAC OS\u00ae<\/td>\n<\/tr>\n<tr>\n<td width=\"61\"><\/td>\n<td width=\"393\">Solaris<\/td>\n<\/tr>\n<tr>\n<td width=\"61\"><\/td>\n<td width=\"393\">Android\u2122<\/td>\n<\/tr>\n<\/tbody>\n<\/table>\n<\/div>\n<\/li>\n<\/ul>","protected":false},"excerpt":{"rendered":"<div class=\"auto-hide-last-sibling-br paragraph_4183d\">ACR122U \u00e4r en m\u00e5ngsidig USB NFC-l\u00e4sare som anv\u00e4nder RFID-teknik, som st\u00f6der CCID och PC\/SC-standarder f\u00f6r s\u00f6ml\u00f6s kontaktl\u00f6s kommunikation med smartkort.<\/div>\n<div class=\"auto-hide-last-sibling-br paragraph_4183d\"><\/div>","protected":false},"featured_media":1544,"template":"","meta":[],"product_brand":[],"product_cat":[45,40],"product_tag":[],"class_list":{"0":"post-1542","1":"product","2":"type-product","3":"status-publish","4":"has-post-thumbnail","6":"product_cat-contactless-nfc-reader","7":"product_cat-rfid-nfc-reader","9":"first","10":"instock","11":"shipping-taxable","12":"product-type-simple"},"_links":{"self":[{"href":"https:\/\/nfc-readers.com\/sv\/wp-json\/wp\/v2\/product\/1542","targetHints":{"allow":["GET"]}}],"collection":[{"href":"https:\/\/nfc-readers.com\/sv\/wp-json\/wp\/v2\/product"}],"about":[{"href":"https:\/\/nfc-readers.com\/sv\/wp-json\/wp\/v2\/types\/product"}],"wp:featuredmedia":[{"embeddable":true,"href":"https:\/\/nfc-readers.com\/sv\/wp-json\/wp\/v2\/media\/1544"}],"wp:attachment":[{"href":"https:\/\/nfc-readers.com\/sv\/wp-json\/wp\/v2\/media?parent=1542"}],"wp:term":[{"taxonomy":"product_brand","embeddable":true,"href":"https:\/\/nfc-readers.com\/sv\/wp-json\/wp\/v2\/product_brand?post=1542"},{"taxonomy":"product_cat","embeddable":true,"href":"https:\/\/nfc-readers.com\/sv\/wp-json\/wp\/v2\/product_cat?post=1542"},{"taxonomy":"product_tag","embeddable":true,"href":"https:\/\/nfc-readers.com\/sv\/wp-json\/wp\/v2\/product_tag?post=1542"}],"curies":[{"name":"wp","href":"https:\/\/api.w.org\/{rel}","templated":true}]}}