{"id":1545,"date":"2024-04-07T06:11:51","date_gmt":"2024-04-07T06:11:51","guid":{"rendered":"https:\/\/nfc-readers.com\/?post_type=product&#038;p=1545"},"modified":"2024-10-16T06:54:40","modified_gmt":"2024-10-16T06:54:40","slug":"acr1251u-nfc-reader-writer","status":"publish","type":"product","link":"https:\/\/nfc-readers.com\/sv\/ic-reader\/acr1251u-nfc-reader-writer\/","title":{"rendered":"ACR1251U NFC l\u00e4sare\/skrivare"},"content":{"rendered":"<h1>ACR1251U NFC l\u00e4sare\/skrivare<\/h1>\n<p>ACR1251U-A1 framst\u00e5r som n\u00e4sta generations ber\u00f6ringsfria NFC-l\u00e4sare, vilket f\u00f6rb\u00e4ttrar anv\u00e4ndarupplevelsen med funktioner som uppgraderingsbarhet f\u00f6r fast programvara, en SAM-plats (Secure Access Module) och f\u00f6rm\u00e5gan att interagera med NFC-taggar och enheter. Den sticker ut i sf\u00e4ren av kontaktl\u00f6sa funktioner och erbjuder ett extra lager av s\u00e4kerhet. Tack vare SAM kan den utf\u00f6ra nyckeldiversifiering och \u00f6msesidig autentisering, vilket kraftigt minskar nyckelexponeringen och minimerar risken f\u00f6r nyckelkompromettering, vilket st\u00e4rker s\u00e4kerheten f\u00f6r kontaktl\u00f6sa operationer. ACR1251U-A1 \u00e4r designad f\u00f6r en m\u00e4ngd olika ber\u00f6ringsfria smartkorts\u00e4ndam\u00e5l. f\u00f6r applikationer som personlig identitetsautentisering, n\u00e4tverks\u00e5tkomst, e-banking och sm\u00e5skaliga transaktioner. Dess avancerade NFC-funktioner g\u00f6r den ocks\u00e5 v\u00e4l l\u00e4mpad f\u00f6r innovativa anv\u00e4ndningsomr\u00e5den som Smart Posters f\u00f6r reklam och kommunikation med ett brett spektrum av NFC-kompatibla smartphones. Kompatibilitet med PC\/SC fr\u00e4mjar en smidig plattformsoberoende integration \u00f6ver hela applikationen. ACR1251U-A1 st\u00f6der vidare uppdateringar av firmware p\u00e5 distans efter distribution, vilket kringg\u00e5r behovet av fysiska h\u00e5rdvaruf\u00f6r\u00e4ndringar. Dess eleganta, utrymmesmedvetna design och omfattande funktionalitet g\u00f6r ACR1251U-A1 till ett utm\u00e4rkt verktyg f\u00f6r alla som s\u00f6ker de fulla f\u00f6rdelarna med NFC-teknik.<\/p>\n<p><iframe loading=\"lazy\" title=\"ACR1251U C1 NFC L\u00c4SARE\" width=\"1020\" height=\"574\" src=\"https:\/\/www.youtube.com\/embed\/8QiOKOoec6k?feature=oembed\" frameborder=\"0\" allow=\"accelerometer; autoplay; clipboard-write; encrypted-media; gyroscope; picture-in-picture; web-share\" referrerpolicy=\"strict-origin-when-cross-origin\" allowfullscreen><\/iframe><\/p>\n<ul>\n<li>\n<h2>USB Full Speed Interface<\/h2>\n<\/li>\n<li>\n<h2>CCID-efterlevnad<\/h2>\n<\/li>\n<li>\n<h2>Smartkortl\u00e4sare:<\/h2>\n<ul>\n<li>\n<h3>Kontaktl\u00f6st gr\u00e4nssnitt:<\/h3>\n<ul>\n<li>\n<h4>L\u00e4s\/skrivhastighet upp till 424 kbps<\/h4>\n<\/li>\n<li>\n<h4>Inbyggd antenn f\u00f6r kontaktl\u00f6s tagg\u00e5tkomst, med kortl\u00e4savst\u00e5nd p\u00e5 upp till 30 mm (beroende p\u00e5 taggtyp)<\/h4>\n<\/li>\n<li>\n<h4>St\u00f6der ISO 14443 typ A- och B-kort, MIFARE\u00ae, FeliCa och alla 4 typer av NFC (ISO\/IEC 18092)-taggar<\/h4>\n<\/li>\n<li>\n<h4>Inbyggd anti-kollisionsfunktion (endast 1 tagg \u00e4r \u00e5tkomlig n\u00e4r som helst)<\/h4>\n<\/li>\n<li>\n<h4>NFC-st\u00f6d<\/h4>\n<\/li>\n<li>\n<h4>Kortl\u00e4sare\/skrivarl\u00e4ge<\/h4>\n<\/li>\n<\/ul>\n<\/li>\n<\/ul>\n<\/li>\n<li>\n<h2>Inbyggd kringutrustning:<\/h2>\n<ul>\n<li>\n<h3>Lysdioder:<\/h3>\n<ul>\n<li>\n<h4>Anv\u00e4ndarkontrollerbar tv\u00e5f\u00e4rgad LED<\/h4>\n<\/li>\n<\/ul>\n<\/li>\n<\/ul>\n<\/li>\n<li>\n<h2>Applikationsprogrammeringsgr\u00e4nssnitt:<\/h2>\n<ul>\n<li>\n<h3>St\u00f6der PC\/SC<\/h3>\n<\/li>\n<li>\n<h3>St\u00f6der CT-API (genom omslag ovanp\u00e5 PC\/SC)<\/h3>\n<\/li>\n<\/ul>\n<\/li>\n<li>\n<h2>Uppgraderingsm\u00f6jlighet f\u00f6r USB-firmware<\/h2>\n<\/li>\n<li>\n<h2>St\u00f6der Android\u2122 3.1 och senare<\/h2>\n<\/li>\n<li>\n<div>\n<table width=\"843\">\n<tbody>\n<tr>\n<td colspan=\"2\" width=\"843\">Fysiska egenskaper<\/td>\n<\/tr>\n<tr>\n<td width=\"450\">M\u00e5tt (mm)<\/td>\n<td width=\"393\">98,0 mm (L) x 65,0 mm (B) x 12,8 mm (H)<\/td>\n<\/tr>\n<tr>\n<td width=\"450\">Vikt (g)<\/td>\n<td width=\"393\">70 g<\/td>\n<\/tr>\n<tr>\n<td colspan=\"2\" width=\"843\">USB-gr\u00e4nssnitt<\/td>\n<\/tr>\n<tr>\n<td width=\"450\">Protokoll<\/td>\n<td width=\"393\">USB CCID<\/td>\n<\/tr>\n<tr>\n<td width=\"450\">Kraftk\u00e4lla<\/td>\n<td width=\"393\">Fr\u00e5n USB-porten<\/td>\n<\/tr>\n<tr>\n<td width=\"450\">Fart<\/td>\n<td width=\"393\">USB full hastighet (12 Mbps)<\/td>\n<\/tr>\n<tr>\n<td width=\"450\">Kabell\u00e4ngd<\/td>\n<td width=\"393\">1,0 m, Fast<\/td>\n<\/tr>\n<tr>\n<td colspan=\"2\" width=\"843\">Kontaktl\u00f6st gr\u00e4nssnitt f\u00f6r smartkort<\/td>\n<\/tr>\n<tr>\n<td width=\"450\">Standard<\/td>\n<td width=\"393\">ISO\/IEC 18092 NFC, ISO 14443 Typ A &amp; B, MIFARE\u00ae, FeliCa<\/td>\n<\/tr>\n<tr>\n<td rowspan=\"4\" width=\"450\">Protokoll<\/td>\n<td width=\"393\">ISO 14443-4-kompatibelt kort, T=CL<\/td>\n<\/tr>\n<tr>\n<td width=\"393\">MIFARE\u00ae Classic Card, T=CL<\/td>\n<\/tr>\n<tr>\n<td width=\"393\">ISO18092, NFC-taggar<\/td>\n<\/tr>\n<tr>\n<td width=\"393\">FeliCa<\/td>\n<\/tr>\n<tr>\n<td colspan=\"2\" width=\"843\">Inbyggd kringutrustning<\/td>\n<\/tr>\n<tr>\n<td width=\"450\">LED<\/td>\n<td width=\"393\">1 tv\u00e5f\u00e4rgad: r\u00f6d och gr\u00f6n<\/td>\n<\/tr>\n<tr>\n<td width=\"450\">Summer<\/td>\n<td width=\"393\">Monoton<\/td>\n<\/tr>\n<tr>\n<td colspan=\"2\" width=\"843\">Certifieringar\/\u00f6verensst\u00e4mmelse<\/td>\n<\/tr>\n<tr>\n<td rowspan=\"13\" width=\"450\">Certifieringar\/\u00f6verensst\u00e4mmelse<\/td>\n<td width=\"393\">EN 60950\/IEC 60950<\/td>\n<\/tr>\n<tr>\n<td width=\"393\">ISO 18092<\/td>\n<\/tr>\n<tr>\n<td width=\"393\">ISO 14443<\/td>\n<\/tr>\n<tr>\n<td width=\"393\">USB full hastighet<\/td>\n<\/tr>\n<tr>\n<td width=\"393\">PC\/SC<\/td>\n<\/tr>\n<tr>\n<td width=\"393\">CCID<\/td>\n<\/tr>\n<tr>\n<td width=\"393\">VCCI (Japan)<\/td>\n<\/tr>\n<tr>\n<td width=\"393\">KC (Korea)<\/td>\n<\/tr>\n<tr>\n<td width=\"393\">Microsoft\u00ae WHQL<\/td>\n<\/tr>\n<tr>\n<td width=\"393\">CE<\/td>\n<\/tr>\n<tr>\n<td width=\"393\">FCC<\/td>\n<\/tr>\n<tr>\n<td width=\"393\">RoHS 2<\/td>\n<\/tr>\n<tr>\n<td width=\"393\">N\u00c5<\/td>\n<\/tr>\n<tr>\n<td colspan=\"2\" width=\"843\">Support f\u00f6r enhetsdrivrutiner Operativsystem<\/td>\n<\/tr>\n<tr>\n<td rowspan=\"6\" width=\"450\">Support f\u00f6r enhetsdrivrutiner Operativsystem<\/td>\n<td width=\"393\">Windows\u00ae CE<\/td>\n<\/tr>\n<tr>\n<td width=\"393\">Windows\u00ae<\/td>\n<\/tr>\n<tr>\n<td width=\"393\">Linux\u00ae<\/td>\n<\/tr>\n<tr>\n<td width=\"393\">MAC OS\u00ae<\/td>\n<\/tr>\n<tr>\n<td width=\"393\">Solaris<\/td>\n<\/tr>\n<tr>\n<td width=\"393\">Android\u2122<\/td>\n<\/tr>\n<\/tbody>\n<\/table>\n<\/div>\n<\/li>\n<\/ul>","protected":false},"excerpt":{"rendered":"<p>ACR1251U-A1 \u00e4r en banbrytande USB NFC-l\u00e4sare med en SAM-plats, som erbjuder f\u00f6rb\u00e4ttrad s\u00e4kerhet och m\u00e5ngsidighet f\u00f6r olika kontaktl\u00f6sa applikationer.<\/p>","protected":false},"featured_media":1549,"template":"","meta":[],"product_brand":[],"product_cat":[45,40],"product_tag":[],"class_list":{"0":"post-1545","1":"product","2":"type-product","3":"status-publish","4":"has-post-thumbnail","6":"product_cat-contactless-nfc-reader","7":"product_cat-rfid-nfc-reader","9":"first","10":"instock","11":"shipping-taxable","12":"product-type-simple"},"_links":{"self":[{"href":"https:\/\/nfc-readers.com\/sv\/wp-json\/wp\/v2\/product\/1545","targetHints":{"allow":["GET"]}}],"collection":[{"href":"https:\/\/nfc-readers.com\/sv\/wp-json\/wp\/v2\/product"}],"about":[{"href":"https:\/\/nfc-readers.com\/sv\/wp-json\/wp\/v2\/types\/product"}],"wp:featuredmedia":[{"embeddable":true,"href":"https:\/\/nfc-readers.com\/sv\/wp-json\/wp\/v2\/media\/1549"}],"wp:attachment":[{"href":"https:\/\/nfc-readers.com\/sv\/wp-json\/wp\/v2\/media?parent=1545"}],"wp:term":[{"taxonomy":"product_brand","embeddable":true,"href":"https:\/\/nfc-readers.com\/sv\/wp-json\/wp\/v2\/product_brand?post=1545"},{"taxonomy":"product_cat","embeddable":true,"href":"https:\/\/nfc-readers.com\/sv\/wp-json\/wp\/v2\/product_cat?post=1545"},{"taxonomy":"product_tag","embeddable":true,"href":"https:\/\/nfc-readers.com\/sv\/wp-json\/wp\/v2\/product_tag?post=1545"}],"curies":[{"name":"wp","href":"https:\/\/api.w.org\/{rel}","templated":true}]}}