{"id":1550,"date":"2024-04-07T06:15:08","date_gmt":"2024-04-07T06:15:08","guid":{"rendered":"https:\/\/nfc-readers.com\/?post_type=product&#038;p=1550"},"modified":"2024-10-16T06:43:39","modified_gmt":"2024-10-16T06:43:39","slug":"acr1281u-c1-usb-dual-interface-reader","status":"publish","type":"product","link":"https:\/\/nfc-readers.com\/sv\/ic-reader\/acr1281u-c1-usb-dual-interface-reader\/","title":{"rendered":"ACR1281U-C1 USB-l\u00e4sare med dubbla gr\u00e4nssnitt"},"content":{"rendered":"<h1>ACR1281U-C1 USB-l\u00e4sare med dubbla gr\u00e4nssnitt<\/h1>\n<p>ACR1281U-C1 DualBoost II \u00e4r en uppgraderad version av ACR128 DualBoost Reader. Den fungerar som smartkortsl\u00e4sare och ger ett effektivt dubbelt gr\u00e4nssnitt som kan samverka med alla smartkort som f\u00f6ljer standarderna ISO 7816 och ISO 14443. Denna andra generationens DualBoost II sl\u00e5r samman traditionellt distinkta kontakt- och kontaktl\u00f6sa smartkortoperationer till en enda sammanh\u00e5llen enhet, vilket m\u00f6jligg\u00f6r anv\u00e4ndning av ett kort f\u00f6r olika applikationer. Dess nytta lyser inom e-handel, vilket m\u00f6jligg\u00f6r s\u00e4ker behandling av onlinebetalningar via kreditkort, och den spelar en nyckelroll i kollektivtrafiken och hj\u00e4lper till att ladda upp kontaktl\u00f6sa kort inom automatiserade prissystem. Den f\u00f6rkroppsligar visionen med ett kortsl\u00f6sning d\u00e4r en myriad av smartkortsfunktioner f\u00f6renas till ett kort. Den uppgraderade DualBoost-serien \u00e4r helt PC\/SC-kompatibel f\u00f6r s\u00f6ml\u00f6s interaktion med b\u00e5de kontakt- och kontaktl\u00f6sa gr\u00e4nssnitt. Som en b\u00e4rbar NFC-l\u00e4sare \u00f6kar den kommunikationen f\u00f6r kontaktl\u00f6sa kort till hastigheter p\u00e5 upp till 848 kbps, vilket tillgodoser avancerade applikationer som kr\u00e4ver h\u00f6g prestanda. L\u00e4saren \u00e4r ocks\u00e5 utrustad med intelligenta mekanismer f\u00f6r att hantera hybrid- och kombikort, vilket ger m\u00f6jlighet att identifiera kontaktl\u00f6sa kort som felaktigt matats in i kontaktkortsfacket. Integrerad i designen \u00e4r SAM-kortplatsen som st\u00e4rker s\u00e4kerheten \u00f6ver b\u00e5da gr\u00e4nssnitten. F\u00f6rb\u00e4ttrade funktioner som m\u00f6jligheten att uppgradera firmware via USB, kompatibilitet med kontaktminneskort och st\u00f6d f\u00f6r ut\u00f6kade APDU-kommandon understryker ACR1281U-C1 DualBoost II som en kostnads- effektivt och kraftfullt all-inclusive-verktyg som \u00f6kar bekv\u00e4mligheten och m\u00e5ngsidigheten inom m\u00e5nga smartkortsystem.<\/p>\n<p><iframe loading=\"lazy\" title=\"ACR1281U C1 kontakt- och kontaktl\u00f6s smartkortsl\u00e4sare\" width=\"1020\" height=\"574\" src=\"https:\/\/www.youtube.com\/embed\/dABTVMG9dvI?feature=oembed\" frameborder=\"0\" allow=\"accelerometer; autoplay; clipboard-write; encrypted-media; gyroscope; picture-in-picture; web-share\" referrerpolicy=\"strict-origin-when-cross-origin\" allowfullscreen><\/iframe><\/p>\n<ul>\n<li>\n<h2>USB 2.0 Full Speed Interface<\/h2>\n<\/li>\n<li>\n<h2>CCID-efterlevnad<\/h2>\n<\/li>\n<li>\n<h2>Kontaktl\u00f6s smartkortsl\u00e4sare:<\/h2>\n<ul>\n<li>\n<h3>L\u00e4s\/skrivhastighet p\u00e5 upp till 848 kbps<\/h3>\n<\/li>\n<li>\n<h3>Inbyggd antenn f\u00f6r kontaktl\u00f6s tagg\u00e5tkomst, med kortl\u00e4savst\u00e5nd p\u00e5 upp till 50 mm (beroende p\u00e5 taggtyp)<\/h3>\n<\/li>\n<li>\n<h3>St\u00f6der ISO 14443 Part 4 Typ A- och B-kort och MIFARE\u00ae-serien<\/h3>\n<\/li>\n<li>\n<h3>Inbyggd antikollisionsfunktion (endast en tagg n\u00e5s \u00e5t g\u00e5ngen)<\/h3>\n<\/li>\n<li>\n<h3>St\u00f6der ut\u00f6kad APDU (max. 64 kbyte)<\/h3>\n<\/li>\n<\/ul>\n<\/li>\n<li>\n<h2>Kontakta smartkortsl\u00e4sare:<\/h2>\n<ul>\n<li>\n<h3>St\u00f6der ISO 7816 klass A, B och C (5 V, 3V och 1,8 V)<\/h3>\n<\/li>\n<li>\n<h3>St\u00f6der CAC (Common Access Card)<\/h3>\n<\/li>\n<li>\n<h3>St\u00f6der PIV (Personal Identity Verification Card)<\/h3>\n<\/li>\n<li>\n<h3>St\u00f6der mikroprocessorkort med T=0- eller T=1-protokoll<\/h3>\n<\/li>\n<li>\n<h3>St\u00f6der minneskort<\/h3>\n<\/li>\n<li>\n<h3>ISO 7816-kompatibel SAM-plats<\/h3>\n<\/li>\n<\/ul>\n<\/li>\n<li>\n<h2>Applikationsprogrammeringsgr\u00e4nssnitt:<\/h2>\n<ul>\n<li>\n<h3>St\u00f6der PC\/SC<\/h3>\n<\/li>\n<li>\n<h3>St\u00f6der CT-API (genom omslag ovanp\u00e5 PC\/SC)<\/h3>\n<\/li>\n<\/ul>\n<\/li>\n<li>\n<h2>Inbyggd kringutrustning:<\/h2>\n<ul>\n<li>\n<h3>Tv\u00e5 anv\u00e4ndarkontrollerbara lysdioder<\/h3>\n<\/li>\n<li>\n<h3>Anv\u00e4ndarkontrollerbar summer<\/h3>\n<\/li>\n<\/ul>\n<\/li>\n<li>\n<h2>USB-firmware-uppgradering<\/h2>\n<\/li>\n<li>\n<div>\n<table width=\"551\">\n<tbody>\n<tr>\n<td colspan=\"2\" width=\"551\">Fysiska egenskaper<\/td>\n<\/tr>\n<tr>\n<td width=\"230\">M\u00e5tt (mm)<\/td>\n<td width=\"321\">120,5 mm (L) x 72,0 mm (B) x 20,4 mm (H)<\/td>\n<\/tr>\n<tr>\n<td width=\"230\">Vikt (g)<\/td>\n<td width=\"321\">140 g<\/td>\n<\/tr>\n<tr>\n<td colspan=\"2\" width=\"551\">USB-gr\u00e4nssnitt<\/td>\n<\/tr>\n<tr>\n<td width=\"230\">Protokoll<\/td>\n<td width=\"321\">USB CCID<\/td>\n<\/tr>\n<tr>\n<td width=\"230\">Anslutningstyp<\/td>\n<td width=\"321\">Standard typ A<\/td>\n<\/tr>\n<tr>\n<td width=\"230\">Kraftk\u00e4lla<\/td>\n<td width=\"321\">Fr\u00e5n USB-porten<\/td>\n<\/tr>\n<tr>\n<td width=\"230\">Fart<\/td>\n<td width=\"321\">USB full hastighet (12 Mbps)<\/td>\n<\/tr>\n<tr>\n<td width=\"230\">Kabell\u00e4ngd<\/td>\n<td width=\"321\">2,0 m, Fast<\/td>\n<\/tr>\n<tr>\n<td colspan=\"2\" width=\"551\">Kontakta Smart Card Interface<\/td>\n<\/tr>\n<tr>\n<td width=\"230\">Antal spelautomater<\/td>\n<td width=\"321\">1 kortplats i full storlek<\/td>\n<\/tr>\n<tr>\n<td width=\"230\">Standard<\/td>\n<td width=\"321\">ISO 7816 klass A, B, C (5 V, 3 V, 1,8 V)<\/td>\n<\/tr>\n<tr>\n<td width=\"230\">Protokoll<\/td>\n<td width=\"321\">T=0; T=1<\/td>\n<\/tr>\n<tr>\n<td colspan=\"2\" width=\"551\">Kontaktl\u00f6st gr\u00e4nssnitt f\u00f6r smartkort<\/td>\n<\/tr>\n<tr>\n<td width=\"230\">Standard<\/td>\n<td width=\"321\">ISO 14443 A &amp; B delar 1-4<\/td>\n<\/tr>\n<tr>\n<td rowspan=\"2\" width=\"230\">Protokoll<\/td>\n<td width=\"321\">ISO 14443-4-kompatibelt kort, T=CL<\/td>\n<\/tr>\n<tr>\n<td width=\"321\">MIFARE\u00ae Classic Card, T=CL<\/td>\n<\/tr>\n<tr>\n<td colspan=\"2\" width=\"551\">SAM-kortgr\u00e4nssnitt<\/td>\n<\/tr>\n<tr>\n<td width=\"230\">Antal spelautomater<\/td>\n<td width=\"321\">1 kortplats i standard SIM-storlek<\/td>\n<\/tr>\n<tr>\n<td width=\"230\">Standard<\/td>\n<td width=\"321\">ISO 7816 klass A (5 V)<\/td>\n<\/tr>\n<tr>\n<td width=\"230\">Protokoll<\/td>\n<td width=\"321\">T=0; T=1<\/td>\n<\/tr>\n<tr>\n<td colspan=\"2\" width=\"551\">Inbyggd kringutrustning<\/td>\n<\/tr>\n<tr>\n<td width=\"230\">LED<\/td>\n<td width=\"321\">2 enf\u00e4rgade: r\u00f6d och gr\u00f6n<\/td>\n<\/tr>\n<tr>\n<td width=\"230\">Summer<\/td>\n<td width=\"321\">Monoton<\/td>\n<\/tr>\n<tr>\n<td colspan=\"2\" width=\"551\">Andra funktioner<\/td>\n<\/tr>\n<tr>\n<td width=\"230\">Firmware uppgradering<\/td>\n<td width=\"321\">St\u00f6ds<\/td>\n<\/tr>\n<tr>\n<td colspan=\"2\" width=\"551\">Certifieringar\/\u00f6verensst\u00e4mmelse<\/td>\n<\/tr>\n<tr>\n<td rowspan=\"10\" width=\"230\">Certifieringar\/\u00f6verensst\u00e4mmelse<\/td>\n<td width=\"321\">ISO 14443<\/td>\n<\/tr>\n<tr>\n<td width=\"321\">ISO 7816<\/td>\n<\/tr>\n<tr>\n<td width=\"321\">USB full hastighet<\/td>\n<\/tr>\n<tr>\n<td width=\"321\">PC\/SC<\/td>\n<\/tr>\n<tr>\n<td width=\"321\">CCID<\/td>\n<\/tr>\n<tr>\n<td width=\"321\">Microsoft\u00ae WHQL<\/td>\n<\/tr>\n<tr>\n<td width=\"321\">CE<\/td>\n<\/tr>\n<tr>\n<td width=\"321\">FCC<\/td>\n<\/tr>\n<tr>\n<td width=\"321\">RoHS<\/td>\n<\/tr>\n<tr>\n<td width=\"321\">N\u00c5<\/td>\n<\/tr>\n<tr>\n<td colspan=\"2\" width=\"551\">Support f\u00f6r enhetsdrivrutiner Operativsystem<\/td>\n<\/tr>\n<tr>\n<td rowspan=\"5\" width=\"230\">Support f\u00f6r enhetsdrivrutiner Operativsystem<\/td>\n<td width=\"321\">Windows\u00ae<\/td>\n<\/tr>\n<tr>\n<td width=\"321\">Linux\u00ae<\/td>\n<\/tr>\n<tr>\n<td width=\"321\">MAC OS\u00ae<\/td>\n<\/tr>\n<tr>\n<td width=\"321\">Solaris<\/td>\n<\/tr>\n<tr>\n<td width=\"321\">Android\u2122<\/td>\n<\/tr>\n<\/tbody>\n<\/table>\n<\/div>\n<\/li>\n<\/ul>","protected":false},"excerpt":{"rendered":"<p>ACR1281U-C1 \u00e4r en m\u00e5ngsidig USB-kontakt och kontaktl\u00f6s l\u00e4sare, med en SAM-plats och b\u00e4rbara NFC-funktioner f\u00f6r f\u00f6rb\u00e4ttrad prestanda i smartkortapplikationer.<\/p>","protected":false},"featured_media":1557,"template":"","meta":[],"product_brand":[],"product_cat":[45],"product_tag":[],"class_list":{"0":"post-1550","1":"product","2":"type-product","3":"status-publish","4":"has-post-thumbnail","6":"product_cat-contactless-nfc-reader","8":"first","9":"instock","10":"shipping-taxable","11":"product-type-simple"},"_links":{"self":[{"href":"https:\/\/nfc-readers.com\/sv\/wp-json\/wp\/v2\/product\/1550","targetHints":{"allow":["GET"]}}],"collection":[{"href":"https:\/\/nfc-readers.com\/sv\/wp-json\/wp\/v2\/product"}],"about":[{"href":"https:\/\/nfc-readers.com\/sv\/wp-json\/wp\/v2\/types\/product"}],"wp:featuredmedia":[{"embeddable":true,"href":"https:\/\/nfc-readers.com\/sv\/wp-json\/wp\/v2\/media\/1557"}],"wp:attachment":[{"href":"https:\/\/nfc-readers.com\/sv\/wp-json\/wp\/v2\/media?parent=1550"}],"wp:term":[{"taxonomy":"product_brand","embeddable":true,"href":"https:\/\/nfc-readers.com\/sv\/wp-json\/wp\/v2\/product_brand?post=1550"},{"taxonomy":"product_cat","embeddable":true,"href":"https:\/\/nfc-readers.com\/sv\/wp-json\/wp\/v2\/product_cat?post=1550"},{"taxonomy":"product_tag","embeddable":true,"href":"https:\/\/nfc-readers.com\/sv\/wp-json\/wp\/v2\/product_tag?post=1550"}],"curies":[{"name":"wp","href":"https:\/\/api.w.org\/{rel}","templated":true}]}}