{"id":1568,"date":"2024-04-07T06:30:24","date_gmt":"2024-04-07T06:30:24","guid":{"rendered":"https:\/\/nfc-readers.com\/?post_type=product&#038;p=1568"},"modified":"2024-10-16T06:16:19","modified_gmt":"2024-10-16T06:16:19","slug":"acm1252u-y3-usb-nfc-reader-module-with-detachable-antenna-board","status":"publish","type":"product","link":"https:\/\/nfc-readers.com\/sv\/ic-reader\/acm1252u-y3-usb-nfc-reader-module-with-detachable-antenna-board\/","title":{"rendered":"ACM1252U-Y3 USB NFC-l\u00e4sarmodul med l\u00f6stagbart antennkort"},"content":{"rendered":"<h1>ACM1252U-Y3 USB NFC-l\u00e4sarmodul med l\u00f6stagbart antennkort<\/h1>\n<p>ACM1252U-Y3 \u00e4r en toppmodern NFC Smart Card USB-l\u00e4sarmodul, perfekt f\u00f6r diversifierade applikationer som kr\u00e4ver inbyggd NFC-teknik. Med dess ut\u00f6kade r\u00e4ckviddsm\u00f6jligheter, h\u00f6ghastighetsdata\u00f6verf\u00f6ring och ytterligare funktioner som fr\u00e4mjar anpassningsf\u00f6rm\u00e5ga och anv\u00e4ndarv\u00e4nlighet, \u00e4r denna modul ett premiumval f\u00f6r att m\u00f6jligg\u00f6ra NFC-transaktioner i integrerade systemapplikationer.<\/p>\n<ul>\n<li>\n<h2>USB 2.0 Full Speed Interface<\/h2>\n<\/li>\n<li>\n<h2>CCID-efterlevnad<\/h2>\n<\/li>\n<li>\n<h2>Uppgraderingsm\u00f6jlighet f\u00f6r USB-firmware<\/h2>\n<\/li>\n<li>\n<h2>Smartkortl\u00e4sare:<\/h2>\n<ul>\n<li>\n<h3>Kontaktl\u00f6st gr\u00e4nssnitt:<\/h3>\n<ul>\n<li>\n<h4>L\u00e4s\/skrivhastighet upp till 424 kbps<\/h4>\n<\/li>\n<li>\n<h4>Inbyggd antenn f\u00f6r kontaktl\u00f6s tagg\u00e5tkomst, med kortl\u00e4savst\u00e5nd p\u00e5 upp till 50 mm (beroende p\u00e5 taggtyp)<\/h4>\n<\/li>\n<li>\n<h4>St\u00f6der ISO 14443 typ A och B, MIFARE\u00ae och FeliCa-kort, och alla 4 typer av NFC (ISO\/IEC 18092)-taggar<\/h4>\n<\/li>\n<li>\n<h4>St\u00f6der MIFARE\u00ae 7-byte UID, MIFARE\u00ae Plus och MIFARE\u00ae DESfire<\/h4>\n<\/li>\n<li>\n<h4>Inbyggd anti-kollisionsfunktion (endast 1 tagg \u00e4r \u00e5tkomlig n\u00e4r som helst)<\/h4>\n<\/li>\n<li>\n<h4>NFC-st\u00f6d:<\/h4>\n<ul>\n<li>NFC-l\u00e4sare\/skrivarl\u00e4ge<\/li>\n<li>Peer-to-Peer-l\u00e4ge<\/li>\n<li>Kortemuleringsl\u00e4ge<\/li>\n<\/ul>\n<\/li>\n<\/ul>\n<\/li>\n<\/ul>\n<\/li>\n<li>\n<h2>Applikationsprogrammeringsgr\u00e4nssnitt:<\/h2>\n<ul>\n<li>\n<h3>St\u00f6der PC\/SC<\/h3>\n<\/li>\n<li>\n<h3>St\u00f6der CT-API (genom omslag ovanp\u00e5 PC\/SC)<\/h3>\n<\/li>\n<\/ul>\n<\/li>\n<li>\n<h2>Kringutrustning:<\/h2>\n<ul>\n<li>\n<h3>Anv\u00e4ndarkontrollerbar tv\u00e5f\u00e4rgad LED<\/h3>\n<\/li>\n<li>\n<h3>Anv\u00e4ndarkontrollerbar summer<\/h3>\n<\/li>\n<li>\n<div>\n<table width=\"495\">\n<tbody>\n<tr>\n<td colspan=\"2\" width=\"495\">Fysiska egenskaper<\/td>\n<\/tr>\n<tr>\n<td rowspan=\"2\" width=\"187\">M\u00e5tt (mm)<\/td>\n<td width=\"308\">Huvudkort: 55,0 mm (L) x 45,0 mm (B) x 5,1 mm (H)<\/td>\n<\/tr>\n<tr>\n<td width=\"308\">Antennkort: 91,0 mm (L) x 49,5 mm (B) x 5,1 mm (H)<\/td>\n<\/tr>\n<tr>\n<td width=\"187\">Vikt (g)<\/td>\n<td width=\"308\">26,6 g<\/td>\n<\/tr>\n<tr>\n<td colspan=\"2\" width=\"495\">USB-gr\u00e4nssnitt<\/td>\n<\/tr>\n<tr>\n<td width=\"187\">Protokoll<\/td>\n<td width=\"308\">USB CCID<\/td>\n<\/tr>\n<tr>\n<td width=\"187\">Anslutningstyp<\/td>\n<td width=\"308\">Standard typ A<\/td>\n<\/tr>\n<tr>\n<td width=\"187\">Kraftk\u00e4lla<\/td>\n<td width=\"308\">Fr\u00e5n USB-porten<\/td>\n<\/tr>\n<tr>\n<td width=\"187\">Fart<\/td>\n<td width=\"308\">USB full hastighet (12 Mbps)<\/td>\n<\/tr>\n<tr>\n<td width=\"187\">Kabell\u00e4ngd<\/td>\n<td width=\"308\">1,0 m, l\u00f6stagbar (tillval)<\/td>\n<\/tr>\n<tr>\n<td colspan=\"2\" width=\"495\">Kontaktl\u00f6st gr\u00e4nssnitt f\u00f6r smartkort<\/td>\n<\/tr>\n<tr>\n<td width=\"187\">Standard<\/td>\n<td width=\"308\">ISO\/IEC 18092 NFC, ISO 14443 Typ A &amp; B, MIFARE\u00ae, FeliCa<\/td>\n<\/tr>\n<tr>\n<td rowspan=\"4\" width=\"187\">Protokoll<\/td>\n<td width=\"308\">ISO 14443-4-kompatibelt kort, T=CL<\/td>\n<\/tr>\n<tr>\n<td width=\"308\">MIFARE\u00ae Classic Card, T=CL<\/td>\n<\/tr>\n<tr>\n<td width=\"308\">ISO18092, NFC-taggar<\/td>\n<\/tr>\n<tr>\n<td width=\"308\">FeliCa<\/td>\n<\/tr>\n<tr>\n<td width=\"187\">Antenn<\/td>\n<td width=\"308\">77 mm x 49,5 mm<\/td>\n<\/tr>\n<tr>\n<td colspan=\"2\" width=\"495\">SAM-kortgr\u00e4nssnitt<\/td>\n<\/tr>\n<tr>\n<td width=\"187\">Antal spelautomater<\/td>\n<td width=\"308\">1 (valfritt)<\/td>\n<\/tr>\n<tr>\n<td colspan=\"2\" width=\"495\">Inbyggd kringutrustning<\/td>\n<\/tr>\n<tr>\n<td width=\"187\">LED<\/td>\n<td width=\"308\">1 tv\u00e5f\u00e4rgad: r\u00f6d och gr\u00f6n<\/td>\n<\/tr>\n<tr>\n<td width=\"187\">Summer<\/td>\n<td width=\"308\">Monoton<\/td>\n<\/tr>\n<tr>\n<td colspan=\"2\" width=\"495\">Andra funktioner<\/td>\n<\/tr>\n<tr>\n<td width=\"187\">Firmware uppgradering<\/td>\n<td width=\"308\">St\u00f6ds<\/td>\n<\/tr>\n<tr>\n<td colspan=\"2\" width=\"495\">Certifieringar\/\u00f6verensst\u00e4mmelse<\/td>\n<\/tr>\n<tr>\n<td rowspan=\"13\" width=\"187\">Certifieringar\/\u00f6verensst\u00e4mmelse<\/td>\n<td width=\"308\">EN 60950\/IEC 60950<\/td>\n<\/tr>\n<tr>\n<td width=\"308\">ISO 7816 (SAM-plats)<\/td>\n<\/tr>\n<tr>\n<td width=\"308\">ISO 14443<\/td>\n<\/tr>\n<tr>\n<td width=\"308\">ISO 18092<\/td>\n<\/tr>\n<tr>\n<td width=\"308\">USB full hastighet<\/td>\n<\/tr>\n<tr>\n<td width=\"308\">PC\/SC<\/td>\n<\/tr>\n<tr>\n<td width=\"308\">CCID<\/td>\n<\/tr>\n<tr>\n<td width=\"308\">VCCI (Japan)<\/td>\n<\/tr>\n<tr>\n<td width=\"308\">CE<\/td>\n<\/tr>\n<tr>\n<td width=\"308\">FCC<\/td>\n<\/tr>\n<tr>\n<td width=\"308\">RoHS<\/td>\n<\/tr>\n<tr>\n<td width=\"308\">N\u00c5<\/td>\n<\/tr>\n<tr>\n<td width=\"308\">Microsoft\u00ae WHQL<\/td>\n<\/tr>\n<tr>\n<td colspan=\"2\" width=\"495\">Support f\u00f6r enhetsdrivrutiner Operativsystem<\/td>\n<\/tr>\n<tr>\n<td rowspan=\"5\" width=\"187\">Support f\u00f6r enhetsdrivrutiner Operativsystem<\/td>\n<td width=\"308\">Windows\u00ae<\/td>\n<\/tr>\n<tr>\n<td width=\"308\">Linux\u00ae<\/td>\n<\/tr>\n<tr>\n<td width=\"308\">MAC OS\u00ae<\/td>\n<\/tr>\n<tr>\n<td width=\"308\">Solaris<\/td>\n<\/tr>\n<tr>\n<td width=\"308\">Android\u2122<\/td>\n<\/tr>\n<\/tbody>\n<\/table>\n<\/div>\n<\/li>\n<\/ul>\n<\/li>\n<\/ul>","protected":false},"excerpt":{"rendered":"<p>ACM1252U-Y3 \u00e4r en m\u00e5ngsidig NFC USB-modul som anv\u00e4nder 13,56M-teknik, som st\u00f6der h\u00f6ghastighetsdatautbyte och \u00e4r idealisk f\u00f6r olika inb\u00e4ddade applikationer.<\/p>","protected":false},"featured_media":1570,"template":"","meta":[],"product_brand":[],"product_cat":[45,41,40],"product_tag":[],"class_list":{"0":"post-1568","1":"product","2":"type-product","3":"status-publish","4":"has-post-thumbnail","6":"product_cat-contactless-nfc-reader","7":"product_cat-module-ic-reader","8":"product_cat-rfid-nfc-reader","10":"first","11":"instock","12":"shipping-taxable","13":"product-type-simple"},"_links":{"self":[{"href":"https:\/\/nfc-readers.com\/sv\/wp-json\/wp\/v2\/product\/1568","targetHints":{"allow":["GET"]}}],"collection":[{"href":"https:\/\/nfc-readers.com\/sv\/wp-json\/wp\/v2\/product"}],"about":[{"href":"https:\/\/nfc-readers.com\/sv\/wp-json\/wp\/v2\/types\/product"}],"wp:featuredmedia":[{"embeddable":true,"href":"https:\/\/nfc-readers.com\/sv\/wp-json\/wp\/v2\/media\/1570"}],"wp:attachment":[{"href":"https:\/\/nfc-readers.com\/sv\/wp-json\/wp\/v2\/media?parent=1568"}],"wp:term":[{"taxonomy":"product_brand","embeddable":true,"href":"https:\/\/nfc-readers.com\/sv\/wp-json\/wp\/v2\/product_brand?post=1568"},{"taxonomy":"product_cat","embeddable":true,"href":"https:\/\/nfc-readers.com\/sv\/wp-json\/wp\/v2\/product_cat?post=1568"},{"taxonomy":"product_tag","embeddable":true,"href":"https:\/\/nfc-readers.com\/sv\/wp-json\/wp\/v2\/product_tag?post=1568"}],"curies":[{"name":"wp","href":"https:\/\/api.w.org\/{rel}","templated":true}]}}