{"id":1579,"date":"2024-04-07T06:47:40","date_gmt":"2024-04-07T06:47:40","guid":{"rendered":"https:\/\/nfc-readers.com\/?post_type=product&#038;p=1579"},"modified":"2024-10-16T03:17:58","modified_gmt":"2024-10-16T03:17:58","slug":"acm1252u-z6-small-nfc-reader-module","status":"publish","type":"product","link":"https:\/\/nfc-readers.com\/sv\/ic-reader\/acm1252u-z6-small-nfc-reader-module\/","title":{"rendered":"ACM1252U-Z6 liten NFC-l\u00e4sarmodul"},"content":{"rendered":"<h1>ACM1252U-Z6 liten NFC-l\u00e4sarmodul<\/h1>\n<p>ACM1252U-Z6-modulen representerar kompakt och effektiv NFC-kortl\u00e4sningsteknik, l\u00e4mplig f\u00f6r s\u00f6ml\u00f6s integration i inbyggda system, samtidigt som den tillhandah\u00e5ller en sofistikerad l\u00f6sning f\u00f6r behov av kontaktl\u00f6s kommunikation. Det garanterar kompatibilitet med ett brett utbud av NFC-aktiverade enheter kombinerat med den praktiska och flexibilitet som kr\u00e4vs av utrymmesk\u00e4nsliga applikationer.<\/p>\n<ul>\n<li>\n<h2><span class=\"s1\">USB Full Speed Interface via 6-stifts FFC-kontakt<\/span><\/h2>\n<\/li>\n<li>\n<h2><span class=\"s1\">CCID-efterlevnad<\/span><\/h2>\n<\/li>\n<li>\n<h2><span class=\"s1\">Uppgraderingsm\u00f6jlighet f\u00f6r USB-firmware<\/span><\/h2>\n<\/li>\n<li>\n<h2><span class=\"s1\">Smartkortl\u00e4sare:<\/span><\/h2>\n<ul>\n<li>\n<h3>Kontaktl\u00f6st gr\u00e4nssnitt:<\/h3>\n<ul>\n<li>\n<h4>L\u00e4s\/skrivhastighet upp till 424 kbps<\/h4>\n<\/li>\n<li>\n<h4>Inbyggd antenn f\u00f6r kontaktl\u00f6s tagg\u00e5tkomst, med kortl\u00e4savst\u00e5nd p\u00e5 upp till 30 mm (beroende p\u00e5 taggtyp)<\/h4>\n<\/li>\n<li>\n<h4>St\u00f6der ISO 14443 del 4 typ A- och B-kort, MIFARE\u00ae, FeliCa och alla fyra typer av NFC (ISO 18092-taggar)<\/h4>\n<\/li>\n<li>\n<h4>Inbyggd anti-kollisionsfunktion (endast 1 tagg \u00e4r \u00e5tkomlig n\u00e4r som helst)<\/h4>\n<\/li>\n<li>\n<h4>NFC-st\u00f6d:<\/h4>\n<ul>\n<li>\n<h5>Kortl\u00e4sare\/skrivarl\u00e4ge<\/h5>\n<\/li>\n<li>\n<h5>Peer-to-Peer-l\u00e4ge<\/h5>\n<\/li>\n<li>\n<h5>Kortemuleringsl\u00e4ge<\/h5>\n<\/li>\n<\/ul>\n<\/li>\n<\/ul>\n<\/li>\n<\/ul>\n<\/li>\n<li>\n<h2>Inbyggd kringutrustning:<\/h2>\n<ul>\n<li>\n<h3><span class=\"s1\">Anv\u00e4ndarkontrollerbar tv\u00e5f\u00e4rgad LED<\/span><\/h3>\n<\/li>\n<\/ul>\n<\/li>\n<li>\n<h2>Applikationsprogrammeringsgr\u00e4nssnitt:<\/h2>\n<ul>\n<li>\n<h3><span class=\"s1\">St\u00f6der PC\/SC<\/span><\/h3>\n<\/li>\n<li>\n<h3><span class=\"s1\">St\u00f6der CT-API (genom omslag ovanp\u00e5 PC\/SC)<\/span><\/h3>\n<\/li>\n<\/ul>\n<\/li>\n<li>\n<h2>St\u00f6der Android\u2122 3.1 och senare<\/h2>\n<\/li>\n<li>\n<div>\n<table width=\"536\">\n<tbody>\n<tr>\n<td colspan=\"2\" width=\"536\">Fysiska egenskaper<\/td>\n<\/tr>\n<tr>\n<td width=\"182\">M\u00e5tt (mm)<\/td>\n<td width=\"354\">52,0 mm (L) x 20,0 mm (B) x 6,0 mm (H)<\/td>\n<\/tr>\n<tr>\n<td width=\"182\">Vikt (g)<\/td>\n<td width=\"354\">3,45 g<\/td>\n<\/tr>\n<tr>\n<td colspan=\"2\" width=\"536\">USB-gr\u00e4nssnitt<\/td>\n<\/tr>\n<tr>\n<td width=\"182\">Protokoll<\/td>\n<td width=\"354\">USB CCID<\/td>\n<\/tr>\n<tr>\n<td width=\"182\">Anslutningstyp<\/td>\n<td width=\"354\">6-stifts FFC<\/td>\n<\/tr>\n<tr>\n<td width=\"182\">Kraftk\u00e4lla<\/td>\n<td width=\"354\">Fr\u00e5n FFC Connector<\/td>\n<\/tr>\n<tr>\n<td width=\"182\">Fart<\/td>\n<td width=\"354\">USB full hastighet (12 Mbps)<\/td>\n<\/tr>\n<tr>\n<td colspan=\"2\" width=\"536\">Kontaktl\u00f6st gr\u00e4nssnitt f\u00f6r smartkort<\/td>\n<\/tr>\n<tr>\n<td width=\"182\">Standard<\/td>\n<td width=\"354\">ISO\/IEC 18092 NFC, ISO 14443 Typ A &amp; B, MIFARE\u00ae, FeliCa<\/td>\n<\/tr>\n<tr>\n<td rowspan=\"4\" width=\"182\">Protokoll<\/td>\n<td width=\"354\">ISO14443-4-kompatibla kort, T=CL<\/td>\n<\/tr>\n<tr>\n<td width=\"354\">MIFARE\u00ae Classic Card Protocol, T=CL<\/td>\n<\/tr>\n<tr>\n<td width=\"354\">ISO 18092, NFC-taggar<\/td>\n<\/tr>\n<tr>\n<td width=\"354\">FeliCa<\/td>\n<\/tr>\n<tr>\n<td width=\"182\">Antenn<\/td>\n<td width=\"354\">20 mm x 22 mm<\/td>\n<\/tr>\n<tr>\n<td colspan=\"2\" width=\"536\">Inbyggd kringutrustning<\/td>\n<\/tr>\n<tr>\n<td width=\"182\">LED<\/td>\n<td width=\"354\">1 tv\u00e5f\u00e4rgad: r\u00f6d och gr\u00f6n<\/td>\n<\/tr>\n<tr>\n<td colspan=\"2\" width=\"536\">Andra funktioner<\/td>\n<\/tr>\n<tr>\n<td width=\"182\">Firmware uppgradering<\/td>\n<td width=\"354\">St\u00f6ds<\/td>\n<\/tr>\n<tr>\n<td colspan=\"2\" width=\"536\">Certifieringar\/\u00f6verensst\u00e4mmelse<\/td>\n<\/tr>\n<tr>\n<td rowspan=\"10\" width=\"182\">Certifieringar\/\u00f6verensst\u00e4mmelse<\/td>\n<td width=\"354\">ISO 18092<\/td>\n<\/tr>\n<tr>\n<td width=\"354\">ISO 14443<\/td>\n<\/tr>\n<tr>\n<td width=\"354\">USB full hastighet<\/td>\n<\/tr>\n<tr>\n<td width=\"354\">PC\/SC<\/td>\n<\/tr>\n<tr>\n<td width=\"354\">CCID<\/td>\n<\/tr>\n<tr>\n<td width=\"354\">CE<\/td>\n<\/tr>\n<tr>\n<td width=\"354\">FCC<\/td>\n<\/tr>\n<tr>\n<td width=\"354\">RoHS<\/td>\n<\/tr>\n<tr>\n<td width=\"354\">N\u00c5<\/td>\n<\/tr>\n<tr>\n<td width=\"354\">Microsoft\u00ae WHQL<\/td>\n<\/tr>\n<tr>\n<td colspan=\"2\" width=\"536\">Support f\u00f6r enhetsdrivrutiner Operativsystem<\/td>\n<\/tr>\n<tr>\n<td rowspan=\"5\" width=\"182\">Support f\u00f6r enhetsdrivrutiner Operativsystem<\/td>\n<td width=\"354\">Windows\u00ae<\/td>\n<\/tr>\n<tr>\n<td width=\"354\">Linux\u00ae<\/td>\n<\/tr>\n<tr>\n<td width=\"354\">MAC OS\u00ae<\/td>\n<\/tr>\n<tr>\n<td width=\"354\">Solaris<\/td>\n<\/tr>\n<tr>\n<td width=\"354\">Android\u2122<\/td>\n<\/tr>\n<\/tbody>\n<\/table>\n<\/div>\n<\/li>\n<\/ul>","protected":false},"excerpt":{"rendered":"<p>ACM1252U-Z6 \u00e4r en m\u00e5ngsidig NFC USB-l\u00e4sare och RFID-modul, kompatibel med CCID och PC\/SC, som st\u00f6der ISO 14443 och 18092 f\u00f6r effektiva smartkortsoperationer.<\/p>","protected":false},"featured_media":1580,"template":"","meta":[],"product_brand":[],"product_cat":[41,40],"product_tag":[],"class_list":{"0":"post-1579","1":"product","2":"type-product","3":"status-publish","4":"has-post-thumbnail","6":"product_cat-module-ic-reader","7":"product_cat-rfid-nfc-reader","9":"first","10":"instock","11":"shipping-taxable","12":"product-type-simple"},"_links":{"self":[{"href":"https:\/\/nfc-readers.com\/sv\/wp-json\/wp\/v2\/product\/1579","targetHints":{"allow":["GET"]}}],"collection":[{"href":"https:\/\/nfc-readers.com\/sv\/wp-json\/wp\/v2\/product"}],"about":[{"href":"https:\/\/nfc-readers.com\/sv\/wp-json\/wp\/v2\/types\/product"}],"wp:featuredmedia":[{"embeddable":true,"href":"https:\/\/nfc-readers.com\/sv\/wp-json\/wp\/v2\/media\/1580"}],"wp:attachment":[{"href":"https:\/\/nfc-readers.com\/sv\/wp-json\/wp\/v2\/media?parent=1579"}],"wp:term":[{"taxonomy":"product_brand","embeddable":true,"href":"https:\/\/nfc-readers.com\/sv\/wp-json\/wp\/v2\/product_brand?post=1579"},{"taxonomy":"product_cat","embeddable":true,"href":"https:\/\/nfc-readers.com\/sv\/wp-json\/wp\/v2\/product_cat?post=1579"},{"taxonomy":"product_tag","embeddable":true,"href":"https:\/\/nfc-readers.com\/sv\/wp-json\/wp\/v2\/product_tag?post=1579"}],"curies":[{"name":"wp","href":"https:\/\/api.w.org\/{rel}","templated":true}]}}