{"id":1598,"date":"2024-04-07T07:36:03","date_gmt":"2024-04-07T07:36:03","guid":{"rendered":"https:\/\/nfc-readers.com\/?post_type=product&#038;p=1598"},"modified":"2024-10-16T03:12:59","modified_gmt":"2024-10-16T03:12:59","slug":"acr1552u-m1-nfc-rfid-reader-writer","status":"publish","type":"product","link":"https:\/\/nfc-readers.com\/sv\/ic-reader\/acr1552u-m1-nfc-rfid-reader-writer\/","title":{"rendered":"ACR1552U-M1 NFC rfid-l\u00e4sare\/skrivare"},"content":{"rendered":"<h1>ACR1552U-M1 NFC rfid-l\u00e4sare\/skrivare<\/h1>\n<p>ACR1552U-M1 USB-C NFC-l\u00e4sare kapslar in en kraftfull, m\u00e5ngsidig enhet som tillgodoser en m\u00e4ngd smartkortfunktioner. Det lugnar anv\u00e4ndare med avancerade funktioner som betonar s\u00e4kerhet, anpassningsf\u00f6rm\u00e5ga och omfattande smartkortkompatibilitet, vilket g\u00f6r det till ett oumb\u00e4rligt verktyg inom en rad branscher.<\/p>\n<ul>\n<li>\n<h2>USB 2.0 Full Speed Interface<\/h2>\n<\/li>\n<li>\n<h2>CCID-efterlevnad<\/h2>\n<\/li>\n<li>\n<h2>Kontaktl\u00f6s smartkortsl\u00e4sare:<\/h2>\n<ul>\n<li>\n<h3>L\u00e4s\/skrivhastighet upp till 848 kbps<\/h3>\n<\/li>\n<li>\n<h3>Inbyggd antenn f\u00f6r kontaktl\u00f6s tagg\u00e5tkomst, med kortl\u00e4savst\u00e5nd p\u00e5 upp till 70 mm (beroende p\u00e5 taggtyp)<\/h3>\n<\/li>\n<li>\n<h3>St\u00f6der ISO 14443 typ A- och B-kort, ISO 15693-kort och ISO18092 NFC<\/h3>\n<\/li>\n<li>\n<h3>St\u00f6der MIFARE\u00ae (T=CL), FeliCa, NFC-taggar, SRI\/SRIX, CTS, Innovatron, Picopass, Topaz Card<\/h3>\n<\/li>\n<li>\n<h3>Inbyggd anti-kollisionsfunktion<\/h3>\n<\/li>\n<li>\n<h3>St\u00f6der ut\u00f6kad APDU (max. 64 kbyte)<\/h3>\n<\/li>\n<li>\n<h3>En ISO7816-kompatibel SAM-plats (klass A)<\/h3>\n<\/li>\n<li>\n<h3>NFC-st\u00f6d<\/h3>\n<ul>\n<li>\n<h4>\u00a0 \u00a0Smartkortl\u00e4sare\/skrivarl\u00e4ge<\/h4>\n<\/li>\n<li>\n<h4>\u00a0 \u00a0Kortemuleringsl\u00e4ge<\/h4>\n<\/li>\n<li>\n<h4>\u00a0 \u00a0Tangentbordsemuleringsl\u00e4ge<\/h4>\n<\/li>\n<\/ul>\n<\/li>\n<\/ul>\n<\/li>\n<li>\n<h2>Applikationsprogrammeringsgr\u00e4nssnitt:<\/h2>\n<ul>\n<li>\n<h3>St\u00f6der PC\/SC<\/h3>\n<\/li>\n<li>\n<h3>St\u00f6der CT-API (genom omslag ovanp\u00e5 PC\/SC)<\/h3>\n<\/li>\n<\/ul>\n<\/li>\n<li>\n<h2>Kringutrustning:<\/h2>\n<ul>\n<li>\n<h3>Anv\u00e4ndarkontrollerbar tv\u00e5f\u00e4rgad LED (bl\u00e5 och gr\u00f6n)<\/h3>\n<\/li>\n<li>\n<h3>Anv\u00e4ndarkontrollerbar summer (Monotone)<\/h3>\n<\/li>\n<li>\n<h3>En SAM-plats<\/h3>\n<\/li>\n<\/ul>\n<\/li>\n<li>\n<h2>USB-firmware-uppgradering<\/h2>\n<\/li>\n<li>\n<div>\n<table width=\"528\">\n<tbody>\n<tr>\n<td colspan=\"2\" width=\"528\">Fysiska egenskaper<\/td>\n<\/tr>\n<tr>\n<td rowspan=\"2\" width=\"215\">M\u00e5tt (mm)<\/td>\n<td width=\"313\">Huvudkropp: 98 x 65 x 12,8 mm<\/td>\n<\/tr>\n<tr>\n<td width=\"313\">Antennstorlek: 50 x 40 mm<\/td>\n<\/tr>\n<tr>\n<td width=\"215\">Vikt (g)<\/td>\n<td width=\"313\">89 g<\/td>\n<\/tr>\n<tr>\n<td colspan=\"2\" width=\"528\">USB-gr\u00e4nssnitt<\/td>\n<\/tr>\n<tr>\n<td width=\"215\">Protokoll<\/td>\n<td width=\"313\">USB CCID<\/td>\n<\/tr>\n<tr>\n<td width=\"215\">Anslutningstyp<\/td>\n<td width=\"313\">USB Typ-A (ACR1552U-M1), USB Typ-C (ACR1552U-MF)<\/td>\n<\/tr>\n<tr>\n<td width=\"215\">Kraftk\u00e4lla<\/td>\n<td width=\"313\">Fr\u00e5n USB-porten<\/td>\n<\/tr>\n<tr>\n<td width=\"215\">Fart<\/td>\n<td width=\"313\">USB full hastighet (12 Mbps)<\/td>\n<\/tr>\n<tr>\n<td width=\"215\">Kabell\u00e4ngd<\/td>\n<td width=\"313\">1m, ej avtagbar<\/td>\n<\/tr>\n<tr>\n<td colspan=\"2\" width=\"528\">Kontaktl\u00f6st gr\u00e4nssnitt f\u00f6r smartkort<\/td>\n<\/tr>\n<tr>\n<td width=\"215\">Standard<\/td>\n<td width=\"313\">ISO\/IEC 18092 NFC, ISO 14443 Typ A &amp; B, ISO 15693, MIFARE\u00ae, FeliCa<\/td>\n<\/tr>\n<tr>\n<td rowspan=\"5\" width=\"215\">Protokoll<\/td>\n<td width=\"313\">ISO 14443-4-kompatibelt kort, T=CL<\/td>\n<\/tr>\n<tr>\n<td width=\"313\">MIFARE\u00ae Classic Card, T=CL<\/td>\n<\/tr>\n<tr>\n<td width=\"313\">ISO 15693<\/td>\n<\/tr>\n<tr>\n<td width=\"313\">ISO 18092 NFC-taggar<\/td>\n<\/tr>\n<tr>\n<td width=\"313\">FeliCa<\/td>\n<\/tr>\n<tr>\n<td colspan=\"2\" width=\"528\">SAM-kortgr\u00e4nssnitt<\/td>\n<\/tr>\n<tr>\n<td width=\"215\">Antal spelautomater<\/td>\n<td width=\"313\">1 kortplats i standard SIM-storlek<\/td>\n<\/tr>\n<tr>\n<td width=\"215\">Standard<\/td>\n<td width=\"313\">ISO 7816 klass A (5V)<\/td>\n<\/tr>\n<tr>\n<td width=\"215\">Protokoll<\/td>\n<td width=\"313\">T=0; T=1<\/td>\n<\/tr>\n<tr>\n<td colspan=\"2\" width=\"528\">Inbyggd kringutrustning<\/td>\n<\/tr>\n<tr>\n<td width=\"215\">LED<\/td>\n<td width=\"313\">1 tv\u00e5f\u00e4rgad: bl\u00e5 och gr\u00f6n<\/td>\n<\/tr>\n<tr>\n<td width=\"215\">Summer<\/td>\n<td width=\"313\">Ja<\/td>\n<\/tr>\n<tr>\n<td colspan=\"2\" width=\"528\">Andra funktioner<\/td>\n<\/tr>\n<tr>\n<td rowspan=\"4\" width=\"215\">Andra funktioner<\/td>\n<td width=\"313\">Korttyper som st\u00f6ds:<\/td>\n<\/tr>\n<tr>\n<td width=\"313\">ISO 14443 Typ A &amp; B Parts 1-4, ISO 15693, ISO 18092 NFC, MIFARE\u00ae, FeliCa, SRI\/SRIX, CTS, Innovatron, Picopass, Topaz Card<\/td>\n<\/tr>\n<tr>\n<td width=\"313\">\u00a0 NFC-funktioner:<\/td>\n<\/tr>\n<tr>\n<td width=\"313\">Smartkortl\u00e4sare\/skrivare, tangentbordsemulering, kortemulering<\/td>\n<\/tr>\n<tr>\n<td width=\"215\">Firmware uppgradering<\/td>\n<td width=\"313\">St\u00f6ds<\/td>\n<\/tr>\n<tr>\n<td colspan=\"2\" width=\"528\">Certifieringar\/\u00f6verensst\u00e4mmelse<\/td>\n<\/tr>\n<tr>\n<td rowspan=\"4\" width=\"215\">Certifieringar\/\u00f6verensst\u00e4mmelse<\/td>\n<td width=\"313\">Certifieringar:<\/td>\n<\/tr>\n<tr>\n<td width=\"313\">IEC\/EN 62368, CE, UKCA, FCC, VCCI, KC, J-LIS, RoHS, REACH, WEEE, Microsoft\u00ae WHQL<\/td>\n<\/tr>\n<tr>\n<td width=\"313\">Efterlevnad:<\/td>\n<\/tr>\n<tr>\n<td width=\"313\">USB CCID, PC\/SC<\/td>\n<\/tr>\n<tr>\n<td colspan=\"2\" width=\"528\">Support f\u00f6r enhetsdrivrutiner Operativsystem<\/td>\n<\/tr>\n<tr>\n<td width=\"215\">Support f\u00f6r enhetsdrivrutiner Operativsystem<\/td>\n<td width=\"313\">Windows\u00ae, Linux\u00ae, macOS, Android\u2122, iOS\/iPadOS (16 eller h\u00f6gre)<\/td>\n<\/tr>\n<\/tbody>\n<\/table>\n<\/div>\n<\/li>\n<\/ul>","protected":false},"excerpt":{"rendered":"<p>ACR1552U \u00e4r en h\u00f6ghastighets NFC USB-l\u00e4sare som \u00e4r kompatibel med CCID och PC\/SC, som st\u00f6der ISO 14443 och 15693, idealisk f\u00f6r olika smartkortapplikationer.<\/p>","protected":false},"featured_media":1599,"template":"","meta":[],"product_brand":[],"product_cat":[45,40],"product_tag":[],"class_list":{"0":"post-1598","1":"product","2":"type-product","3":"status-publish","4":"has-post-thumbnail","6":"product_cat-contactless-nfc-reader","7":"product_cat-rfid-nfc-reader","9":"first","10":"instock","11":"shipping-taxable","12":"product-type-simple"},"_links":{"self":[{"href":"https:\/\/nfc-readers.com\/sv\/wp-json\/wp\/v2\/product\/1598","targetHints":{"allow":["GET"]}}],"collection":[{"href":"https:\/\/nfc-readers.com\/sv\/wp-json\/wp\/v2\/product"}],"about":[{"href":"https:\/\/nfc-readers.com\/sv\/wp-json\/wp\/v2\/types\/product"}],"wp:featuredmedia":[{"embeddable":true,"href":"https:\/\/nfc-readers.com\/sv\/wp-json\/wp\/v2\/media\/1599"}],"wp:attachment":[{"href":"https:\/\/nfc-readers.com\/sv\/wp-json\/wp\/v2\/media?parent=1598"}],"wp:term":[{"taxonomy":"product_brand","embeddable":true,"href":"https:\/\/nfc-readers.com\/sv\/wp-json\/wp\/v2\/product_brand?post=1598"},{"taxonomy":"product_cat","embeddable":true,"href":"https:\/\/nfc-readers.com\/sv\/wp-json\/wp\/v2\/product_cat?post=1598"},{"taxonomy":"product_tag","embeddable":true,"href":"https:\/\/nfc-readers.com\/sv\/wp-json\/wp\/v2\/product_tag?post=1598"}],"curies":[{"name":"wp","href":"https:\/\/api.w.org\/{rel}","templated":true}]}}