{"id":1603,"date":"2024-04-07T07:42:37","date_gmt":"2024-04-07T07:42:37","guid":{"rendered":"https:\/\/nfc-readers.com\/?post_type=product&#038;p=1603"},"modified":"2024-10-16T02:49:08","modified_gmt":"2024-10-16T02:49:08","slug":"acr1581u-c1-15693-dualboost-iii-dual-interface-nfc-reader-writer","status":"publish","type":"product","link":"https:\/\/nfc-readers.com\/sv\/ic-reader\/acr1581u-c1-15693-dualboost-iii-dual-interface-nfc-reader-writer\/","title":{"rendered":"ACR1581U-C1 15693 DualBoost III Dual Interface NFC Reader Writer"},"content":{"rendered":"<h1>ACR1581U-C1 15693 DualBoost III Dual Interface NFC Reader Writer<\/h1>\n<p>ACR1581U DualBoost III \u00e4r en utf\u00f6ringsform av avancerad m\u00e5ngsidighet och s\u00e4kerhet, som effektivt kombinerar kontakt- och kontaktl\u00f6sa teknologier under ett tak med stort st\u00f6d f\u00f6r olika smartkortsformat. Oavsett om dina ambitioner ligger i teknisk utveckling eller robust s\u00e4kerhet f\u00f6r smartkortsfunktioner, \u00e4r ACR1581U en makal\u00f6s f\u00f6respr\u00e5kare f\u00f6r tillf\u00f6rlitlighet inom smartkortsl\u00e4sares rike.<\/p>\n<ul>\n<li>\n<h2>USB 2.0 Full Speed Interface<\/h2>\n<\/li>\n<li>\n<h2>CCID-efterlevnad<\/h2>\n<\/li>\n<li>\n<h2>Kontaktl\u00f6s smartkortsl\u00e4sare:<\/h2>\n<ul>\n<li>\n<h3>L\u00e4s\/skriv ISO 14443A\/B hastighet p\u00e5 upp till 848 kbps<\/h3>\n<\/li>\n<li>\n<h3>Klockfrekvens upp till 13,56MHz<\/h3>\n<\/li>\n<li>\n<h3>Inbyggd antenn f\u00f6r kontaktl\u00f6s tagg\u00e5tkomst, med kortl\u00e4savst\u00e5nd p\u00e5 upp till 70 mm (beroende p\u00e5 taggtyp)<\/h3>\n<\/li>\n<li>\n<h3>St\u00f6der ISO 14443 typ A- och B-kort, ISO 15693-kort<\/h3>\n<\/li>\n<li>\n<h3>St\u00f6der MIFARE\u00ae, FeliCa, NFC-taggar, SRI\/SRIX, CTS, Innovatron, Picopass, Topaz Card<\/h3>\n<\/li>\n<\/ul>\n<\/li>\n<li>\n<h2>St\u00f6der ut\u00f6kad APDU (max. 64 kbyte)<\/h2>\n<\/li>\n<li>\n<h2><strong>Kontakta smartkortsl\u00e4sare<\/strong><\/h2>\n<ul>\n<li>\n<h3>St\u00f6der ISO 7816 klass A, B och C (5 V, 3V och 1,8 V) hastigheter p\u00e5 upp till 1 250 kbps<\/h3>\n<\/li>\n<li>\n<h3>St\u00f6der CAC (Common Access Card)<\/h3>\n<\/li>\n<li>\n<h3>St\u00f6der PIV (Personal Identity Verification Card)<\/h3>\n<\/li>\n<li>\n<h3>St\u00f6der mikroprocessorkort med T=0- eller T=1-protokoll<\/h3>\n<\/li>\n<li>\n<h3>St\u00f6der minneskort<\/h3>\n<\/li>\n<li>\n<h3>ISO 7816-kompatibel SAM-plats (klass A)<\/h3>\n<\/li>\n<\/ul>\n<\/li>\n<li>\n<h2>Applikationsprogrammeringsgr\u00e4nssnitt:<\/h2>\n<ul>\n<li>\n<h3>St\u00f6der PC\/SC<\/h3>\n<\/li>\n<\/ul>\n<\/li>\n<li>\n<h2>Kringutrustning:<\/h2>\n<ul>\n<li>\n<h3>Anv\u00e4ndarkontrollerbar tv\u00e5f\u00e4rgad LED (bl\u00e5 och gr\u00f6n)<\/h3>\n<\/li>\n<li>\n<h3>Anv\u00e4ndarkontrollerbar summer<\/h3>\n<\/li>\n<\/ul>\n<\/li>\n<li>\n<h2>USB-firmware-uppgradering<\/h2>\n<\/li>\n<li>\n<div>\n<table width=\"483\">\n<tbody>\n<tr>\n<td colspan=\"2\" width=\"483\">Fysiska egenskaper<\/td>\n<\/tr>\n<tr>\n<td width=\"188\">M\u00e5tt (mm)<\/td>\n<td width=\"295\">120,5 mm (L) x 72,0 mm (B) x 20,4 mm (H)<\/td>\n<\/tr>\n<tr>\n<td width=\"188\">Vikt (g)<\/td>\n<td width=\"295\">143g<\/td>\n<\/tr>\n<tr>\n<td colspan=\"2\" width=\"483\">USB-gr\u00e4nssnitt<\/td>\n<\/tr>\n<tr>\n<td width=\"188\">Protokoll<\/td>\n<td width=\"295\">USB CCID<\/td>\n<\/tr>\n<tr>\n<td width=\"188\">Anslutningstyp<\/td>\n<td width=\"295\">USB Typ-A (ACR1581U-C1), USB Typ-C (ACR1581U-CF)<\/td>\n<\/tr>\n<tr>\n<td width=\"188\">Kraftk\u00e4lla<\/td>\n<td width=\"295\">Fr\u00e5n USB-porten<\/td>\n<\/tr>\n<tr>\n<td width=\"188\">Fart<\/td>\n<td width=\"295\">USB full hastighet (12 Mbps)<\/td>\n<\/tr>\n<tr>\n<td width=\"188\">Kabell\u00e4ngd<\/td>\n<td width=\"295\">2m, ej avtagbar<\/td>\n<\/tr>\n<tr>\n<td colspan=\"2\" width=\"483\">Kontakta Smart Card Interface<\/td>\n<\/tr>\n<tr>\n<td width=\"188\">Antal spelautomater<\/td>\n<td width=\"295\">1 kortplats i full storlek<\/td>\n<\/tr>\n<tr>\n<td width=\"188\">Standard<\/td>\n<td width=\"295\">ISO 7816 klass A, B, C (5 V, 3 V, 1,8 V)<\/td>\n<\/tr>\n<tr>\n<td width=\"188\">Protokoll<\/td>\n<td width=\"295\">T=0; T=1<\/td>\n<\/tr>\n<tr>\n<td colspan=\"2\" width=\"483\">Kontaktl\u00f6st gr\u00e4nssnitt f\u00f6r smartkort<\/td>\n<\/tr>\n<tr>\n<td width=\"188\">Standard<\/td>\n<td width=\"295\">ISO 14443 Typ A &amp; B, ISO 15693, MIFARE\u00ae, FeliCa<\/td>\n<\/tr>\n<tr>\n<td rowspan=\"4\" width=\"188\">Protokoll<\/td>\n<td width=\"295\">ISO 14443-4-kompatibelt kort, T=CL<\/td>\n<\/tr>\n<tr>\n<td width=\"295\">ISO 15693<\/td>\n<\/tr>\n<tr>\n<td width=\"295\">MIFARE\u00ae Classic Card, T=CL<\/td>\n<\/tr>\n<tr>\n<td width=\"295\">FeliCa<\/td>\n<\/tr>\n<tr>\n<td colspan=\"2\" width=\"483\">SAM-kortgr\u00e4nssnitt<\/td>\n<\/tr>\n<tr>\n<td width=\"188\">Antal spelautomater<\/td>\n<td width=\"295\">1 kortplats i standard SIM-storlek<\/td>\n<\/tr>\n<tr>\n<td width=\"188\">Standard<\/td>\n<td width=\"295\">ISO 7816 klass A (5V)<\/td>\n<\/tr>\n<tr>\n<td width=\"188\">Protokoll<\/td>\n<td width=\"295\">T=0; T=1<\/td>\n<\/tr>\n<tr>\n<td colspan=\"2\" width=\"483\">Inbyggd kringutrustning<\/td>\n<\/tr>\n<tr>\n<td width=\"188\">LED<\/td>\n<td width=\"295\">2 enf\u00e4rgade: bl\u00e5 och gr\u00f6n<\/td>\n<\/tr>\n<tr>\n<td width=\"188\">Summer<\/td>\n<td width=\"295\">Monoton<\/td>\n<\/tr>\n<tr>\n<td colspan=\"2\" width=\"483\">Andra funktioner<\/td>\n<\/tr>\n<tr>\n<td rowspan=\"5\" width=\"188\">Andra funktioner<\/td>\n<td width=\"295\">Korttyper som st\u00f6ds:<\/td>\n<\/tr>\n<tr>\n<td width=\"295\">ISO 14443 Typ A &amp; B, delar 1-4,<\/td>\n<\/tr>\n<tr>\n<td width=\"295\">ISO 15693, MIFARE\u00ae, FeliCa, NFC-taggar, SRI\/SRIX, CTS, Innovatron, Picopass, Topaz-kort<\/td>\n<\/tr>\n<tr>\n<td width=\"295\">Andra NFC-funktioner:<\/td>\n<\/tr>\n<tr>\n<td width=\"295\">Smartkortl\u00e4sare\/skrivare, tangentbordsemulering, kortemulering<\/td>\n<\/tr>\n<tr>\n<td width=\"188\">Firmware uppgradering<\/td>\n<td width=\"295\">St\u00f6ds<\/td>\n<\/tr>\n<tr>\n<td colspan=\"2\" width=\"483\">Certifieringar\/\u00f6verensst\u00e4mmelse<\/td>\n<\/tr>\n<tr>\n<td rowspan=\"4\" width=\"188\">Certifieringar\/\u00f6verensst\u00e4mmelse<\/td>\n<td width=\"295\">Certifieringar:<\/td>\n<\/tr>\n<tr>\n<td width=\"295\">IEC\/EN 62368, CE, FCC, UKCA, VCCI, RoHS, REACH, WEEE<\/td>\n<\/tr>\n<tr>\n<td width=\"295\">Efterlevnad:<\/td>\n<\/tr>\n<tr>\n<td width=\"295\">USB CCID, PC\/SC<\/td>\n<\/tr>\n<tr>\n<td colspan=\"2\" width=\"483\">Support f\u00f6r enhetsdrivrutiner Operativsystem<\/td>\n<\/tr>\n<tr>\n<td width=\"188\">Support f\u00f6r enhetsdrivrutiner Operativsystem<\/td>\n<td width=\"295\">Windows\u00ae, Linux\u00ae, macOS, Android\u2122, iOS\/iPadOS (16 eller h\u00f6gre)<\/td>\n<\/tr>\n<\/tbody>\n<\/table>\n<\/div>\n<\/li>\n<\/ul>","protected":false},"excerpt":{"rendered":"<p>ACR1581U \u00e4r en h\u00f6ghastighets NFC-smartkortsl\u00e4sare som erbjuder st\u00f6d f\u00f6r NFC &amp; ISO\/IEC 15693, 14443.<\/p>","protected":false},"featured_media":1605,"template":"","meta":[],"product_brand":[],"product_cat":[45,40],"product_tag":[],"class_list":{"0":"post-1603","1":"product","2":"type-product","3":"status-publish","4":"has-post-thumbnail","6":"product_cat-contactless-nfc-reader","7":"product_cat-rfid-nfc-reader","9":"first","10":"instock","11":"shipping-taxable","12":"product-type-simple"},"_links":{"self":[{"href":"https:\/\/nfc-readers.com\/sv\/wp-json\/wp\/v2\/product\/1603","targetHints":{"allow":["GET"]}}],"collection":[{"href":"https:\/\/nfc-readers.com\/sv\/wp-json\/wp\/v2\/product"}],"about":[{"href":"https:\/\/nfc-readers.com\/sv\/wp-json\/wp\/v2\/types\/product"}],"wp:featuredmedia":[{"embeddable":true,"href":"https:\/\/nfc-readers.com\/sv\/wp-json\/wp\/v2\/media\/1605"}],"wp:attachment":[{"href":"https:\/\/nfc-readers.com\/sv\/wp-json\/wp\/v2\/media?parent=1603"}],"wp:term":[{"taxonomy":"product_brand","embeddable":true,"href":"https:\/\/nfc-readers.com\/sv\/wp-json\/wp\/v2\/product_brand?post=1603"},{"taxonomy":"product_cat","embeddable":true,"href":"https:\/\/nfc-readers.com\/sv\/wp-json\/wp\/v2\/product_cat?post=1603"},{"taxonomy":"product_tag","embeddable":true,"href":"https:\/\/nfc-readers.com\/sv\/wp-json\/wp\/v2\/product_tag?post=1603"}],"curies":[{"name":"wp","href":"https:\/\/api.w.org\/{rel}","templated":true}]}}