{"id":1615,"date":"2024-04-07T07:52:08","date_gmt":"2024-04-07T07:52:08","guid":{"rendered":"https:\/\/nfc-readers.com\/?post_type=product&#038;p=1615"},"modified":"2024-10-16T02:36:24","modified_gmt":"2024-10-16T02:36:24","slug":"acm1552u-z2-small-multi-iso-nfc-module-reader-writer","status":"publish","type":"product","link":"https:\/\/nfc-readers.com\/sv\/ic-reader\/acm1552u-z2-small-multi-iso-nfc-module-reader-writer\/","title":{"rendered":"ACM1552U-Z2 \u2013 Liten -Multi-ISO NFC-modull\u00e4sare\/skrivare"},"content":{"rendered":"<h1>ACM1552U-Z2 \u2013 Liten -Multi-ISO NFC-modull\u00e4sare\/skrivare<\/h1>\n<p>ACM1552U-Z2 utm\u00e4rker sig som en kompakt och m\u00e5ngsidig modul som erbjuder h\u00f6ghastighets NFC-kapacitet och kompatibilitet med flera standarder. Med sin extra s\u00e4kerhet och energieffektiva funktioner, tillsammans med ett anv\u00e4ndarv\u00e4nligt gr\u00e4nssnitt, representerar den en sofistikerad l\u00f6sning f\u00f6r kontaktl\u00f6s kommunikation i kompakta enheter.<\/p>\n<ul>\n<li>\n<h2>USB 2.0 Full Speed Interface<\/h2>\n<\/li>\n<li>\n<h2>CCID-efterlevnad<\/h2>\n<\/li>\n<li>\n<h2>Support f\u00f6r kontaktl\u00f6st smartkort:<\/h2>\n<ul>\n<li>\n<h3>L\u00e4s\/skrivhastighet upp till 848 kbps<\/h3>\n<\/li>\n<li>\n<h3>Inbyggd antenn f\u00f6r kontaktl\u00f6s tagg\u00e5tkomst, med kortl\u00e4savst\u00e5nd p\u00e5 upp till 70 mm (beroende p\u00e5 taggtyp)<\/h3>\n<\/li>\n<li>\n<h3>St\u00f6der ISO 14443 typ A- och B-kort, ISO 15693-kort och ISO18092 NFC<\/h3>\n<\/li>\n<li>\n<h3>St\u00f6der MIFARE Classic\u00ae, MIFARE\u00ae, DESFire\u00ae, MIFARE Ultralight\u00ae, MIFARE Plus\u00ae, FeliCa och Topaz<\/h3>\n<\/li>\n<li>\n<h3>Inbyggd anti-kollisionsfunktion<\/h3>\n<\/li>\n<li>\n<h3>St\u00f6der ut\u00f6kad APDU (max. 64 kbyte)<\/h3>\n<\/li>\n<\/ul>\n<\/li>\n<li>\n<h2>NFC-st\u00f6d:<\/h2>\n<ul>\n<li>\n<h3>Smartkortl\u00e4sare\/skrivarl\u00e4ge<\/h3>\n<\/li>\n<li>\n<h3>Kortemuleringsl\u00e4ge<\/h3>\n<\/li>\n<li>\n<h3>Tangentbordsemuleringsl\u00e4ge<\/h3>\n<\/li>\n<\/ul>\n<\/li>\n<li>\n<h2>Applikationsprogrammeringsgr\u00e4nssnitt:<\/h2>\n<ul>\n<li>\n<h3>St\u00f6der PC\/SC<\/h3>\n<\/li>\n<li>\n<h3>St\u00f6der CT-API (genom omslag ovanp\u00e5 PC\/SC)<\/h3>\n<\/li>\n<\/ul>\n<\/li>\n<li>\n<h2>Kringutrustning:<\/h2>\n<ul>\n<li>\n<h3>Anv\u00e4ndarkontrollerbar tv\u00e5f\u00e4rgad LED (bl\u00e5 och gr\u00f6n)<\/h3>\n<\/li>\n<\/ul>\n<\/li>\n<li>\n<h2>Kompakt storlek<\/h2>\n<\/li>\n<li>\n<h2>USB-firmware-uppgradering<\/h2>\n<\/li>\n<li>\n<div>\n<table width=\"545\">\n<tbody>\n<tr>\n<td colspan=\"2\" width=\"545\">Fysiska egenskaper<\/td>\n<\/tr>\n<tr>\n<td width=\"228\">M\u00e5tt (mm)<\/td>\n<td width=\"317\">52,0 x 20,0 x 5,7<\/td>\n<\/tr>\n<tr>\n<td width=\"228\">Vikt (g)<\/td>\n<td width=\"317\">3.4<\/td>\n<\/tr>\n<tr>\n<td colspan=\"2\" width=\"545\">USB-gr\u00e4nssnitt<\/td>\n<\/tr>\n<tr>\n<td width=\"228\">Protokoll<\/td>\n<td width=\"317\">USB CCID<\/td>\n<\/tr>\n<tr>\n<td width=\"228\">Anslutningstyp<\/td>\n<td width=\"317\">5-stift, 1 mm stigning, kompatibel med JST SH-serien<\/td>\n<\/tr>\n<tr>\n<td width=\"228\">Kraftk\u00e4lla<\/td>\n<td width=\"317\">Fr\u00e5n USB-porten<\/td>\n<\/tr>\n<tr>\n<td width=\"228\">Fart<\/td>\n<td width=\"317\">USB 2.0 Full Speed (12 Mbps) kompatibel med USB 3.0<\/td>\n<\/tr>\n<tr>\n<td width=\"228\">Kabell\u00e4ngd<\/td>\n<td width=\"317\">1m, avtagbar (p\u00e5 beg\u00e4ran)<\/td>\n<\/tr>\n<tr>\n<td colspan=\"2\" width=\"545\">Kontaktl\u00f6st gr\u00e4nssnitt f\u00f6r smartkort<\/td>\n<\/tr>\n<tr>\n<td width=\"228\">Standard<\/td>\n<td width=\"317\">ISO 18092 NFC, ISO 14443 Typ A &amp; B, ISO 15693, MIFARE\u00ae, FeliCa<\/td>\n<\/tr>\n<tr>\n<td rowspan=\"5\" width=\"228\">Protokoll<\/td>\n<td width=\"317\">ISO 14443-4-kompatibelt kort, T=CL<\/td>\n<\/tr>\n<tr>\n<td width=\"317\">MIFARE\u00ae Classic Card, T=CL<\/td>\n<\/tr>\n<tr>\n<td width=\"317\">ISO 15693<\/td>\n<\/tr>\n<tr>\n<td width=\"317\">ISO 18092 NFC-taggar<\/td>\n<\/tr>\n<tr>\n<td width=\"317\">FeliCa<\/td>\n<\/tr>\n<tr>\n<td colspan=\"2\" width=\"545\">Inbyggd kringutrustning<\/td>\n<\/tr>\n<tr>\n<td width=\"228\">LED<\/td>\n<td width=\"317\">1 tv\u00e5f\u00e4rgad: bl\u00e5 och gr\u00f6n<\/td>\n<\/tr>\n<tr>\n<td colspan=\"2\" width=\"545\">Andra funktioner<\/td>\n<\/tr>\n<tr>\n<td rowspan=\"6\" width=\"228\">Andra funktioner<\/td>\n<td width=\"317\">Korttyper som st\u00f6ds:<\/td>\n<\/tr>\n<tr>\n<td width=\"317\">ISO 14443 Typ A &amp; B, delar 1-4,<\/td>\n<\/tr>\n<tr>\n<td width=\"317\">ISO 15693, ISO 18092 NFC,<\/td>\n<\/tr>\n<tr>\n<td width=\"317\">MIFARE Classic\u00ae, MIFARE DESFire\u00ae, MIFARE Ultralight\u00ae, MIFARE Plus\u00ae, FeliCa och Topaz<\/td>\n<\/tr>\n<tr>\n<td width=\"317\">Andra NFC-funktioner:<\/td>\n<\/tr>\n<tr>\n<td width=\"317\">Smartkortl\u00e4sare\/skrivare, tangentbordsemulering, kortemulering<\/td>\n<\/tr>\n<tr>\n<td width=\"228\">Firmware uppgradering<\/td>\n<td width=\"317\">St\u00f6ds<\/td>\n<\/tr>\n<tr>\n<td colspan=\"2\" width=\"545\">Certifieringar\/\u00f6verensst\u00e4mmelse<\/td>\n<\/tr>\n<tr>\n<td rowspan=\"4\" width=\"228\">Certifieringar\/\u00f6verensst\u00e4mmelse<\/td>\n<td width=\"317\">Certifieringar:<\/td>\n<\/tr>\n<tr>\n<td width=\"317\">IEC\/EN 62368, CE, UKCA, FCC, VCCI, RoHS, REACH, WEEE, Microsoft\u00ae WHQL<\/td>\n<\/tr>\n<tr>\n<td width=\"317\">\u00a0 Efterlevnad:<\/td>\n<\/tr>\n<tr>\n<td width=\"317\">USB CCID, PC\/SC<\/td>\n<\/tr>\n<tr>\n<td colspan=\"2\" width=\"545\">Support f\u00f6r enhetsdrivrutiner Operativsystem<\/td>\n<\/tr>\n<tr>\n<td width=\"228\">Support f\u00f6r enhetsdrivrutiner Operativsystem<\/td>\n<td width=\"317\">Windows\u00ae, Linux\u00ae, macOS, Android\u2122<\/td>\n<\/tr>\n<\/tbody>\n<\/table>\n<\/div>\n<\/li>\n<\/ul>","protected":false},"excerpt":{"rendered":"<p>ACM1552U-Z2 \u00e4r en h\u00f6ghastighets-USB NFC-modul som st\u00f6der smartkortl\u00e4sare\/skrivare och kortemulering, designad f\u00f6r effektiv och s\u00e4ker kontaktl\u00f6s operation.<\/p>","protected":false},"featured_media":1616,"template":"","meta":[],"product_brand":[],"product_cat":[41,40],"product_tag":[],"class_list":{"0":"post-1615","1":"product","2":"type-product","3":"status-publish","4":"has-post-thumbnail","6":"product_cat-module-ic-reader","7":"product_cat-rfid-nfc-reader","9":"first","10":"instock","11":"shipping-taxable","12":"product-type-simple"},"_links":{"self":[{"href":"https:\/\/nfc-readers.com\/sv\/wp-json\/wp\/v2\/product\/1615","targetHints":{"allow":["GET"]}}],"collection":[{"href":"https:\/\/nfc-readers.com\/sv\/wp-json\/wp\/v2\/product"}],"about":[{"href":"https:\/\/nfc-readers.com\/sv\/wp-json\/wp\/v2\/types\/product"}],"wp:featuredmedia":[{"embeddable":true,"href":"https:\/\/nfc-readers.com\/sv\/wp-json\/wp\/v2\/media\/1616"}],"wp:attachment":[{"href":"https:\/\/nfc-readers.com\/sv\/wp-json\/wp\/v2\/media?parent=1615"}],"wp:term":[{"taxonomy":"product_brand","embeddable":true,"href":"https:\/\/nfc-readers.com\/sv\/wp-json\/wp\/v2\/product_brand?post=1615"},{"taxonomy":"product_cat","embeddable":true,"href":"https:\/\/nfc-readers.com\/sv\/wp-json\/wp\/v2\/product_cat?post=1615"},{"taxonomy":"product_tag","embeddable":true,"href":"https:\/\/nfc-readers.com\/sv\/wp-json\/wp\/v2\/product_tag?post=1615"}],"curies":[{"name":"wp","href":"https:\/\/api.w.org\/{rel}","templated":true}]}}