{"id":1619,"date":"2024-04-07T07:56:40","date_gmt":"2024-04-07T07:56:40","guid":{"rendered":"https:\/\/nfc-readers.com\/?post_type=product&#038;p=1619"},"modified":"2024-10-16T02:33:14","modified_gmt":"2024-10-16T02:33:14","slug":"acm39u-y3-smart-card-reader-module","status":"publish","type":"product","link":"https:\/\/nfc-readers.com\/sv\/ic-reader\/acm39u-y3-smart-card-reader-module\/","title":{"rendered":"ACM39U-Y3 Smart Card Reader Module"},"content":{"rendered":"<h1>ACM39U-Y3 Smart Card Reader Module<\/h1>\n<p>ACM39U-Y3 \u00e4r en flexibel, l\u00e4ttinstallerad modul som st\u00f6der ett brett utbud av plattformar och gr\u00e4nssnitt, vilket g\u00f6r den idealisk f\u00f6r inbyggda smartkortsl\u00f6sningar. Den erbjuder ocks\u00e5 m\u00f6jligheten att integrera en Secure Access Module (SAM) f\u00f6r \u00f6kad s\u00e4kerhet.<\/p>\n<ul>\n<li>\n<h2>USB 2.0 Full Speed Interface<\/h2>\n<\/li>\n<li>\n<h2>Plug and Play \u2013 CCID-st\u00f6d ger maximal r\u00f6rlighet<\/h2>\n<\/li>\n<li>\n<h2>Smartkortl\u00e4sare:<\/h2>\n<ul>\n<li>\n<h3>St\u00f6der ISO 7816 klass A, B och C (5 V, 3 V, 1,8 V) kort<\/h3>\n<\/li>\n<li>\n<h3>St\u00f6der CAC (Common Access Card)<\/h3>\n<\/li>\n<li>\n<h3>St\u00f6der SIPRNET-kort<\/h3>\n<\/li>\n<li>\n<h3>St\u00f6der J-LIS-kort<\/h3>\n<\/li>\n<li>\n<h3>St\u00f6der mikroprocessorkort med T=0- eller T=1-protokoll<\/h3>\n<\/li>\n<li>\n<h3>St\u00f6der minneskort<\/h3>\n<\/li>\n<li>\n<h3>St\u00f6der PPS (Protocol and Parameters Selection)<\/h3>\n<\/li>\n<li>\n<h3>Har kortslutningsskydd<\/h3>\n<\/li>\n<\/ul>\n<\/li>\n<li>\n<h2>Applikationsprogrammeringsgr\u00e4nssnitt:<\/h2>\n<ul>\n<li>\n<h3>St\u00f6der PC\/SC<\/h3>\n<\/li>\n<li>\n<h3>St\u00f6der CT-API (genom omslag ovanp\u00e5 PC\/SC)<\/h3>\n<\/li>\n<\/ul>\n<\/li>\n<li>\n<h2>St\u00f6der Android\u2122 3.1 och senare<\/h2>\n<\/li>\n<li>\n<div>\n<table width=\"491\">\n<tbody>\n<tr>\n<td colspan=\"2\" width=\"491\">Fysiska egenskaper<\/td>\n<\/tr>\n<tr>\n<td width=\"172\">M\u00e5tt (mm)<\/td>\n<td width=\"319\">70,0 mm (L) \u00d7 82,0 mm (B) \u00d7 10,0 mm (H)<\/td>\n<\/tr>\n<tr>\n<td width=\"172\">Vikt (g)<\/td>\n<td width=\"319\">32 g<\/td>\n<\/tr>\n<tr>\n<td colspan=\"2\" width=\"491\">USB-gr\u00e4nssnitt<\/td>\n<\/tr>\n<tr>\n<td width=\"172\">Protokoll<\/td>\n<td width=\"319\">USB CCID<\/td>\n<\/tr>\n<tr>\n<td rowspan=\"2\" width=\"172\">Anslutningstyp<\/td>\n<td width=\"319\">1 x 5-stifts huvudkontakt;<\/td>\n<\/tr>\n<tr>\n<td width=\"319\">2 x 3 Pins Header Connector<\/td>\n<\/tr>\n<tr>\n<td width=\"172\">Kraftk\u00e4lla<\/td>\n<td width=\"319\">Fr\u00e5n USB-porten<\/td>\n<\/tr>\n<tr>\n<td width=\"172\">Fart<\/td>\n<td width=\"319\">USB full hastighet (12 Mbps)<\/td>\n<\/tr>\n<tr>\n<td colspan=\"2\" width=\"491\">Kontakta Smart Card Interface<\/td>\n<\/tr>\n<tr>\n<td width=\"172\">Antal spelautomater<\/td>\n<td width=\"319\">1 kortplats i full storlek<\/td>\n<\/tr>\n<tr>\n<td width=\"172\">Standard<\/td>\n<td width=\"319\">ISO 7816, delar 1-4, klass A, B, C (5 V, 3 V, 1,8 V)<\/td>\n<\/tr>\n<tr>\n<td width=\"172\">Protokoll<\/td>\n<td width=\"319\">T=0; T=1; St\u00f6d f\u00f6r minneskort<\/td>\n<\/tr>\n<tr>\n<td width=\"172\">Andra<\/td>\n<td width=\"319\">CAC, PIV, SIPRNET, J-LIS smartkort<\/td>\n<\/tr>\n<tr>\n<td colspan=\"2\" width=\"491\">Certifieringar\/\u00f6verensst\u00e4mmelse<\/td>\n<\/tr>\n<tr>\n<td rowspan=\"12\" width=\"172\">Certifieringar\/\u00f6verensst\u00e4mmelse<\/td>\n<td width=\"319\">EN60950\/IEC 60950<\/td>\n<\/tr>\n<tr>\n<td width=\"319\">ISO 7816<\/td>\n<\/tr>\n<tr>\n<td width=\"319\">USB full hastighet<\/td>\n<\/tr>\n<tr>\n<td width=\"319\">EMV\u2122 niv\u00e5 1 (kontakt)<\/td>\n<\/tr>\n<tr>\n<td width=\"319\">PC\/SC<\/td>\n<\/tr>\n<tr>\n<td width=\"319\">CCID<\/td>\n<\/tr>\n<tr>\n<td width=\"319\">CE<\/td>\n<\/tr>\n<tr>\n<td width=\"319\">FCC<\/td>\n<\/tr>\n<tr>\n<td width=\"319\">WEEE<\/td>\n<\/tr>\n<tr>\n<td width=\"319\">RoHS<\/td>\n<\/tr>\n<tr>\n<td width=\"319\">N\u00c5<\/td>\n<\/tr>\n<tr>\n<td width=\"319\">Microsoft\u00ae WHQL<\/td>\n<\/tr>\n<tr>\n<td colspan=\"2\" width=\"491\">Support f\u00f6r enhetsdrivrutiner Operativsystem<\/td>\n<\/tr>\n<tr>\n<td rowspan=\"5\" width=\"172\">Support f\u00f6r enhetsdrivrutiner Operativsystem<\/td>\n<td width=\"319\">Windows\u00ae<\/td>\n<\/tr>\n<tr>\n<td width=\"319\">Linux\u00ae<\/td>\n<\/tr>\n<tr>\n<td width=\"319\">MAC OS\u00ae<\/td>\n<\/tr>\n<tr>\n<td width=\"319\">Android\u2122<\/td>\n<\/tr>\n<tr>\n<td width=\"319\">Solaris<\/td>\n<\/tr>\n<\/tbody>\n<\/table>\n<\/div>\n<\/li>\n<\/ul>","protected":false},"excerpt":{"rendered":"<p>ACM39U-Y3 \u00e4r en h\u00f6ghastighets USB-kontaktl\u00e4sarmodul f\u00f6r smartkortapplikationer, som st\u00f6der olika operativsystem och valfri SAM-kortl\u00e4sare.<\/p>","protected":false},"featured_media":1620,"template":"","meta":[],"product_brand":[],"product_cat":[41],"product_tag":[],"class_list":{"0":"post-1619","1":"product","2":"type-product","3":"status-publish","4":"has-post-thumbnail","6":"product_cat-module-ic-reader","8":"first","9":"instock","10":"shipping-taxable","11":"product-type-simple"},"_links":{"self":[{"href":"https:\/\/nfc-readers.com\/sv\/wp-json\/wp\/v2\/product\/1619","targetHints":{"allow":["GET"]}}],"collection":[{"href":"https:\/\/nfc-readers.com\/sv\/wp-json\/wp\/v2\/product"}],"about":[{"href":"https:\/\/nfc-readers.com\/sv\/wp-json\/wp\/v2\/types\/product"}],"wp:featuredmedia":[{"embeddable":true,"href":"https:\/\/nfc-readers.com\/sv\/wp-json\/wp\/v2\/media\/1620"}],"wp:attachment":[{"href":"https:\/\/nfc-readers.com\/sv\/wp-json\/wp\/v2\/media?parent=1619"}],"wp:term":[{"taxonomy":"product_brand","embeddable":true,"href":"https:\/\/nfc-readers.com\/sv\/wp-json\/wp\/v2\/product_brand?post=1619"},{"taxonomy":"product_cat","embeddable":true,"href":"https:\/\/nfc-readers.com\/sv\/wp-json\/wp\/v2\/product_cat?post=1619"},{"taxonomy":"product_tag","embeddable":true,"href":"https:\/\/nfc-readers.com\/sv\/wp-json\/wp\/v2\/product_tag?post=1619"}],"curies":[{"name":"wp","href":"https:\/\/api.w.org\/{rel}","templated":true}]}}