{"id":1623,"date":"2024-04-07T07:59:43","date_gmt":"2024-04-07T07:59:43","guid":{"rendered":"https:\/\/nfc-readers.com\/?post_type=product&#038;p=1623"},"modified":"2024-09-29T07:34:42","modified_gmt":"2024-09-29T07:34:42","slug":"acr40t-type-a-usb-sim-sized-smart-card-reader","status":"publish","type":"product","link":"https:\/\/nfc-readers.com\/sv\/ic-reader\/acr40t-type-a-usb-sim-sized-smart-card-reader\/","title":{"rendered":"ACR40T Type-A USB SIM-storlek smartkortl\u00e4sare (inbyggd knapp och slingstr\u00e4ng ing\u00e5r)"},"content":{"rendered":"<h1>ACR40T Type-A USB SIM-storlek smartkortl\u00e4sare (inbyggd knapp och slingstr\u00e4ng ing\u00e5r)<\/h1>\n<p>ACR40T \u00e4r en mycket effektiv och uppdateringsbar smartkortl\u00e4sare som erbjuder bred kompatibilitet med ISO 7816 smartkort och olika minneskort, med en anv\u00e4ndarv\u00e4nlig smartkortsplats i en anm\u00e4rkningsv\u00e4rt liten design.<\/p>\n<ul>\n<li>\n<h2><strong>St\u00f6der olika typer av kontaktkort<\/strong><\/h2>\n<ul>\n<li>\n<h3>ISO 7816 klass A, B och C (5 V, 3 V och 1,8 V)<\/h3>\n<\/li>\n<li>\n<h3>Mikroprocessorkort (T=0, T=1)<\/h3>\n<\/li>\n<li>\n<h3>Minneskort<\/h3>\n<\/li>\n<li>\n<h3>Har kortslutningsskydd<\/h3>\n<\/li>\n<\/ul>\n<\/li>\n<li>\n<h2><strong>Applikationsprogrammeringsgr\u00e4nssnitt:<\/strong><\/h2>\n<ul>\n<li>\n<h3>St\u00f6der PC\/SC<\/h3>\n<\/li>\n<\/ul>\n<\/li>\n<li>\n<h2><strong>Inbyggd kringutrustning<\/strong><\/h2>\n<ul>\n<li>\n<h3>1 x Programmerbar LED (gr\u00f6n)<\/h3>\n<\/li>\n<li>\n<table width=\"591\">\n<tbody>\n<tr>\n<td colspan=\"2\" width=\"591\">Fysiska egenskaper<\/td>\n<\/tr>\n<tr>\n<td rowspan=\"2\" width=\"266\">M\u00e5tt (mm)<\/td>\n<td width=\"325\">ACR40T-A1: 48,9 mm (L) \u00d7 17,7 mm (B) \u00d7 8,0 mm (H)<\/td>\n<\/tr>\n<tr>\n<td width=\"325\">ACR40T-A5: 44,7 mm (L) \u00d7 17,7 mm (B) \u00d7 8,0 mm (H)<\/td>\n<\/tr>\n<tr>\n<td rowspan=\"2\" width=\"266\">Vikt (g)<\/td>\n<td width=\"325\">ACR40T-A1: 6,8 g \u00b1 1,0 g<\/td>\n<\/tr>\n<tr>\n<td width=\"325\">ACR40T-A5: 5,3 g \u00b1 1,0 g<\/td>\n<\/tr>\n<tr>\n<td colspan=\"2\" width=\"591\">USB-gr\u00e4nssnitt<\/td>\n<\/tr>\n<tr>\n<td width=\"266\">Protokoll<\/td>\n<td width=\"325\">USB CCID<\/td>\n<\/tr>\n<tr>\n<td rowspan=\"2\" width=\"266\">Anslutningstyp<\/td>\n<td width=\"325\">USB typ-A<\/td>\n<\/tr>\n<tr>\n<td width=\"325\">USB typ-C<\/td>\n<\/tr>\n<tr>\n<td width=\"266\">Kraftk\u00e4lla<\/td>\n<td width=\"325\">Fr\u00e5n USB-porten<\/td>\n<\/tr>\n<tr>\n<td width=\"266\">Fart<\/td>\n<td width=\"325\">USB full hastighet (12 Mbps)<\/td>\n<\/tr>\n<tr>\n<td colspan=\"2\" width=\"591\">Kontakta Smart Card Interface<\/td>\n<\/tr>\n<tr>\n<td width=\"266\">Antal spelautomater<\/td>\n<td width=\"325\">1 kortplats i SIM-storlek (2FF)<\/td>\n<\/tr>\n<tr>\n<td width=\"266\">Protokoll<\/td>\n<td width=\"325\">T=0; T=1<\/td>\n<\/tr>\n<tr>\n<td colspan=\"2\" width=\"591\">Inbyggd kringutrustning<\/td>\n<\/tr>\n<tr>\n<td width=\"266\">LED<\/td>\n<td width=\"325\">Gr\u00f6n<\/td>\n<\/tr>\n<tr>\n<td colspan=\"2\" width=\"591\">Andra funktioner<\/td>\n<\/tr>\n<tr>\n<td width=\"266\">Andra funktioner<\/td>\n<td width=\"325\">St\u00f6der firmware-uppgradering<\/td>\n<\/tr>\n<tr>\n<td colspan=\"2\" width=\"591\">Certifieringar\/\u00f6verensst\u00e4mmelse<\/td>\n<\/tr>\n<tr>\n<td rowspan=\"12\" width=\"266\">Certifieringar\/\u00f6verensst\u00e4mmelse<\/td>\n<td width=\"325\">Certifieringar:<\/td>\n<\/tr>\n<tr>\n<td width=\"325\">UL 62368<\/td>\n<\/tr>\n<tr>\n<td width=\"325\">CE<\/td>\n<\/tr>\n<tr>\n<td width=\"325\">UKCA<\/td>\n<\/tr>\n<tr>\n<td width=\"325\">FCC<\/td>\n<\/tr>\n<tr>\n<td width=\"325\">RoHS<\/td>\n<\/tr>\n<tr>\n<td width=\"325\">N\u00c5<\/td>\n<\/tr>\n<tr>\n<td width=\"325\">VCCI<\/td>\n<\/tr>\n<tr>\n<td width=\"325\">Microsoft\u00ae WHQL<\/td>\n<\/tr>\n<tr>\n<td width=\"325\">Efterlevnad:<\/td>\n<\/tr>\n<tr>\n<td width=\"325\">USB CCID<\/td>\n<\/tr>\n<tr>\n<td width=\"325\">PC\/SC<\/td>\n<\/tr>\n<tr>\n<td colspan=\"2\" width=\"591\">Support f\u00f6r enhetsdrivrutiner Operativsystem<\/td>\n<\/tr>\n<tr>\n<td rowspan=\"4\" width=\"266\">Support f\u00f6r enhetsdrivrutiner Operativsystem<\/td>\n<td width=\"325\">Windows\u00ae<\/td>\n<\/tr>\n<tr>\n<td width=\"325\">Linux\u00ae<\/td>\n<\/tr>\n<tr>\n<td width=\"325\">macOS<\/td>\n<\/tr>\n<tr>\n<td width=\"325\">Android\u2122<\/td>\n<\/tr>\n<\/tbody>\n<\/table>\n<\/li>\n<\/ul>\n<\/li>\n<\/ul>","protected":false},"excerpt":{"rendered":"<p>ACR40T \u00e4r en snabb USB-kontaktl\u00e4sare som \u00e4r skr\u00e4ddarsydd f\u00f6r kort i SIM-storlek och erbjuder firmwareuppdateringar och kompatibilitet med olika smart- och minneskort.<\/p>","protected":false},"featured_media":1624,"template":"","meta":[],"product_brand":[],"product_cat":[39],"product_tag":[],"class_list":{"0":"post-1623","1":"product","2":"type-product","3":"status-publish","4":"has-post-thumbnail","6":"product_cat-usb-ic-smartcard-reader","8":"first","9":"instock","10":"shipping-taxable","11":"product-type-simple"},"_links":{"self":[{"href":"https:\/\/nfc-readers.com\/sv\/wp-json\/wp\/v2\/product\/1623","targetHints":{"allow":["GET"]}}],"collection":[{"href":"https:\/\/nfc-readers.com\/sv\/wp-json\/wp\/v2\/product"}],"about":[{"href":"https:\/\/nfc-readers.com\/sv\/wp-json\/wp\/v2\/types\/product"}],"wp:featuredmedia":[{"embeddable":true,"href":"https:\/\/nfc-readers.com\/sv\/wp-json\/wp\/v2\/media\/1624"}],"wp:attachment":[{"href":"https:\/\/nfc-readers.com\/sv\/wp-json\/wp\/v2\/media?parent=1623"}],"wp:term":[{"taxonomy":"product_brand","embeddable":true,"href":"https:\/\/nfc-readers.com\/sv\/wp-json\/wp\/v2\/product_brand?post=1623"},{"taxonomy":"product_cat","embeddable":true,"href":"https:\/\/nfc-readers.com\/sv\/wp-json\/wp\/v2\/product_cat?post=1623"},{"taxonomy":"product_tag","embeddable":true,"href":"https:\/\/nfc-readers.com\/sv\/wp-json\/wp\/v2\/product_tag?post=1623"}],"curies":[{"name":"wp","href":"https:\/\/api.w.org\/{rel}","templated":true}]}}